{"id":1033,"date":"2018-09-18T14:44:34","date_gmt":"2018-09-18T12:44:34","guid":{"rendered":"https:\/\/activespirits.net\/?page_id=1033"},"modified":"2018-09-18T15:40:32","modified_gmt":"2018-09-18T13:40:32","slug":"21-selbstakzeptanz","status":"publish","type":"page","link":"https:\/\/activespirits.net\/de\/21-selbstakzeptanz\/","title":{"rendered":"21 Tage Challenge: Wahre Selbstakzeptanz"},"content":{"rendered":"<p data-css=\"tve-u-16466f39b43\" style=\"text-align: center;\"><strong><em>&#8211; 21 \u200bTage Challenge &#8211;&nbsp;<\/em><\/strong><\/p>\n<h1 data-css=\"tve-u-16466f3be41\" style=\"text-align: center;\">\u200bWahre Selbstakzeptanz<\/h1>\n<p data-css=\"tve-u-164761163e8\" style=\"text-align: center;\">\u200bEntdecke wie sie dich mit deinem <strong>wahren Potential<\/strong>&nbsp;verbindet, indem sie innere Wunden heilt und dich von inneren Konflikten befreit.<strong>\u200b<\/strong><\/p>\n<p data-css=\"tve-u-165cedb48b5\" style=\"text-align: center;\"><em><strong>\u200bSelbstakzeptanz&#8230;<\/strong><\/em><\/p>\n<p data-css=\"tve-u-165cedaa978\" style=\"text-align: center;\">\n<p data-css=\"tve-u-165cedaa978\" style=\"text-align: center;\"><em>ist ein Wunder, das dich befreit&#8230;<\/em><\/p>\n<p data-css=\"tve-u-165cedaa978\" style=\"text-align: center;\"><em>\u200b<\/em><\/p>\n<p style=\"text-align: center;\"><strong><em>\u200b<\/em><\/strong><span data-css=\"tve-u-165ecb39d18\" style=\"font-size: 22px;\"><em>\u201cDieses Gef\u00fchl der konstanten Korrektur, als m\u00fcssten wir in uns hineingreifen und uns wie eine zerbrochene Maschine reparieren \u2013 ist nur eine Strategie um uns f\u00fchlen zu lassen, als wenn wir uns entwickeln m\u00fcssten. Entwicklung sollte als das Aufbl\u00fchen unseres Seins gesehen werden.\u201d <\/em><\/span><\/p>\n<p style=\"text-align: center;\"><span data-css=\"tve-u-165ecb39d18\" style=\"font-size: 22px;\"><em>&#8211; Shai Tubali<\/em><\/span><\/p>\n<p data-css=\"tve-u-164805d701d\"><em><em>&#8222;Eine ganz behutsame, sanfte und sehr liebevolle Reise in der unsere Suche nach Erf\u00fcllung, Ganzheit und Lebenssinn letztendlich zu uns selbst f\u00fchrt. Ein unglaublich wertvolles, begl\u00fcckendes Geschenk f\u00fcr all diejenigen, die sich auf diese Reise einladen lassen.&#8220;<\/em><\/em><\/p>\n<p data-css=\"tve-u-164805a6b50\" style=\"text-align: left;\"><strong>Ulrike<\/strong><\/p>\n<p data-css=\"tve-u-16480609a4a\"><em><em>&#8222;<\/em><\/em>Shai hat eine unvergleichliche Art, komplexe Inhalte so herunterzubrechen, dass wir nicht nur mit dem Verstand, sondern auch mit dem Herzen andocken k\u00f6nnen. Die Tatsache, dass sich so viele Bereiche und Ebenen in mir angesprochen gef\u00fchlt haben, hat das Zuh\u00f6ren f\u00fcr mich zu einem Genuss gemacht. Soweit ich das derzeit beurteilen kann, habe ich von dieser Challenge sehr profitiert. Danke!<em><em>&#8222;<\/em><\/em><\/p>\n<p data-css=\"tve-u-164805a6b50\" style=\"text-align: left;\"><strong>Andrea<\/strong><\/p>\n<p data-css=\"tve-u-164805eda4a\"><em><em>&#8222;<\/em><\/em>Danke f\u00fcr die 21-Tage-Challenge! Sie hat nach einem Schicksalsschlag wieder Ordnung, Ruhe und Liebe in meine Emotionen und Gef\u00fchle gebracht und mich meine &#8222;unter-Emotionen-versch\u00fcttete&#8220; Verbindung zu meinem tiefen, inneren Selbst sp\u00fcren lassen. Ich f\u00fchle wieder deutlich die Sensibilit\u00e4t und meinen Ursprung. Vor diesem inneren Wissen habe ich mich jahrelang verschlossen, wahrscheinlich nur um dieses Geschenk des Erwachens erleben zu k\u00f6nnen.<em><em>&#8222;<\/em><\/em><\/p>\n<p data-css=\"tve-u-164805a6b5c\" style=\"text-align: left;\"><strong>Sandra<\/strong><\/p>\n<p data-css=\"tve-u-16483934839\"><em><span data-css=\"tve-u-1648393c9dc\" style=\"font-size: 25px;\"><span data-css=\"tve-u-1648393ac85\" style=\"font-family: Prata;\">Jeder Schritt<\/span><\/span><\/em> auf dem Weg beinhaltet innere \u00dcbungen, sowie \u00dcbungen, die und aktiver und engagierter in unserem Leben werden lassen, gef\u00fchrte Meditationen und Visualisierungen. Durch emotionale und energetische Kraft werden wir eine St\u00e4rkung unserer eigenen inneren Kr\u00e4fte erreichen.<em><\/em><\/p>\n<h1 data-css=\"tve-u-16483940356\" style=\"text-align: center;\">Du m\u00f6chtest dabei sein?<span data-css=\"tve-u-164a4fa8661\" style=\"font-size: 33px; font-family: Raleway; font-weight: 400;\">Sichere dir jetzt den Zugang zur 21-Tage-Challenge zum Einf\u00fchrungspreis.<\/span><\/h1>\n<p>Die Challenge startet ab dem 24.09.2018<\/p>\n<p>Dein Zeit-Investement betr\u00e4gt etwa 10-20 minuten pro Tag<\/p>\n<p>Auf dieser Reise geht es um dich. Alle Lektionen sind darauf ausgerichtet schrittweise die Sch\u00f6nheit der Selbstakzeptanz in dir zu aktivieren.<\/p>\n<p>T\u00e4gliche Online-Lektionen. Du kannst von \u00fcberall aus teilnehmen.<\/p>\n<p>Erhalte Zugang zum exklusiven und gesch\u00fctzten Mitgliederbereich.<\/p>\n<p>Gef\u00fchrte Meditationen und \u00dcbungen zum Download<\/p>\n<p>Erhalte Zugang zur geschlossenen Challenge-Gruppe, um deine Erfahrungen mit der Community teilen zu k\u00f6nnen.<\/p>\n<p>Sicher dir den Kurs zum einmaligen Einf\u00fchrungspreis von nur 63 \u20ac&nbsp; <strong>21,- EUR<\/strong><\/p>\n<h1 data-css=\"tve-u-16483940356\" style=\"text-align: center;\">Ich m\u00f6chte dabei sein<\/h1>\n<h1 data-css=\"tve-u-16483940356\" style=\"text-align: center;\">\u00dcber Shai Tubali<\/h1>\n<p><span class=\"tve_image_frame\" style=\"width: 100%;\"><img loading=\"lazy\" decoding=\"async\" class=\"tve_image wp-image-627\" alt=\"\" title=\"Shai Tubali\" src=\"\/\/activespirits.net\/wp-content\/uploads\/2018\/07\/Shai-Tubali.jpg\" style=\"width: 100%;\" data-id=\"627\" width=\"630\" height=\"623\" srcset=\"https:\/\/activespirits.net\/wp-content\/uploads\/2018\/07\/Shai-Tubali.jpg 630w, https:\/\/activespirits.net\/wp-content\/uploads\/2018\/07\/Shai-Tubali-300x297.jpg 300w\" sizes=\"(max-width: 630px) 100vw, 630px\" \/><\/span><\/p>\n<p data-css=\"tve-u-164671e8c5c\"><em><strong>Shai Tubali <\/strong><em><em><em><em>hat in den letzten 18 Jahren tausende Menschen weltweit auf der Reise zu sich selbst begleitet. Als Experte f\u00fcr spirituelle Transformation und Selbstentfaltung sieht er das Balancieren und Erwecken unserer sieben &#8222;Weisheits-Zentren&#8220; als essentiell wichtig, f\u00fcr tiefe Selbsterf\u00fcllung und unsere wahren Seins.<\/em><\/em><\/em><\/em><\/em><\/p>\n<p data-css=\"tve-u-164805d701d\"><em>&#8222;<\/em>Die vollkommen andere Sichtweise von Shai auf unser SO SEIN, frei von Dogmen, Ritualen, frei von du musst, du sollst, sonst&#8230;.ist absolut befreiend und inspirierend. Uns so in die Freiheit zu stellen, das ist Liebe pur. Gro\u00dfen Dank!<em>&#8222;<\/em><\/p>\n<p data-css=\"tve-u-164805a6b50\" style=\"text-align: left;\"><strong>Elisabeth<\/strong><\/p>\n<p data-css=\"tve-u-16480609a4a\"><em>&#8222;Shai spricht aus seinem Herzen zu unseren Herzen&#8230; So bekommen unsere Herzen Ohren&#8230;. Wir sind ganz Herzohr&#8230; Und in der Einheit, in diesem selben Geist, kann man sich vergessen und finden&#8230;&#8220;<\/em><\/p>\n<p data-css=\"tve-u-164805a6b50\" style=\"text-align: left;\"><strong>Kathrin<\/strong><\/p>\n<p data-css=\"tve-u-164a4ed64fb\">&#8222;Mich hat die liebevolle F\u00fchrung von der Ebene der Person \u00fcber den transpersonalen Bereich bis zum SELBST sehr ber\u00fchrt. Ein Leitfaden &#8211; und doch ganz offen. Ganz zielgerichtet und doch ganz frei.&#8220;<\/p>\n<p data-css=\"tve-u-164805a6b5c\" style=\"text-align: left;\"><strong>Michael<\/strong><\/p>\n<p style=\"text-align: center;\"><a href=\"https:\/\/activespirits.net\/impressum\/\" target=\"_blank\">Impressum<\/a>&nbsp;|&nbsp;<a href=\"https:\/\/activespirits.net\/privacy-policy\/\" target=\"_blank\">Datenschutz<\/a><\/p>\n<span class=\"et_bloom_bottom_trigger\"><\/span>","protected":false},"excerpt":{"rendered":"<p>&#8211; 21 \u200bTage Challenge &#8211;&nbsp; \u200bWahre Selbstakzeptanz \u200bEntdecke wie sie dich mit deinem wahren Potential&nbsp;verbindet, indem sie innere Wunden heilt und dich von inneren Konflikten befreit.\u200b \u200bSelbstakzeptanz&#8230; ist ein Wunder, das dich befreit&#8230; \u200b \u200b\u201cDieses Gef\u00fchl der konstanten Korrektur, als m\u00fcssten wir in uns hineingreifen und uns wie eine zerbrochene Maschine reparieren \u2013 ist nur [&hellip;]<\/p>\n","protected":false},"author":1,"featured_media":0,"parent":0,"menu_order":0,"comment_status":"closed","ping_status":"closed","template":"page-template-blank.php","meta":{"_et_pb_use_builder":"","_et_pb_old_content":"","_et_gb_content_width":"","footnotes":""},"class_list":["post-1033","page","type-page","status-publish","hentry"],"yoast_head":"<!-- This site is optimized with the Yoast SEO plugin v27.0 - https:\/\/yoast.com\/product\/yoast-seo-wordpress\/ -->\n<title>21 Tage Challenge: Wahre Selbstakzeptanz - mit Shai Tubali<\/title>\n<meta name=\"description\" content=\"Wahre Selbstakzeptanz: Entdecke wie sie dich mit deinem wahren Potential verbindet, indem sie innere Wunden heilt und dich von inneren Konflikten befreit.\" \/>\n<meta name=\"robots\" content=\"index, follow, max-snippet:-1, max-image-preview:large, max-video-preview:-1\" \/>\n<link rel=\"canonical\" href=\"https:\/\/activespirits.net\/21-selbstakzeptanz\/\" \/>\n<meta property=\"og:locale\" content=\"de_DE\" \/>\n<meta property=\"og:type\" content=\"article\" \/>\n<meta property=\"og:title\" content=\"21 Tage Challenge: Wahre Selbstakzeptanz - mit Shai Tubali\" \/>\n<meta property=\"og:description\" content=\"Wahre Selbstakzeptanz: Entdecke wie sie dich mit deinem wahren Potential verbindet, indem sie innere Wunden heilt und dich von inneren Konflikten befreit.\" \/>\n<meta property=\"og:url\" content=\"https:\/\/activespirits.net\/21-selbstakzeptanz\/\" \/>\n<meta property=\"og:site_name\" content=\"activespirits.net\" \/>\n<meta property=\"article:modified_time\" content=\"2018-09-18T13:40:32+00:00\" \/>\n<meta property=\"og:image\" content=\"\/\/activespirits.net\/wp-content\/uploads\/2018\/07\/Shai-Tubali.jpg\" \/>\n<meta name=\"twitter:card\" content=\"summary_large_image\" \/>\n<meta name=\"twitter:label1\" content=\"Gesch\u00e4tzte Lesezeit\" \/>\n\t<meta name=\"twitter:data1\" content=\"3\u00a0Minuten\" \/>\n<script type=\"application\/ld+json\" class=\"yoast-schema-graph\">{\"@context\":\"https:\/\/schema.org\",\"@graph\":[{\"@type\":\"WebPage\",\"@id\":\"https:\/\/activespirits.net\/21-selbstakzeptanz\/\",\"url\":\"https:\/\/activespirits.net\/21-selbstakzeptanz\/\",\"name\":\"21 Tage Challenge: Wahre Selbstakzeptanz - mit Shai Tubali\",\"isPartOf\":{\"@id\":\"https:\/\/activespirits.net\/#website\"},\"datePublished\":\"2018-09-18T12:44:34+00:00\",\"dateModified\":\"2018-09-18T13:40:32+00:00\",\"description\":\"Wahre Selbstakzeptanz: Entdecke wie sie dich mit deinem wahren Potential verbindet, indem sie innere Wunden heilt und dich von inneren Konflikten befreit.\",\"breadcrumb\":{\"@id\":\"https:\/\/activespirits.net\/21-selbstakzeptanz\/#breadcrumb\"},\"inLanguage\":\"de\",\"potentialAction\":[{\"@type\":\"ReadAction\",\"target\":[\"https:\/\/activespirits.net\/21-selbstakzeptanz\/\"]}]},{\"@type\":\"BreadcrumbList\",\"@id\":\"https:\/\/activespirits.net\/21-selbstakzeptanz\/#breadcrumb\",\"itemListElement\":[{\"@type\":\"ListItem\",\"position\":1,\"name\":\"Startseite\",\"item\":\"https:\/\/activespirits.net\/de\/\"},{\"@type\":\"ListItem\",\"position\":2,\"name\":\"21 Tage Challenge: Wahre Selbstakzeptanz\"}]},{\"@type\":\"WebSite\",\"@id\":\"https:\/\/activespirits.net\/#website\",\"url\":\"https:\/\/activespirits.net\/\",\"name\":\"activespirits.net\",\"description\":\"ActiveSpirits - Shai Tubali&#039;s Online Campus\",\"potentialAction\":[{\"@type\":\"SearchAction\",\"target\":{\"@type\":\"EntryPoint\",\"urlTemplate\":\"https:\/\/activespirits.net\/?s={search_term_string}\"},\"query-input\":{\"@type\":\"PropertyValueSpecification\",\"valueRequired\":true,\"valueName\":\"search_term_string\"}}],\"inLanguage\":\"de\"}]}<\/script>\n<!-- \/ Yoast SEO plugin. -->","yoast_head_json":{"title":"21 Tage Challenge: Wahre Selbstakzeptanz - mit Shai Tubali","description":"Wahre Selbstakzeptanz: Entdecke wie sie dich mit deinem wahren Potential verbindet, indem sie innere Wunden heilt und dich von inneren Konflikten befreit.","robots":{"index":"index","follow":"follow","max-snippet":"max-snippet:-1","max-image-preview":"max-image-preview:large","max-video-preview":"max-video-preview:-1"},"canonical":"https:\/\/activespirits.net\/21-selbstakzeptanz\/","og_locale":"de_DE","og_type":"article","og_title":"21 Tage Challenge: Wahre Selbstakzeptanz - mit Shai Tubali","og_description":"Wahre Selbstakzeptanz: Entdecke wie sie dich mit deinem wahren Potential verbindet, indem sie innere Wunden heilt und dich von inneren Konflikten befreit.","og_url":"https:\/\/activespirits.net\/21-selbstakzeptanz\/","og_site_name":"activespirits.net","article_modified_time":"2018-09-18T13:40:32+00:00","og_image":[{"url":"\/\/activespirits.net\/wp-content\/uploads\/2018\/07\/Shai-Tubali.jpg","type":"","width":"","height":""}],"twitter_card":"summary_large_image","twitter_misc":{"Gesch\u00e4tzte Lesezeit":"3\u00a0Minuten"},"schema":{"@context":"https:\/\/schema.org","@graph":[{"@type":"WebPage","@id":"https:\/\/activespirits.net\/21-selbstakzeptanz\/","url":"https:\/\/activespirits.net\/21-selbstakzeptanz\/","name":"21 Tage Challenge: Wahre Selbstakzeptanz - mit Shai Tubali","isPartOf":{"@id":"https:\/\/activespirits.net\/#website"},"datePublished":"2018-09-18T12:44:34+00:00","dateModified":"2018-09-18T13:40:32+00:00","description":"Wahre Selbstakzeptanz: Entdecke wie sie dich mit deinem wahren Potential verbindet, indem sie innere Wunden heilt und dich von inneren Konflikten befreit.","breadcrumb":{"@id":"https:\/\/activespirits.net\/21-selbstakzeptanz\/#breadcrumb"},"inLanguage":"de","potentialAction":[{"@type":"ReadAction","target":["https:\/\/activespirits.net\/21-selbstakzeptanz\/"]}]},{"@type":"BreadcrumbList","@id":"https:\/\/activespirits.net\/21-selbstakzeptanz\/#breadcrumb","itemListElement":[{"@type":"ListItem","position":1,"name":"Startseite","item":"https:\/\/activespirits.net\/de\/"},{"@type":"ListItem","position":2,"name":"21 Tage Challenge: Wahre Selbstakzeptanz"}]},{"@type":"WebSite","@id":"https:\/\/activespirits.net\/#website","url":"https:\/\/activespirits.net\/","name":"activespirits.net","description":"ActiveSpirits - Shai Tubali&#039;s Online Campus","potentialAction":[{"@type":"SearchAction","target":{"@type":"EntryPoint","urlTemplate":"https:\/\/activespirits.net\/?s={search_term_string}"},"query-input":{"@type":"PropertyValueSpecification","valueRequired":true,"valueName":"search_term_string"}}],"inLanguage":"de"}]}},"_links":{"self":[{"href":"https:\/\/activespirits.net\/de\/wp-json\/wp\/v2\/pages\/1033","targetHints":{"allow":["GET"]}}],"collection":[{"href":"https:\/\/activespirits.net\/de\/wp-json\/wp\/v2\/pages"}],"about":[{"href":"https:\/\/activespirits.net\/de\/wp-json\/wp\/v2\/types\/page"}],"author":[{"embeddable":true,"href":"https:\/\/activespirits.net\/de\/wp-json\/wp\/v2\/users\/1"}],"replies":[{"embeddable":true,"href":"https:\/\/activespirits.net\/de\/wp-json\/wp\/v2\/comments?post=1033"}],"version-history":[{"count":6,"href":"https:\/\/activespirits.net\/de\/wp-json\/wp\/v2\/pages\/1033\/revisions"}],"predecessor-version":[{"id":1114,"href":"https:\/\/activespirits.net\/de\/wp-json\/wp\/v2\/pages\/1033\/revisions\/1114"}],"wp:attachment":[{"href":"https:\/\/activespirits.net\/de\/wp-json\/wp\/v2\/media?parent=1033"}],"curies":[{"name":"wp","href":"https:\/\/api.w.org\/{rel}","templated":true}]}}