{"id":10348,"date":"2024-09-04T17:59:10","date_gmt":"2024-09-04T15:59:10","guid":{"rendered":"https:\/\/activespirits.net\/courses\/inner-freedom-21\/thank-you\/"},"modified":"2024-09-04T18:05:43","modified_gmt":"2024-09-04T16:05:43","slug":"thank-you","status":"publish","type":"page","link":"https:\/\/activespirits.net\/de\/courses\/inner-freedom-21\/thank-you\/","title":{"rendered":"Innere Freiheit Challenge &#8211; Danke"},"content":{"rendered":"<p>[et_pb_section fb_built=&#8220;1&#8243; _builder_version=&#8220;4.19.5&#8243; _module_preset=&#8220;default&#8220; background_color=&#8220;rgba(220,204,179,0.63)&#8220; background_enable_image=&#8220;off&#8220; parallax=&#8220;on&#8220; parallax_method=&#8220;off&#8220; custom_margin=&#8220;0px||||false|false&#8220; custom_padding=&#8220;0px||48px||false|false&#8220; locked=&#8220;off&#8220; global_colors_info=&#8220;{}&#8220;][et_pb_row _builder_version=&#8220;4.27.0&#8243; _module_preset=&#8220;default&#8220; use_background_color_gradient=&#8220;on&#8220; background_color_gradient_stops=&#8220;rgba(233,223,207,0.13) 0%|#e9dfcf 100%&#8220; background_color_gradient_overlays_image=&#8220;on&#8220; background_image=&#8220;https:\/\/activespirits.net\/wp-content\/uploads\/2024\/05\/Archieving-Inner-Freedom-Header.jpg&#8220; width=&#8220;100%&#8220; max_width=&#8220;100%&#8220; min_height=&#8220;300px&#8220; height=&#8220;340px&#8220; max_height=&#8220;340px&#8220; custom_margin=&#8220;0px||||false|false&#8220; custom_padding=&#8220;0px||||false|false&#8220; global_colors_info=&#8220;{}&#8220;][et_pb_column type=&#8220;4_4&#8243; _builder_version=&#8220;4.19.5&#8243; _module_preset=&#8220;default&#8220; global_colors_info=&#8220;{}&#8220;][et_pb_divider _builder_version=&#8220;4.19.5&#8243; _module_preset=&#8220;default&#8220; global_colors_info=&#8220;{}&#8220;][\/et_pb_divider][\/et_pb_column][\/et_pb_row][et_pb_row module_id=&#8220;evolve&#8220; _builder_version=&#8220;4.21.0&#8243; _module_preset=&#8220;default&#8220; width=&#8220;65%&#8220; max_width=&#8220;70%&#8220; custom_margin=&#8220;-77px|auto||auto|false|false&#8220; global_colors_info=&#8220;{}&#8220;][et_pb_column type=&#8220;4_4&#8243; _builder_version=&#8220;4.16&#8243; _module_preset=&#8220;default&#8220; global_colors_info=&#8220;{}&#8220;][et_pb_text module_id=&#8220;evolve&#8220; _builder_version=&#8220;4.19.5&#8243; _module_preset=&#8220;default&#8220; text_text_color=&#8220;#000000&#8243; header_2_text_align=&#8220;center&#8220; header_2_text_color=&#8220;#FFFFFF&#8220; header_2_font_size=&#8220;44px&#8220; header_4_font=&#8220;TT Norms Medium|||on|||||&#8220; header_4_text_color=&#8220;#8B6442&#8243; header_4_font_size=&#8220;1.3vw&#8220; header_4_letter_spacing=&#8220;1px&#8220; header_4_line_height=&#8220;1.7em&#8220; text_orientation=&#8220;center&#8220; custom_margin=&#8220;18px|||||&#8220; global_colors_info=&#8220;{}&#8220;]<\/p>\n<h4><strong>Innere Freiheit Erreichen<br \/><\/strong><\/h4>\n<h2><\/h2>\n<p>[\/et_pb_text][et_pb_text module_id=&#8220;evolve&#8220; _builder_version=&#8220;4.21.0&#8243; _module_preset=&#8220;default&#8220; text_text_color=&#8220;#8b6442&#8243; header_2_text_align=&#8220;center&#8220; header_2_text_color=&#8220;#8b6442&#8243; header_2_font_size=&#8220;46px&#8220; header_4_font=&#8220;TT Norms Medium|||on|||||&#8220; header_4_text_color=&#8220;#FFFFFF&#8220; header_4_font_size=&#8220;1.3vw&#8220; header_4_letter_spacing=&#8220;1px&#8220; header_4_line_height=&#8220;1.7em&#8220; text_orientation=&#8220;center&#8220; custom_margin=&#8220;18px|||||&#8220; global_colors_info=&#8220;{}&#8220;]<\/p>\n<h2>Danke, wir haben deine Buchung erhalten!<\/h2>\n<p><strong>Die Challenge beginnt am Montag<\/strong><strong><br \/><\/strong><\/p>\n<p>[\/et_pb_text][et_pb_divider color=&#8220;#FFFFFF&#8220; divider_weight=&#8220;3px&#8220; _builder_version=&#8220;4.17.6&#8243; _module_preset=&#8220;default&#8220; max_width=&#8220;10%&#8220; module_alignment=&#8220;center&#8220; locked=&#8220;off&#8220; global_colors_info=&#8220;{}&#8220;][\/et_pb_divider][\/et_pb_column][\/et_pb_row][et_pb_row column_structure=&#8220;1_2,1_2&#8243; _builder_version=&#8220;4.19.5&#8243; _module_preset=&#8220;default&#8220; custom_padding=&#8220;30px|20px|30px|20px|false|false&#8220; border_width_all=&#8220;1px&#8220; border_color_all=&#8220;#FFFFFF&#8220; global_colors_info=&#8220;{}&#8220; locked=&#8220;off&#8220;][et_pb_column type=&#8220;1_2&#8243; _builder_version=&#8220;4.19.5&#8243; _module_preset=&#8220;default&#8220; global_colors_info=&#8220;{}&#8220;][et_pb_text _builder_version=&#8220;4.19.5&#8243; _module_preset=&#8220;default&#8220; text_text_color=&#8220;#000000&#8243; header_3_text_color=&#8220;#000000&#8243; locked=&#8220;off&#8220; global_colors_info=&#8220;{}&#8220;]<\/p>\n<p style=\"text-align: center;\"><span>BUCHUNG BEST\u00c4TIGT<\/span><\/p>\n<h3 style=\"text-align: center;\"><b><span>Die n\u00e4chsten Schritte&#8230;<br \/><\/span><\/b><\/h3>\n<p>&nbsp;<\/p>\n<p>[\/et_pb_text][et_pb_text _builder_version=&#8220;4.21.0&#8243; _module_preset=&#8220;default&#8220; global_colors_info=&#8220;{}&#8220;]<\/p>\n<p>In den n\u00e4chsten Minuten erh\u00e4ltst du eine Willkommens-Email mit ersten Details zur Challenge. In einer Separaten Email dann deine Zugangsdaten f\u00fcr unseren Online Campus.<\/p>\n<p>Wir freuen uns sehr auf diese gemeinsame Reise!<\/p>\n<p>Alle Emails zur Challenge erh\u00e4ltst du von dieser Email Adresse: carlos@activespirits.net<\/p>\n<p>Um sicherzustellen, dass du sie auch erh\u00e4ltst, f\u00fcge sie bitte zur Liste sicherer Absender, oder deiner Kontaktliste hinzu.<\/p>\n<p>Lass uns gemeinsam lernen die Wellen des Lebens mit Leichtigkeit, Vertrauen und Kraft zu reiten!<\/p>\n<p>Von Herzen,<\/p>\n<p>Carlos<\/p>\n<p><em>(Online Team Shai Tubali)<\/em><\/p>\n<p>[\/et_pb_text][\/et_pb_column][et_pb_column type=&#8220;1_2&#8243; _builder_version=&#8220;4.19.5&#8243; _module_preset=&#8220;default&#8220; global_colors_info=&#8220;{}&#8220;][et_pb_text _builder_version=&#8220;4.19.5&#8243; _module_preset=&#8220;default&#8220; locked=&#8220;off&#8220; global_colors_info=&#8220;{}&#8220;]<\/p>\n<h3><strong>Was du erh\u00e4ltst:<\/strong><\/h3>\n<p>[\/et_pb_text][et_pb_blurb use_icon=&#8220;on&#8220; font_icon=&#8220;&#x4e;||divi||400&#8243; image_icon_background_color=&#8220;RGBA(255,255,255,0)&#8220; icon_placement=&#8220;left&#8220; _builder_version=&#8220;4.19.5&#8243; _module_preset=&#8220;default&#8220; custom_margin=&#8220;2px||4px||false|false&#8220; custom_padding=&#8220;||||false|false&#8220; locked=&#8220;off&#8220; global_colors_info=&#8220;{}&#8220;]<\/p>\n<p>21 kraftvolle Lektionen, um deinen Geist zu meistern und in ein Erleben innerer Freiheit einzutauchen.<\/p>\n<p>[\/et_pb_blurb][et_pb_blurb use_icon=&#8220;on&#8220; font_icon=&#8220;&#x4e;||divi||400&#8243; image_icon_background_color=&#8220;RGBA(255,255,255,0)&#8220; icon_placement=&#8220;left&#8220; _builder_version=&#8220;4.19.5&#8243; _module_preset=&#8220;default&#8220; custom_margin=&#8220;2px||4px||false|false&#8220; custom_padding=&#8220;||||false|false&#8220; global_colors_info=&#8220;{}&#8220;]<\/p>\n<p>12 Monate Zugang zu allen Materialien. So kannst du deine Transformation und Praxis auch nach der Challenge weiter vertiefen.<\/p>\n<p>[\/et_pb_blurb][et_pb_blurb use_icon=&#8220;on&#8220; font_icon=&#8220;&#x4e;||divi||400&#8243; image_icon_background_color=&#8220;RGBA(255,255,255,0)&#8220; icon_placement=&#8220;left&#8220; _builder_version=&#8220;4.19.0&#8243; _module_preset=&#8220;default&#8220; custom_margin=&#8220;2px||4px||false|false&#8220; custom_padding=&#8220;||||false|false&#8220; global_colors_info=&#8220;{}&#8220;]<\/p>\n<p>Einzigartige Techniken, die es dir erm\u00f6glichen, aus negativen Gedanken, Zweifeln und \u00dcberforderung direkt in einen Zustand der Kraft und Zuversicht zu gelangen<\/p>\n<p>[\/et_pb_blurb][et_pb_blurb use_icon=&#8220;on&#8220; font_icon=&#8220;&#x4e;||divi||400&#8243; image_icon_background_color=&#8220;RGBA(255,255,255,0)&#8220; icon_placement=&#8220;left&#8220; _builder_version=&#8220;4.21.0&#8243; _module_preset=&#8220;default&#8220; custom_margin=&#8220;2px||4px||false|false&#8220; custom_padding=&#8220;||||false|false&#8220; global_colors_info=&#8220;{}&#8220;]<\/p>\n<p>Entdecke die heilende und befreiende Kraft von erweiterten Bewusstseinszust\u00e4nden<\/p>\n<p>[\/et_pb_blurb][et_pb_blurb use_icon=&#8220;on&#8220; font_icon=&#8220;&#x4e;||divi||400&#8243; image_icon_background_color=&#8220;RGBA(255,255,255,0)&#8220; icon_placement=&#8220;left&#8220; _builder_version=&#8220;4.21.0&#8243; _module_preset=&#8220;default&#8220; custom_margin=&#8220;2px||4px||false|false&#8220; custom_padding=&#8220;||||false|false&#8220; global_colors_info=&#8220;{}&#8220;]<\/p>\n<p>Du bist nicht allein: Unterst\u00fctzender Austausch mit der Challenge Community<\/p>\n<p>[\/et_pb_blurb][\/et_pb_column][\/et_pb_row][\/et_pb_section][et_pb_section fb_built=&#8220;1&#8243; _builder_version=&#8220;4.19.0&#8243; background_color=&#8220;#8b6442&#8243; background_enable_image=&#8220;off&#8220; background_position=&#8220;bottom_center&#8220; custom_padding=&#8220;0px||72px|||&#8220; top_divider_color=&#8220;#dcccb3&#8243; locked=&#8220;off&#8220; global_colors_info=&#8220;{}&#8220;][et_pb_row _builder_version=&#8220;4.21.0&#8243; _module_preset=&#8220;default&#8220; width=&#8220;90%&#8220; max_width=&#8220;90%&#8220; locked=&#8220;off&#8220; global_colors_info=&#8220;{}&#8220;][et_pb_column type=&#8220;4_4&#8243; _builder_version=&#8220;4.21.0&#8243; _module_preset=&#8220;default&#8220; global_colors_info=&#8220;{}&#8220;][et_pb_text _builder_version=&#8220;4.21.0&#8243; _module_preset=&#8220;default&#8220; text_text_color=&#8220;#FFFFFF&#8220; text_font_size=&#8220;12px&#8220; text_line_height=&#8220;1.4em&#8220; global_colors_info=&#8220;{}&#8220;]<\/p>\n<p>Bei diesem Programm handelt es sich um ein Selbsthilfeprogramm und keine Psychotherapie. Die Inhalte wurden sorgf\u00e4ltig erstellt. Eine eventuell notwendige Behandlung bei einem Arzt oder Psychotherapeuten kann dadurch nicht ersetzt werden.<\/p>\n<p>Wenn du derzeit oder in der Vergangenheit eine medizinische Behandlung oder Therapie wegen psychischer Probleme erh\u00e4ltst oder erhalten hast, ist eine Umgebung der tiefen Kontemplation oder Introspektion m\u00f6glicherweise nicht f\u00fcr dich geeignet.<\/p>\n<p>Bitte besprich mit einem Arzt oder einer \u00c4rztin f\u00fcr psychische Gesundheit, ob es f\u00fcr dich geeignet und sicher ist, zu diesem Zeitpunkt in einer fokussierten Umgebung der Kontemplation zu sein.<br \/>Mit seinen Programmen gibt Dr. Shai Tubali keinerlei Heilversprechen ab. Die Anwendung des Programms erfolgt grunds\u00e4tzlich auf eigene Verantwortung.<\/p>\n<p>[\/et_pb_text][\/et_pb_column][\/et_pb_row][et_pb_row column_structure=&#8220;1_5,3_5,1_5&#8243; _builder_version=&#8220;4.16&#8243; _module_preset=&#8220;default&#8220; custom_padding=&#8220;112px|||||&#8220; global_colors_info=&#8220;{}&#8220;][et_pb_column type=&#8220;1_5&#8243; _builder_version=&#8220;4.16&#8243; _module_preset=&#8220;default&#8220; global_colors_info=&#8220;{}&#8220;][\/et_pb_column][et_pb_column type=&#8220;3_5&#8243; _builder_version=&#8220;4.16&#8243; _module_preset=&#8220;default&#8220; global_colors_info=&#8220;{}&#8220;][et_pb_text _builder_version=&#8220;4.17.4&#8243; _module_preset=&#8220;default&#8220; custom_margin=&#8220;37px||98px|||&#8220; global_colors_info=&#8220;{}&#8220;]<\/p>\n<p style=\"text-align: center;\"><span style=\"color: #ffffff;\">This site is not a part of the Meta website or Meta Platforms Inc. Additionally, this site is NOT endorsed by Meta in any way. META is a trademark of META PLATFORMS, Inc.<\/span><\/p>\n<p>[\/et_pb_text][et_pb_text _builder_version=&#8220;4.19.0&#8243; _module_preset=&#8220;default&#8220; global_colors_info=&#8220;{}&#8220;]<\/p>\n<p style=\"text-align: center;\"><span style=\"color: #ffffff;\"><a href=\"https:\/\/shaitubali.com\/imprint\/\" style=\"color: #ffffff;\">Imprint<\/a> |<\/span><a href=\"https:\/\/shaitubali.com\/privacy-policy-2\/\"><span style=\"color: #ffffff;\"> Data Privacy<\/span><\/a><\/p>\n<p>[\/et_pb_text][\/et_pb_column][et_pb_column type=&#8220;1_5&#8243; _builder_version=&#8220;4.16&#8243; _module_preset=&#8220;default&#8220; global_colors_info=&#8220;{}&#8220;][\/et_pb_column][\/et_pb_row][\/et_pb_section]<\/p>\n<span class=\"et_bloom_bottom_trigger\"><\/span>","protected":false},"excerpt":{"rendered":"<p>Innere Freiheit Erreichen Danke, wir haben deine Buchung erhalten! Die Challenge beginnt am MontagBUCHUNG BEST\u00c4TIGT Die n\u00e4chsten Schritte&#8230; &nbsp;In den n\u00e4chsten Minuten erh\u00e4ltst du eine Willkommens-Email mit ersten Details zur Challenge. In einer Separaten Email dann deine Zugangsdaten f\u00fcr unseren Online Campus. Wir freuen uns sehr auf diese gemeinsame Reise! Alle Emails zur Challenge erh\u00e4ltst [&hellip;]<\/p>\n","protected":false},"author":1,"featured_media":0,"parent":10063,"menu_order":0,"comment_status":"closed","ping_status":"closed","template":"page-template-blank.php","meta":{"_et_pb_use_builder":"on","_et_pb_old_content":"","_et_gb_content_width":"","footnotes":""},"class_list":["post-10348","page","type-page","status-publish","hentry"],"yoast_head":"<!-- This site is optimized with the Yoast SEO plugin v27.4 - https:\/\/yoast.com\/product\/yoast-seo-wordpress\/ -->\n<title>Innere Freiheit Challenge - Danke - activespirits.net<\/title>\n<meta name=\"robots\" content=\"index, follow, max-snippet:-1, max-image-preview:large, max-video-preview:-1\" \/>\n<link rel=\"canonical\" href=\"https:\/\/activespirits.net\/de\/courses\/inner-freedom-21\/thank-you\/\" \/>\n<meta property=\"og:locale\" content=\"de_DE\" \/>\n<meta property=\"og:type\" content=\"article\" \/>\n<meta property=\"og:title\" content=\"Innere Freiheit Challenge - Danke - activespirits.net\" \/>\n<meta property=\"og:description\" content=\"Es fehlt nur noch ein kleiner Schritt Du bekommst in K\u00fcrze eine Best\u00e4tigungsmail mit einem Link darin. Bitte unbedingt auf diesen Link klicken! So best\u00e4tigst du, dass deine E-Mail Adresse echt ist. Und wir gehen sicher, dass wir nur E-Mails versenden, die wirklich erw\u00fcnscht und relevant sind. Sobald deine E-Mail Adresse best\u00e4tigt ist, erh\u00e4ltst du [&hellip;]\" \/>\n<meta property=\"og:url\" content=\"https:\/\/activespirits.net\/de\/courses\/inner-freedom-21\/thank-you\/\" \/>\n<meta property=\"og:site_name\" content=\"activespirits.net\" \/>\n<meta property=\"article:modified_time\" content=\"2024-09-04T16:05:43+00:00\" \/>\n<meta name=\"twitter:card\" content=\"summary_large_image\" \/>\n<meta name=\"twitter:label1\" content=\"Gesch\u00e4tzte Lesezeit\" \/>\n\t<meta name=\"twitter:data1\" content=\"2\u00a0Minuten\" \/>\n<script type=\"application\/ld+json\" class=\"yoast-schema-graph\">{\"@context\":\"https:\\\/\\\/schema.org\",\"@graph\":[{\"@type\":\"WebPage\",\"@id\":\"https:\\\/\\\/activespirits.net\\\/de\\\/courses\\\/inner-freedom-21\\\/thank-you\\\/\",\"url\":\"https:\\\/\\\/activespirits.net\\\/de\\\/courses\\\/inner-freedom-21\\\/thank-you\\\/\",\"name\":\"Innere Freiheit Challenge - Danke - activespirits.net\",\"isPartOf\":{\"@id\":\"https:\\\/\\\/activespirits.net\\\/#website\"},\"datePublished\":\"2024-09-04T15:59:10+00:00\",\"dateModified\":\"2024-09-04T16:05:43+00:00\",\"breadcrumb\":{\"@id\":\"https:\\\/\\\/activespirits.net\\\/de\\\/courses\\\/inner-freedom-21\\\/thank-you\\\/#breadcrumb\"},\"inLanguage\":\"de\",\"potentialAction\":[{\"@type\":\"ReadAction\",\"target\":[\"https:\\\/\\\/activespirits.net\\\/de\\\/courses\\\/inner-freedom-21\\\/thank-you\\\/\"]}]},{\"@type\":\"BreadcrumbList\",\"@id\":\"https:\\\/\\\/activespirits.net\\\/de\\\/courses\\\/inner-freedom-21\\\/thank-you\\\/#breadcrumb\",\"itemListElement\":[{\"@type\":\"ListItem\",\"position\":1,\"name\":\"Startseite\",\"item\":\"https:\\\/\\\/activespirits.net\\\/de\\\/\"},{\"@type\":\"ListItem\",\"position\":2,\"name\":\"Courses\",\"item\":\"https:\\\/\\\/activespirits.net\\\/courses\\\/\"},{\"@type\":\"ListItem\",\"position\":3,\"name\":\"Innere Freiheit erlangen: 21-Tage- Challenge f\u00fcr einen flexiblen Geist, der deine Welt neu erfinden kann\",\"item\":\"https:\\\/\\\/activespirits.net\\\/de\\\/courses\\\/inner-freedom-21\\\/\"},{\"@type\":\"ListItem\",\"position\":4,\"name\":\"Innere Freiheit Challenge &#8211; Danke\"}]},{\"@type\":\"WebSite\",\"@id\":\"https:\\\/\\\/activespirits.net\\\/#website\",\"url\":\"https:\\\/\\\/activespirits.net\\\/\",\"name\":\"activespirits.net\",\"description\":\"ActiveSpirits - Shai Tubali&#039;s Online Campus\",\"potentialAction\":[{\"@type\":\"SearchAction\",\"target\":{\"@type\":\"EntryPoint\",\"urlTemplate\":\"https:\\\/\\\/activespirits.net\\\/?s={search_term_string}\"},\"query-input\":{\"@type\":\"PropertyValueSpecification\",\"valueRequired\":true,\"valueName\":\"search_term_string\"}}],\"inLanguage\":\"de\"}]}<\/script>\n<!-- \/ Yoast SEO plugin. -->","yoast_head_json":{"title":"Innere Freiheit Challenge - Danke - activespirits.net","robots":{"index":"index","follow":"follow","max-snippet":"max-snippet:-1","max-image-preview":"max-image-preview:large","max-video-preview":"max-video-preview:-1"},"canonical":"https:\/\/activespirits.net\/de\/courses\/inner-freedom-21\/thank-you\/","og_locale":"de_DE","og_type":"article","og_title":"Innere Freiheit Challenge - Danke - activespirits.net","og_description":"Es fehlt nur noch ein kleiner Schritt Du bekommst in K\u00fcrze eine Best\u00e4tigungsmail mit einem Link darin. Bitte unbedingt auf diesen Link klicken! So best\u00e4tigst du, dass deine E-Mail Adresse echt ist. Und wir gehen sicher, dass wir nur E-Mails versenden, die wirklich erw\u00fcnscht und relevant sind. Sobald deine E-Mail Adresse best\u00e4tigt ist, erh\u00e4ltst du [&hellip;]","og_url":"https:\/\/activespirits.net\/de\/courses\/inner-freedom-21\/thank-you\/","og_site_name":"activespirits.net","article_modified_time":"2024-09-04T16:05:43+00:00","twitter_card":"summary_large_image","twitter_misc":{"Gesch\u00e4tzte Lesezeit":"2\u00a0Minuten"},"schema":{"@context":"https:\/\/schema.org","@graph":[{"@type":"WebPage","@id":"https:\/\/activespirits.net\/de\/courses\/inner-freedom-21\/thank-you\/","url":"https:\/\/activespirits.net\/de\/courses\/inner-freedom-21\/thank-you\/","name":"Innere Freiheit Challenge - Danke - activespirits.net","isPartOf":{"@id":"https:\/\/activespirits.net\/#website"},"datePublished":"2024-09-04T15:59:10+00:00","dateModified":"2024-09-04T16:05:43+00:00","breadcrumb":{"@id":"https:\/\/activespirits.net\/de\/courses\/inner-freedom-21\/thank-you\/#breadcrumb"},"inLanguage":"de","potentialAction":[{"@type":"ReadAction","target":["https:\/\/activespirits.net\/de\/courses\/inner-freedom-21\/thank-you\/"]}]},{"@type":"BreadcrumbList","@id":"https:\/\/activespirits.net\/de\/courses\/inner-freedom-21\/thank-you\/#breadcrumb","itemListElement":[{"@type":"ListItem","position":1,"name":"Startseite","item":"https:\/\/activespirits.net\/de\/"},{"@type":"ListItem","position":2,"name":"Courses","item":"https:\/\/activespirits.net\/courses\/"},{"@type":"ListItem","position":3,"name":"Innere Freiheit erlangen: 21-Tage- Challenge f\u00fcr einen flexiblen Geist, der deine Welt neu erfinden kann","item":"https:\/\/activespirits.net\/de\/courses\/inner-freedom-21\/"},{"@type":"ListItem","position":4,"name":"Innere Freiheit Challenge &#8211; Danke"}]},{"@type":"WebSite","@id":"https:\/\/activespirits.net\/#website","url":"https:\/\/activespirits.net\/","name":"activespirits.net","description":"ActiveSpirits - Shai Tubali&#039;s Online Campus","potentialAction":[{"@type":"SearchAction","target":{"@type":"EntryPoint","urlTemplate":"https:\/\/activespirits.net\/?s={search_term_string}"},"query-input":{"@type":"PropertyValueSpecification","valueRequired":true,"valueName":"search_term_string"}}],"inLanguage":"de"}]}},"_links":{"self":[{"href":"https:\/\/activespirits.net\/de\/wp-json\/wp\/v2\/pages\/10348","targetHints":{"allow":["GET"]}}],"collection":[{"href":"https:\/\/activespirits.net\/de\/wp-json\/wp\/v2\/pages"}],"about":[{"href":"https:\/\/activespirits.net\/de\/wp-json\/wp\/v2\/types\/page"}],"author":[{"embeddable":true,"href":"https:\/\/activespirits.net\/de\/wp-json\/wp\/v2\/users\/1"}],"replies":[{"embeddable":true,"href":"https:\/\/activespirits.net\/de\/wp-json\/wp\/v2\/comments?post=10348"}],"version-history":[{"count":3,"href":"https:\/\/activespirits.net\/de\/wp-json\/wp\/v2\/pages\/10348\/revisions"}],"predecessor-version":[{"id":10352,"href":"https:\/\/activespirits.net\/de\/wp-json\/wp\/v2\/pages\/10348\/revisions\/10352"}],"up":[{"embeddable":true,"href":"https:\/\/activespirits.net\/de\/wp-json\/wp\/v2\/pages\/10063"}],"wp:attachment":[{"href":"https:\/\/activespirits.net\/de\/wp-json\/wp\/v2\/media?parent=10348"}],"curies":[{"name":"wp","href":"https:\/\/api.w.org\/{rel}","templated":true}]}}