{"id":1125,"date":"2018-10-04T19:44:41","date_gmt":"2018-10-04T17:44:41","guid":{"rendered":"https:\/\/activespirits.net\/?page_id=1125"},"modified":"2018-10-05T12:04:04","modified_gmt":"2018-10-05T10:04:04","slug":"willkommen-selbstausdruck","status":"publish","type":"page","link":"https:\/\/activespirits.net\/de\/willkommen-selbstausdruck\/","title":{"rendered":"Willkommen &#8211; Selbstausdruck"},"content":{"rendered":"<p><span class=\"tve_image_frame\" style=\"width: 100%;\"><img loading=\"lazy\" decoding=\"async\" class=\"tve_image wp-image-17\" alt=\"\" title=\"active-spirit-1\" data-id=\"17\" src=\"\/\/activespirits.net\/wp-content\/uploads\/2018\/07\/active-spirit-1-1.png\" style=\"width: 100%;\" width=\"539\" height=\"339\" srcset=\"https:\/\/activespirits.net\/wp-content\/uploads\/2018\/07\/active-spirit-1-1.png 539w, https:\/\/activespirits.net\/wp-content\/uploads\/2018\/07\/active-spirit-1-1-300x189.png 300w\" sizes=\"(max-width: 539px) 100vw, 539px\" \/><\/span>\n<div class=\"wpml-ls-statics-shortcode_actions wpml-ls wpml-ls-legacy-list-horizontal\">\n\t<ul role=\"menu\"><li class=\"wpml-ls-slot-shortcode_actions wpml-ls-item wpml-ls-item-en wpml-ls-first-item wpml-ls-last-item wpml-ls-item-legacy-list-horizontal\" role=\"none\">\n\t\t\t\t<a href=\"https:\/\/activespirits.net\/\" class=\"wpml-ls-link\" role=\"menuitem\"  aria-label=\"Zu Englisch wechseln\" title=\"Zu Englisch wechseln\" >\n                                                        <img decoding=\"async\"\n            class=\"wpml-ls-flag\"\n            src=\"https:\/\/activespirits.net\/wp-content\/plugins\/sitepress-multilingual-cms\/res\/flags\/en.png\"\n            alt=\"\"\n            width=18\n            height=12\n    \/><span class=\"wpml-ls-display\">Englisch<\/span><\/a>\n\t\t\t<\/li><\/ul>\n<\/div>\n<\/p>\n<h2 data-css=\"tve-u-1646fb6a59f\" style=\"text-align: center;\"><span data-css=\"tve-u-1646fb77621\" style=\"font-size: 41px;\">\u200bWillkommen \u200bzur <em>Schule f\u00fcr wahren Selbstausdruck<\/em> <strong><em>\u200b<\/em><\/strong><\/span><\/h2>\n<p><span class=\"tve_image_frame\" style=\"width: 100%;\"><img loading=\"lazy\" decoding=\"async\" class=\"tve_image wp-image-613\" alt=\"\" title=\"chakren-wake\" data-id=\"613\" src=\"\/\/activespirits.net\/wp-content\/uploads\/2018\/07\/chakren-wake.png\" style=\"width: 100%;\" width=\"300\" height=\"1680\" srcset=\"https:\/\/activespirits.net\/wp-content\/uploads\/2018\/07\/chakren-wake.png 300w, https:\/\/activespirits.net\/wp-content\/uploads\/2018\/07\/chakren-wake-183x1024.png 183w\" sizes=\"(max-width: 300px) 100vw, 300px\" \/><\/span><\/p>\n<p data-css=\"tve-u-1646fc00440\"><strong>\u200bGro\u00dfartig, dich hier begr\u00fc\u00dfen zu d\u00fcrfen!<\/strong><\/p>\n<p>\u200bWir freuen uns sehr dich dabei zu haben!<\/p>\n<p>Herzlichen Dank, dass du hier bist und auf eine wundervolle gemeinsame Zeit!In den n\u00e4chsten Minuten erh\u00e4ltst du eine E-Mail von uns. Darin findest du alle Informationen zu deiner Bestellung.<\/p>\n<p><em>In einer extra E-Mail bekommst du einen Link, mit deinen Zugangsdaten zu unserem neuen Mitgliederbereich.<\/em><\/p>\n<p><em>we.<strong>active<\/strong>\u200bSpirits.net.<\/em><\/p>\n<p>Hier werden nach den Live-Wochenenden alle Videos und Meditationen nach und nach hochgeladen.<\/p>\n<p>Falls du diese E-Mails nicht direkt findest, schau auch kurz in deinem Spam-Ordner nach.Hier ist dein Link in den gesch\u00fctzten Mitgliederbereich:<a href=\"https:\/\/we.activespirits.net\/\" target=\"_blank\">\u200bwe.activespirits.net<\/a><\/p>\n<p>Wir w\u00fcnschen dir viel Freude auf der gemeinsamen Reise.<\/p>\n<p>P.S.Falls du Hilfe brauchst, schreib uns gerne jederzeit an info@shaitubali.com.<\/p>\n<p>Die Abrechnung erfolgt \u00fcber unseren Zahlungsanbieter Digistore24.<\/p>\n<\/p>\n<p style=\"text-align: center;\"><a href=\"https:\/\/activespirits.net\/impressum\/\" target=\"_blank\">\u200bImpressum<\/a> | <a href=\"https:\/\/activespirits.net\/privacy-policy\/\" target=\"_blank\">Datenschutz<\/a><\/p>\n<span class=\"et_bloom_bottom_trigger\"><\/span>","protected":false},"excerpt":{"rendered":"<p>\u200bWillkommen \u200bzur Schule f\u00fcr wahren Selbstausdruck \u200b \u200bGro\u00dfartig, dich hier begr\u00fc\u00dfen zu d\u00fcrfen! \u200bWir freuen uns sehr dich dabei zu haben! Herzlichen Dank, dass du hier bist und auf eine wundervolle gemeinsame Zeit!In den n\u00e4chsten Minuten erh\u00e4ltst du eine E-Mail von uns. Darin findest du alle Informationen zu deiner Bestellung. In einer extra E-Mail bekommst [&hellip;]<\/p>\n","protected":false},"author":1,"featured_media":0,"parent":0,"menu_order":0,"comment_status":"closed","ping_status":"closed","template":"page-template-blank.php","meta":{"_et_pb_use_builder":"","_et_pb_old_content":"","_et_gb_content_width":"","footnotes":""},"class_list":["post-1125","page","type-page","status-publish","hentry"],"yoast_head":"<!-- This site is optimized with the Yoast SEO plugin v27.0 - https:\/\/yoast.com\/product\/yoast-seo-wordpress\/ -->\n<title>Willkommen &#8211; Selbstausdruck - activespirits.net<\/title>\n<meta name=\"robots\" content=\"index, follow, max-snippet:-1, max-image-preview:large, max-video-preview:-1\" \/>\n<link rel=\"canonical\" href=\"https:\/\/activespirits.net\/willkommen-selbstausdruck\/\" \/>\n<meta property=\"og:locale\" content=\"de_DE\" \/>\n<meta property=\"og:type\" content=\"article\" \/>\n<meta property=\"og:title\" content=\"Willkommen &#8211; Selbstausdruck - activespirits.net\" \/>\n<meta property=\"og:description\" content=\"\u200bWillkommen \u200bzur Schule f\u00fcr wahren Selbstausdruck \u200b \u200bGro\u00dfartig, dich hier begr\u00fc\u00dfen zu d\u00fcrfen! \u200bWir freuen uns sehr dich dabei zu haben! Herzlichen Dank, dass du hier bist und auf eine wundervolle gemeinsame Zeit!In den n\u00e4chsten Minuten erh\u00e4ltst du eine E-Mail von uns. Darin findest du alle Informationen zu deiner Bestellung. In einer extra E-Mail bekommst [&hellip;]\" \/>\n<meta property=\"og:url\" content=\"https:\/\/activespirits.net\/willkommen-selbstausdruck\/\" \/>\n<meta property=\"og:site_name\" content=\"activespirits.net\" \/>\n<meta property=\"article:modified_time\" content=\"2018-10-05T10:04:04+00:00\" \/>\n<meta property=\"og:image\" content=\"\/\/activespirits.net\/wp-content\/uploads\/2018\/07\/active-spirit-1-1.png\" \/>\n<meta name=\"twitter:card\" content=\"summary_large_image\" \/>\n<meta name=\"twitter:label1\" content=\"Gesch\u00e4tzte Lesezeit\" \/>\n\t<meta name=\"twitter:data1\" content=\"1\u00a0Minute\" \/>\n<script type=\"application\/ld+json\" class=\"yoast-schema-graph\">{\"@context\":\"https:\/\/schema.org\",\"@graph\":[{\"@type\":\"WebPage\",\"@id\":\"https:\/\/activespirits.net\/willkommen-selbstausdruck\/\",\"url\":\"https:\/\/activespirits.net\/willkommen-selbstausdruck\/\",\"name\":\"Willkommen &#8211; Selbstausdruck - activespirits.net\",\"isPartOf\":{\"@id\":\"https:\/\/activespirits.net\/#website\"},\"datePublished\":\"2018-10-04T17:44:41+00:00\",\"dateModified\":\"2018-10-05T10:04:04+00:00\",\"breadcrumb\":{\"@id\":\"https:\/\/activespirits.net\/willkommen-selbstausdruck\/#breadcrumb\"},\"inLanguage\":\"de\",\"potentialAction\":[{\"@type\":\"ReadAction\",\"target\":[\"https:\/\/activespirits.net\/willkommen-selbstausdruck\/\"]}]},{\"@type\":\"BreadcrumbList\",\"@id\":\"https:\/\/activespirits.net\/willkommen-selbstausdruck\/#breadcrumb\",\"itemListElement\":[{\"@type\":\"ListItem\",\"position\":1,\"name\":\"Startseite\",\"item\":\"https:\/\/activespirits.net\/de\/\"},{\"@type\":\"ListItem\",\"position\":2,\"name\":\"Willkommen &#8211; Selbstausdruck\"}]},{\"@type\":\"WebSite\",\"@id\":\"https:\/\/activespirits.net\/#website\",\"url\":\"https:\/\/activespirits.net\/\",\"name\":\"activespirits.net\",\"description\":\"ActiveSpirits - Shai Tubali&#039;s Online Campus\",\"potentialAction\":[{\"@type\":\"SearchAction\",\"target\":{\"@type\":\"EntryPoint\",\"urlTemplate\":\"https:\/\/activespirits.net\/?s={search_term_string}\"},\"query-input\":{\"@type\":\"PropertyValueSpecification\",\"valueRequired\":true,\"valueName\":\"search_term_string\"}}],\"inLanguage\":\"de\"}]}<\/script>\n<!-- \/ Yoast SEO plugin. -->","yoast_head_json":{"title":"Willkommen &#8211; Selbstausdruck - activespirits.net","robots":{"index":"index","follow":"follow","max-snippet":"max-snippet:-1","max-image-preview":"max-image-preview:large","max-video-preview":"max-video-preview:-1"},"canonical":"https:\/\/activespirits.net\/willkommen-selbstausdruck\/","og_locale":"de_DE","og_type":"article","og_title":"Willkommen &#8211; Selbstausdruck - activespirits.net","og_description":"\u200bWillkommen \u200bzur Schule f\u00fcr wahren Selbstausdruck \u200b \u200bGro\u00dfartig, dich hier begr\u00fc\u00dfen zu d\u00fcrfen! \u200bWir freuen uns sehr dich dabei zu haben! Herzlichen Dank, dass du hier bist und auf eine wundervolle gemeinsame Zeit!In den n\u00e4chsten Minuten erh\u00e4ltst du eine E-Mail von uns. Darin findest du alle Informationen zu deiner Bestellung. In einer extra E-Mail bekommst [&hellip;]","og_url":"https:\/\/activespirits.net\/willkommen-selbstausdruck\/","og_site_name":"activespirits.net","article_modified_time":"2018-10-05T10:04:04+00:00","og_image":[{"url":"\/\/activespirits.net\/wp-content\/uploads\/2018\/07\/active-spirit-1-1.png","type":"","width":"","height":""}],"twitter_card":"summary_large_image","twitter_misc":{"Gesch\u00e4tzte Lesezeit":"1\u00a0Minute"},"schema":{"@context":"https:\/\/schema.org","@graph":[{"@type":"WebPage","@id":"https:\/\/activespirits.net\/willkommen-selbstausdruck\/","url":"https:\/\/activespirits.net\/willkommen-selbstausdruck\/","name":"Willkommen &#8211; Selbstausdruck - activespirits.net","isPartOf":{"@id":"https:\/\/activespirits.net\/#website"},"datePublished":"2018-10-04T17:44:41+00:00","dateModified":"2018-10-05T10:04:04+00:00","breadcrumb":{"@id":"https:\/\/activespirits.net\/willkommen-selbstausdruck\/#breadcrumb"},"inLanguage":"de","potentialAction":[{"@type":"ReadAction","target":["https:\/\/activespirits.net\/willkommen-selbstausdruck\/"]}]},{"@type":"BreadcrumbList","@id":"https:\/\/activespirits.net\/willkommen-selbstausdruck\/#breadcrumb","itemListElement":[{"@type":"ListItem","position":1,"name":"Startseite","item":"https:\/\/activespirits.net\/de\/"},{"@type":"ListItem","position":2,"name":"Willkommen &#8211; Selbstausdruck"}]},{"@type":"WebSite","@id":"https:\/\/activespirits.net\/#website","url":"https:\/\/activespirits.net\/","name":"activespirits.net","description":"ActiveSpirits - Shai Tubali&#039;s Online Campus","potentialAction":[{"@type":"SearchAction","target":{"@type":"EntryPoint","urlTemplate":"https:\/\/activespirits.net\/?s={search_term_string}"},"query-input":{"@type":"PropertyValueSpecification","valueRequired":true,"valueName":"search_term_string"}}],"inLanguage":"de"}]}},"_links":{"self":[{"href":"https:\/\/activespirits.net\/de\/wp-json\/wp\/v2\/pages\/1125","targetHints":{"allow":["GET"]}}],"collection":[{"href":"https:\/\/activespirits.net\/de\/wp-json\/wp\/v2\/pages"}],"about":[{"href":"https:\/\/activespirits.net\/de\/wp-json\/wp\/v2\/types\/page"}],"author":[{"embeddable":true,"href":"https:\/\/activespirits.net\/de\/wp-json\/wp\/v2\/users\/1"}],"replies":[{"embeddable":true,"href":"https:\/\/activespirits.net\/de\/wp-json\/wp\/v2\/comments?post=1125"}],"version-history":[{"count":5,"href":"https:\/\/activespirits.net\/de\/wp-json\/wp\/v2\/pages\/1125\/revisions"}],"predecessor-version":[{"id":1131,"href":"https:\/\/activespirits.net\/de\/wp-json\/wp\/v2\/pages\/1125\/revisions\/1131"}],"wp:attachment":[{"href":"https:\/\/activespirits.net\/de\/wp-json\/wp\/v2\/media?parent=1125"}],"curies":[{"name":"wp","href":"https:\/\/api.w.org\/{rel}","templated":true}]}}