{"id":18224,"date":"2025-12-01T19:24:30","date_gmt":"2025-12-01T18:24:30","guid":{"rendered":"https:\/\/activespirits.net\/last-winter-sale\/joined\/"},"modified":"2025-12-02T14:46:24","modified_gmt":"2025-12-02T13:46:24","slug":"joined","status":"publish","type":"page","link":"https:\/\/activespirits.net\/de\/last-winter-sale\/joined\/","title":{"rendered":"Letzter Winter Sale &#8211; Dabei"},"content":{"rendered":"<p>[et_pb_section fb_built=&#8220;1&#8243; _builder_version=&#8220;4.27.4&#8243; _module_preset=&#8220;default&#8220; use_background_color_gradient=&#8220;on&#8220; background_color_gradient_direction=&#8220;109deg&#8220; background_color_gradient_stops=&#8220;rgba(220,204,179,0.09) 16%|rgba(139,100,66,0.66) 58%&#8220; background_color_gradient_overlays_image=&#8220;on&#8220; background_enable_image=&#8220;off&#8220; background_video_mp4=&#8220;https:\/\/activespirits.net\/wp-content\/uploads\/2025\/11\/winter-snow-video.mp4&#8243; custom_padding=&#8220;46px||8px||false|false&#8220; locked=&#8220;off&#8220; global_colors_info=&#8220;{}&#8220;][et_pb_row _builder_version=&#8220;4.19.5&#8243; _module_preset=&#8220;default&#8220; custom_margin=&#8220;32px|auto|19px|auto||&#8220; global_colors_info=&#8220;{}&#8220;][et_pb_column type=&#8220;4_4&#8243; _builder_version=&#8220;4.19.5&#8243; _module_preset=&#8220;default&#8220; global_colors_info=&#8220;{}&#8220;][et_pb_text _builder_version=&#8220;4.20.0&#8243; _module_preset=&#8220;default&#8220; text_font=&#8220;|||on|||||&#8220; text_text_color=&#8220;#FFFFFF&#8220; text_font_size=&#8220;18px&#8220; text_line_height=&#8220;2.3em&#8220; header_text_color=&#8220;#FFFFFF&#8220; header_font_size=&#8220;55px&#8220; header_line_height=&#8220;1.3em&#8220; custom_margin=&#8220;15px||2px|||&#8220; global_colors_info=&#8220;{}&#8220;]<\/p>\n<p style=\"text-align: center;\">Free Bonus Ressources<\/p>\n<h1 style=\"text-align: center;\"><strong data-start=\"607\" data-end=\"663\">Willkommen!<\/strong><\/h1>\n<h1 style=\"text-align: center;\"><\/h1>\n<p>[\/et_pb_text][et_pb_divider color=&#8220;#FFFFFF&#8220; divider_weight=&#8220;3px&#8220; _builder_version=&#8220;4.17.6&#8243; _module_preset=&#8220;default&#8220; max_width=&#8220;10%&#8220; module_alignment=&#8220;center&#8220; locked=&#8220;off&#8220; global_colors_info=&#8220;{}&#8220;][\/et_pb_divider][et_pb_text _builder_version=&#8220;4.27.4&#8243; _module_preset=&#8220;default&#8220; text_font=&#8220;TT Norms Medium||||||||&#8220; text_text_color=&#8220;#755633&#8243; text_font_size=&#8220;19px&#8220; text_line_height=&#8220;2.4em&#8220; header_2_font_size=&#8220;33px&#8220; header_3_font=&#8220;Recife Display Book||||||||&#8220; header_3_text_color=&#8220;#FFFFFF&#8220; header_3_font_size=&#8220;23px&#8220; header_3_line_height=&#8220;1.3em&#8220; text_orientation=&#8220;center&#8220; custom_margin=&#8220;||13px|||&#8220; inline_fonts=&#8220;Source Sans Pro&#8220; global_colors_info=&#8220;{}&#8220;]<\/p>\n<div class=\"et_pb_module et_pb_text et_pb_text_1  et_pb_text_align_center et_pb_bg_layout_light\">\n<div class=\"et_pb_text_inner\">\n<h3>Jetzt bekommst du in den n\u00e4chsten 3 Wochen kostenlose Bonusmaterialien \u2013 kostenlose E-Books, gef\u00fchrte Meditationen und Videolektionen.<\/h3>\n<\/div>\n<\/div>\n<p><b><\/b><\/p>\n<p>[\/et_pb_text][et_pb_icon font_icon=&#8220;&#x33;||divi||400&#8243; icon_color=&#8220;#FFFFFF&#8220; icon_width=&#8220;2.1vw&#8220; url=&#8220;#intro&#8220; _builder_version=&#8220;4.23.1&#8243; _module_preset=&#8220;default&#8220; custom_margin=&#8220;32px|||||&#8220; border_radii=&#8220;on|50%|50%|50%|50%&#8220; border_width_all=&#8220;1px&#8220; border_color_all=&#8220;#FFFFFF&#8220; locked=&#8220;off&#8220; global_colors_info=&#8220;{}&#8220;][\/et_pb_icon][\/et_pb_column][\/et_pb_row][\/et_pb_section][et_pb_section fb_built=&#8220;1&#8243; module_id=&#8220;intro&#8220; _builder_version=&#8220;4.27.4&#8243; _module_preset=&#8220;default&#8220; background_color=&#8220;#B69773&#8243; custom_padding=&#8220;||86px|||&#8220; locked=&#8220;off&#8220; global_colors_info=&#8220;{}&#8220;][et_pb_row _builder_version=&#8220;4.27.4&#8243; _module_preset=&#8220;default&#8220; width=&#8220;70%&#8220; width_tablet=&#8220;70%&#8220; width_phone=&#8220;70%&#8220; width_last_edited=&#8220;on|desktop&#8220; module_alignment=&#8220;center&#8220; global_colors_info=&#8220;{}&#8220;][et_pb_column type=&#8220;4_4&#8243; _builder_version=&#8220;4.27.4&#8243; _module_preset=&#8220;default&#8220; global_colors_info=&#8220;{}&#8220;][et_pb_text _builder_version=&#8220;4.27.4&#8243; _module_preset=&#8220;default&#8220; header_2_text_align=&#8220;center&#8220; header_2_font_size=&#8220;44px&#8220; header_3_text_color=&#8220;#FFFFFF&#8220; text_orientation=&#8220;center&#8220; background_layout=&#8220;dark&#8220; locked=&#8220;off&#8220; global_colors_info=&#8220;{}&#8220;]<\/p>\n<p>ZEIT F\u00dcR EINEN NEUEN ANFANG<\/p>\n<h2>Und jetzt weiter mit den Programmen dieser Woche:<\/h2>\n<p><span><\/span><\/p>\n<p>[\/et_pb_text][et_pb_divider color=&#8220;#FFFFFF&#8220; divider_weight=&#8220;3px&#8220; _builder_version=&#8220;4.19.5&#8243; _module_preset=&#8220;default&#8220; width=&#8220;10%&#8220; module_alignment=&#8220;center&#8220; min_height=&#8220;19.8px&#8220; locked=&#8220;off&#8220; global_colors_info=&#8220;{}&#8220;][\/et_pb_divider][\/et_pb_column][\/et_pb_row][et_pb_row _builder_version=&#8220;4.27.4&#8243; _module_preset=&#8220;default&#8220; width=&#8220;70%&#8220; width_tablet=&#8220;70%&#8220; width_phone=&#8220;70%&#8220; width_last_edited=&#8220;on|desktop&#8220; module_alignment=&#8220;center&#8220; global_colors_info=&#8220;{}&#8220;][et_pb_column type=&#8220;4_4&#8243; _builder_version=&#8220;4.19.5&#8243; _module_preset=&#8220;default&#8220; global_colors_info=&#8220;{}&#8220;][et_pb_text _builder_version=&#8220;4.27.4&#8243; _module_preset=&#8220;default&#8220; background_layout=&#8220;dark&#8220; global_colors_info=&#8220;{}&#8220;]<\/p>\n<div><\/div>\n<p>Eine Woche, die ganz im Zeichen von Heilung, Klarheit und innerer Freiheit steht.<\/p>\n<p>Die transformative Psychologie ist einer der tiefgr\u00fcndigsten und praktischsten Zug\u00e4nge zu Shai Tubalis Arbeit.<\/p>\n<p>Wenn du dich danach sehnst, emotionale Schmerzen zu l\u00f6sen, Traumata loszulassen, alte Muster zu durchbrechen und zu einer reiferen, selbstbestimmteren Version deiner selbst zu wachsen \u2013 hier beginnt deine Reise.<\/p>\n<p>Nur in dieser Woche gibt&#8217;s auf alle Kurse zur transformativen Psychologie <b>40 % Rabatt<\/b> mit dem Code:<\/p>\n<p><strong>PSYCHOLOGY40<\/strong><\/p>\n<p><em>(G\u00fcltig vom 1. bis 6. Dezember)<\/em><\/p>\n<p>[\/et_pb_text][\/et_pb_column][\/et_pb_row][et_pb_row _builder_version=&#8220;4.27.4&#8243; _module_preset=&#8220;default&#8220; width=&#8220;70%&#8220; width_tablet=&#8220;70%&#8220; width_phone=&#8220;70%&#8220; width_last_edited=&#8220;on|desktop&#8220; module_alignment=&#8220;center&#8220; global_colors_info=&#8220;{}&#8220;][et_pb_column type=&#8220;4_4&#8243; _builder_version=&#8220;4.19.5&#8243; _module_preset=&#8220;default&#8220; global_colors_info=&#8220;{}&#8220;][et_pb_button button_url=&#8220;https:\/\/activespirits.net\/de\/last-winter-sale\/transformative-psychology\/&#8220; button_text=&#8220;Jetzt zu den Programmen dieser Woche und 40% Rabatt sichern!&#8220; button_alignment=&#8220;center&#8220; _builder_version=&#8220;4.27.4&#8243; _module_preset=&#8220;default&#8220; custom_button=&#8220;on&#8220; button_text_size=&#8220;18px&#8220; button_text_color=&#8220;#8b6442&#8243; button_bg_color=&#8220;#FFFFFF&#8220; button_border_width=&#8220;0px&#8220; button_border_radius=&#8220;21px&#8220; button_font=&#8220;|||on|||||&#8220; button_icon=&#8220;&#x3d;||divi||400&#8243; custom_margin=&#8220;17px||||false|false&#8220; hover_enabled=&#8220;0&#8243; box_shadow_style=&#8220;preset3&#8243; locked=&#8220;off&#8220; global_colors_info=&#8220;{}&#8220; sticky_enabled=&#8220;0&#8243;][\/et_pb_button][et_pb_divider color=&#8220;#FFFFFF&#8220; divider_weight=&#8220;3px&#8220; _builder_version=&#8220;4.19.5&#8243; _module_preset=&#8220;default&#8220; width=&#8220;10%&#8220; module_alignment=&#8220;center&#8220; min_height=&#8220;19.8px&#8220; locked=&#8220;off&#8220; global_colors_info=&#8220;{}&#8220;][\/et_pb_divider][\/et_pb_column][\/et_pb_row][\/et_pb_section][et_pb_section fb_built=&#8220;1&#8243; _builder_version=&#8220;4.17.6&#8243; background_color=&#8220;#dcccb3&#8243; background_enable_image=&#8220;off&#8220; background_position=&#8220;bottom_center&#8220; custom_padding=&#8220;0px||31px|||&#8220; locked=&#8220;off&#8220; global_colors_info=&#8220;{}&#8220;][et_pb_row column_structure=&#8220;1_3,1_3,1_3&#8243; _builder_version=&#8220;4.17.6&#8243; _module_preset=&#8220;default&#8220; global_colors_info=&#8220;{}&#8220;][et_pb_column type=&#8220;1_3&#8243; _builder_version=&#8220;4.17.6&#8243; _module_preset=&#8220;default&#8220; global_colors_info=&#8220;{}&#8220;][\/et_pb_column][et_pb_column type=&#8220;1_3&#8243; _builder_version=&#8220;4.17.6&#8243; _module_preset=&#8220;default&#8220; global_colors_info=&#8220;{}&#8220;][et_pb_image src=&#8220;https:\/\/activespirits.net\/wp-content\/uploads\/2022\/08\/logo.png&#8220; title_text=&#8220;logo&#8220; align=&#8220;center&#8220; _builder_version=&#8220;4.17.6&#8243; _module_preset=&#8220;default&#8220; width=&#8220;30%&#8220; max_height=&#8220;80%&#8220; global_colors_info=&#8220;{}&#8220;][\/et_pb_image][\/et_pb_column][et_pb_column type=&#8220;1_3&#8243; _builder_version=&#8220;4.17.6&#8243; _module_preset=&#8220;default&#8220; global_colors_info=&#8220;{}&#8220;][\/et_pb_column][\/et_pb_row][et_pb_row column_structure=&#8220;1_3,1_3,1_3&#8243; _builder_version=&#8220;4.16&#8243; custom_padding=&#8220;3px|||||&#8220; global_colors_info=&#8220;{}&#8220;][et_pb_column type=&#8220;1_3&#8243; _builder_version=&#8220;4.16&#8243; custom_padding=&#8220;|||&#8220; global_colors_info=&#8220;{}&#8220; custom_padding__hover=&#8220;|||&#8220;][\/et_pb_column][et_pb_column type=&#8220;1_3&#8243; _builder_version=&#8220;4.16&#8243; custom_padding=&#8220;|||&#8220; global_colors_info=&#8220;{}&#8220; custom_padding__hover=&#8220;|||&#8220;][\/et_pb_column][et_pb_column type=&#8220;1_3&#8243; _builder_version=&#8220;4.16&#8243; custom_padding=&#8220;|||&#8220; global_colors_info=&#8220;{}&#8220; custom_padding__hover=&#8220;|||&#8220;][et_pb_text _builder_version=&#8220;4.27.4&#8243; text_text_color=&#8220;#FFFFFF&#8220; custom_margin=&#8220;40px||||false|false&#8220; custom_padding=&#8220;1px||||false|false&#8220; global_colors_info=&#8220;{}&#8220;]<\/p>\n<p style=\"text-align: right;\"><a href=\"https:\/\/activespirits.net\/de\"><span style=\"text-decoration: underline;\"><span style=\"color: #ffffff; text-decoration: underline;\">Alle Kurse<\/span><\/span><\/a><\/p>\n<p style=\"text-align: right;\"><span style=\"text-decoration: underline; color: #ffffff;\"><a href=\"https:\/\/shaitubali.com\/event-directory\/\" style=\"color: #ffffff; text-decoration: underline;\">Live Events<\/a><\/span><\/p>\n<p style=\"text-align: right;\"><span style=\"text-decoration: underline; color: #ffffff;\"><a href=\"https:\/\/shaitubali.com\/contact\/\" target=\"_blank\" rel=\"noopener\" style=\"color: #ffffff; text-decoration: underline;\">Contact<\/a><\/span><\/p>\n<p style=\"text-align: right;\"><span style=\"text-decoration: underline; color: #ffffff;\"><a href=\"https:\/\/activespirits.net\/last-winter-sale\/joined\/\" style=\"color: #ffffff; text-decoration: underline;\"><strong>English<\/strong><\/a><\/span><\/p>\n<p>&nbsp;<\/p>\n<p>[\/et_pb_text][\/et_pb_column][\/et_pb_row][et_pb_row column_structure=&#8220;1_3,1_3,1_3&#8243; _builder_version=&#8220;4.16&#8243; custom_padding=&#8220;3px|||||&#8220; locked=&#8220;off&#8220; global_colors_info=&#8220;{}&#8220;][et_pb_column type=&#8220;1_3&#8243; _builder_version=&#8220;4.16&#8243; custom_padding=&#8220;|||&#8220; global_colors_info=&#8220;{}&#8220; custom_padding__hover=&#8220;|||&#8220;][et_pb_text _builder_version=&#8220;4.27.4&#8243; text_text_color=&#8220;#ffffff&#8220; custom_margin=&#8220;40px||||false|false&#8220; custom_padding=&#8220;1px||||false|false&#8220; global_colors_info=&#8220;{}&#8220;]<\/p>\n<p>\u00a9 Shai Tubali 2025<\/p>\n<p>[\/et_pb_text][\/et_pb_column][et_pb_column type=&#8220;1_3&#8243; _builder_version=&#8220;4.16&#8243; custom_padding=&#8220;|||&#8220; global_colors_info=&#8220;{}&#8220; custom_padding__hover=&#8220;|||&#8220;][\/et_pb_column][et_pb_column type=&#8220;1_3&#8243; _builder_version=&#8220;4.16&#8243; custom_padding=&#8220;|||&#8220; global_colors_info=&#8220;{}&#8220; custom_padding__hover=&#8220;|||&#8220;][et_pb_text _builder_version=&#8220;4.16&#8243; custom_margin=&#8220;40px||||false|false&#8220; custom_padding=&#8220;1px||||false|false&#8220; global_colors_info=&#8220;{}&#8220;]<\/p>\n<div class=\"tve-page-section-in tve_empty_dropzone\" data-css=\"tve-u-1646723a6b9\">\n<div class=\"thrv_wrapper thrv-columns\">\n<div class=\"tcb-flex-row tcb--cols--1\">\n<div class=\"tcb-flex-col\">\n<div class=\"tcb-col\">\n<div class=\"thrv_wrapper thrv_text_element\">\n<p style=\"text-align: center;\"><span style=\"color: #ffffff;\"><strong><a href=\"https:\/\/activespirits.net\/impressum\/\" target=\"_blank\" rel=\"noopener noreferrer\" style=\"color: #ffffff;\">Imprint<\/a>\u00a0|\u00a0<a href=\"https:\/\/activespirits.net\/privacy-policy\/\" target=\"_blank\" rel=\"noopener noreferrer\" style=\"color: #ffffff;\">Privacy Policy<\/a><\/strong><\/span><\/p>\n<\/div>\n<\/div>\n<\/div>\n<\/div>\n<\/div>\n<\/div>\n<p>[\/et_pb_text][\/et_pb_column][\/et_pb_row][\/et_pb_section]<\/p>\n<span class=\"et_bloom_bottom_trigger\"><\/span>","protected":false},"excerpt":{"rendered":"<p>Free Bonus Ressources Willkommen! Jetzt bekommst du in den n\u00e4chsten 3 Wochen kostenlose Bonusmaterialien \u2013 kostenlose E-Books, gef\u00fchrte Meditationen und Videolektionen. ZEIT F\u00dcR EINEN NEUEN ANFANG Und jetzt weiter mit den Programmen dieser Woche: Eine Woche, die ganz im Zeichen von Heilung, Klarheit und innerer Freiheit steht. Die transformative Psychologie ist einer der tiefgr\u00fcndigsten und [&hellip;]<\/p>\n","protected":false},"author":1,"featured_media":0,"parent":18154,"menu_order":0,"comment_status":"closed","ping_status":"closed","template":"page-template-blank.php","meta":{"_et_pb_use_builder":"on","_et_pb_old_content":"","_et_gb_content_width":"","footnotes":""},"class_list":["post-18224","page","type-page","status-publish","hentry"],"yoast_head":"<!-- This site is optimized with the Yoast SEO plugin v27.4 - https:\/\/yoast.com\/product\/yoast-seo-wordpress\/ -->\n<title>Letzter Winter Sale - Dabei - activespirits.net<\/title>\n<meta name=\"robots\" content=\"index, follow, max-snippet:-1, max-image-preview:large, max-video-preview:-1\" \/>\n<link rel=\"canonical\" href=\"https:\/\/activespirits.net\/de\/last-winter-sale\/joined\/\" \/>\n<meta property=\"og:locale\" content=\"de_DE\" \/>\n<meta property=\"og:type\" content=\"article\" \/>\n<meta property=\"og:title\" content=\"Letzter Winter Sale - Dabei - activespirits.net\" \/>\n<meta property=\"og:description\" content=\"Es fehlt nur noch ein kleiner Schritt Du bekommst in K\u00fcrze eine Best\u00e4tigungsmail mit einem Link darin. Bitte unbedingt auf diesen Link klicken! So best\u00e4tigst du, dass deine E-Mail Adresse echt ist. Und wir gehen sicher, dass wir nur E-Mails versenden, die wirklich erw\u00fcnscht und relevant sind. Sobald deine E-Mail Adresse best\u00e4tigt ist, erh\u00e4ltst du [&hellip;]\" \/>\n<meta property=\"og:url\" content=\"https:\/\/activespirits.net\/de\/last-winter-sale\/joined\/\" \/>\n<meta property=\"og:site_name\" content=\"activespirits.net\" \/>\n<meta property=\"article:modified_time\" content=\"2025-12-02T13:46:24+00:00\" \/>\n<meta name=\"twitter:card\" content=\"summary_large_image\" \/>\n<meta name=\"twitter:label1\" content=\"Gesch\u00e4tzte Lesezeit\" \/>\n\t<meta name=\"twitter:data1\" content=\"1\u00a0Minute\" \/>\n<script type=\"application\/ld+json\" class=\"yoast-schema-graph\">{\"@context\":\"https:\\\/\\\/schema.org\",\"@graph\":[{\"@type\":\"WebPage\",\"@id\":\"https:\\\/\\\/activespirits.net\\\/de\\\/last-winter-sale\\\/joined\\\/\",\"url\":\"https:\\\/\\\/activespirits.net\\\/de\\\/last-winter-sale\\\/joined\\\/\",\"name\":\"Letzter Winter Sale - Dabei - activespirits.net\",\"isPartOf\":{\"@id\":\"https:\\\/\\\/activespirits.net\\\/#website\"},\"datePublished\":\"2025-12-01T18:24:30+00:00\",\"dateModified\":\"2025-12-02T13:46:24+00:00\",\"breadcrumb\":{\"@id\":\"https:\\\/\\\/activespirits.net\\\/de\\\/last-winter-sale\\\/joined\\\/#breadcrumb\"},\"inLanguage\":\"de\",\"potentialAction\":[{\"@type\":\"ReadAction\",\"target\":[\"https:\\\/\\\/activespirits.net\\\/de\\\/last-winter-sale\\\/joined\\\/\"]}]},{\"@type\":\"BreadcrumbList\",\"@id\":\"https:\\\/\\\/activespirits.net\\\/de\\\/last-winter-sale\\\/joined\\\/#breadcrumb\",\"itemListElement\":[{\"@type\":\"ListItem\",\"position\":1,\"name\":\"Startseite\",\"item\":\"https:\\\/\\\/activespirits.net\\\/de\\\/\"},{\"@type\":\"ListItem\",\"position\":2,\"name\":\"Der letzte ActiveSpirits Winter Sale\",\"item\":\"https:\\\/\\\/activespirits.net\\\/de\\\/last-winter-sale\\\/\"},{\"@type\":\"ListItem\",\"position\":3,\"name\":\"Letzter Winter Sale &#8211; Dabei\"}]},{\"@type\":\"WebSite\",\"@id\":\"https:\\\/\\\/activespirits.net\\\/#website\",\"url\":\"https:\\\/\\\/activespirits.net\\\/\",\"name\":\"activespirits.net\",\"description\":\"ActiveSpirits - Shai Tubali&#039;s Online Campus\",\"potentialAction\":[{\"@type\":\"SearchAction\",\"target\":{\"@type\":\"EntryPoint\",\"urlTemplate\":\"https:\\\/\\\/activespirits.net\\\/?s={search_term_string}\"},\"query-input\":{\"@type\":\"PropertyValueSpecification\",\"valueRequired\":true,\"valueName\":\"search_term_string\"}}],\"inLanguage\":\"de\"}]}<\/script>\n<!-- \/ Yoast SEO plugin. -->","yoast_head_json":{"title":"Letzter Winter Sale - Dabei - activespirits.net","robots":{"index":"index","follow":"follow","max-snippet":"max-snippet:-1","max-image-preview":"max-image-preview:large","max-video-preview":"max-video-preview:-1"},"canonical":"https:\/\/activespirits.net\/de\/last-winter-sale\/joined\/","og_locale":"de_DE","og_type":"article","og_title":"Letzter Winter Sale - Dabei - activespirits.net","og_description":"Es fehlt nur noch ein kleiner Schritt Du bekommst in K\u00fcrze eine Best\u00e4tigungsmail mit einem Link darin. Bitte unbedingt auf diesen Link klicken! So best\u00e4tigst du, dass deine E-Mail Adresse echt ist. Und wir gehen sicher, dass wir nur E-Mails versenden, die wirklich erw\u00fcnscht und relevant sind. Sobald deine E-Mail Adresse best\u00e4tigt ist, erh\u00e4ltst du [&hellip;]","og_url":"https:\/\/activespirits.net\/de\/last-winter-sale\/joined\/","og_site_name":"activespirits.net","article_modified_time":"2025-12-02T13:46:24+00:00","twitter_card":"summary_large_image","twitter_misc":{"Gesch\u00e4tzte Lesezeit":"1\u00a0Minute"},"schema":{"@context":"https:\/\/schema.org","@graph":[{"@type":"WebPage","@id":"https:\/\/activespirits.net\/de\/last-winter-sale\/joined\/","url":"https:\/\/activespirits.net\/de\/last-winter-sale\/joined\/","name":"Letzter Winter Sale - Dabei - activespirits.net","isPartOf":{"@id":"https:\/\/activespirits.net\/#website"},"datePublished":"2025-12-01T18:24:30+00:00","dateModified":"2025-12-02T13:46:24+00:00","breadcrumb":{"@id":"https:\/\/activespirits.net\/de\/last-winter-sale\/joined\/#breadcrumb"},"inLanguage":"de","potentialAction":[{"@type":"ReadAction","target":["https:\/\/activespirits.net\/de\/last-winter-sale\/joined\/"]}]},{"@type":"BreadcrumbList","@id":"https:\/\/activespirits.net\/de\/last-winter-sale\/joined\/#breadcrumb","itemListElement":[{"@type":"ListItem","position":1,"name":"Startseite","item":"https:\/\/activespirits.net\/de\/"},{"@type":"ListItem","position":2,"name":"Der letzte ActiveSpirits Winter Sale","item":"https:\/\/activespirits.net\/de\/last-winter-sale\/"},{"@type":"ListItem","position":3,"name":"Letzter Winter Sale &#8211; Dabei"}]},{"@type":"WebSite","@id":"https:\/\/activespirits.net\/#website","url":"https:\/\/activespirits.net\/","name":"activespirits.net","description":"ActiveSpirits - Shai Tubali&#039;s Online Campus","potentialAction":[{"@type":"SearchAction","target":{"@type":"EntryPoint","urlTemplate":"https:\/\/activespirits.net\/?s={search_term_string}"},"query-input":{"@type":"PropertyValueSpecification","valueRequired":true,"valueName":"search_term_string"}}],"inLanguage":"de"}]}},"_links":{"self":[{"href":"https:\/\/activespirits.net\/de\/wp-json\/wp\/v2\/pages\/18224","targetHints":{"allow":["GET"]}}],"collection":[{"href":"https:\/\/activespirits.net\/de\/wp-json\/wp\/v2\/pages"}],"about":[{"href":"https:\/\/activespirits.net\/de\/wp-json\/wp\/v2\/types\/page"}],"author":[{"embeddable":true,"href":"https:\/\/activespirits.net\/de\/wp-json\/wp\/v2\/users\/1"}],"replies":[{"embeddable":true,"href":"https:\/\/activespirits.net\/de\/wp-json\/wp\/v2\/comments?post=18224"}],"version-history":[{"count":4,"href":"https:\/\/activespirits.net\/de\/wp-json\/wp\/v2\/pages\/18224\/revisions"}],"predecessor-version":[{"id":18229,"href":"https:\/\/activespirits.net\/de\/wp-json\/wp\/v2\/pages\/18224\/revisions\/18229"}],"up":[{"embeddable":true,"href":"https:\/\/activespirits.net\/de\/wp-json\/wp\/v2\/pages\/18154"}],"wp:attachment":[{"href":"https:\/\/activespirits.net\/de\/wp-json\/wp\/v2\/media?parent=18224"}],"curies":[{"name":"wp","href":"https:\/\/api.w.org\/{rel}","templated":true}]}}