{"id":2228,"date":"2019-06-16T19:30:22","date_gmt":"2019-06-16T17:30:22","guid":{"rendered":"https:\/\/activespirits.net\/?page_id=2228"},"modified":"2021-07-28T09:09:32","modified_gmt":"2021-07-28T07:09:32","slug":"mind-master-lesson1","status":"publish","type":"page","link":"https:\/\/activespirits.net\/de\/med\/mind-master-lesson1\/","title":{"rendered":"Mind Master &#8211; 1. Lektion"},"content":{"rendered":"<p>[et_pb_section fb_built=&#8220;1&#8243; inner_shadow=&#8220;on&#8220; admin_label=&#8220;Hero Section&#8220; _builder_version=&#8220;3.24&#8243; background_color=&#8220;rgba(0,0,0,0.38)&#8220; use_background_color_gradient=&#8220;on&#8220; background_color_gradient_start=&#8220;rgba(0,0,0,0.5)&#8220; background_color_gradient_end=&#8220;rgba(0,0,0,0)&#8220; background_color_gradient_overlays_image=&#8220;on&#8220; background_image=&#8220;https:\/\/activespirits.net\/wp-content\/uploads\/2019\/06\/mindmaster-pre1-header.jpg&#8220; background_blend=&#8220;darken&#8220; custom_margin=&#8220;|||&#8220; custom_padding=&#8220;26px||12.8%||false|false&#8220; mix_blend_mode=&#8220;darken&#8220;][et_pb_row _builder_version=&#8220;3.25&#8243; background_color=&#8220;rgba(0,0,0,0.12)&#8220; module_alignment=&#8220;center&#8220; custom_padding=&#8220;0|0px|0|0px|false|false&#8220;][et_pb_column type=&#8220;4_4&#8243; _builder_version=&#8220;3.25&#8243; custom_padding=&#8220;|||&#8220; custom_padding__hover=&#8220;|||&#8220;][et_pb_text _builder_version=&#8220;3.27.4&#8243; text_font=&#8220;||||||||&#8220; text_orientation=&#8220;center&#8220;]\n<div role=\"navigation\" aria-label=\"Sprachwechsler\" class=\"wpml-ls-statics-shortcode_actions wpml-ls wpml-ls-legacy-list-horizontal\">\n\t<ul><li class=\"wpml-ls-slot-shortcode_actions wpml-ls-item wpml-ls-item-en wpml-ls-first-item wpml-ls-last-item wpml-ls-item-legacy-list-horizontal\">\n\t\t\t\t<a href=\"https:\/\/activespirits.net\/\" hreflang=\"en\" lang=\"en\" class=\"wpml-ls-link\" aria-label=\"Wechseln zu Englisch\" title=\"Wechseln zu Englisch\">\n\t\t\t\t\t                                    <img decoding=\"async\"\n            class=\"wpml-ls-flag\"\n            src=\"https:\/\/activespirits.net\/wp-content\/plugins\/sitepress-multilingual-cms\/res\/flags\/en.png\"\n            alt=\"\"\n            loading=\"lazy\"\n            width=18\n            height=12\n    \/><span class=\"wpml-ls-display\">Englisch<\/span><\/a>\n\t\t\t<\/li><\/ul>\n<\/div>\n<br \/>\n[\/et_pb_text][\/et_pb_column][\/et_pb_row][et_pb_row _builder_version=&#8220;3.25&#8243; background_size=&#8220;initial&#8220; background_position=&#8220;top_left&#8220; background_repeat=&#8220;repeat&#8220; custom_padding=&#8220;88px|0px|24px|0px|false|false&#8220;][et_pb_column type=&#8220;4_4&#8243; _builder_version=&#8220;3.25&#8243; custom_padding=&#8220;|||&#8220; custom_padding__hover=&#8220;|||&#8220;][et_pb_text admin_label=&#8220;Title&#8220; _builder_version=&#8220;3.27.4&#8243; text_font=&#8220;Quattrocento||||||||&#8220; text_font_size=&#8220;22px&#8220; text_line_height=&#8220;1.4em&#8220; header_font=&#8220;Quattrocento|||on|||||&#8220; header_text_align=&#8220;center&#8220; header_font_size=&#8220;80px&#8220; header_letter_spacing=&#8220;6px&#8220; header_line_height=&#8220;1.4em&#8220; text_orientation=&#8220;center&#8220; background_layout=&#8220;dark&#8220; max_width=&#8220;800px&#8220; module_alignment=&#8220;center&#8220; animation_style=&#8220;slide&#8220; animation_direction=&#8220;top&#8220; animation_intensity_slide=&#8220;3%&#8220; animation_starting_opacity=&#8220;100%&#8220; header_font_size_tablet=&#8220;40px&#8220; header_font_size_phone=&#8220;&#8220; header_font_size_last_edited=&#8220;on|tablet&#8220;]<\/p>\n<h2><span style=\"font-size: 50px;\"><strong>Mind Master: <br \/><\/strong><\/span><\/h2>\n<h2><span style=\"font-size: 50px;\"><strong>Kapitel 1<\/strong><\/span><\/h2>\n<p>[\/et_pb_text][\/et_pb_column][\/et_pb_row][\/et_pb_section][et_pb_section fb_built=&#8220;1&#8243; admin_label=&#8220;Featured Collections Section&#8220; _builder_version=&#8220;3.22.3&#8243; background_image=&#8220;https:\/\/activespirits.net\/wp-content\/uploads\/2018\/08\/retreat-background-contact.jpg&#8220; background_position=&#8220;center_right&#8220; max_width=&#8220;80%&#8220; module_alignment=&#8220;center&#8220; custom_margin=&#8220;-6%|||&#8220; custom_padding=&#8220;24px||65px||false|false&#8220; animation_direction=&#8220;left&#8220; box_shadow_style=&#8220;preset3&#8243; box_shadow_vertical=&#8220;80px&#8220; box_shadow_blur=&#8220;120px&#8220; box_shadow_spread=&#8220;-60px&#8220; box_shadow_color=&#8220;rgba(63,63,31,0.3)&#8220; locked=&#8220;off&#8220;][et_pb_row _builder_version=&#8220;3.25&#8243; column_structure=&#8220;1_2,1_2&#8243;][et_pb_column type=&#8220;1_2&#8243; _builder_version=&#8220;3.25&#8243; custom_padding=&#8220;|||&#8220; custom_padding__hover=&#8220;|||&#8220;][et_pb_text _builder_version=&#8220;4.9.10&#8243; _module_preset=&#8220;default&#8220; hover_enabled=&#8220;0&#8243; sticky_enabled=&#8220;0&#8243;]<\/p>\n<h3>Deutsch:<\/h3>\n<p>[\/et_pb_text][et_pb_audio audio=&#8220;https:\/\/activespirits.net\/wp-content\/uploads\/2019\/06\/silence_challenge_day1_DE.mp3&#8243; title=&#8220;Betritt den freien Geist&#8220; artist_name=&#8220;Shai Tubali&#8220; image_url=&#8220;https:\/\/activespirits.net\/wp-content\/uploads\/2019\/05\/Understanding-your-mind-h.jpg&#8220; _builder_version=&#8220;3.24&#8243;][\/et_pb_audio][\/et_pb_column][et_pb_column type=&#8220;1_2&#8243; _builder_version=&#8220;3.25&#8243; custom_padding=&#8220;|||&#8220; custom_padding__hover=&#8220;|||&#8220;][et_pb_text _builder_version=&#8220;4.9.10&#8243; _module_preset=&#8220;default&#8220; hover_enabled=&#8220;0&#8243; sticky_enabled=&#8220;0&#8243;]<\/p>\n<h3>English:<\/h3>\n<p>[\/et_pb_text][et_pb_audio audio=&#8220;https:\/\/activespirits.net\/wp-content\/uploads\/2019\/06\/silence_challenge_day1_EN.mp3&#8243; title=&#8220;Enter the free Mind&#8220; artist_name=&#8220;Shai Tubali&#8220; image_url=&#8220;https:\/\/activespirits.net\/wp-content\/uploads\/2019\/05\/Understanding-your-mind-h.jpg&#8220; _builder_version=&#8220;3.24&#8243; locked=&#8220;off&#8220;][\/et_pb_audio][\/et_pb_column][\/et_pb_row][et_pb_row _builder_version=&#8220;3.25&#8243; custom_padding=&#8220;93px|53px|93px|65px|true|false&#8220;][et_pb_column type=&#8220;4_4&#8243; _builder_version=&#8220;3.25&#8243; custom_padding=&#8220;|||&#8220; custom_padding__hover=&#8220;|||&#8220;][et_pb_comments show_count=&#8220;off&#8220; _builder_version=&#8220;3.16&#8243; body_font=&#8220;||||||||&#8220; button_text_size__hover_enabled=&#8220;off&#8220; button_one_text_size__hover_enabled=&#8220;off&#8220; button_two_text_size__hover_enabled=&#8220;off&#8220; button_text_color__hover_enabled=&#8220;off&#8220; button_one_text_color__hover_enabled=&#8220;off&#8220; button_two_text_color__hover_enabled=&#8220;off&#8220; button_border_width__hover_enabled=&#8220;off&#8220; button_one_border_width__hover_enabled=&#8220;off&#8220; button_two_border_width__hover_enabled=&#8220;off&#8220; button_border_color__hover_enabled=&#8220;off&#8220; button_one_border_color__hover_enabled=&#8220;off&#8220; button_two_border_color__hover_enabled=&#8220;off&#8220; button_border_radius__hover_enabled=&#8220;off&#8220; button_one_border_radius__hover_enabled=&#8220;off&#8220; button_two_border_radius__hover_enabled=&#8220;off&#8220; button_letter_spacing__hover_enabled=&#8220;off&#8220; button_one_letter_spacing__hover_enabled=&#8220;off&#8220; button_two_letter_spacing__hover_enabled=&#8220;off&#8220; button_bg_color__hover_enabled=&#8220;off&#8220; button_one_bg_color__hover_enabled=&#8220;off&#8220; button_two_bg_color__hover_enabled=&#8220;off&#8220;][\/et_pb_comments][et_pb_divider color=&#8220;#e09900&#8243; divider_position=&#8220;center&#8220; divider_weight=&#8220;3px&#8220; _builder_version=&#8220;3.23.4&#8243; max_width=&#8220;77%&#8220; module_alignment=&#8220;center&#8220; height=&#8220;0px&#8220;][\/et_pb_divider][et_pb_text _builder_version=&#8220;4.9.0&#8243; custom_padding=&#8220;||35px|&#8220;]<\/p>\n<h1 style=\"text-align: center;\">Mind Master &#8211; Kostenlose Schnupperlektion<\/h1>\n<p style=\"text-align: center;\"><span style=\"font-size: xx-large;\">Beende das Geplapper der Gedanken und entdecke die Geheimnisse des stillen Geistes<\/span><\/p>\n<p>&nbsp;<\/p>\n<p><em>Das <strong>Ziel dieser Challenge<\/strong> ist es mentalen L\u00e4rm und Unruhe zu beenden. Um nach 21 Tagen des Lernens und Praktizierens einen Zustand zu erreichen in welchem der nie endende Dialog in unserem Kopf ein Ende findet. <\/em><\/p>\n<p><em><\/em><\/p>\n<p><em>Es ist m\u00f6glich unseren <strong>Geist zu meistern<\/strong> und ihn nur dann zu nutzen wenn er uns dient.<\/em><\/p>\n<p>[\/et_pb_text][et_pb_button button_url=&#8220;https:\/\/activespirits.net\/sp\/end-mind-chatter\/&#8220; button_text=&#8220;Weiter zur Challenge&#8220; button_alignment=&#8220;center&#8220; _builder_version=&#8220;4.9.0&#8243; _module_preset=&#8220;default&#8220; custom_button=&#8220;on&#8220; button_bg_color=&#8220;#e47830&#8243; button_border_width=&#8220;0px&#8220; background_layout=&#8220;dark&#8220; box_shadow_style=&#8220;preset3&#8243;][\/et_pb_button][\/et_pb_column][\/et_pb_row][\/et_pb_section][et_pb_section fb_built=&#8220;1&#8243; _builder_version=&#8220;3.22.3&#8243;][et_pb_row _builder_version=&#8220;3.25&#8243;][et_pb_column type=&#8220;4_4&#8243; _builder_version=&#8220;3.25&#8243; custom_padding=&#8220;|||&#8220; custom_padding__hover=&#8220;|||&#8220;][et_pb_text _builder_version=&#8220;3.27.4&#8243;]<\/p>\n<p style=\"text-align: center;\"><a href=\"\/?page_id=7\">Impressum<\/a> | <a href=\"https:\/\/activespirits.net\/privacy-policy\/\">Privacy Policies<\/a><\/p>\n<p>[\/et_pb_text][\/et_pb_column][\/et_pb_row][\/et_pb_section]<\/p>\n<span class=\"et_bloom_bottom_trigger\"><\/span>","protected":false},"excerpt":{"rendered":"<p>\n<div role=\"navigation\" aria-label=\"Sprachwechsler\" class=\"wpml-ls-statics-shortcode_actions wpml-ls wpml-ls-legacy-list-horizontal\">\n\t<ul><li class=\"wpml-ls-slot-shortcode_actions wpml-ls-item wpml-ls-item-en wpml-ls-first-item wpml-ls-last-item wpml-ls-item-legacy-list-horizontal\">\n\t\t\t\t<a href=\"https:\/\/activespirits.net\/\" hreflang=\"en\" lang=\"en\" class=\"wpml-ls-link\" aria-label=\"Wechseln zu Englisch\" title=\"Wechseln zu Englisch\">\n\t\t\t\t\t                                    <img decoding=\"async\"\n            class=\"wpml-ls-flag\"\n            src=\"https:\/\/activespirits.net\/wp-content\/plugins\/sitepress-multilingual-cms\/res\/flags\/en.png\"\n            alt=\"\"\n            loading=\"lazy\"\n            width=18\n            height=12\n    \/><span class=\"wpml-ls-display\">Englisch<\/span><\/a>\n\t\t\t<\/li><\/ul>\n<\/div>\n Mind Master: Kapitel 1Deutsch:English:Mind Master &#8211; Kostenlose Schnupperlektion Beende das Geplapper der Gedanken und entdecke die Geheimnisse des stillen Geistes &nbsp; Das Ziel dieser Challenge ist es mentalen L\u00e4rm und Unruhe zu beenden. Um nach 21 Tagen des Lernens und Praktizierens einen Zustand zu erreichen in welchem der nie endende Dialog in unserem Kopf [&hellip;]<\/p>\n","protected":false},"author":1,"featured_media":2250,"parent":896,"menu_order":0,"comment_status":"closed","ping_status":"closed","template":"page-template-blank.php","meta":{"_et_pb_use_builder":"on","_et_pb_old_content":"","_et_gb_content_width":"","footnotes":""},"class_list":["post-2228","page","type-page","status-publish","has-post-thumbnail","hentry"],"yoast_head":"<!-- This site is optimized with the Yoast SEO plugin v27.4 - https:\/\/yoast.com\/product\/yoast-seo-wordpress\/ -->\n<title>Mind Master - 1. Lektion - Betritt den freien Geist<\/title>\n<meta name=\"robots\" content=\"index, follow, max-snippet:-1, max-image-preview:large, max-video-preview:-1\" \/>\n<link rel=\"canonical\" href=\"https:\/\/activespirits.net\/med\/mind-master-lesson1\/\" \/>\n<meta property=\"og:locale\" content=\"de_DE\" \/>\n<meta property=\"og:type\" content=\"article\" \/>\n<meta property=\"og:title\" content=\"Mind Master - 1. Lektion - Betritt den freien Geist\" \/>\n<meta property=\"og:description\" content=\"Es fehlt nur noch ein kleiner Schritt Du bekommst in K\u00fcrze eine Best\u00e4tigungsmail mit einem Link darin. Bitte unbedingt auf diesen Link klicken! So best\u00e4tigst du, dass deine E-Mail Adresse echt ist. Und wir gehen sicher, dass wir nur E-Mails versenden, die wirklich erw\u00fcnscht und relevant sind. Sobald deine E-Mail Adresse best\u00e4tigt ist, erh\u00e4ltst du [&hellip;]\" \/>\n<meta property=\"og:url\" content=\"https:\/\/activespirits.net\/med\/mind-master-lesson1\/\" \/>\n<meta property=\"og:site_name\" content=\"activespirits.net\" \/>\n<meta property=\"article:modified_time\" content=\"2021-07-28T07:09:32+00:00\" \/>\n<meta property=\"og:image\" content=\"https:\/\/activespirits.net\/wp-content\/uploads\/2019\/06\/mindmaster-prev1-de.jpg\" \/>\n\t<meta property=\"og:image:width\" content=\"1200\" \/>\n\t<meta property=\"og:image:height\" content=\"630\" \/>\n\t<meta property=\"og:image:type\" content=\"image\/jpeg\" \/>\n<meta name=\"twitter:card\" content=\"summary_large_image\" \/>\n<meta name=\"twitter:label1\" content=\"Gesch\u00e4tzte Lesezeit\" \/>\n\t<meta name=\"twitter:data1\" content=\"4\u00a0Minuten\" \/>\n<script type=\"application\/ld+json\" class=\"yoast-schema-graph\">{\"@context\":\"https:\\\/\\\/schema.org\",\"@graph\":[{\"@type\":\"WebPage\",\"@id\":\"https:\\\/\\\/activespirits.net\\\/med\\\/mind-master-lesson1\\\/\",\"url\":\"https:\\\/\\\/activespirits.net\\\/med\\\/mind-master-lesson1\\\/\",\"name\":\"Mind Master - 1. Lektion - Betritt den freien Geist\",\"isPartOf\":{\"@id\":\"https:\\\/\\\/activespirits.net\\\/#website\"},\"primaryImageOfPage\":{\"@id\":\"https:\\\/\\\/activespirits.net\\\/med\\\/mind-master-lesson1\\\/#primaryimage\"},\"image\":{\"@id\":\"https:\\\/\\\/activespirits.net\\\/med\\\/mind-master-lesson1\\\/#primaryimage\"},\"thumbnailUrl\":\"https:\\\/\\\/activespirits.net\\\/wp-content\\\/uploads\\\/2019\\\/06\\\/mindmaster-prev1-de.jpg\",\"datePublished\":\"2019-06-16T17:30:22+00:00\",\"dateModified\":\"2021-07-28T07:09:32+00:00\",\"breadcrumb\":{\"@id\":\"https:\\\/\\\/activespirits.net\\\/med\\\/mind-master-lesson1\\\/#breadcrumb\"},\"inLanguage\":\"de\",\"potentialAction\":[{\"@type\":\"ReadAction\",\"target\":[\"https:\\\/\\\/activespirits.net\\\/med\\\/mind-master-lesson1\\\/\"]}]},{\"@type\":\"ImageObject\",\"inLanguage\":\"de\",\"@id\":\"https:\\\/\\\/activespirits.net\\\/med\\\/mind-master-lesson1\\\/#primaryimage\",\"url\":\"https:\\\/\\\/activespirits.net\\\/wp-content\\\/uploads\\\/2019\\\/06\\\/mindmaster-prev1-de.jpg\",\"contentUrl\":\"https:\\\/\\\/activespirits.net\\\/wp-content\\\/uploads\\\/2019\\\/06\\\/mindmaster-prev1-de.jpg\",\"width\":1200,\"height\":630},{\"@type\":\"BreadcrumbList\",\"@id\":\"https:\\\/\\\/activespirits.net\\\/med\\\/mind-master-lesson1\\\/#breadcrumb\",\"itemListElement\":[{\"@type\":\"ListItem\",\"position\":1,\"name\":\"Startseite\",\"item\":\"https:\\\/\\\/activespirits.net\\\/de\\\/\"},{\"@type\":\"ListItem\",\"position\":2,\"name\":\"med\",\"item\":\"https:\\\/\\\/activespirits.net\\\/med\\\/\"},{\"@type\":\"ListItem\",\"position\":3,\"name\":\"Mind Master &#8211; 1. Lektion\"}]},{\"@type\":\"WebSite\",\"@id\":\"https:\\\/\\\/activespirits.net\\\/#website\",\"url\":\"https:\\\/\\\/activespirits.net\\\/\",\"name\":\"activespirits.net\",\"description\":\"ActiveSpirits - Shai Tubali&#039;s Online Campus\",\"potentialAction\":[{\"@type\":\"SearchAction\",\"target\":{\"@type\":\"EntryPoint\",\"urlTemplate\":\"https:\\\/\\\/activespirits.net\\\/?s={search_term_string}\"},\"query-input\":{\"@type\":\"PropertyValueSpecification\",\"valueRequired\":true,\"valueName\":\"search_term_string\"}}],\"inLanguage\":\"de\"}]}<\/script>\n<!-- \/ Yoast SEO plugin. -->","yoast_head_json":{"title":"Mind Master - 1. Lektion - Betritt den freien Geist","robots":{"index":"index","follow":"follow","max-snippet":"max-snippet:-1","max-image-preview":"max-image-preview:large","max-video-preview":"max-video-preview:-1"},"canonical":"https:\/\/activespirits.net\/med\/mind-master-lesson1\/","og_locale":"de_DE","og_type":"article","og_title":"Mind Master - 1. Lektion - Betritt den freien Geist","og_description":"Es fehlt nur noch ein kleiner Schritt Du bekommst in K\u00fcrze eine Best\u00e4tigungsmail mit einem Link darin. Bitte unbedingt auf diesen Link klicken! So best\u00e4tigst du, dass deine E-Mail Adresse echt ist. Und wir gehen sicher, dass wir nur E-Mails versenden, die wirklich erw\u00fcnscht und relevant sind. Sobald deine E-Mail Adresse best\u00e4tigt ist, erh\u00e4ltst du [&hellip;]","og_url":"https:\/\/activespirits.net\/med\/mind-master-lesson1\/","og_site_name":"activespirits.net","article_modified_time":"2021-07-28T07:09:32+00:00","og_image":[{"width":1200,"height":630,"url":"https:\/\/activespirits.net\/wp-content\/uploads\/2019\/06\/mindmaster-prev1-de.jpg","type":"image\/jpeg"}],"twitter_card":"summary_large_image","twitter_misc":{"Gesch\u00e4tzte Lesezeit":"4\u00a0Minuten"},"schema":{"@context":"https:\/\/schema.org","@graph":[{"@type":"WebPage","@id":"https:\/\/activespirits.net\/med\/mind-master-lesson1\/","url":"https:\/\/activespirits.net\/med\/mind-master-lesson1\/","name":"Mind Master - 1. Lektion - Betritt den freien Geist","isPartOf":{"@id":"https:\/\/activespirits.net\/#website"},"primaryImageOfPage":{"@id":"https:\/\/activespirits.net\/med\/mind-master-lesson1\/#primaryimage"},"image":{"@id":"https:\/\/activespirits.net\/med\/mind-master-lesson1\/#primaryimage"},"thumbnailUrl":"https:\/\/activespirits.net\/wp-content\/uploads\/2019\/06\/mindmaster-prev1-de.jpg","datePublished":"2019-06-16T17:30:22+00:00","dateModified":"2021-07-28T07:09:32+00:00","breadcrumb":{"@id":"https:\/\/activespirits.net\/med\/mind-master-lesson1\/#breadcrumb"},"inLanguage":"de","potentialAction":[{"@type":"ReadAction","target":["https:\/\/activespirits.net\/med\/mind-master-lesson1\/"]}]},{"@type":"ImageObject","inLanguage":"de","@id":"https:\/\/activespirits.net\/med\/mind-master-lesson1\/#primaryimage","url":"https:\/\/activespirits.net\/wp-content\/uploads\/2019\/06\/mindmaster-prev1-de.jpg","contentUrl":"https:\/\/activespirits.net\/wp-content\/uploads\/2019\/06\/mindmaster-prev1-de.jpg","width":1200,"height":630},{"@type":"BreadcrumbList","@id":"https:\/\/activespirits.net\/med\/mind-master-lesson1\/#breadcrumb","itemListElement":[{"@type":"ListItem","position":1,"name":"Startseite","item":"https:\/\/activespirits.net\/de\/"},{"@type":"ListItem","position":2,"name":"med","item":"https:\/\/activespirits.net\/med\/"},{"@type":"ListItem","position":3,"name":"Mind Master &#8211; 1. Lektion"}]},{"@type":"WebSite","@id":"https:\/\/activespirits.net\/#website","url":"https:\/\/activespirits.net\/","name":"activespirits.net","description":"ActiveSpirits - Shai Tubali&#039;s Online Campus","potentialAction":[{"@type":"SearchAction","target":{"@type":"EntryPoint","urlTemplate":"https:\/\/activespirits.net\/?s={search_term_string}"},"query-input":{"@type":"PropertyValueSpecification","valueRequired":true,"valueName":"search_term_string"}}],"inLanguage":"de"}]}},"_links":{"self":[{"href":"https:\/\/activespirits.net\/de\/wp-json\/wp\/v2\/pages\/2228","targetHints":{"allow":["GET"]}}],"collection":[{"href":"https:\/\/activespirits.net\/de\/wp-json\/wp\/v2\/pages"}],"about":[{"href":"https:\/\/activespirits.net\/de\/wp-json\/wp\/v2\/types\/page"}],"author":[{"embeddable":true,"href":"https:\/\/activespirits.net\/de\/wp-json\/wp\/v2\/users\/1"}],"replies":[{"embeddable":true,"href":"https:\/\/activespirits.net\/de\/wp-json\/wp\/v2\/comments?post=2228"}],"version-history":[{"count":9,"href":"https:\/\/activespirits.net\/de\/wp-json\/wp\/v2\/pages\/2228\/revisions"}],"predecessor-version":[{"id":6130,"href":"https:\/\/activespirits.net\/de\/wp-json\/wp\/v2\/pages\/2228\/revisions\/6130"}],"up":[{"embeddable":true,"href":"https:\/\/activespirits.net\/de\/wp-json\/wp\/v2\/pages\/896"}],"wp:featuredmedia":[{"embeddable":true,"href":"https:\/\/activespirits.net\/de\/wp-json\/wp\/v2\/media\/2250"}],"wp:attachment":[{"href":"https:\/\/activespirits.net\/de\/wp-json\/wp\/v2\/media?parent=2228"}],"curies":[{"name":"wp","href":"https:\/\/api.w.org\/{rel}","templated":true}]}}