{"id":2274,"date":"2019-06-24T23:19:00","date_gmt":"2019-06-24T21:19:00","guid":{"rendered":"https:\/\/activespirits.net\/?page_id=2274"},"modified":"2019-07-02T03:58:17","modified_gmt":"2019-07-02T01:58:17","slug":"mm21-tageserinnerungen","status":"publish","type":"page","link":"https:\/\/activespirits.net\/de\/mm21-tageserinnerungen\/","title":{"rendered":"Mind Master &#8211; Tageserinnerungen"},"content":{"rendered":"<p>[et_pb_section fb_built=&#8220;1&#8243; _builder_version=&#8220;3.23.2&#8243; background_image=&#8220;https:\/\/activespirits.net\/wp-content\/uploads\/2019\/05\/mind-master-challenge-header.jpg&#8220; background_position=&#8220;bottom_center&#8220; custom_padding=&#8220;22px|0px|22px|0px|true|false&#8220;][et_pb_row column_structure=&#8220;2_5,3_5&#8243; custom_padding=&#8220;68px||40px|||&#8220; _builder_version=&#8220;3.25&#8243;][et_pb_column type=&#8220;2_5&#8243; _builder_version=&#8220;3.25&#8243; custom_padding=&#8220;|||&#8220; custom_padding__hover=&#8220;|||&#8220;][et_pb_divider show_divider=&#8220;off&#8220; _builder_version=&#8220;3.5.1&#8243; max_width=&#8220;36%&#8220; module_alignment=&#8220;center&#8220; height=&#8220;26px&#8220; saved_tabs=&#8220;all&#8220;][\/et_pb_divider][\/et_pb_column][et_pb_column type=&#8220;3_5&#8243; _builder_version=&#8220;3.25&#8243; custom_padding=&#8220;|||&#8220; custom_padding__hover=&#8220;|||&#8220;][et_pb_text _builder_version=&#8220;3.23.2&#8243; text_font=&#8220;||||||||&#8220; text_text_color=&#8220;#000000&#8243; text_font_size=&#8220;22px&#8220;]<\/p>\n<p style=\"text-align: center;\"><em>&#8211; 21 Tage Challenge &#8211;<\/em><\/p>\n<p>[\/et_pb_text][et_pb_text _builder_version=&#8220;3.23.2&#8243; header_font=&#8220;||||||||&#8220; header_2_font=&#8220;||||||||&#8220; header_2_letter_spacing=&#8220;5px&#8220; header_2_line_height=&#8220;1.8em&#8220; custom_margin=&#8220;||18px|||&#8220;]<\/p>\n<h2 style=\"text-align: center;\"><span style=\"font-size: 55px; color: #000000;\"> Mind Master &#8211;<br \/><\/span><\/h2>\n<p><span style=\"font-size: 44px; color: #fbdb95;\"><\/span><\/p>\n<p>[\/et_pb_text][et_pb_divider color=&#8220;#ffffff&#8220; _builder_version=&#8220;3.22.7&#8243; max_width=&#8220;56%&#8220; module_alignment=&#8220;center&#8220; height=&#8220;30px&#8220;][\/et_pb_divider][et_pb_text _builder_version=&#8220;3.23.2&#8243; header_font=&#8220;||||||||&#8220; header_3_font=&#8220;||||||||&#8220; header_3_text_align=&#8220;center&#8220; header_3_text_color=&#8220;#000000&#8243; header_3_font_size=&#8220;33px&#8220;]<\/p>\n<h3>Externe Erwecker &#8211; Outside Awakener<\/h3>\n<p>[\/et_pb_text][\/et_pb_column][\/et_pb_row][\/et_pb_section][et_pb_section fb_built=&#8220;1&#8243; _builder_version=&#8220;3.22.3&#8243; custom_padding=&#8220;48px|0px|12px|0px|false|false&#8220;][et_pb_row column_structure=&#8220;1_5,3_5,1_5&#8243; use_custom_gutter=&#8220;on&#8220; gutter_width=&#8220;1&#8243; custom_padding=&#8220;24px|0px|44px|0px|false|false&#8220; _builder_version=&#8220;3.25&#8243;][et_pb_column type=&#8220;1_5&#8243; _builder_version=&#8220;3.25&#8243; custom_padding=&#8220;|||&#8220; custom_padding__hover=&#8220;|||&#8220;][\/et_pb_column][et_pb_column type=&#8220;3_5&#8243; _builder_version=&#8220;3.25&#8243; custom_padding=&#8220;|||&#8220; custom_padding__hover=&#8220;|||&#8220;][et_pb_text _builder_version=&#8220;3.19.17&#8243; custom_padding=&#8220;||14px|||&#8220;]<\/p>\n<p><em><span class=\"tlid-translation translation\" lang=\"en\"><span title=\"\">[ENGLISH TEXT BELOW]<\/span><\/span><\/em><\/p>\n<p>Stimme entweder \u00fcber das pop-up oben oder die Glocke unten rechts zu, t\u00e4gliche Benachrichtigungn \u2013 bis zum Ende der Challenge \u2013\u00a0 erhalten.<\/p>\n<p>Wenn dir <em>nichts<\/em> angezeigt wird, musst du zun\u00e4chst das Erhalten von Benachrichtigungen von ActiveSpirits in deinem Browser erlauben. Wie das geht, <a href=\"https:\/\/activespirits.net\/mm21\/browserbenachrichtigungen\/\"><span style=\"text-decoration: underline;\"><em>erf\u00e4hrst du hier.<\/em><\/span><\/a><\/p>\n<p><span style=\"text-decoration: underline;\"><em><\/em><\/span><\/p>\n<p><em><strong>[ENGLISH]<\/strong><\/em><\/p>\n<p><em><span class=\"tlid-translation translation\" lang=\"en\"><span title=\"\">Just click on the pop-up above or the bell displayed on the bottom right side and<\/span><span title=\"\" class=\"\"> agree to receive our \u201cOutside Awakeners\u201d until the end of the challenge.<\/span><\/span><\/em><\/p>\n<p><em><span class=\"tlid-translation translation\" lang=\"en\"><span title=\"\">If the pop-up or bell are not displayed to you, you need give the permission first to receive notifications from ActiveSpirits in your browser.<\/span> <span title=\"\" class=\"\">How to do that, you will <strong><a href=\"https:\/\/activespirits.net\/en\/mm21\/browserbenachrichtigungen\/\">learn here<\/a>.<\/strong><\/span><\/span><\/em><\/p>\n<p>[\/et_pb_text][\/et_pb_column][et_pb_column type=&#8220;1_5&#8243; _builder_version=&#8220;3.25&#8243; custom_padding=&#8220;|||&#8220; custom_padding__hover=&#8220;|||&#8220;][\/et_pb_column][\/et_pb_row][\/et_pb_section][et_pb_section fb_built=&#8220;1&#8243; _builder_version=&#8220;3.23.2&#8243; background_color=&#8220;#2F2F2F&#8220; custom_padding=&#8220;||72px|||&#8220;][et_pb_row _builder_version=&#8220;3.25&#8243;][et_pb_column type=&#8220;4_4&#8243; _builder_version=&#8220;3.25&#8243; custom_padding=&#8220;|||&#8220; custom_padding__hover=&#8220;|||&#8220;][et_pb_text _builder_version=&#8220;3.23.2&#8243;]<\/p>\n<div class=\"tve-page-section-in tve_empty_dropzone\" data-css=\"tve-u-1646723a6b9\">\n<div class=\"thrv_wrapper thrv-columns\">\n<div class=\"tcb-flex-row tcb--cols--1\">\n<div class=\"tcb-flex-col\">\n<div class=\"tcb-col\">\n<div class=\"thrv_wrapper thrv_text_element\">\n<p style=\"text-align: center;\"><a href=\"https:\/\/activespirits.net\/impressum\/\" target=\"_blank\" rel=\"noopener noreferrer\">Impressum<\/a> | <a href=\"https:\/\/activespirits.net\/privacy-policy\/\" target=\"_blank\" rel=\"noopener noreferrer\">Datenschutz<\/a><\/p>\n<\/div>\n<\/div>\n<\/div>\n<\/div>\n<\/div>\n<\/div>\n<p>[\/et_pb_text][\/et_pb_column][\/et_pb_row][\/et_pb_section]<\/p>\n<span class=\"et_bloom_bottom_trigger\"><\/span>","protected":false},"excerpt":{"rendered":"<p>&#8211; 21 Tage Challenge &#8211; Mind Master &#8211; Externe Erwecker &#8211; Outside Awakener[ENGLISH TEXT BELOW] Stimme entweder \u00fcber das pop-up oben oder die Glocke unten rechts zu, t\u00e4gliche Benachrichtigungn \u2013 bis zum Ende der Challenge \u2013\u00a0 erhalten. Wenn dir nichts angezeigt wird, musst du zun\u00e4chst das Erhalten von Benachrichtigungen von ActiveSpirits in deinem Browser erlauben. [&hellip;]<\/p>\n","protected":false},"author":1,"featured_media":0,"parent":0,"menu_order":0,"comment_status":"closed","ping_status":"closed","template":"page-template-blank.php","meta":{"_et_pb_use_builder":"on","_et_pb_old_content":"","_et_gb_content_width":"","footnotes":""},"class_list":["post-2274","page","type-page","status-publish","hentry"],"yoast_head":"<!-- This site is optimized with the Yoast SEO plugin v27.4 - https:\/\/yoast.com\/product\/yoast-seo-wordpress\/ -->\n<title>Mind Master - Tageserinnerungen - activespirits.net<\/title>\n<meta name=\"robots\" content=\"index, follow, max-snippet:-1, max-image-preview:large, max-video-preview:-1\" \/>\n<link rel=\"canonical\" href=\"https:\/\/activespirits.net\/mm21-tageserinnerungen\/\" \/>\n<meta property=\"og:locale\" content=\"de_DE\" \/>\n<meta property=\"og:type\" content=\"article\" \/>\n<meta property=\"og:title\" content=\"Mind Master - Tageserinnerungen - activespirits.net\" \/>\n<meta property=\"og:description\" content=\"Es fehlt nur noch ein kleiner Schritt Du bekommst in K\u00fcrze eine Best\u00e4tigungsmail mit einem Link darin. Bitte unbedingt auf diesen Link klicken! So best\u00e4tigst du, dass deine E-Mail Adresse echt ist. Und wir gehen sicher, dass wir nur E-Mails versenden, die wirklich erw\u00fcnscht und relevant sind. Sobald deine E-Mail Adresse best\u00e4tigt ist, erh\u00e4ltst du [&hellip;]\" \/>\n<meta property=\"og:url\" content=\"https:\/\/activespirits.net\/mm21-tageserinnerungen\/\" \/>\n<meta property=\"og:site_name\" content=\"activespirits.net\" \/>\n<meta property=\"article:modified_time\" content=\"2019-07-02T01:58:17+00:00\" \/>\n<meta name=\"twitter:card\" content=\"summary_large_image\" \/>\n<meta name=\"twitter:label1\" content=\"Gesch\u00e4tzte Lesezeit\" \/>\n\t<meta name=\"twitter:data1\" content=\"2\u00a0Minuten\" \/>\n<script type=\"application\/ld+json\" class=\"yoast-schema-graph\">{\"@context\":\"https:\\\/\\\/schema.org\",\"@graph\":[{\"@type\":\"WebPage\",\"@id\":\"https:\\\/\\\/activespirits.net\\\/mm21-tageserinnerungen\\\/\",\"url\":\"https:\\\/\\\/activespirits.net\\\/mm21-tageserinnerungen\\\/\",\"name\":\"Mind Master - Tageserinnerungen - activespirits.net\",\"isPartOf\":{\"@id\":\"https:\\\/\\\/activespirits.net\\\/#website\"},\"datePublished\":\"2019-06-24T21:19:00+00:00\",\"dateModified\":\"2019-07-02T01:58:17+00:00\",\"breadcrumb\":{\"@id\":\"https:\\\/\\\/activespirits.net\\\/mm21-tageserinnerungen\\\/#breadcrumb\"},\"inLanguage\":\"de\",\"potentialAction\":[{\"@type\":\"ReadAction\",\"target\":[\"https:\\\/\\\/activespirits.net\\\/mm21-tageserinnerungen\\\/\"]}]},{\"@type\":\"BreadcrumbList\",\"@id\":\"https:\\\/\\\/activespirits.net\\\/mm21-tageserinnerungen\\\/#breadcrumb\",\"itemListElement\":[{\"@type\":\"ListItem\",\"position\":1,\"name\":\"Startseite\",\"item\":\"https:\\\/\\\/activespirits.net\\\/de\\\/\"},{\"@type\":\"ListItem\",\"position\":2,\"name\":\"Mind Master &#8211; Tageserinnerungen\"}]},{\"@type\":\"WebSite\",\"@id\":\"https:\\\/\\\/activespirits.net\\\/#website\",\"url\":\"https:\\\/\\\/activespirits.net\\\/\",\"name\":\"activespirits.net\",\"description\":\"ActiveSpirits - Shai Tubali&#039;s Online Campus\",\"potentialAction\":[{\"@type\":\"SearchAction\",\"target\":{\"@type\":\"EntryPoint\",\"urlTemplate\":\"https:\\\/\\\/activespirits.net\\\/?s={search_term_string}\"},\"query-input\":{\"@type\":\"PropertyValueSpecification\",\"valueRequired\":true,\"valueName\":\"search_term_string\"}}],\"inLanguage\":\"de\"}]}<\/script>\n<!-- \/ Yoast SEO plugin. -->","yoast_head_json":{"title":"Mind Master - Tageserinnerungen - activespirits.net","robots":{"index":"index","follow":"follow","max-snippet":"max-snippet:-1","max-image-preview":"max-image-preview:large","max-video-preview":"max-video-preview:-1"},"canonical":"https:\/\/activespirits.net\/mm21-tageserinnerungen\/","og_locale":"de_DE","og_type":"article","og_title":"Mind Master - Tageserinnerungen - activespirits.net","og_description":"Es fehlt nur noch ein kleiner Schritt Du bekommst in K\u00fcrze eine Best\u00e4tigungsmail mit einem Link darin. Bitte unbedingt auf diesen Link klicken! So best\u00e4tigst du, dass deine E-Mail Adresse echt ist. Und wir gehen sicher, dass wir nur E-Mails versenden, die wirklich erw\u00fcnscht und relevant sind. Sobald deine E-Mail Adresse best\u00e4tigt ist, erh\u00e4ltst du [&hellip;]","og_url":"https:\/\/activespirits.net\/mm21-tageserinnerungen\/","og_site_name":"activespirits.net","article_modified_time":"2019-07-02T01:58:17+00:00","twitter_card":"summary_large_image","twitter_misc":{"Gesch\u00e4tzte Lesezeit":"2\u00a0Minuten"},"schema":{"@context":"https:\/\/schema.org","@graph":[{"@type":"WebPage","@id":"https:\/\/activespirits.net\/mm21-tageserinnerungen\/","url":"https:\/\/activespirits.net\/mm21-tageserinnerungen\/","name":"Mind Master - Tageserinnerungen - activespirits.net","isPartOf":{"@id":"https:\/\/activespirits.net\/#website"},"datePublished":"2019-06-24T21:19:00+00:00","dateModified":"2019-07-02T01:58:17+00:00","breadcrumb":{"@id":"https:\/\/activespirits.net\/mm21-tageserinnerungen\/#breadcrumb"},"inLanguage":"de","potentialAction":[{"@type":"ReadAction","target":["https:\/\/activespirits.net\/mm21-tageserinnerungen\/"]}]},{"@type":"BreadcrumbList","@id":"https:\/\/activespirits.net\/mm21-tageserinnerungen\/#breadcrumb","itemListElement":[{"@type":"ListItem","position":1,"name":"Startseite","item":"https:\/\/activespirits.net\/de\/"},{"@type":"ListItem","position":2,"name":"Mind Master &#8211; Tageserinnerungen"}]},{"@type":"WebSite","@id":"https:\/\/activespirits.net\/#website","url":"https:\/\/activespirits.net\/","name":"activespirits.net","description":"ActiveSpirits - Shai Tubali&#039;s Online Campus","potentialAction":[{"@type":"SearchAction","target":{"@type":"EntryPoint","urlTemplate":"https:\/\/activespirits.net\/?s={search_term_string}"},"query-input":{"@type":"PropertyValueSpecification","valueRequired":true,"valueName":"search_term_string"}}],"inLanguage":"de"}]}},"_links":{"self":[{"href":"https:\/\/activespirits.net\/de\/wp-json\/wp\/v2\/pages\/2274","targetHints":{"allow":["GET"]}}],"collection":[{"href":"https:\/\/activespirits.net\/de\/wp-json\/wp\/v2\/pages"}],"about":[{"href":"https:\/\/activespirits.net\/de\/wp-json\/wp\/v2\/types\/page"}],"author":[{"embeddable":true,"href":"https:\/\/activespirits.net\/de\/wp-json\/wp\/v2\/users\/1"}],"replies":[{"embeddable":true,"href":"https:\/\/activespirits.net\/de\/wp-json\/wp\/v2\/comments?post=2274"}],"version-history":[{"count":7,"href":"https:\/\/activespirits.net\/de\/wp-json\/wp\/v2\/pages\/2274\/revisions"}],"predecessor-version":[{"id":2394,"href":"https:\/\/activespirits.net\/de\/wp-json\/wp\/v2\/pages\/2274\/revisions\/2394"}],"wp:attachment":[{"href":"https:\/\/activespirits.net\/de\/wp-json\/wp\/v2\/media?parent=2274"}],"curies":[{"name":"wp","href":"https:\/\/api.w.org\/{rel}","templated":true}]}}