{"id":4719,"date":"2020-04-19T09:07:19","date_gmt":"2020-04-19T07:07:19","guid":{"rendered":"https:\/\/activespirits.net\/?page_id=4719"},"modified":"2020-04-19T10:22:26","modified_gmt":"2020-04-19T08:22:26","slug":"frage","status":"publish","type":"page","link":"https:\/\/activespirits.net\/de\/courses\/real-life-meditation\/frage\/","title":{"rendered":"RLM21 &#8211; Frage"},"content":{"rendered":"<p>[et_pb_section fb_built=&#8220;1&#8243; _builder_version=&#8220;4.4.3&#8243; background_image=&#8220;https:\/\/activespirits.net\/wp-content\/uploads\/2020\/04\/rlm-intro-change.jpg&#8220; background_position=&#8220;bottom_center&#8220; custom_padding=&#8220;88px|0px|88px|0px|true|false&#8220;][et_pb_row column_structure=&#8220;2_5,3_5&#8243; _builder_version=&#8220;3.25&#8243; custom_margin=&#8220;33px|auto|103px|auto||&#8220; custom_padding=&#8220;28px||182px|||&#8220;][et_pb_column type=&#8220;2_5&#8243; _builder_version=&#8220;3.25&#8243; custom_padding=&#8220;|||&#8220; custom_padding__hover=&#8220;|||&#8220;][et_pb_divider show_divider=&#8220;off&#8220; _builder_version=&#8220;3.5.1&#8243; max_width=&#8220;36%&#8220; module_alignment=&#8220;center&#8220; height=&#8220;26px&#8220; saved_tabs=&#8220;all&#8220;][\/et_pb_divider][\/et_pb_column][et_pb_column type=&#8220;3_5&#8243; _builder_version=&#8220;3.25&#8243; custom_padding=&#8220;|||&#8220; custom_padding__hover=&#8220;|||&#8220;][et_pb_text _builder_version=&#8220;3.27.4&#8243; text_font=&#8220;||||||||&#8220; text_text_color=&#8220;#000000&#8243; text_font_size=&#8220;22px&#8220;]<\/p>\n<p style=\"text-align: center;\"><em>&#8211; 21 Tage Challenge &#8211;<\/em><\/p>\n<p>[\/et_pb_text][et_pb_text _builder_version=&#8220;4.4.3&#8243; header_font=&#8220;||||||||&#8220; header_2_font=&#8220;||||||||&#8220; header_2_letter_spacing=&#8220;5px&#8220; header_2_line_height=&#8220;1.1em&#8220; custom_margin=&#8220;||18px|||&#8220;]<\/p>\n<h2 style=\"text-align: center;\"><span style=\"font-size: 44px; color: #000000;\"> Feedback<br \/><\/span><\/h2>\n<p><span style=\"font-size: 44px; color: #fbdb95;\"><\/span><\/p>\n<p>[\/et_pb_text][\/et_pb_column][\/et_pb_row][\/et_pb_section][et_pb_section fb_built=&#8220;1&#8243; _builder_version=&#8220;3.22.3&#8243; custom_margin=&#8220;-1px|||||&#8220; custom_padding=&#8220;48px|0px|12px|0px|false|false&#8220;][et_pb_row column_structure=&#8220;1_5,3_5,1_5&#8243; use_custom_gutter=&#8220;on&#8220; gutter_width=&#8220;1&#8243; _builder_version=&#8220;3.25&#8243; custom_padding=&#8220;24px|0px|44px|0px|false|false&#8220;][et_pb_column type=&#8220;1_5&#8243; _builder_version=&#8220;3.25&#8243; custom_padding=&#8220;|||&#8220; custom_padding__hover=&#8220;|||&#8220;][\/et_pb_column][et_pb_column type=&#8220;3_5&#8243; _builder_version=&#8220;3.25&#8243; custom_padding=&#8220;|||&#8220; custom_padding__hover=&#8220;|||&#8220;][et_pb_text _builder_version=&#8220;4.4.3&#8243; custom_padding=&#8220;||6px|||&#8220; hover_enabled=&#8220;0&#8243;]<\/p>\n<p style=\"text-align: center;\"><a href=\"https:\/\/activespirits.net\/en\/sp\/real-life-meditation\/frage\/\"><span style=\"text-decoration: underline;\"><em><strong>Click Here for the English questionnaire<\/strong><\/em><\/span><\/a><\/p>\n<div class=\"thrv_wrapper thrv-page-section\" data-css=\"tve-u-1648388a887\" id=\"below\">\n<div class=\"tve-page-section-out\"><\/div>\n<div class=\"tve-page-section-in tve_empty_dropzone\" data-css=\"tve-u-16483877874\">\n<div class=\"thrv_wrapper thrv_text_element\">\n<p>Sch\u00f6n, dass du hier bist!<\/p>\n<p>Wir w\u00fcrden gerne wissen wie die Challenge f\u00fcr dich gelaufen ist. Dadurch k\u00f6nnen wir sie f\u00fcr die Zukunft weiter verbessern. Dein Feedback w\u00e4re uns eine gro\u00dfe Hilfe! Es sind nur 3 kleine Fragen, die du dazu beantworten musst.<\/p>\n<\/div>\n<\/div>\n<\/div>\n<p>&nbsp;<\/p>\n<p>[\/et_pb_text][\/et_pb_column][et_pb_column type=&#8220;1_5&#8243; _builder_version=&#8220;3.25&#8243; custom_padding=&#8220;|||&#8220; custom_padding__hover=&#8220;|||&#8220;][\/et_pb_column][\/et_pb_row][et_pb_row column_structure=&#8220;1_5,3_5,1_5&#8243; use_custom_gutter=&#8220;on&#8220; gutter_width=&#8220;1&#8243; _builder_version=&#8220;3.26&#8243; background_color=&#8220;#FFF9E9&#8243; custom_padding=&#8220;24px|0px|44px|0px|false|false&#8220;][et_pb_column type=&#8220;1_5&#8243; _builder_version=&#8220;3.25&#8243; custom_padding=&#8220;|||&#8220; custom_padding__hover=&#8220;|||&#8220;][\/et_pb_column][et_pb_column type=&#8220;3_5&#8243; _builder_version=&#8220;3.25&#8243; custom_padding=&#8220;|||&#8220; custom_padding__hover=&#8220;|||&#8220;][et_pb_contact_form email=&#8220;carlos@activespirits.net&#8220; submit_button_text=&#8220;Mit Liebe senden&#8220; _builder_version=&#8220;4.4.3&#8243; form_field_background_color=&#8220;#ffffff&#8220;][et_pb_contact_field field_id=&#8220;What_changed&#8220; field_title=&#8220;Was hat sich f\u00fcr dich ver\u00e4ndert? Wie f\u00fchlst du, dass diese Challenge deine Beziehung zu deinem eigenen Wesen und der Welt ver\u00e4ndert hat?&#8220; field_type=&#8220;text&#8220; fullwidth_field=&#8220;on&#8220; _builder_version=&#8220;3.26&#8243; button_text_size__hover_enabled=&#8220;off&#8220; button_one_text_size__hover_enabled=&#8220;off&#8220; button_two_text_size__hover_enabled=&#8220;off&#8220; button_text_color__hover_enabled=&#8220;off&#8220; button_one_text_color__hover_enabled=&#8220;off&#8220; button_two_text_color__hover_enabled=&#8220;off&#8220; button_border_width__hover_enabled=&#8220;off&#8220; button_one_border_width__hover_enabled=&#8220;off&#8220; button_two_border_width__hover_enabled=&#8220;off&#8220; button_border_color__hover_enabled=&#8220;off&#8220; button_one_border_color__hover_enabled=&#8220;off&#8220; button_two_border_color__hover_enabled=&#8220;off&#8220; button_border_radius__hover_enabled=&#8220;off&#8220; button_one_border_radius__hover_enabled=&#8220;off&#8220; button_two_border_radius__hover_enabled=&#8220;off&#8220; button_letter_spacing__hover_enabled=&#8220;off&#8220; button_one_letter_spacing__hover_enabled=&#8220;off&#8220; button_two_letter_spacing__hover_enabled=&#8220;off&#8220; button_bg_color__hover_enabled=&#8220;off&#8220; button_one_bg_color__hover_enabled=&#8220;off&#8220; button_two_bg_color__hover_enabled=&#8220;off&#8220;][\/et_pb_contact_field][et_pb_contact_field field_id=&#8220;Insgesamt_gefallen&#8220; field_title=&#8220; Wie hat dir die Challenge insgesamt gefallen? (Was fandest du besonders gut\/inspirierend? Was k\u00f6nnen wir in Zukunft verbessern?)*&#8220; field_type=&#8220;text&#8220; fullwidth_field=&#8220;on&#8220; _builder_version=&#8220;3.26&#8243;][\/et_pb_contact_field][et_pb_contact_field field_id=&#8220;groesste_Frage&#8220; field_title=&#8220; Nachdem du die 3 Wochen Challenge abgeschlossen hast, was ist deine gr\u00f6\u00dfte Frage oder Herausforderung, wenn es um das weitere Aufbl\u00fchen deines wahren Selbst geht?*&#8220; field_type=&#8220;text&#8220; fullwidth_field=&#8220;on&#8220; _builder_version=&#8220;3.26&#8243;][\/et_pb_contact_field][et_pb_contact_field field_id=&#8220;testimonial&#8220; field_title=&#8220; Die n\u00e4chste Frage, ist optional. M\u00f6chtest du uns mit einem Testimonial\/Review aushelfen und mit uns teilen, was dich am meisten inspiriert hat? Es sollten nicht mehr als 4-5 S\u00e4tze sein. Wenn du das tust k\u00f6nnte es sein, dass wir das Testimonial mit deinem Namen auf unserer Webseite verwenden.&#8220; field_type=&#8220;text&#8220; required_mark=&#8220;off&#8220; fullwidth_field=&#8220;on&#8220; _builder_version=&#8220;3.26&#8243;][\/et_pb_contact_field][et_pb_contact_field field_id=&#8220;Name&#8220; field_title=&#8220;Name&#8220; _builder_version=&#8220;3.26&#8243; button_text_size__hover_enabled=&#8220;off&#8220; button_one_text_size__hover_enabled=&#8220;off&#8220; button_two_text_size__hover_enabled=&#8220;off&#8220; button_text_color__hover_enabled=&#8220;off&#8220; button_one_text_color__hover_enabled=&#8220;off&#8220; button_two_text_color__hover_enabled=&#8220;off&#8220; button_border_width__hover_enabled=&#8220;off&#8220; button_one_border_width__hover_enabled=&#8220;off&#8220; button_two_border_width__hover_enabled=&#8220;off&#8220; button_border_color__hover_enabled=&#8220;off&#8220; button_one_border_color__hover_enabled=&#8220;off&#8220; button_two_border_color__hover_enabled=&#8220;off&#8220; button_border_radius__hover_enabled=&#8220;off&#8220; button_one_border_radius__hover_enabled=&#8220;off&#8220; button_two_border_radius__hover_enabled=&#8220;off&#8220; button_letter_spacing__hover_enabled=&#8220;off&#8220; button_one_letter_spacing__hover_enabled=&#8220;off&#8220; button_two_letter_spacing__hover_enabled=&#8220;off&#8220; button_bg_color__hover_enabled=&#8220;off&#8220; button_one_bg_color__hover_enabled=&#8220;off&#8220; button_two_bg_color__hover_enabled=&#8220;off&#8220;][\/et_pb_contact_field][et_pb_contact_field field_id=&#8220;Email&#8220; field_title=&#8220;E-Mail-Adresse&#8220; field_type=&#8220;email&#8220; _builder_version=&#8220;3.16&#8243; button_text_size__hover_enabled=&#8220;off&#8220; button_one_text_size__hover_enabled=&#8220;off&#8220; button_two_text_size__hover_enabled=&#8220;off&#8220; button_text_color__hover_enabled=&#8220;off&#8220; button_one_text_color__hover_enabled=&#8220;off&#8220; button_two_text_color__hover_enabled=&#8220;off&#8220; button_border_width__hover_enabled=&#8220;off&#8220; button_one_border_width__hover_enabled=&#8220;off&#8220; button_two_border_width__hover_enabled=&#8220;off&#8220; button_border_color__hover_enabled=&#8220;off&#8220; button_one_border_color__hover_enabled=&#8220;off&#8220; button_two_border_color__hover_enabled=&#8220;off&#8220; button_border_radius__hover_enabled=&#8220;off&#8220; button_one_border_radius__hover_enabled=&#8220;off&#8220; button_two_border_radius__hover_enabled=&#8220;off&#8220; button_letter_spacing__hover_enabled=&#8220;off&#8220; button_one_letter_spacing__hover_enabled=&#8220;off&#8220; button_two_letter_spacing__hover_enabled=&#8220;off&#8220; button_bg_color__hover_enabled=&#8220;off&#8220; button_one_bg_color__hover_enabled=&#8220;off&#8220; button_two_bg_color__hover_enabled=&#8220;off&#8220;][\/et_pb_contact_field][\/et_pb_contact_form][\/et_pb_column][et_pb_column type=&#8220;1_5&#8243; _builder_version=&#8220;3.25&#8243; custom_padding=&#8220;|||&#8220; custom_padding__hover=&#8220;|||&#8220;][\/et_pb_column][\/et_pb_row][\/et_pb_section][et_pb_section fb_built=&#8220;1&#8243; _builder_version=&#8220;3.23.2&#8243; background_color=&#8220;#2F2F2F&#8220; custom_padding=&#8220;||72px|||&#8220;][et_pb_row _builder_version=&#8220;3.25&#8243;][et_pb_column type=&#8220;4_4&#8243; _builder_version=&#8220;3.25&#8243; custom_padding=&#8220;|||&#8220; custom_padding__hover=&#8220;|||&#8220;][et_pb_text _builder_version=&#8220;3.27.4&#8243;]<\/p>\n<div class=\"tve-page-section-in tve_empty_dropzone\" data-css=\"tve-u-1646723a6b9\">\n<div class=\"thrv_wrapper thrv-columns\">\n<div class=\"tcb-flex-row tcb--cols--1\">\n<div class=\"tcb-flex-col\">\n<div class=\"tcb-col\">\n<div class=\"thrv_wrapper thrv_text_element\">\n<p style=\"text-align: center;\"><a href=\"https:\/\/activespirits.net\/impressum\/\" target=\"_blank\" rel=\"noopener noreferrer\">Impressum<\/a> | <a href=\"https:\/\/activespirits.net\/privacy-policy\/\" target=\"_blank\" rel=\"noopener noreferrer\">Datenschutz<\/a><\/p>\n<\/div>\n<\/div>\n<\/div>\n<\/div>\n<\/div>\n<\/div>\n<p>[\/et_pb_text][\/et_pb_column][\/et_pb_row][\/et_pb_section]<\/p>\n<span class=\"et_bloom_bottom_trigger\"><\/span>","protected":false},"excerpt":{"rendered":"<p>&#8211; 21 Tage Challenge &#8211; Feedback Click Here for the English questionnaire Sch\u00f6n, dass du hier bist! Wir w\u00fcrden gerne wissen wie die Challenge f\u00fcr dich gelaufen ist. Dadurch k\u00f6nnen wir sie f\u00fcr die Zukunft weiter verbessern. Dein Feedback w\u00e4re uns eine gro\u00dfe Hilfe! Es sind nur 3 kleine Fragen, die du dazu beantworten musst. [&hellip;]<\/p>\n","protected":false},"author":1,"featured_media":0,"parent":4444,"menu_order":0,"comment_status":"closed","ping_status":"closed","template":"page-template-blank.php","meta":{"_et_pb_use_builder":"on","_et_pb_old_content":"","_et_gb_content_width":"","footnotes":""},"class_list":["post-4719","page","type-page","status-publish","hentry"],"yoast_head":"<!-- This site is optimized with the Yoast SEO plugin v27.0 - https:\/\/yoast.com\/product\/yoast-seo-wordpress\/ -->\n<title>RLM21 - Frage - activespirits.net<\/title>\n<meta name=\"robots\" content=\"index, follow, max-snippet:-1, max-image-preview:large, max-video-preview:-1\" \/>\n<link rel=\"canonical\" href=\"https:\/\/activespirits.net\/de\/courses\/real-life-meditation\/frage\/\" \/>\n<meta property=\"og:locale\" content=\"de_DE\" \/>\n<meta property=\"og:type\" content=\"article\" \/>\n<meta property=\"og:title\" content=\"RLM21 - Frage - activespirits.net\" \/>\n<meta property=\"og:description\" content=\"Es fehlt nur noch ein kleiner Schritt Du bekommst in K\u00fcrze eine Best\u00e4tigungsmail mit einem Link darin. Bitte unbedingt auf diesen Link klicken! So best\u00e4tigst du, dass deine E-Mail Adresse echt ist. Und wir gehen sicher, dass wir nur E-Mails versenden, die wirklich erw\u00fcnscht und relevant sind. Sobald deine E-Mail Adresse best\u00e4tigt ist, erh\u00e4ltst du [&hellip;]\" \/>\n<meta property=\"og:url\" content=\"https:\/\/activespirits.net\/de\/courses\/real-life-meditation\/frage\/\" \/>\n<meta property=\"og:site_name\" content=\"activespirits.net\" \/>\n<meta property=\"article:modified_time\" content=\"2020-04-19T08:22:26+00:00\" \/>\n<meta name=\"twitter:card\" content=\"summary_large_image\" \/>\n<meta name=\"twitter:label1\" content=\"Gesch\u00e4tzte Lesezeit\" \/>\n\t<meta name=\"twitter:data1\" content=\"6\u00a0Minuten\" \/>\n<script type=\"application\/ld+json\" class=\"yoast-schema-graph\">{\"@context\":\"https:\/\/schema.org\",\"@graph\":[{\"@type\":\"WebPage\",\"@id\":\"https:\/\/activespirits.net\/de\/courses\/real-life-meditation\/frage\/\",\"url\":\"https:\/\/activespirits.net\/de\/courses\/real-life-meditation\/frage\/\",\"name\":\"RLM21 - Frage - activespirits.net\",\"isPartOf\":{\"@id\":\"https:\/\/activespirits.net\/#website\"},\"datePublished\":\"2020-04-19T07:07:19+00:00\",\"dateModified\":\"2020-04-19T08:22:26+00:00\",\"breadcrumb\":{\"@id\":\"https:\/\/activespirits.net\/de\/courses\/real-life-meditation\/frage\/#breadcrumb\"},\"inLanguage\":\"de\",\"potentialAction\":[{\"@type\":\"ReadAction\",\"target\":[\"https:\/\/activespirits.net\/de\/courses\/real-life-meditation\/frage\/\"]}]},{\"@type\":\"BreadcrumbList\",\"@id\":\"https:\/\/activespirits.net\/de\/courses\/real-life-meditation\/frage\/#breadcrumb\",\"itemListElement\":[{\"@type\":\"ListItem\",\"position\":1,\"name\":\"Startseite\",\"item\":\"https:\/\/activespirits.net\/de\/\"},{\"@type\":\"ListItem\",\"position\":2,\"name\":\"Courses\",\"item\":\"https:\/\/activespirits.net\/courses\/\"},{\"@type\":\"ListItem\",\"position\":3,\"name\":\"Meditation des echten Lebens\",\"item\":\"https:\/\/activespirits.net\/de\/courses\/real-life-meditation\/\"},{\"@type\":\"ListItem\",\"position\":4,\"name\":\"RLM21 &#8211; Frage\"}]},{\"@type\":\"WebSite\",\"@id\":\"https:\/\/activespirits.net\/#website\",\"url\":\"https:\/\/activespirits.net\/\",\"name\":\"activespirits.net\",\"description\":\"ActiveSpirits - Shai Tubali&#039;s Online Campus\",\"potentialAction\":[{\"@type\":\"SearchAction\",\"target\":{\"@type\":\"EntryPoint\",\"urlTemplate\":\"https:\/\/activespirits.net\/?s={search_term_string}\"},\"query-input\":{\"@type\":\"PropertyValueSpecification\",\"valueRequired\":true,\"valueName\":\"search_term_string\"}}],\"inLanguage\":\"de\"}]}<\/script>\n<!-- \/ Yoast SEO plugin. -->","yoast_head_json":{"title":"RLM21 - Frage - activespirits.net","robots":{"index":"index","follow":"follow","max-snippet":"max-snippet:-1","max-image-preview":"max-image-preview:large","max-video-preview":"max-video-preview:-1"},"canonical":"https:\/\/activespirits.net\/de\/courses\/real-life-meditation\/frage\/","og_locale":"de_DE","og_type":"article","og_title":"RLM21 - Frage - activespirits.net","og_description":"Es fehlt nur noch ein kleiner Schritt Du bekommst in K\u00fcrze eine Best\u00e4tigungsmail mit einem Link darin. Bitte unbedingt auf diesen Link klicken! So best\u00e4tigst du, dass deine E-Mail Adresse echt ist. Und wir gehen sicher, dass wir nur E-Mails versenden, die wirklich erw\u00fcnscht und relevant sind. Sobald deine E-Mail Adresse best\u00e4tigt ist, erh\u00e4ltst du [&hellip;]","og_url":"https:\/\/activespirits.net\/de\/courses\/real-life-meditation\/frage\/","og_site_name":"activespirits.net","article_modified_time":"2020-04-19T08:22:26+00:00","twitter_card":"summary_large_image","twitter_misc":{"Gesch\u00e4tzte Lesezeit":"6\u00a0Minuten"},"schema":{"@context":"https:\/\/schema.org","@graph":[{"@type":"WebPage","@id":"https:\/\/activespirits.net\/de\/courses\/real-life-meditation\/frage\/","url":"https:\/\/activespirits.net\/de\/courses\/real-life-meditation\/frage\/","name":"RLM21 - Frage - activespirits.net","isPartOf":{"@id":"https:\/\/activespirits.net\/#website"},"datePublished":"2020-04-19T07:07:19+00:00","dateModified":"2020-04-19T08:22:26+00:00","breadcrumb":{"@id":"https:\/\/activespirits.net\/de\/courses\/real-life-meditation\/frage\/#breadcrumb"},"inLanguage":"de","potentialAction":[{"@type":"ReadAction","target":["https:\/\/activespirits.net\/de\/courses\/real-life-meditation\/frage\/"]}]},{"@type":"BreadcrumbList","@id":"https:\/\/activespirits.net\/de\/courses\/real-life-meditation\/frage\/#breadcrumb","itemListElement":[{"@type":"ListItem","position":1,"name":"Startseite","item":"https:\/\/activespirits.net\/de\/"},{"@type":"ListItem","position":2,"name":"Courses","item":"https:\/\/activespirits.net\/courses\/"},{"@type":"ListItem","position":3,"name":"Meditation des echten Lebens","item":"https:\/\/activespirits.net\/de\/courses\/real-life-meditation\/"},{"@type":"ListItem","position":4,"name":"RLM21 &#8211; Frage"}]},{"@type":"WebSite","@id":"https:\/\/activespirits.net\/#website","url":"https:\/\/activespirits.net\/","name":"activespirits.net","description":"ActiveSpirits - Shai Tubali&#039;s Online Campus","potentialAction":[{"@type":"SearchAction","target":{"@type":"EntryPoint","urlTemplate":"https:\/\/activespirits.net\/?s={search_term_string}"},"query-input":{"@type":"PropertyValueSpecification","valueRequired":true,"valueName":"search_term_string"}}],"inLanguage":"de"}]}},"_links":{"self":[{"href":"https:\/\/activespirits.net\/de\/wp-json\/wp\/v2\/pages\/4719","targetHints":{"allow":["GET"]}}],"collection":[{"href":"https:\/\/activespirits.net\/de\/wp-json\/wp\/v2\/pages"}],"about":[{"href":"https:\/\/activespirits.net\/de\/wp-json\/wp\/v2\/types\/page"}],"author":[{"embeddable":true,"href":"https:\/\/activespirits.net\/de\/wp-json\/wp\/v2\/users\/1"}],"replies":[{"embeddable":true,"href":"https:\/\/activespirits.net\/de\/wp-json\/wp\/v2\/comments?post=4719"}],"version-history":[{"count":6,"href":"https:\/\/activespirits.net\/de\/wp-json\/wp\/v2\/pages\/4719\/revisions"}],"predecessor-version":[{"id":4737,"href":"https:\/\/activespirits.net\/de\/wp-json\/wp\/v2\/pages\/4719\/revisions\/4737"}],"up":[{"embeddable":true,"href":"https:\/\/activespirits.net\/de\/wp-json\/wp\/v2\/pages\/4444"}],"wp:attachment":[{"href":"https:\/\/activespirits.net\/de\/wp-json\/wp\/v2\/media?parent=4719"}],"curies":[{"name":"wp","href":"https:\/\/api.w.org\/{rel}","templated":true}]}}