{"id":4936,"date":"2020-12-10T22:29:49","date_gmt":"2020-12-10T21:29:49","guid":{"rendered":"https:\/\/activespirits.net\/?page_id=4936"},"modified":"2020-12-10T23:13:18","modified_gmt":"2020-12-10T22:13:18","slug":"der-atmer","status":"publish","type":"page","link":"https:\/\/activespirits.net\/de\/med\/der-atmer\/","title":{"rendered":"Der Atmer &#8211; Gef\u00fchrte Meditation"},"content":{"rendered":"<p>[et_pb_section fb_built=&#8220;1&#8243; inner_shadow=&#8220;on&#8220; admin_label=&#8220;Hero Section&#8220; _builder_version=&#8220;4.4.3&#8243; background_color=&#8220;rgba(0,0,0,0.38)&#8220; use_background_color_gradient=&#8220;on&#8220; background_color_gradient_start=&#8220;rgba(0,0,0,0.5)&#8220; background_color_gradient_end=&#8220;rgba(0,0,0,0)&#8220; background_color_gradient_overlays_image=&#8220;on&#8220; background_image=&#8220;https:\/\/activespirits.net\/wp-content\/uploads\/2020\/12\/Himalaya-Journey-Naropa.jpg&#8220; background_blend=&#8220;darken&#8220; custom_margin=&#8220;|||&#8220; custom_padding=&#8220;26px||12.8%||false|false&#8220; mix_blend_mode=&#8220;darken&#8220;][et_pb_row _builder_version=&#8220;3.25&#8243; background_color=&#8220;rgba(0,0,0,0.12)&#8220; module_alignment=&#8220;center&#8220; custom_padding=&#8220;0|0px|0|0px|false|false&#8220;][et_pb_column type=&#8220;4_4&#8243; _builder_version=&#8220;3.25&#8243; custom_padding=&#8220;|||&#8220; custom_padding__hover=&#8220;|||&#8220;][et_pb_text _builder_version=&#8220;3.27.4&#8243; text_font=&#8220;||||||||&#8220; text_orientation=&#8220;center&#8220;]\n<div role=\"navigation\" aria-label=\"Sprachwechsler\" class=\"wpml-ls-statics-shortcode_actions wpml-ls wpml-ls-legacy-list-horizontal\">\n\t<ul><li class=\"wpml-ls-slot-shortcode_actions wpml-ls-item wpml-ls-item-en wpml-ls-first-item wpml-ls-last-item wpml-ls-item-legacy-list-horizontal\">\n\t\t\t\t<a href=\"https:\/\/activespirits.net\/\" hreflang=\"en\" lang=\"en\" class=\"wpml-ls-link\" aria-label=\"Wechseln zu Englisch\" title=\"Wechseln zu Englisch\">\n\t\t\t\t\t                                    <img decoding=\"async\"\n            class=\"wpml-ls-flag\"\n            src=\"https:\/\/activespirits.net\/wp-content\/plugins\/sitepress-multilingual-cms\/res\/flags\/en.png\"\n            alt=\"\"\n            loading=\"lazy\"\n            width=18\n            height=12\n    \/><span class=\"wpml-ls-display\">Englisch<\/span><\/a>\n\t\t\t<\/li><\/ul>\n<\/div>\n<br \/>\n[\/et_pb_text][\/et_pb_column][\/et_pb_row][et_pb_row column_structure=&#8220;1_2,1_2&#8243; _builder_version=&#8220;3.25&#8243; background_size=&#8220;initial&#8220; background_position=&#8220;top_left&#8220; background_repeat=&#8220;repeat&#8220; custom_padding=&#8220;88px|0px|24px|0px|false|false&#8220;][et_pb_column type=&#8220;1_2&#8243; _builder_version=&#8220;3.25&#8243; custom_padding=&#8220;|||&#8220; custom_padding__hover=&#8220;|||&#8220;][\/et_pb_column][et_pb_column type=&#8220;1_2&#8243; _builder_version=&#8220;3.25&#8243; custom_padding=&#8220;|||&#8220; custom_padding__hover=&#8220;|||&#8220;][et_pb_text admin_label=&#8220;Title&#8220; _builder_version=&#8220;4.4.2&#8243; text_font=&#8220;Josefin Sans||||||||&#8220; text_font_size=&#8220;30px&#8220; text_line_height=&#8220;1.4em&#8220; header_font=&#8220;Quattrocento|||on|||||&#8220; header_text_align=&#8220;center&#8220; header_font_size=&#8220;80px&#8220; header_letter_spacing=&#8220;6px&#8220; header_line_height=&#8220;1.4em&#8220; text_orientation=&#8220;center&#8220; background_layout=&#8220;dark&#8220; max_width=&#8220;800px&#8220; module_alignment=&#8220;center&#8220; animation_style=&#8220;slide&#8220; animation_direction=&#8220;top&#8220; animation_intensity_slide=&#8220;3%&#8220; animation_starting_opacity=&#8220;100%&#8220; header_font_size_tablet=&#8220;40px&#8220; header_font_size_phone=&#8220;&#8220; header_font_size_last_edited=&#8220;on|tablet&#8220;]<\/p>\n<h2><span style=\"font-size: 50px;\"><strong>Der Atmer &#8211; <\/strong><\/span><\/h2>\n<h2><span style=\"font-size: 50px;\"><strong>gef\u00fchrte Meditation<br \/><\/strong><\/span><\/h2>\n<p>Naropas Reise geht los<\/p>\n<p>[\/et_pb_text][\/et_pb_column][\/et_pb_row][\/et_pb_section][et_pb_section fb_built=&#8220;1&#8243; admin_label=&#8220;Featured Collections Section&#8220; _builder_version=&#8220;3.22.3&#8243; background_image=&#8220;https:\/\/activespirits.net\/wp-content\/uploads\/2018\/08\/retreat-background-contact.jpg&#8220; background_position=&#8220;center_right&#8220; max_width=&#8220;80%&#8220; module_alignment=&#8220;center&#8220; custom_margin=&#8220;-6%|||&#8220; custom_padding=&#8220;24px||65px||false|false&#8220; animation_direction=&#8220;left&#8220; box_shadow_style=&#8220;preset3&#8243; box_shadow_vertical=&#8220;80px&#8220; box_shadow_blur=&#8220;120px&#8220; box_shadow_spread=&#8220;-60px&#8220; box_shadow_color=&#8220;rgba(63,63,31,0.3)&#8220; locked=&#8220;off&#8220;][et_pb_row _builder_version=&#8220;4.7.4&#8243; _module_preset=&#8220;default&#8220;][et_pb_column type=&#8220;4_4&#8243; _builder_version=&#8220;4.7.4&#8243; _module_preset=&#8220;default&#8220;][et_pb_video src=&#8220;https:\/\/vimeo.com\/432181628&#8243; _builder_version=&#8220;4.7.4&#8243; _module_preset=&#8220;default&#8220;][\/et_pb_video][\/et_pb_column][\/et_pb_row][et_pb_row column_structure=&#8220;1_2,1_2&#8243; _builder_version=&#8220;3.25&#8243;][et_pb_column type=&#8220;1_2&#8243; _builder_version=&#8220;3.25&#8243; custom_padding=&#8220;|||&#8220; custom_padding__hover=&#8220;|||&#8220;][et_pb_text _builder_version=&#8220;4.4.2&#8243;]<\/p>\n<h3>Deutsches Audio<\/h3>\n<p>[\/et_pb_text][et_pb_audio audio=&#8220;https:\/\/we.activespirits.net\/wp-content\/audio\/TheBreather-Meditation-ShaiTubali-DE.mp3&#8243; title=&#8220;Der Atmer (DE)&#8220; artist_name=&#8220;Shai Tubali&#8220; image_url=&#8220;https:\/\/we.activespirits.net\/wp-content\/uploads\/2020\/03\/rlm-breathing.jpg&#8220; _builder_version=&#8220;4.7.4&#8243;][\/et_pb_audio][\/et_pb_column][et_pb_column type=&#8220;1_2&#8243; _builder_version=&#8220;3.25&#8243; custom_padding=&#8220;|||&#8220; custom_padding__hover=&#8220;|||&#8220;][et_pb_text _builder_version=&#8220;4.4.2&#8243; custom_padding=&#8220;0px|||||&#8220;]<\/p>\n<h3>English Audios<\/h3>\n<p>[\/et_pb_text][et_pb_audio audio=&#8220;https:\/\/we.activespirits.net\/wp-content\/audio\/TheBreather-Meditation-ShaiTubali-EN.mp3&#8243; title=&#8220;The Breather (EN)&#8220; artist_name=&#8220;Shai Tubali&#8220; image_url=&#8220;https:\/\/we.activespirits.net\/wp-content\/uploads\/2020\/03\/rlm-breathing.jpg&#8220; _builder_version=&#8220;4.7.4&#8243;][\/et_pb_audio][\/et_pb_column][\/et_pb_row][et_pb_row column_structure=&#8220;1_2,1_2&#8243; _builder_version=&#8220;4.6.5&#8243; background_image=&#8220;https:\/\/shaitubali.com\/wp-content\/uploads\/2020\/09\/Winter-Retreat-Banner-background2.jpg&#8220; width=&#8220;100%&#8220; module_alignment=&#8220;center&#8220; custom_margin=&#8220;|0px||0px|false|false&#8220; custom_padding=&#8220;95px|9px|93px|9px|false|false&#8220;][et_pb_column type=&#8220;1_2&#8243; _builder_version=&#8220;3.25&#8243; custom_padding=&#8220;|||&#8220; custom_padding__hover=&#8220;|||&#8220;][\/et_pb_column][et_pb_column type=&#8220;1_2&#8243; _builder_version=&#8220;3.25&#8243; custom_padding=&#8220;|||&#8220; custom_padding__hover=&#8220;|||&#8220;][et_pb_divider color=&#8220;#e09900&#8243; divider_position=&#8220;center&#8220; divider_weight=&#8220;3px&#8220; _builder_version=&#8220;3.23.4&#8243; max_width=&#8220;77%&#8220; module_alignment=&#8220;center&#8220; height=&#8220;0px&#8220;][\/et_pb_divider][et_pb_image src=&#8220;https:\/\/activespirits.net\/wp-content\/uploads\/2020\/12\/mahamudra-online-logo-de1.png&#8220; title_text=&#8220;mahamudra-online-logo-de1&#8243; _builder_version=&#8220;4.7.4&#8243;][\/et_pb_image][et_pb_comments show_count=&#8220;off&#8220; _builder_version=&#8220;3.16&#8243; body_font=&#8220;||||||||&#8220; button_text_size__hover_enabled=&#8220;off&#8220; button_one_text_size__hover_enabled=&#8220;off&#8220; button_two_text_size__hover_enabled=&#8220;off&#8220; button_text_color__hover_enabled=&#8220;off&#8220; button_one_text_color__hover_enabled=&#8220;off&#8220; button_two_text_color__hover_enabled=&#8220;off&#8220; button_border_width__hover_enabled=&#8220;off&#8220; button_one_border_width__hover_enabled=&#8220;off&#8220; button_two_border_width__hover_enabled=&#8220;off&#8220; button_border_color__hover_enabled=&#8220;off&#8220; button_one_border_color__hover_enabled=&#8220;off&#8220; button_two_border_color__hover_enabled=&#8220;off&#8220; button_border_radius__hover_enabled=&#8220;off&#8220; button_one_border_radius__hover_enabled=&#8220;off&#8220; button_two_border_radius__hover_enabled=&#8220;off&#8220; button_letter_spacing__hover_enabled=&#8220;off&#8220; button_one_letter_spacing__hover_enabled=&#8220;off&#8220; button_two_letter_spacing__hover_enabled=&#8220;off&#8220; button_bg_color__hover_enabled=&#8220;off&#8220; button_one_bg_color__hover_enabled=&#8220;off&#8220; button_two_bg_color__hover_enabled=&#8220;off&#8220;][\/et_pb_comments][\/et_pb_column][\/et_pb_row][et_pb_row column_structure=&#8220;1_5,3_5,1_5&#8243; _builder_version=&#8220;4.4.1&#8243; width=&#8220;100%&#8220; module_alignment=&#8220;center&#8220; custom_margin=&#8220;|0px||0px|false|false&#8220; custom_padding=&#8220;95px|9px|93px|9px|false|false&#8220;][et_pb_column type=&#8220;1_5&#8243; _builder_version=&#8220;3.25&#8243; custom_padding=&#8220;|||&#8220; custom_padding__hover=&#8220;|||&#8220;][\/et_pb_column][et_pb_column type=&#8220;3_5&#8243; _builder_version=&#8220;3.25&#8243; custom_padding=&#8220;|||&#8220; custom_padding__hover=&#8220;|||&#8220;][et_pb_divider color=&#8220;#e09900&#8243; divider_position=&#8220;center&#8220; divider_weight=&#8220;3px&#8220; _builder_version=&#8220;3.23.4&#8243; max_width=&#8220;77%&#8220; module_alignment=&#8220;center&#8220; height=&#8220;0px&#8220;][\/et_pb_divider][et_pb_comments show_count=&#8220;off&#8220; _builder_version=&#8220;3.16&#8243; body_font=&#8220;||||||||&#8220; hover_enabled=&#8220;0&#8243; button_text_size__hover_enabled=&#8220;off&#8220; button_one_text_size__hover_enabled=&#8220;off&#8220; button_two_text_size__hover_enabled=&#8220;off&#8220; button_text_color__hover_enabled=&#8220;off&#8220; button_one_text_color__hover_enabled=&#8220;off&#8220; button_two_text_color__hover_enabled=&#8220;off&#8220; button_border_width__hover_enabled=&#8220;off&#8220; button_one_border_width__hover_enabled=&#8220;off&#8220; button_two_border_width__hover_enabled=&#8220;off&#8220; button_border_color__hover_enabled=&#8220;off&#8220; button_one_border_color__hover_enabled=&#8220;off&#8220; button_two_border_color__hover_enabled=&#8220;off&#8220; button_border_radius__hover_enabled=&#8220;off&#8220; button_one_border_radius__hover_enabled=&#8220;off&#8220; button_two_border_radius__hover_enabled=&#8220;off&#8220; button_letter_spacing__hover_enabled=&#8220;off&#8220; button_one_letter_spacing__hover_enabled=&#8220;off&#8220; button_two_letter_spacing__hover_enabled=&#8220;off&#8220; button_bg_color__hover_enabled=&#8220;off&#8220; button_one_bg_color__hover_enabled=&#8220;off&#8220; button_two_bg_color__hover_enabled=&#8220;off&#8220; sticky_enabled=&#8220;0&#8243;][\/et_pb_comments][et_pb_text _builder_version=&#8220;4.4.3&#8243; custom_padding=&#8220;||35px|&#8220;]<\/p>\n<p style=\"box-sizing: border-box; margin: 0px; padding: 0px 0px 27px; border: 0px none; font-style: normal; font-variant-ligatures: normal; font-variant-caps: normal; font-variant-numeric: inherit; font-variant-east-asian: inherit; font-weight: 300; font-stretch: inherit; font-size: 16px; line-height: inherit; font-family: Merriweather; vertical-align: baseline; color: #565448; letter-spacing: normal; text-indent: 0px; text-transform: none; white-space: normal; word-spacing: 0px; -webkit-text-stroke-width: 0px; background-color: #ffffff; text-decoration-style: initial; text-decoration-color: initial; text-align: center;\"><em style=\"box-sizing: border-box; margin: 0px; padding: 0px; border: 0px; font-style: italic; font-variant: inherit; font-weight: 400; font-stretch: inherit; font-size: 17px; line-height: 25px; font-family: Lato; vertical-align: baseline; color: #c3874b !important;\"><\/em><\/p>\n<p style=\"box-sizing: border-box; margin: 0px; padding: 0px 0px 27px; border: 0px none; font-style: normal; font-variant-ligatures: normal; font-variant-caps: normal; font-variant-numeric: inherit; font-variant-east-asian: inherit; font-weight: 300; font-stretch: inherit; font-size: 16px; line-height: inherit; font-family: Merriweather; vertical-align: baseline; color: #565448; letter-spacing: normal; text-indent: 0px; text-transform: none; white-space: normal; word-spacing: 0px; -webkit-text-stroke-width: 0px; background-color: #ffffff; text-decoration-style: initial; text-decoration-color: initial; text-align: center;\"><em style=\"box-sizing: border-box; margin: 0px; padding: 0px; border: 0px; font-style: italic; font-variant: inherit; font-weight: 400; font-stretch: inherit; font-size: 17px; line-height: 25px; font-family: Lato; vertical-align: baseline; color: #c3874b !important;\"><\/em><em style=\"box-sizing: border-box; margin: 0px; padding: 0px; border: 0px; font-style: italic; font-variant: inherit; font-weight: 400; font-stretch: inherit; font-size: 17px; line-height: 25px; font-family: Lato; vertical-align: baseline; color: #c3874b !important;\">\u201cWenn die wahre Natur erblickt wird, er\u00fcbrigen sich alle Fragen\u201d.<\/em><\/p>\n<p style=\"box-sizing: border-box; margin: 0px; padding: 0px 0px 27px; border: 0px none; font-style: normal; font-variant-ligatures: normal; font-variant-caps: normal; font-variant-numeric: inherit; font-variant-east-asian: inherit; font-weight: 300; font-stretch: inherit; font-size: 16px; line-height: inherit; font-family: Merriweather; vertical-align: baseline; color: #565448; letter-spacing: normal; text-indent: 0px; text-transform: none; white-space: normal; word-spacing: 0px; -webkit-text-stroke-width: 0px; background-color: #ffffff; text-decoration-style: initial; text-decoration-color: initial; text-align: center;\"><em style=\"box-sizing: border-box; margin: 0px; padding: 0px; border: 0px; font-style: italic; font-variant: inherit; font-weight: 400; font-stretch: inherit; font-size: 17px; line-height: 25px; font-family: Lato; vertical-align: baseline; color: #c3874b !important;\">&#8211; Naropa<\/em><\/p>\n<p><em><span style=\"font-family: georgia, times new roman;\" class=\"ac-designer-copy\"><span style=\"font-style: italic;\" class=\"ac-designer-copy\"><span class=\"ac-designer-copy\"><sub class=\"ac-designer-marked-selection ac-designer-copy\"><span style=\"font-weight: bold;\" class=\"ac-designer-copy\"><\/span>.<\/sub><\/span><\/span><\/span><\/em><\/p>\n<p>[\/et_pb_text][et_pb_text _builder_version=&#8220;4.7.4&#8243; custom_padding=&#8220;||35px|&#8220;]<\/p>\n<h3 style=\"text-align: center;\">Mahamudra: Entdecke die Realit\u00e4t spiritueller Erleuchtung.<\/h3>\n<p><em>Gibt es einen direkten Weg zur Erleuchtung?<\/em><\/p>\n<p>Das Winter Stille Retreat, das auch eine Einweihung in das neue Jahr und eine alternative Weihnachtsfeier sein wird, wird ganz dem vollst\u00e4ndigen Verst\u00e4ndnis und der Erfahrung des <strong><em>Mahamudra<\/em> <\/strong>gewidmet sein &#8211; der h\u00f6chsten Lehre und Praxis der buddhistischen Kagy\u00fc-Linie, die mit dem gro\u00dfen Meister <em>Tilopa<\/em> und seinem bekannten Sch\u00fcler <em>Naropa<\/em> begann.<\/p>\n<p>Das Mahamudra ist die endg\u00fcltige <em><strong>Verwirklichung<\/strong> der Natur des Geistes.<\/em><\/p>\n<p>Sie wurde in einem wundersch\u00f6nen und doch mysteri\u00f6sen Gedicht &#8211; dem Ganges-Mahamudra &#8211; \u00fcberliefert, das Tilopa an Naropa \u00fcbermittelte.<\/p>\n<p>Wir werden auch von anderen kraftvollen Techniken aus der Welt des Mahamudra unterst\u00fctzt werden: Meditation des Inneren Feuers, Gottheiten-Yoga, der Illusionsk\u00f6rper und Klares Licht.<\/p>\n<p>Das Retreat findet vom 28.12.20 &#8211; 03.01.21 statt.<\/p>\n<p>Wenn du also \u00fcber den Jahreswechsel mit Shai in die Geheimnisse der Stille und der spirituellen Erleuchtung eintauchen willst, bist du mehr als willkommen!<\/p>\n<p>Bis zum 14.12. kannst du noch zum Early-Bird-Preis dabei sein.<\/p>\n<p>[\/et_pb_text][et_pb_button button_url=&#8220;https:\/\/shaitubali.com\/de\/mahamudra-winter-stille-retreat\/&#8220; button_text=&#8220;Ich m\u00f6chte dabei sein&#8220; button_alignment=&#8220;center&#8220; _builder_version=&#8220;4.7.4&#8243; custom_button=&#8220;on&#8220; button_bg_color=&#8220;#ac9f68&#8243; button_border_width=&#8220;3px&#8220; button_border_color=&#8220;#c66b22&#8243; button_font=&#8220;|600|||||||&#8220; button_icon=&#8220;%%28%%&#8220; button_on_hover=&#8220;off&#8220; background_layout=&#8220;dark&#8220; button_text_shadow_style=&#8220;preset1&#8243;][\/et_pb_button][\/et_pb_column][et_pb_column type=&#8220;1_5&#8243; _builder_version=&#8220;3.25&#8243; custom_padding=&#8220;|||&#8220; custom_padding__hover=&#8220;|||&#8220;][\/et_pb_column][\/et_pb_row][\/et_pb_section][et_pb_section fb_built=&#8220;1&#8243; _builder_version=&#8220;3.22.3&#8243;][et_pb_row _builder_version=&#8220;3.25&#8243;][et_pb_column type=&#8220;4_4&#8243; _builder_version=&#8220;3.25&#8243; custom_padding=&#8220;|||&#8220; custom_padding__hover=&#8220;|||&#8220;][et_pb_text _builder_version=&#8220;3.27.4&#8243;]<\/p>\n<p style=\"text-align: center;\"><a href=\"\/?page_id=7\">Impressum<\/a> | <a href=\"https:\/\/activespirits.net\/privacy-policy\/\">Privacy Policies<\/a><\/p>\n<p>[\/et_pb_text][\/et_pb_column][\/et_pb_row][\/et_pb_section]<\/p>\n<span class=\"et_bloom_bottom_trigger\"><\/span>","protected":false},"excerpt":{"rendered":"<p>\n<div role=\"navigation\" aria-label=\"Sprachwechsler\" class=\"wpml-ls-statics-shortcode_actions wpml-ls wpml-ls-legacy-list-horizontal\">\n\t<ul><li class=\"wpml-ls-slot-shortcode_actions wpml-ls-item wpml-ls-item-en wpml-ls-first-item wpml-ls-last-item wpml-ls-item-legacy-list-horizontal\">\n\t\t\t\t<a href=\"https:\/\/activespirits.net\/\" hreflang=\"en\" lang=\"en\" class=\"wpml-ls-link\" aria-label=\"Wechseln zu Englisch\" title=\"Wechseln zu Englisch\">\n\t\t\t\t\t                                    <img decoding=\"async\"\n            class=\"wpml-ls-flag\"\n            src=\"https:\/\/activespirits.net\/wp-content\/plugins\/sitepress-multilingual-cms\/res\/flags\/en.png\"\n            alt=\"\"\n            loading=\"lazy\"\n            width=18\n            height=12\n    \/><span class=\"wpml-ls-display\">Englisch<\/span><\/a>\n\t\t\t<\/li><\/ul>\n<\/div>\n Der Atmer &#8211; gef\u00fchrte Meditation Naropas Reise geht losDeutsches AudioEnglish Audios \u201cWenn die wahre Natur erblickt wird, er\u00fcbrigen sich alle Fragen\u201d. &#8211; Naropa .Mahamudra: Entdecke die Realit\u00e4t spiritueller Erleuchtung. Gibt es einen direkten Weg zur Erleuchtung? Das Winter Stille Retreat, das auch eine Einweihung in das neue Jahr und eine alternative Weihnachtsfeier sein wird, [&hellip;]<\/p>\n","protected":false},"author":1,"featured_media":0,"parent":896,"menu_order":0,"comment_status":"closed","ping_status":"closed","template":"page-template-blank.php","meta":{"_et_pb_use_builder":"on","_et_pb_old_content":"","_et_gb_content_width":"","footnotes":""},"class_list":["post-4936","page","type-page","status-publish","hentry"],"yoast_head":"<!-- This site is optimized with the Yoast SEO plugin v27.4 - https:\/\/yoast.com\/product\/yoast-seo-wordpress\/ -->\n<title>Der Atmer - Gef\u00fchrte Meditation - activespirits.net<\/title>\n<meta name=\"robots\" content=\"index, follow, max-snippet:-1, max-image-preview:large, max-video-preview:-1\" \/>\n<link rel=\"canonical\" href=\"https:\/\/activespirits.net\/med\/der-atmer\/\" \/>\n<meta property=\"og:locale\" content=\"de_DE\" \/>\n<meta property=\"og:type\" content=\"article\" \/>\n<meta property=\"og:title\" content=\"Der Atmer - Gef\u00fchrte Meditation - activespirits.net\" \/>\n<meta property=\"og:description\" content=\"Es fehlt nur noch ein kleiner Schritt Du bekommst in K\u00fcrze eine Best\u00e4tigungsmail mit einem Link darin. Bitte unbedingt auf diesen Link klicken! So best\u00e4tigst du, dass deine E-Mail Adresse echt ist. Und wir gehen sicher, dass wir nur E-Mails versenden, die wirklich erw\u00fcnscht und relevant sind. Sobald deine E-Mail Adresse best\u00e4tigt ist, erh\u00e4ltst du [&hellip;]\" \/>\n<meta property=\"og:url\" content=\"https:\/\/activespirits.net\/med\/der-atmer\/\" \/>\n<meta property=\"og:site_name\" content=\"activespirits.net\" \/>\n<meta property=\"article:modified_time\" content=\"2020-12-10T22:13:18+00:00\" \/>\n<meta name=\"twitter:card\" content=\"summary_large_image\" \/>\n<meta name=\"twitter:label1\" content=\"Gesch\u00e4tzte Lesezeit\" \/>\n\t<meta name=\"twitter:data1\" content=\"7\u00a0Minuten\" \/>\n<script type=\"application\/ld+json\" class=\"yoast-schema-graph\">{\"@context\":\"https:\\\/\\\/schema.org\",\"@graph\":[{\"@type\":\"WebPage\",\"@id\":\"https:\\\/\\\/activespirits.net\\\/med\\\/der-atmer\\\/\",\"url\":\"https:\\\/\\\/activespirits.net\\\/med\\\/der-atmer\\\/\",\"name\":\"Der Atmer - Gef\u00fchrte Meditation - activespirits.net\",\"isPartOf\":{\"@id\":\"https:\\\/\\\/activespirits.net\\\/#website\"},\"datePublished\":\"2020-12-10T21:29:49+00:00\",\"dateModified\":\"2020-12-10T22:13:18+00:00\",\"breadcrumb\":{\"@id\":\"https:\\\/\\\/activespirits.net\\\/med\\\/der-atmer\\\/#breadcrumb\"},\"inLanguage\":\"de\",\"potentialAction\":[{\"@type\":\"ReadAction\",\"target\":[\"https:\\\/\\\/activespirits.net\\\/med\\\/der-atmer\\\/\"]}]},{\"@type\":\"BreadcrumbList\",\"@id\":\"https:\\\/\\\/activespirits.net\\\/med\\\/der-atmer\\\/#breadcrumb\",\"itemListElement\":[{\"@type\":\"ListItem\",\"position\":1,\"name\":\"Startseite\",\"item\":\"https:\\\/\\\/activespirits.net\\\/de\\\/\"},{\"@type\":\"ListItem\",\"position\":2,\"name\":\"med\",\"item\":\"https:\\\/\\\/activespirits.net\\\/med\\\/\"},{\"@type\":\"ListItem\",\"position\":3,\"name\":\"Der Atmer &#8211; Gef\u00fchrte Meditation\"}]},{\"@type\":\"WebSite\",\"@id\":\"https:\\\/\\\/activespirits.net\\\/#website\",\"url\":\"https:\\\/\\\/activespirits.net\\\/\",\"name\":\"activespirits.net\",\"description\":\"ActiveSpirits - Shai Tubali&#039;s Online Campus\",\"potentialAction\":[{\"@type\":\"SearchAction\",\"target\":{\"@type\":\"EntryPoint\",\"urlTemplate\":\"https:\\\/\\\/activespirits.net\\\/?s={search_term_string}\"},\"query-input\":{\"@type\":\"PropertyValueSpecification\",\"valueRequired\":true,\"valueName\":\"search_term_string\"}}],\"inLanguage\":\"de\"}]}<\/script>\n<!-- \/ Yoast SEO plugin. -->","yoast_head_json":{"title":"Der Atmer - Gef\u00fchrte Meditation - activespirits.net","robots":{"index":"index","follow":"follow","max-snippet":"max-snippet:-1","max-image-preview":"max-image-preview:large","max-video-preview":"max-video-preview:-1"},"canonical":"https:\/\/activespirits.net\/med\/der-atmer\/","og_locale":"de_DE","og_type":"article","og_title":"Der Atmer - Gef\u00fchrte Meditation - activespirits.net","og_description":"Es fehlt nur noch ein kleiner Schritt Du bekommst in K\u00fcrze eine Best\u00e4tigungsmail mit einem Link darin. Bitte unbedingt auf diesen Link klicken! So best\u00e4tigst du, dass deine E-Mail Adresse echt ist. Und wir gehen sicher, dass wir nur E-Mails versenden, die wirklich erw\u00fcnscht und relevant sind. Sobald deine E-Mail Adresse best\u00e4tigt ist, erh\u00e4ltst du [&hellip;]","og_url":"https:\/\/activespirits.net\/med\/der-atmer\/","og_site_name":"activespirits.net","article_modified_time":"2020-12-10T22:13:18+00:00","twitter_card":"summary_large_image","twitter_misc":{"Gesch\u00e4tzte Lesezeit":"7\u00a0Minuten"},"schema":{"@context":"https:\/\/schema.org","@graph":[{"@type":"WebPage","@id":"https:\/\/activespirits.net\/med\/der-atmer\/","url":"https:\/\/activespirits.net\/med\/der-atmer\/","name":"Der Atmer - Gef\u00fchrte Meditation - activespirits.net","isPartOf":{"@id":"https:\/\/activespirits.net\/#website"},"datePublished":"2020-12-10T21:29:49+00:00","dateModified":"2020-12-10T22:13:18+00:00","breadcrumb":{"@id":"https:\/\/activespirits.net\/med\/der-atmer\/#breadcrumb"},"inLanguage":"de","potentialAction":[{"@type":"ReadAction","target":["https:\/\/activespirits.net\/med\/der-atmer\/"]}]},{"@type":"BreadcrumbList","@id":"https:\/\/activespirits.net\/med\/der-atmer\/#breadcrumb","itemListElement":[{"@type":"ListItem","position":1,"name":"Startseite","item":"https:\/\/activespirits.net\/de\/"},{"@type":"ListItem","position":2,"name":"med","item":"https:\/\/activespirits.net\/med\/"},{"@type":"ListItem","position":3,"name":"Der Atmer &#8211; Gef\u00fchrte Meditation"}]},{"@type":"WebSite","@id":"https:\/\/activespirits.net\/#website","url":"https:\/\/activespirits.net\/","name":"activespirits.net","description":"ActiveSpirits - Shai Tubali&#039;s Online Campus","potentialAction":[{"@type":"SearchAction","target":{"@type":"EntryPoint","urlTemplate":"https:\/\/activespirits.net\/?s={search_term_string}"},"query-input":{"@type":"PropertyValueSpecification","valueRequired":true,"valueName":"search_term_string"}}],"inLanguage":"de"}]}},"_links":{"self":[{"href":"https:\/\/activespirits.net\/de\/wp-json\/wp\/v2\/pages\/4936","targetHints":{"allow":["GET"]}}],"collection":[{"href":"https:\/\/activespirits.net\/de\/wp-json\/wp\/v2\/pages"}],"about":[{"href":"https:\/\/activespirits.net\/de\/wp-json\/wp\/v2\/types\/page"}],"author":[{"embeddable":true,"href":"https:\/\/activespirits.net\/de\/wp-json\/wp\/v2\/users\/1"}],"replies":[{"embeddable":true,"href":"https:\/\/activespirits.net\/de\/wp-json\/wp\/v2\/comments?post=4936"}],"version-history":[{"count":3,"href":"https:\/\/activespirits.net\/de\/wp-json\/wp\/v2\/pages\/4936\/revisions"}],"predecessor-version":[{"id":4952,"href":"https:\/\/activespirits.net\/de\/wp-json\/wp\/v2\/pages\/4936\/revisions\/4952"}],"up":[{"embeddable":true,"href":"https:\/\/activespirits.net\/de\/wp-json\/wp\/v2\/pages\/896"}],"wp:attachment":[{"href":"https:\/\/activespirits.net\/de\/wp-json\/wp\/v2\/media?parent=4936"}],"curies":[{"name":"wp","href":"https:\/\/api.w.org\/{rel}","templated":true}]}}