{"id":496,"date":"2018-07-06T16:20:00","date_gmt":"2018-07-06T14:20:00","guid":{"rendered":"http:\/\/activespirits.net\/?page_id=496"},"modified":"2018-08-03T19:29:26","modified_gmt":"2018-08-03T17:29:26","slug":"email-bestaetigt-danke","status":"publish","type":"page","link":"https:\/\/activespirits.net\/de\/email-bestaetigt-danke\/","title":{"rendered":"E-Mail best\u00e4tigt \u2013 Danke!"},"content":{"rendered":"<p><span class=\"tve_image_frame\" style=\"width: 100%;\"><img loading=\"lazy\" decoding=\"async\" class=\"tve_image wp-image-17\" alt=\"\" title=\"active-spirit-1\" data-id=\"17\" src=\"\/\/activespirits.net\/wp-content\/uploads\/2018\/07\/active-spirit-1-1.png\" style=\"width: 100%;\" width=\"539\" height=\"339\" srcset=\"https:\/\/activespirits.net\/wp-content\/uploads\/2018\/07\/active-spirit-1-1.png 539w, https:\/\/activespirits.net\/wp-content\/uploads\/2018\/07\/active-spirit-1-1-300x189.png 300w\" sizes=\"(max-width: 539px) 100vw, 539px\" \/><\/span>\n<div class=\"wpml-ls-statics-shortcode_actions wpml-ls wpml-ls-legacy-list-horizontal\">\n\t<ul role=\"menu\"><li class=\"wpml-ls-slot-shortcode_actions wpml-ls-item wpml-ls-item-en wpml-ls-first-item wpml-ls-last-item wpml-ls-item-legacy-list-horizontal\" role=\"none\">\n\t\t\t\t<a href=\"https:\/\/activespirits.net\/\" class=\"wpml-ls-link\" role=\"menuitem\"  aria-label=\"Zu Englisch wechseln\" title=\"Zu Englisch wechseln\" >\n                                                        <img decoding=\"async\"\n            class=\"wpml-ls-flag\"\n            src=\"https:\/\/activespirits.net\/wp-content\/plugins\/sitepress-multilingual-cms\/res\/flags\/en.png\"\n            alt=\"\"\n            width=18\n            height=12\n    \/><span class=\"wpml-ls-display\">Englisch<\/span><\/a>\n\t\t\t<\/li><\/ul>\n<\/div>\n<\/p>\n<h2 data-css=\"tve-u-1646fbaf640\" style=\"text-align: center;\"><span data-css=\"tve-u-1646fbb3d86\"><em>Danke und Willkommen!<\/em><\/span><span data-css=\"tve-u-1646fbb3d86\"><em>\u200bDeine Email mit dem Ebook ist unterwegs in dein Postfach.<\/em><\/span><\/h2>\n<h2 data-css=\"tve-u-1646fb6a59f\" style=\"text-align: center;\"><span data-css=\"tve-u-1646fb77621\" style=\"font-size: 41px;\">\u200bIn den letzten Jahren gab es eine Sache, die wir \u00fcber wahre Selbsterf\u00fcllung gelernt haben&#8230; <\/span><\/h2>\n<h3 data-css=\"tve-u-1646fbd921e\" style=\"text-align: center;\">Die <strong>sieben essentiellen Bed\u00fcrfnisse<\/strong> f\u00fcr&nbsp;ein erf\u00fclltes und gesundes Leben.<\/h3>\n<p data-css=\"tve-u-165007825c2\"><span data-css=\"tve-u-16500b3ff8a\" style=\"text-transform: none;\">Bevor du beginnst du Ebook zu lesen&#8230;<\/span><\/p>\n<p data-css=\"tve-u-165007825c2\"><span data-css=\"tve-u-16500b3ff8d\" style=\"text-transform: none;\">Solltest du wissen, dass<span data-css=\"tve-u-16500b5c468\" style=\"color: rgb(48, 48, 48);\">:<\/span><\/span><\/p>\n<p data-css=\"tve-u-16500b412ae\"><span data-css=\"tve-u-16500b5c46c\" style=\"color: rgb(48, 48, 48);\">1) Shai Tubali in den letzten 18 Jahren <u>tausende Menschen weltweit auf der Reise zu sich selbst<\/u> begleitet hat.<\/span><\/p>\n<p><span data-css=\"tve-u-16500b5c470\" style=\"color: rgb(48, 48, 48);\"><span data-css=\"tve-u-16500b3ff90\" style=\"text-transform: none;\">2) es <u>ein \u00fcbergreifendes Problem<\/u> gibt, dass die meisten Menschen gemeinsam haben, wenn es um wahre Selbsterf\u00fcllung geht&#8230;<\/span><\/span><\/p>\n<p><span data-css=\"tve-u-16500b3ff92\" style=\"text-transform: none; color: rgb(48, 48, 48);\">Bereit? Sie sind \u200bsich nicht bewusst:<\/span><\/p>\n<p data-css=\"tve-u-165007825c2\">\n<h3 data-css=\"tve-u-16500cb29a9\" style=\"text-align: center;\">\u200bEs geht darum ALLE Ebenen unseres Seins zu erleben, zu erwecken und zu Integrieren<em><span data-css=\"tve-u-16500cad65e\" style=\"font-size: 16px;\"><span data-css=\"tve-u-16500ca977d\" style=\"font-family: Raleway;\">Lass uns dir mehr erz\u00e4hlen&#8230;<\/span><\/span><\/em><\/h3>\n<p data-css=\"tve-u-165007825c2\"><span data-css=\"tve-u-16500b3ff8a\" style=\"text-transform: none;\">\u200bH\u00e4ufig empfinden wir bestimmte unserer Bed\u00fcrfnisse, Aspekte unseres Wesens, als falsch oder widerspr\u00fcchlich und unterdr\u00fccken sie&#8230;<\/span><\/p>\n<p data-css=\"tve-u-165007825c2\"><span data-css=\"tve-u-16500b3ff8a\" style=\"text-transform: none;\">\u200bDabei ist es vollkommen nat\u00fcrlich, dass es verschiedene Erfahrungsebenen im Menschen gibt.<\/span><\/p>\n<p><span style=\"color: rgb(48, 48, 48);\">Der Mensch hat sieben essentielle Wahrnehmungs- und Erfahrungszentren. \u200bIn der yogischen Philisophie wurden diese sensorischen Zentren <em><strong>&#8222;Chakren<\/strong><\/em>&#8220; genannt.<\/span><\/p>\n<p><span style=\"color: rgb(48, 48, 48);\">Anstatt bestimmt Ebenen und Bed\u00fcrfnisse in uns zu unterdr\u00fccken \u200bschlie\u00dft ein vollkommenes und erf\u00fclltes Leben all diese sieben Ebenen ein und integriert sie, zu einer vollkommenen Lebenserfahrung.<\/span><\/p>\n<p><span style=\"color: rgb(48, 48, 48);\">Intellektuell zu verstehen, wie wir als Menschen gestrickt sind, ist sehr hilfreich (darum haben wir auch das Ebook kreiert). Aber das ist nur eine Seite der Medaille. Nur der erste Schritt.<\/span><\/p>\n<p><em><strong><span style=\"color: rgb(48, 48, 48);\">Wahre Selbsterf\u00fcllung bedeutet alle unsere menschlichen Zentren zu <u>erleben<\/u>, <u>auszubalancieren <\/u>und zu <u>erwecken<\/u>.<\/span><\/strong><\/em><\/p>\n<p><span style=\"color: rgb(48, 48, 48);\">\u200bDie gute Nachricht ist, dass wenn du \u200bnur 21 Tage praktizierst und dich auf deine sieben Chakren fokussierst, du diese vitalen Kr\u00e4fte in Dir zum Leben erwecken kannst.<\/span><\/p>\n<p><span style=\"color: rgb(48, 48, 48);\">Wir w\u00fcrden gerne mehr mit dir teilen, \u00fcber die <u>21 Tage Challenge zur vollkommenen Aktivierung der Chakren<\/u> mit Shai Tubali, die sehr bald startet &#8230;<\/span><\/p>\n<p data-css=\"tve-u-16500c42d2c\"><span style=\"color: rgb(48, 48, 48);\">\u200b<\/span><\/p>\n<p data-css=\"tve-u-16500c71556\" style=\"text-align: center;\"><a href=\"https:\/\/activespirits.net\/radikale-selbsterfuellung-download\/\"><em><span style=\"color: rgb(48, 48, 48);\">Nein danke. Ich m\u00f6chte erstmal nur der Ebook\u200b.<\/span><\/em><\/a><\/p>\n<p style=\"text-align: center;\"><a href=\"https:\/\/activespirits.net\/impressum\/\" target=\"_blank\">Impressum<\/a>&nbsp;|&nbsp;<a data-css=\"tve-u-1647020ccac\" href=\"https:\/\/activespirits.net\/privacy-policy\/\" target=\"_blank\">Privacy Policy<\/a><\/p>\n<span class=\"et_bloom_bottom_trigger\"><\/span>","protected":false},"excerpt":{"rendered":"<p>Danke und Willkommen!\u200bDeine Email mit dem Ebook ist unterwegs in dein Postfach. \u200bIn den letzten Jahren gab es eine Sache, die wir \u00fcber wahre Selbsterf\u00fcllung gelernt haben&#8230; Die sieben essentiellen Bed\u00fcrfnisse f\u00fcr&nbsp;ein erf\u00fclltes und gesundes Leben. Bevor du beginnst du Ebook zu lesen&#8230; Solltest du wissen, dass: 1) Shai Tubali in den letzten 18 Jahren [&hellip;]<\/p>\n","protected":false},"author":1,"featured_media":0,"parent":0,"menu_order":0,"comment_status":"closed","ping_status":"closed","template":"page-template-blank.php","meta":{"_et_pb_use_builder":"","_et_pb_old_content":"","_et_gb_content_width":"","footnotes":""},"class_list":["post-496","page","type-page","status-publish","hentry"],"yoast_head":"<!-- This site is optimized with the Yoast SEO plugin v27.0 - https:\/\/yoast.com\/product\/yoast-seo-wordpress\/ -->\n<title>E-Mail best\u00e4tigt \u2013 Danke! - activespirits.net<\/title>\n<meta name=\"robots\" content=\"index, follow, max-snippet:-1, max-image-preview:large, max-video-preview:-1\" \/>\n<link rel=\"canonical\" href=\"https:\/\/activespirits.net\/email-bestaetigt-danke\/\" \/>\n<meta property=\"og:locale\" content=\"de_DE\" \/>\n<meta property=\"og:type\" content=\"article\" \/>\n<meta property=\"og:title\" content=\"E-Mail best\u00e4tigt \u2013 Danke! - activespirits.net\" \/>\n<meta property=\"og:description\" content=\"Danke und Willkommen!\u200bDeine Email mit dem Ebook ist unterwegs in dein Postfach. \u200bIn den letzten Jahren gab es eine Sache, die wir \u00fcber wahre Selbsterf\u00fcllung gelernt haben&#8230; Die sieben essentiellen Bed\u00fcrfnisse f\u00fcr&nbsp;ein erf\u00fclltes und gesundes Leben. Bevor du beginnst du Ebook zu lesen&#8230; Solltest du wissen, dass: 1) Shai Tubali in den letzten 18 Jahren [&hellip;]\" \/>\n<meta property=\"og:url\" content=\"https:\/\/activespirits.net\/email-bestaetigt-danke\/\" \/>\n<meta property=\"og:site_name\" content=\"activespirits.net\" \/>\n<meta property=\"article:modified_time\" content=\"2018-08-03T17:29:26+00:00\" \/>\n<meta property=\"og:image\" content=\"\/\/activespirits.net\/wp-content\/uploads\/2018\/07\/active-spirit-1-1.png\" \/>\n<meta name=\"twitter:card\" content=\"summary_large_image\" \/>\n<meta name=\"twitter:label1\" content=\"Gesch\u00e4tzte Lesezeit\" \/>\n\t<meta name=\"twitter:data1\" content=\"2\u00a0Minuten\" \/>\n<script type=\"application\/ld+json\" class=\"yoast-schema-graph\">{\"@context\":\"https:\/\/schema.org\",\"@graph\":[{\"@type\":\"WebPage\",\"@id\":\"https:\/\/activespirits.net\/email-bestaetigt-danke\/\",\"url\":\"https:\/\/activespirits.net\/email-bestaetigt-danke\/\",\"name\":\"E-Mail best\u00e4tigt \u2013 Danke! - activespirits.net\",\"isPartOf\":{\"@id\":\"https:\/\/activespirits.net\/#website\"},\"datePublished\":\"2018-07-06T14:20:00+00:00\",\"dateModified\":\"2018-08-03T17:29:26+00:00\",\"breadcrumb\":{\"@id\":\"https:\/\/activespirits.net\/email-bestaetigt-danke\/#breadcrumb\"},\"inLanguage\":\"de\",\"potentialAction\":[{\"@type\":\"ReadAction\",\"target\":[\"https:\/\/activespirits.net\/email-bestaetigt-danke\/\"]}]},{\"@type\":\"BreadcrumbList\",\"@id\":\"https:\/\/activespirits.net\/email-bestaetigt-danke\/#breadcrumb\",\"itemListElement\":[{\"@type\":\"ListItem\",\"position\":1,\"name\":\"Startseite\",\"item\":\"https:\/\/activespirits.net\/de\/\"},{\"@type\":\"ListItem\",\"position\":2,\"name\":\"E-Mail best\u00e4tigt \u2013 Danke!\"}]},{\"@type\":\"WebSite\",\"@id\":\"https:\/\/activespirits.net\/#website\",\"url\":\"https:\/\/activespirits.net\/\",\"name\":\"activespirits.net\",\"description\":\"ActiveSpirits - Shai Tubali&#039;s Online Campus\",\"potentialAction\":[{\"@type\":\"SearchAction\",\"target\":{\"@type\":\"EntryPoint\",\"urlTemplate\":\"https:\/\/activespirits.net\/?s={search_term_string}\"},\"query-input\":{\"@type\":\"PropertyValueSpecification\",\"valueRequired\":true,\"valueName\":\"search_term_string\"}}],\"inLanguage\":\"de\"}]}<\/script>\n<!-- \/ Yoast SEO plugin. -->","yoast_head_json":{"title":"E-Mail best\u00e4tigt \u2013 Danke! - activespirits.net","robots":{"index":"index","follow":"follow","max-snippet":"max-snippet:-1","max-image-preview":"max-image-preview:large","max-video-preview":"max-video-preview:-1"},"canonical":"https:\/\/activespirits.net\/email-bestaetigt-danke\/","og_locale":"de_DE","og_type":"article","og_title":"E-Mail best\u00e4tigt \u2013 Danke! - activespirits.net","og_description":"Danke und Willkommen!\u200bDeine Email mit dem Ebook ist unterwegs in dein Postfach. \u200bIn den letzten Jahren gab es eine Sache, die wir \u00fcber wahre Selbsterf\u00fcllung gelernt haben&#8230; Die sieben essentiellen Bed\u00fcrfnisse f\u00fcr&nbsp;ein erf\u00fclltes und gesundes Leben. Bevor du beginnst du Ebook zu lesen&#8230; Solltest du wissen, dass: 1) Shai Tubali in den letzten 18 Jahren [&hellip;]","og_url":"https:\/\/activespirits.net\/email-bestaetigt-danke\/","og_site_name":"activespirits.net","article_modified_time":"2018-08-03T17:29:26+00:00","og_image":[{"url":"\/\/activespirits.net\/wp-content\/uploads\/2018\/07\/active-spirit-1-1.png","type":"","width":"","height":""}],"twitter_card":"summary_large_image","twitter_misc":{"Gesch\u00e4tzte Lesezeit":"2\u00a0Minuten"},"schema":{"@context":"https:\/\/schema.org","@graph":[{"@type":"WebPage","@id":"https:\/\/activespirits.net\/email-bestaetigt-danke\/","url":"https:\/\/activespirits.net\/email-bestaetigt-danke\/","name":"E-Mail best\u00e4tigt \u2013 Danke! - activespirits.net","isPartOf":{"@id":"https:\/\/activespirits.net\/#website"},"datePublished":"2018-07-06T14:20:00+00:00","dateModified":"2018-08-03T17:29:26+00:00","breadcrumb":{"@id":"https:\/\/activespirits.net\/email-bestaetigt-danke\/#breadcrumb"},"inLanguage":"de","potentialAction":[{"@type":"ReadAction","target":["https:\/\/activespirits.net\/email-bestaetigt-danke\/"]}]},{"@type":"BreadcrumbList","@id":"https:\/\/activespirits.net\/email-bestaetigt-danke\/#breadcrumb","itemListElement":[{"@type":"ListItem","position":1,"name":"Startseite","item":"https:\/\/activespirits.net\/de\/"},{"@type":"ListItem","position":2,"name":"E-Mail best\u00e4tigt \u2013 Danke!"}]},{"@type":"WebSite","@id":"https:\/\/activespirits.net\/#website","url":"https:\/\/activespirits.net\/","name":"activespirits.net","description":"ActiveSpirits - Shai Tubali&#039;s Online Campus","potentialAction":[{"@type":"SearchAction","target":{"@type":"EntryPoint","urlTemplate":"https:\/\/activespirits.net\/?s={search_term_string}"},"query-input":{"@type":"PropertyValueSpecification","valueRequired":true,"valueName":"search_term_string"}}],"inLanguage":"de"}]}},"_links":{"self":[{"href":"https:\/\/activespirits.net\/de\/wp-json\/wp\/v2\/pages\/496","targetHints":{"allow":["GET"]}}],"collection":[{"href":"https:\/\/activespirits.net\/de\/wp-json\/wp\/v2\/pages"}],"about":[{"href":"https:\/\/activespirits.net\/de\/wp-json\/wp\/v2\/types\/page"}],"author":[{"embeddable":true,"href":"https:\/\/activespirits.net\/de\/wp-json\/wp\/v2\/users\/1"}],"replies":[{"embeddable":true,"href":"https:\/\/activespirits.net\/de\/wp-json\/wp\/v2\/comments?post=496"}],"version-history":[{"count":10,"href":"https:\/\/activespirits.net\/de\/wp-json\/wp\/v2\/pages\/496\/revisions"}],"predecessor-version":[{"id":882,"href":"https:\/\/activespirits.net\/de\/wp-json\/wp\/v2\/pages\/496\/revisions\/882"}],"wp:attachment":[{"href":"https:\/\/activespirits.net\/de\/wp-json\/wp\/v2\/media?parent=496"}],"curies":[{"name":"wp","href":"https:\/\/api.w.org\/{rel}","templated":true}]}}