{"id":5002,"date":"2021-03-02T18:47:45","date_gmt":"2021-03-02T17:47:45","guid":{"rendered":"https:\/\/activespirits.net\/?page_id=5002"},"modified":"2021-03-02T18:59:28","modified_gmt":"2021-03-02T17:59:28","slug":"chakren-laecheln-meditation","status":"publish","type":"page","link":"https:\/\/activespirits.net\/de\/med\/chakren-laecheln-meditation\/","title":{"rendered":"In die Chakren l\u00e4cheln &#8211; gef\u00fchrte Meditation"},"content":{"rendered":"\n[et_pb_section fb_built=&#8220;1&#8243; inner_shadow=&#8220;on&#8220; admin_label=&#8220;Hero Section&#8220; _builder_version=&#8220;3.22&#8243; background_color=&#8220;rgba(0,0,0,0.38)&#8220; use_background_color_gradient=&#8220;on&#8220; background_color_gradient_start=&#8220;rgba(0,0,0,0.5)&#8220; background_color_gradient_end=&#8220;rgba(0,0,0,0)&#8220; background_color_gradient_overlays_image=&#8220;on&#8220; background_image=&#8220;https:\/\/activespirits.net\/wp-content\/uploads\/2019\/01\/chakra-balancing.jpg&#8220; background_blend=&#8220;darken&#8220; custom_margin=&#8220;|||&#8220; custom_padding=&#8220;26px||12.8%||false|false&#8220; mix_blend_mode=&#8220;darken&#8220;][et_pb_row _builder_version=&#8220;3.25&#8243; background_color=&#8220;rgba(0,0,0,0.12)&#8220; module_alignment=&#8220;center&#8220; custom_padding=&#8220;0|0px|0|0px|false|false&#8220;][et_pb_column type=&#8220;4_4&#8243; _builder_version=&#8220;3.25&#8243; custom_padding=&#8220;|||&#8220; custom_padding__hover=&#8220;|||&#8220;][et_pb_text _builder_version=&#8220;3.27.4&#8243; text_font=&#8220;||||||||&#8220; text_orientation=&#8220;center&#8220;]\n<div role=\"navigation\" aria-label=\"Sprachwechsler\" class=\"wpml-ls-statics-shortcode_actions wpml-ls wpml-ls-legacy-list-horizontal\">\n\t<ul><li class=\"wpml-ls-slot-shortcode_actions wpml-ls-item wpml-ls-item-en wpml-ls-first-item wpml-ls-last-item wpml-ls-item-legacy-list-horizontal\">\n\t\t\t\t<a href=\"https:\/\/activespirits.net\/\" hreflang=\"en\" lang=\"en\" class=\"wpml-ls-link\" aria-label=\"Wechseln zu Englisch\" title=\"Wechseln zu Englisch\">\n\t\t\t\t\t                                    <img decoding=\"async\"\n            class=\"wpml-ls-flag\"\n            src=\"https:\/\/activespirits.net\/wp-content\/plugins\/sitepress-multilingual-cms\/res\/flags\/en.png\"\n            alt=\"\"\n            loading=\"lazy\"\n            width=18\n            height=12\n    \/><span class=\"wpml-ls-display\">Englisch<\/span><\/a>\n\t\t\t<\/li><\/ul>\n<\/div>\n\r[\/et_pb_text][\/et_pb_column][\/et_pb_row][et_pb_row _builder_version=&#8220;3.25&#8243; background_size=&#8220;initial&#8220; background_position=&#8220;top_left&#8220; background_repeat=&#8220;repeat&#8220; custom_padding=&#8220;88px|0px|24px|0px|false|false&#8220;][et_pb_column type=&#8220;4_4&#8243; _builder_version=&#8220;3.25&#8243; custom_padding=&#8220;|||&#8220; custom_padding__hover=&#8220;|||&#8220;][et_pb_text admin_label=&#8220;Title&#8220; _builder_version=&#8220;3.27.4&#8243; text_font=&#8220;Quattrocento||||||||&#8220; text_font_size=&#8220;22px&#8220; text_line_height=&#8220;1.4em&#8220; header_font=&#8220;Quattrocento|||on|||||&#8220; header_text_align=&#8220;center&#8220; header_font_size=&#8220;80px&#8220; header_letter_spacing=&#8220;6px&#8220; header_line_height=&#8220;1.4em&#8220; text_orientation=&#8220;center&#8220; background_layout=&#8220;dark&#8220; max_width=&#8220;800px&#8220; module_alignment=&#8220;center&#8220; animation_style=&#8220;slide&#8220; animation_direction=&#8220;top&#8220; animation_intensity_slide=&#8220;3%&#8220; animation_starting_opacity=&#8220;100%&#8220; header_font_size_tablet=&#8220;40px&#8220; header_font_size_phone=&#8220;&#8220; header_font_size_last_edited=&#8220;on|tablet&#8220;]<h2><span style=\"font-size: 50px;\"><strong>Gef\u00fchrte Meditation: <br \/>Das L\u00e4cheln in die Chakren<\/strong><\/span><\/h2>[\/et_pb_text][\/et_pb_column][\/et_pb_row][\/et_pb_section][et_pb_section fb_built=&#8220;1&#8243; admin_label=&#8220;Featured Collections Section&#8220; _builder_version=&#8220;3.22&#8243; background_image=&#8220;https:\/\/activespirits.net\/wp-content\/uploads\/2018\/08\/retreat-background-contact.jpg&#8220; background_position=&#8220;center_right&#8220; max_width=&#8220;80%&#8220; module_alignment=&#8220;center&#8220; custom_margin=&#8220;-6%|||&#8220; custom_padding=&#8220;24px||65px||false|false&#8220; animation_direction=&#8220;left&#8220; box_shadow_style=&#8220;preset3&#8243; box_shadow_vertical=&#8220;80px&#8220; box_shadow_blur=&#8220;120px&#8220; box_shadow_spread=&#8220;-60px&#8220; box_shadow_color=&#8220;rgba(63,63,31,0.3)&#8220; locked=&#8220;off&#8220;][et_pb_row _builder_version=&#8220;3.25&#8243;][et_pb_column type=&#8220;4_4&#8243; _builder_version=&#8220;3.25&#8243; custom_padding=&#8220;|||&#8220; custom_padding__hover=&#8220;|||&#8220;][et_pb_audio audio=&#8220;https:\/\/we.activespirits.net\/wp-content\/audio\/SFET1-InnerSmile-ShaiTubali-DE.mp3&#8243; title=&#8220;Chakren-Meditation&#8220; artist_name=&#8220;Shai Tubali&#8220; image_url=&#8220;https:\/\/activespirits.net\/wp-content\/uploads\/2018\/07\/full-chakra-activation-header.jpg&#8220; _builder_version=&#8220;4.9.0&#8243; hover_enabled=&#8220;0&#8243; sticky_enabled=&#8220;0&#8243;][\/et_pb_audio][\/et_pb_column][\/et_pb_row][et_pb_row _builder_version=&#8220;3.25&#8243; custom_padding=&#8220;95px|53px|93px|65px|false|false&#8220;][et_pb_column type=&#8220;4_4&#8243; _builder_version=&#8220;3.25&#8243; custom_padding=&#8220;|||&#8220; custom_padding__hover=&#8220;|||&#8220;][et_pb_comments show_count=&#8220;off&#8220; _builder_version=&#8220;3.16&#8243; body_font=&#8220;||||||||&#8220; button_text_size__hover_enabled=&#8220;off&#8220; button_one_text_size__hover_enabled=&#8220;off&#8220; button_two_text_size__hover_enabled=&#8220;off&#8220; button_text_color__hover_enabled=&#8220;off&#8220; button_one_text_color__hover_enabled=&#8220;off&#8220; button_two_text_color__hover_enabled=&#8220;off&#8220; button_border_width__hover_enabled=&#8220;off&#8220; button_one_border_width__hover_enabled=&#8220;off&#8220; button_two_border_width__hover_enabled=&#8220;off&#8220; button_border_color__hover_enabled=&#8220;off&#8220; button_one_border_color__hover_enabled=&#8220;off&#8220; button_two_border_color__hover_enabled=&#8220;off&#8220; button_border_radius__hover_enabled=&#8220;off&#8220; button_one_border_radius__hover_enabled=&#8220;off&#8220; button_two_border_radius__hover_enabled=&#8220;off&#8220; button_letter_spacing__hover_enabled=&#8220;off&#8220; button_one_letter_spacing__hover_enabled=&#8220;off&#8220; button_two_letter_spacing__hover_enabled=&#8220;off&#8220; button_bg_color__hover_enabled=&#8220;off&#8220; button_one_bg_color__hover_enabled=&#8220;off&#8220; button_two_bg_color__hover_enabled=&#8220;off&#8220;][\/et_pb_comments][et_pb_divider color=&#8220;#e09900&#8243; divider_position=&#8220;center&#8220; divider_weight=&#8220;3px&#8220; _builder_version=&#8220;3.11.1&#8243; max_width=&#8220;77%&#8220; module_alignment=&#8220;center&#8220;][\/et_pb_divider][et_pb_text _builder_version=&#8220;3.27.4&#8243; custom_padding=&#8220;||35px|&#8220;]<h1 style=\"text-align: center;\">Vollkommene Chakren-Aktivierung<\/h1>\r\n<p style=\"text-align: center;\"><span style=\"font-size: xx-large;\">Erwecke die <strong>sieben verborgenen Kr\u00e4fte<\/strong> in Dir<\/span><\/p>\r\n&nbsp;\r\n\r\n<em>Kennst du dieses <strong>Gef\u00fchl<\/strong>, dass da in dir noch so <strong>viel mehr<\/strong> auf dich wartet?<\/em>\r\n\r\n<em>Die Chakren zu erwecken bedeutet die ruhenden Lebenskr\u00e4fte in deinem K\u00f6rper und Geist zu erwecken.<\/em>\r\n\r\n<em>Jeder Teil deines Wesens &#8211; physisch, emotional, mental, energetisch und spirituell &#8211; beginnt aufzubl\u00fchen und wird zutiefst best\u00e4rkt.<\/em>\r\n\r\n<em>Schlie\u00dfe dich der Reise mit dem Chakra-Experten Shai Tubali an und konzentriere dich f\u00fcr 21 aufregende Tage auf die Kraft deiner Chakren<\/em>\r[\/et_pb_text][et_pb_button button_url=&#8220;https:\/\/activespirits.net\/21-chakra-aktivierung\/&#8220; button_text=&#8220;Ich m\u00f6chte mehr \u00fcber die Challenge erfahren&#8220; button_alignment=&#8220;center&#8220; _builder_version=&#8220;3.16&#8243; custom_button=&#8220;on&#8220; button_bg_color=&#8220;#E47830&#8243; button_border_width=&#8220;0px&#8220; button_font=&#8220;|600|||||||&#8220; button_on_hover=&#8220;off&#8220; background_layout=&#8220;dark&#8220; custom_margin=&#8220;23px|||&#8220; custom_padding=&#8220;15px||15px|&#8220; box_shadow_style=&#8220;preset1&#8243; button_text_size__hover_enabled=&#8220;off&#8220; button_one_text_size__hover_enabled=&#8220;off&#8220; button_two_text_size__hover_enabled=&#8220;off&#8220; button_text_color__hover_enabled=&#8220;off&#8220; button_one_text_color__hover_enabled=&#8220;off&#8220; button_two_text_color__hover_enabled=&#8220;off&#8220; button_border_width__hover_enabled=&#8220;off&#8220; button_one_border_width__hover_enabled=&#8220;off&#8220; button_two_border_width__hover_enabled=&#8220;off&#8220; button_border_color__hover_enabled=&#8220;off&#8220; button_one_border_color__hover_enabled=&#8220;off&#8220; button_two_border_color__hover_enabled=&#8220;off&#8220; button_border_radius__hover_enabled=&#8220;off&#8220; button_one_border_radius__hover_enabled=&#8220;off&#8220; button_two_border_radius__hover_enabled=&#8220;off&#8220; button_letter_spacing__hover_enabled=&#8220;off&#8220; button_one_letter_spacing__hover_enabled=&#8220;off&#8220; button_two_letter_spacing__hover_enabled=&#8220;off&#8220; button_bg_color__hover_enabled=&#8220;off&#8220; button_one_bg_color__hover_enabled=&#8220;off&#8220; button_two_bg_color__hover_enabled=&#8220;off&#8220;][\/et_pb_button][\/et_pb_column][\/et_pb_row][\/et_pb_section][et_pb_section fb_built=&#8220;1&#8243; _builder_version=&#8220;3.22&#8243;][et_pb_row _builder_version=&#8220;3.25&#8243;][et_pb_column type=&#8220;4_4&#8243; _builder_version=&#8220;3.25&#8243; custom_padding=&#8220;|||&#8220; custom_padding__hover=&#8220;|||&#8220;][et_pb_text _builder_version=&#8220;3.27.4&#8243;]<p style=\"text-align: center;\"><a href=\"\/?page_id=7\">Impressum<\/a> | <a href=\"https:\/\/activespirits.net\/privacy-policy\/\">Privacy Policies<\/a><\/p>\r[\/et_pb_text][\/et_pb_column][\/et_pb_row][\/et_pb_section]\n<span class=\"et_bloom_bottom_trigger\"><\/span>","protected":false},"excerpt":{"rendered":"<p>\n<div role=\"navigation\" aria-label=\"Sprachwechsler\" class=\"wpml-ls-statics-shortcode_actions wpml-ls wpml-ls-legacy-list-horizontal\">\n\t<ul><li class=\"wpml-ls-slot-shortcode_actions wpml-ls-item wpml-ls-item-en wpml-ls-first-item wpml-ls-last-item wpml-ls-item-legacy-list-horizontal\">\n\t\t\t\t<a href=\"https:\/\/activespirits.net\/\" hreflang=\"en\" lang=\"en\" class=\"wpml-ls-link\" aria-label=\"Wechseln zu Englisch\" title=\"Wechseln zu Englisch\">\n\t\t\t\t\t                                    <img decoding=\"async\"\n            class=\"wpml-ls-flag\"\n            src=\"https:\/\/activespirits.net\/wp-content\/plugins\/sitepress-multilingual-cms\/res\/flags\/en.png\"\n            alt=\"\"\n            loading=\"lazy\"\n            width=18\n            height=12\n    \/><span class=\"wpml-ls-display\">Englisch<\/span><\/a>\n\t\t\t<\/li><\/ul>\n<\/div>\n Gef\u00fchrte Meditation: Das L\u00e4cheln in die ChakrenVollkommene Chakren-Aktivierung Erwecke die sieben verborgenen Kr\u00e4fte in Dir &nbsp; Kennst du dieses Gef\u00fchl, dass da in dir noch so viel mehr auf dich wartet? Die Chakren zu erwecken bedeutet die ruhenden Lebenskr\u00e4fte in deinem K\u00f6rper und Geist zu erwecken. Jeder Teil deines Wesens &#8211; physisch, emotional, mental, [&hellip;]<\/p>\n","protected":false},"author":1,"featured_media":5008,"parent":894,"menu_order":0,"comment_status":"closed","ping_status":"closed","template":"page-template-blank.php","meta":{"_et_pb_use_builder":"on","_et_pb_old_content":"","_et_gb_content_width":"","footnotes":""},"class_list":["post-5002","page","type-page","status-publish","has-post-thumbnail","hentry"],"yoast_head":"<!-- This site is optimized with the Yoast SEO plugin v27.4 - https:\/\/yoast.com\/product\/yoast-seo-wordpress\/ -->\n<title>In die Chakren l\u00e4cheln - gef\u00fchrte Meditation - activespirits.net<\/title>\n<meta name=\"robots\" content=\"index, follow, max-snippet:-1, max-image-preview:large, max-video-preview:-1\" \/>\n<link rel=\"canonical\" href=\"https:\/\/activespirits.net\/med\/chakren-laecheln-meditation\/\" \/>\n<meta property=\"og:locale\" content=\"de_DE\" \/>\n<meta property=\"og:type\" content=\"article\" \/>\n<meta property=\"og:title\" content=\"In die Chakren l\u00e4cheln - gef\u00fchrte Meditation - activespirits.net\" \/>\n<meta property=\"og:description\" content=\"Es fehlt nur noch ein kleiner Schritt Du bekommst in K\u00fcrze eine Best\u00e4tigungsmail mit einem Link darin. Bitte unbedingt auf diesen Link klicken! So best\u00e4tigst du, dass deine E-Mail Adresse echt ist. Und wir gehen sicher, dass wir nur E-Mails versenden, die wirklich erw\u00fcnscht und relevant sind. Sobald deine E-Mail Adresse best\u00e4tigt ist, erh\u00e4ltst du [&hellip;]\" \/>\n<meta property=\"og:url\" content=\"https:\/\/activespirits.net\/med\/chakren-laecheln-meditation\/\" \/>\n<meta property=\"og:site_name\" content=\"activespirits.net\" \/>\n<meta property=\"article:modified_time\" content=\"2021-03-02T17:59:28+00:00\" \/>\n<meta property=\"og:image\" content=\"https:\/\/activespirits.net\/wp-content\/uploads\/2021\/03\/youtube-slides_7DaysChakras_smiling-02.jpg\" \/>\n\t<meta property=\"og:image:width\" content=\"1281\" \/>\n\t<meta property=\"og:image:height\" content=\"721\" \/>\n\t<meta property=\"og:image:type\" content=\"image\/jpeg\" \/>\n<meta name=\"twitter:card\" content=\"summary_large_image\" \/>\n<meta name=\"twitter:label1\" content=\"Gesch\u00e4tzte Lesezeit\" \/>\n\t<meta name=\"twitter:data1\" content=\"2\u00a0Minuten\" \/>\n<script type=\"application\/ld+json\" class=\"yoast-schema-graph\">{\"@context\":\"https:\\\/\\\/schema.org\",\"@graph\":[{\"@type\":\"WebPage\",\"@id\":\"https:\\\/\\\/activespirits.net\\\/med\\\/chakren-laecheln-meditation\\\/\",\"url\":\"https:\\\/\\\/activespirits.net\\\/med\\\/chakren-laecheln-meditation\\\/\",\"name\":\"In die Chakren l\u00e4cheln - gef\u00fchrte Meditation - activespirits.net\",\"isPartOf\":{\"@id\":\"https:\\\/\\\/activespirits.net\\\/#website\"},\"primaryImageOfPage\":{\"@id\":\"https:\\\/\\\/activespirits.net\\\/med\\\/chakren-laecheln-meditation\\\/#primaryimage\"},\"image\":{\"@id\":\"https:\\\/\\\/activespirits.net\\\/med\\\/chakren-laecheln-meditation\\\/#primaryimage\"},\"thumbnailUrl\":\"https:\\\/\\\/activespirits.net\\\/wp-content\\\/uploads\\\/2021\\\/03\\\/youtube-slides_7DaysChakras_smiling-02.jpg\",\"datePublished\":\"2021-03-02T17:47:45+00:00\",\"dateModified\":\"2021-03-02T17:59:28+00:00\",\"breadcrumb\":{\"@id\":\"https:\\\/\\\/activespirits.net\\\/med\\\/chakren-laecheln-meditation\\\/#breadcrumb\"},\"inLanguage\":\"de\",\"potentialAction\":[{\"@type\":\"ReadAction\",\"target\":[\"https:\\\/\\\/activespirits.net\\\/med\\\/chakren-laecheln-meditation\\\/\"]}]},{\"@type\":\"ImageObject\",\"inLanguage\":\"de\",\"@id\":\"https:\\\/\\\/activespirits.net\\\/med\\\/chakren-laecheln-meditation\\\/#primaryimage\",\"url\":\"https:\\\/\\\/activespirits.net\\\/wp-content\\\/uploads\\\/2021\\\/03\\\/youtube-slides_7DaysChakras_smiling-02.jpg\",\"contentUrl\":\"https:\\\/\\\/activespirits.net\\\/wp-content\\\/uploads\\\/2021\\\/03\\\/youtube-slides_7DaysChakras_smiling-02.jpg\",\"width\":1281,\"height\":721},{\"@type\":\"BreadcrumbList\",\"@id\":\"https:\\\/\\\/activespirits.net\\\/med\\\/chakren-laecheln-meditation\\\/#breadcrumb\",\"itemListElement\":[{\"@type\":\"ListItem\",\"position\":1,\"name\":\"Startseite\",\"item\":\"https:\\\/\\\/activespirits.net\\\/de\\\/\"},{\"@type\":\"ListItem\",\"position\":2,\"name\":\"med\",\"item\":\"https:\\\/\\\/activespirits.net\\\/en\\\/med\\\/\"},{\"@type\":\"ListItem\",\"position\":3,\"name\":\"In die Chakren l\u00e4cheln &#8211; gef\u00fchrte Meditation\"}]},{\"@type\":\"WebSite\",\"@id\":\"https:\\\/\\\/activespirits.net\\\/#website\",\"url\":\"https:\\\/\\\/activespirits.net\\\/\",\"name\":\"activespirits.net\",\"description\":\"ActiveSpirits - Shai Tubali&#039;s Online Campus\",\"potentialAction\":[{\"@type\":\"SearchAction\",\"target\":{\"@type\":\"EntryPoint\",\"urlTemplate\":\"https:\\\/\\\/activespirits.net\\\/?s={search_term_string}\"},\"query-input\":{\"@type\":\"PropertyValueSpecification\",\"valueRequired\":true,\"valueName\":\"search_term_string\"}}],\"inLanguage\":\"de\"}]}<\/script>\n<!-- \/ Yoast SEO plugin. -->","yoast_head_json":{"title":"In die Chakren l\u00e4cheln - gef\u00fchrte Meditation - activespirits.net","robots":{"index":"index","follow":"follow","max-snippet":"max-snippet:-1","max-image-preview":"max-image-preview:large","max-video-preview":"max-video-preview:-1"},"canonical":"https:\/\/activespirits.net\/med\/chakren-laecheln-meditation\/","og_locale":"de_DE","og_type":"article","og_title":"In die Chakren l\u00e4cheln - gef\u00fchrte Meditation - activespirits.net","og_description":"Es fehlt nur noch ein kleiner Schritt Du bekommst in K\u00fcrze eine Best\u00e4tigungsmail mit einem Link darin. Bitte unbedingt auf diesen Link klicken! So best\u00e4tigst du, dass deine E-Mail Adresse echt ist. Und wir gehen sicher, dass wir nur E-Mails versenden, die wirklich erw\u00fcnscht und relevant sind. Sobald deine E-Mail Adresse best\u00e4tigt ist, erh\u00e4ltst du [&hellip;]","og_url":"https:\/\/activespirits.net\/med\/chakren-laecheln-meditation\/","og_site_name":"activespirits.net","article_modified_time":"2021-03-02T17:59:28+00:00","og_image":[{"width":1281,"height":721,"url":"https:\/\/activespirits.net\/wp-content\/uploads\/2021\/03\/youtube-slides_7DaysChakras_smiling-02.jpg","type":"image\/jpeg"}],"twitter_card":"summary_large_image","twitter_misc":{"Gesch\u00e4tzte Lesezeit":"2\u00a0Minuten"},"schema":{"@context":"https:\/\/schema.org","@graph":[{"@type":"WebPage","@id":"https:\/\/activespirits.net\/med\/chakren-laecheln-meditation\/","url":"https:\/\/activespirits.net\/med\/chakren-laecheln-meditation\/","name":"In die Chakren l\u00e4cheln - gef\u00fchrte Meditation - activespirits.net","isPartOf":{"@id":"https:\/\/activespirits.net\/#website"},"primaryImageOfPage":{"@id":"https:\/\/activespirits.net\/med\/chakren-laecheln-meditation\/#primaryimage"},"image":{"@id":"https:\/\/activespirits.net\/med\/chakren-laecheln-meditation\/#primaryimage"},"thumbnailUrl":"https:\/\/activespirits.net\/wp-content\/uploads\/2021\/03\/youtube-slides_7DaysChakras_smiling-02.jpg","datePublished":"2021-03-02T17:47:45+00:00","dateModified":"2021-03-02T17:59:28+00:00","breadcrumb":{"@id":"https:\/\/activespirits.net\/med\/chakren-laecheln-meditation\/#breadcrumb"},"inLanguage":"de","potentialAction":[{"@type":"ReadAction","target":["https:\/\/activespirits.net\/med\/chakren-laecheln-meditation\/"]}]},{"@type":"ImageObject","inLanguage":"de","@id":"https:\/\/activespirits.net\/med\/chakren-laecheln-meditation\/#primaryimage","url":"https:\/\/activespirits.net\/wp-content\/uploads\/2021\/03\/youtube-slides_7DaysChakras_smiling-02.jpg","contentUrl":"https:\/\/activespirits.net\/wp-content\/uploads\/2021\/03\/youtube-slides_7DaysChakras_smiling-02.jpg","width":1281,"height":721},{"@type":"BreadcrumbList","@id":"https:\/\/activespirits.net\/med\/chakren-laecheln-meditation\/#breadcrumb","itemListElement":[{"@type":"ListItem","position":1,"name":"Startseite","item":"https:\/\/activespirits.net\/de\/"},{"@type":"ListItem","position":2,"name":"med","item":"https:\/\/activespirits.net\/en\/med\/"},{"@type":"ListItem","position":3,"name":"In die Chakren l\u00e4cheln &#8211; gef\u00fchrte Meditation"}]},{"@type":"WebSite","@id":"https:\/\/activespirits.net\/#website","url":"https:\/\/activespirits.net\/","name":"activespirits.net","description":"ActiveSpirits - Shai Tubali&#039;s Online Campus","potentialAction":[{"@type":"SearchAction","target":{"@type":"EntryPoint","urlTemplate":"https:\/\/activespirits.net\/?s={search_term_string}"},"query-input":{"@type":"PropertyValueSpecification","valueRequired":true,"valueName":"search_term_string"}}],"inLanguage":"de"}]}},"_links":{"self":[{"href":"https:\/\/activespirits.net\/de\/wp-json\/wp\/v2\/pages\/5002","targetHints":{"allow":["GET"]}}],"collection":[{"href":"https:\/\/activespirits.net\/de\/wp-json\/wp\/v2\/pages"}],"about":[{"href":"https:\/\/activespirits.net\/de\/wp-json\/wp\/v2\/types\/page"}],"author":[{"embeddable":true,"href":"https:\/\/activespirits.net\/de\/wp-json\/wp\/v2\/users\/1"}],"replies":[{"embeddable":true,"href":"https:\/\/activespirits.net\/de\/wp-json\/wp\/v2\/comments?post=5002"}],"version-history":[{"count":4,"href":"https:\/\/activespirits.net\/de\/wp-json\/wp\/v2\/pages\/5002\/revisions"}],"predecessor-version":[{"id":5010,"href":"https:\/\/activespirits.net\/de\/wp-json\/wp\/v2\/pages\/5002\/revisions\/5010"}],"up":[{"embeddable":true,"href":"https:\/\/activespirits.net\/de\/wp-json\/wp\/v2\/pages\/894"}],"wp:featuredmedia":[{"embeddable":true,"href":"https:\/\/activespirits.net\/de\/wp-json\/wp\/v2\/media\/5008"}],"wp:attachment":[{"href":"https:\/\/activespirits.net\/de\/wp-json\/wp\/v2\/media?parent=5002"}],"curies":[{"name":"wp","href":"https:\/\/api.w.org\/{rel}","templated":true}]}}