{"id":5068,"date":"2021-03-13T21:01:31","date_gmt":"2021-03-13T20:01:31","guid":{"rendered":"https:\/\/activespirits.net\/?page_id=5068"},"modified":"2021-03-14T09:36:24","modified_gmt":"2021-03-14T08:36:24","slug":"vase-atmung-einleitung","status":"publish","type":"page","link":"https:\/\/activespirits.net\/de\/vase-atmung-einleitung\/","title":{"rendered":"Einleitung zur Vasen-Atmung"},"content":{"rendered":"\n[et_pb_section fb_built=&#8220;1&#8243; inner_shadow=&#8220;on&#8220; admin_label=&#8220;Hero Section&#8220; _builder_version=&#8220;4.4.3&#8243; background_color=&#8220;rgba(0,0,0,0.38)&#8220; use_background_color_gradient=&#8220;on&#8220; background_color_gradient_start=&#8220;rgba(0,0,0,0.5)&#8220; background_color_gradient_end=&#8220;rgba(0,0,0,0)&#8220; background_color_gradient_overlays_image=&#8220;on&#8220; background_image=&#8220;https:\/\/we.activespirits.net\/wp-content\/uploads\/2020\/04\/rlm20-vase.jpg&#8220; background_blend=&#8220;darken&#8220; custom_margin=&#8220;|||&#8220; custom_padding=&#8220;26px||12.8%||false|false&#8220; mix_blend_mode=&#8220;darken&#8220;][et_pb_row _builder_version=&#8220;3.25&#8243; background_color=&#8220;rgba(0,0,0,0.12)&#8220; module_alignment=&#8220;center&#8220; custom_padding=&#8220;0|0px|0|0px|false|false&#8220;][et_pb_column type=&#8220;4_4&#8243; _builder_version=&#8220;3.25&#8243; custom_padding=&#8220;|||&#8220; custom_padding__hover=&#8220;|||&#8220;][et_pb_text _builder_version=&#8220;3.27.4&#8243; text_font=&#8220;||||||||&#8220; text_orientation=&#8220;center&#8220;]\n<div class=\"wpml-ls-statics-shortcode_actions wpml-ls wpml-ls-legacy-list-horizontal\">\n\t<ul role=\"menu\"><li class=\"wpml-ls-slot-shortcode_actions wpml-ls-item wpml-ls-item-en wpml-ls-first-item wpml-ls-last-item wpml-ls-item-legacy-list-horizontal\" role=\"none\">\n\t\t\t\t<a href=\"https:\/\/activespirits.net\/\" class=\"wpml-ls-link\" role=\"menuitem\"  aria-label=\"Zu Englisch wechseln\" title=\"Zu Englisch wechseln\" >\n                                                        <img decoding=\"async\"\n            class=\"wpml-ls-flag\"\n            src=\"https:\/\/activespirits.net\/wp-content\/plugins\/sitepress-multilingual-cms\/res\/flags\/en.png\"\n            alt=\"\"\n            width=18\n            height=12\n    \/><span class=\"wpml-ls-display\">Englisch<\/span><\/a>\n\t\t\t<\/li><\/ul>\n<\/div>\n\r[\/et_pb_text][\/et_pb_column][\/et_pb_row][et_pb_row column_structure=&#8220;1_2,1_2&#8243; _builder_version=&#8220;3.25&#8243; background_size=&#8220;initial&#8220; background_position=&#8220;top_left&#8220; background_repeat=&#8220;repeat&#8220; custom_padding=&#8220;88px|0px|24px|0px|false|false&#8220;][et_pb_column type=&#8220;1_2&#8243; _builder_version=&#8220;3.25&#8243; custom_padding=&#8220;|||&#8220; custom_padding__hover=&#8220;|||&#8220;][\/et_pb_column][et_pb_column type=&#8220;1_2&#8243; _builder_version=&#8220;3.25&#8243; custom_padding=&#8220;|||&#8220; custom_padding__hover=&#8220;|||&#8220;][et_pb_text admin_label=&#8220;Title&#8220; _builder_version=&#8220;4.9.2&#8243; text_font=&#8220;Josefin Sans||||||||&#8220; text_font_size=&#8220;30px&#8220; text_line_height=&#8220;1.4em&#8220; header_font=&#8220;Quattrocento|||on|||||&#8220; header_text_align=&#8220;center&#8220; header_font_size=&#8220;80px&#8220; header_letter_spacing=&#8220;6px&#8220; header_line_height=&#8220;1.4em&#8220; text_orientation=&#8220;center&#8220; background_layout=&#8220;dark&#8220; max_width=&#8220;800px&#8220; module_alignment=&#8220;center&#8220; animation_style=&#8220;slide&#8220; animation_direction=&#8220;top&#8220; animation_intensity_slide=&#8220;3%&#8220; animation_starting_opacity=&#8220;100%&#8220; hover_enabled=&#8220;0&#8243; header_font_size_tablet=&#8220;40px&#8220; header_font_size_phone=&#8220;&#8220; header_font_size_last_edited=&#8220;on|tablet&#8220; sticky_enabled=&#8220;0&#8243;]<em>kostenlose Gef\u00fchrte Meditation\n<\/em>\n<h2><span style=\"font-size: 50px;\"><strong>Vasen-Atmungs- Meditation<\/strong><\/span><\/h2>\n<span style=\"font-size: 50px;\"><strong><\/strong><\/span>\n\nDas Tor in die Gl\u00fcckseligkeit[\/et_pb_text][\/et_pb_column][\/et_pb_row][\/et_pb_section][et_pb_section fb_built=&#8220;1&#8243; admin_label=&#8220;Featured Collections Section&#8220; _builder_version=&#8220;3.22.3&#8243; background_image=&#8220;https:\/\/activespirits.net\/wp-content\/uploads\/2018\/08\/retreat-background-contact.jpg&#8220; background_position=&#8220;center_right&#8220; max_width=&#8220;80%&#8220; module_alignment=&#8220;center&#8220; custom_margin=&#8220;-6%|||&#8220; custom_padding=&#8220;24px||65px||false|false&#8220; animation_direction=&#8220;left&#8220; box_shadow_style=&#8220;preset3&#8243; box_shadow_vertical=&#8220;80px&#8220; box_shadow_blur=&#8220;120px&#8220; box_shadow_spread=&#8220;-60px&#8220; box_shadow_color=&#8220;rgba(63,63,31,0.3)&#8220; locked=&#8220;off&#8220;][et_pb_row _builder_version=&#8220;4.4.3&#8243;][et_pb_column type=&#8220;4_4&#8243; _builder_version=&#8220;4.4.3&#8243;][et_pb_text _builder_version=&#8220;4.9.2&#8243; _module_preset=&#8220;default&#8220; hover_enabled=&#8220;0&#8243; sticky_enabled=&#8220;0&#8243;]<h2>Der direkte Schl\u00fcssel zu gl\u00fcckseligen Bewusstseinszust\u00e4nden<\/h2>\n<h5><em>&#8211; Eine Einf\u00fchrung<\/em><\/h5>[\/et_pb_text][\/et_pb_column][\/et_pb_row][et_pb_row column_structure=&#8220;1_2,1_2&#8243; _builder_version=&#8220;3.25&#8243;][et_pb_column type=&#8220;1_2&#8243; _builder_version=&#8220;3.25&#8243; custom_padding=&#8220;|||&#8220; custom_padding__hover=&#8220;|||&#8220;][et_pb_text _builder_version=&#8220;4.9.2&#8243; hover_enabled=&#8220;0&#8243; sticky_enabled=&#8220;0&#8243;]<h3>\u00a0Audio &#8211; deutsch<\/h3>[\/et_pb_text][et_pb_audio audio=&#8220;https:\/\/we.activespirits.net\/wp-content\/audio\/RLM20-ShaiTubali-Vase-Intro-DE.mp3&#8243; title=&#8220;Vasenatmung: Einf\u00fchrung (DE)&#8220; artist_name=&#8220;Shai Tubali&#8220; image_url=&#8220;https:\/\/we.activespirits.net\/wp-content\/uploads\/2020\/04\/rlm20-vase.jpg&#8220; _builder_version=&#8220;4.4.3&#8243;][\/et_pb_audio][\/et_pb_column][et_pb_column type=&#8220;1_2&#8243; _builder_version=&#8220;3.25&#8243; custom_padding=&#8220;|||&#8220; custom_padding__hover=&#8220;|||&#8220;][et_pb_text _builder_version=&#8220;4.4.2&#8243; custom_padding=&#8220;0px|||||&#8220;]<h3>Audio &#8211; englisch<\/h3>[\/et_pb_text][et_pb_audio audio=&#8220;https:\/\/we.activespirits.net\/wp-content\/audio\/RLM20-ShaiTubali-Vase-Intro-EN.mp3&#8243; title=&#8220;Vase Breathing: Introduction (ENG)&#8220; artist_name=&#8220;Shai Tubali&#8220; image_url=&#8220;https:\/\/we.activespirits.net\/wp-content\/uploads\/2020\/04\/rlm20-vase.jpg&#8220; _builder_version=&#8220;4.4.3&#8243;][\/et_pb_audio][\/et_pb_column][\/et_pb_row][et_pb_row _builder_version=&#8220;4.9.2&#8243; _module_preset=&#8220;default&#8220; column_structure=&#8220;1_2,1_2&#8243;][et_pb_column _builder_version=&#8220;4.9.2&#8243; _module_preset=&#8220;default&#8220; type=&#8220;1_2&#8243;][et_pb_text _builder_version=&#8220;4.9.2&#8243; _module_preset=&#8220;default&#8220; hover_enabled=&#8220;0&#8243; sticky_enabled=&#8220;0&#8243;]<h2>Meistere deine inneren Energien<\/h2>\n<p>Das Erreichen von weiten und gl\u00fcckseligen Bewusstseinszust\u00e4nden gilt im Tantra als erster Schritt zur h\u00f6chsten Verwirklichung.<\/p>\n<p>Gl\u00fcckseligkeit ist nicht wie Gl\u00fcck, vielmehr ist es h\u00f6chstes Gl\u00fcck, weil es den eigenen inneren Energien entspringt. Es ist eigentlich das Gef\u00fchl und die Erkenntnis, dass man die Welt nicht mehr braucht, um gl\u00fccklich zu sein.<\/p>\n<p>Die Vasenatmung ist eine simple Technik, die dich direkt deine inneren Energien sammeln und so ausrichten l\u00e4sst, dass ein Erleben tiefer Stille, und schlie\u00dflich Gl\u00fcckseligkeit deine Meditationspraxis begleitet.<\/p>\n<p>Sichere dir jetzt deinen kostenlosen Zugang zur Vasenatmung und weitere wertvolle Inhalte aus der Welt der tantrischen Erleuchtung.<\/p>[\/et_pb_text][\/et_pb_column][et_pb_column _builder_version=&#8220;4.9.2&#8243; _module_preset=&#8220;default&#8220; type=&#8220;1_2&#8243;][et_pb_code _builder_version=&#8220;4.9.2&#8243; _module_preset=&#8220;default&#8220; hover_enabled=&#8220;0&#8243; sticky_enabled=&#8220;0&#8243;]<div class=\"_form_9\"><\/div><script src=\"https:\/\/activespirits.activehosted.com\/f\/embed.php?id=9\" type=\"text\/javascript\" charset=\"utf-8\"><\/script>[\/et_pb_code][\/et_pb_column][\/et_pb_row][\/et_pb_section][et_pb_section fb_built=&#8220;1&#8243; _builder_version=&#8220;3.22.3&#8243;][et_pb_row _builder_version=&#8220;3.25&#8243;][et_pb_column type=&#8220;4_4&#8243; _builder_version=&#8220;3.25&#8243; custom_padding=&#8220;|||&#8220; custom_padding__hover=&#8220;|||&#8220;][et_pb_text _builder_version=&#8220;3.27.4&#8243;]<p style=\"text-align: center;\"><a href=\"\/?page_id=7\">Impressum<\/a> | <a href=\"https:\/\/activespirits.net\/privacy-policy\/\">Privacy Policies<\/a><\/p>\r[\/et_pb_text][\/et_pb_column][\/et_pb_row][\/et_pb_section]\n<span class=\"et_bloom_bottom_trigger\"><\/span>","protected":false},"excerpt":{"rendered":"<p>\n<div class=\"wpml-ls-statics-shortcode_actions wpml-ls wpml-ls-legacy-list-horizontal\">\n\t<ul role=\"menu\"><li class=\"wpml-ls-slot-shortcode_actions wpml-ls-item wpml-ls-item-en wpml-ls-first-item wpml-ls-last-item wpml-ls-item-legacy-list-horizontal\" role=\"none\">\n\t\t\t\t<a href=\"https:\/\/activespirits.net\/\" class=\"wpml-ls-link\" role=\"menuitem\"  aria-label=\"Zu Englisch wechseln\" title=\"Zu Englisch wechseln\" >\n                                                        <img decoding=\"async\"\n            class=\"wpml-ls-flag\"\n            src=\"https:\/\/activespirits.net\/wp-content\/plugins\/sitepress-multilingual-cms\/res\/flags\/en.png\"\n            alt=\"\"\n            width=18\n            height=12\n    \/><span class=\"wpml-ls-display\">Englisch<\/span><\/a>\n\t\t\t<\/li><\/ul>\n<\/div>\n kostenlose Gef\u00fchrte Meditation Vasen-Atmungs- Meditation Das Tor in die Gl\u00fcckseligkeitDer direkte Schl\u00fcssel zu gl\u00fcckseligen Bewusstseinszust\u00e4nden &#8211; Eine Einf\u00fchrung\u00a0Audio &#8211; deutschAudio &#8211; englischMeistere deine inneren Energien Das Erreichen von weiten und gl\u00fcckseligen Bewusstseinszust\u00e4nden gilt im Tantra als erster Schritt zur h\u00f6chsten Verwirklichung. Gl\u00fcckseligkeit ist nicht wie Gl\u00fcck, vielmehr ist es h\u00f6chstes Gl\u00fcck, weil es den [&hellip;]<\/p>\n","protected":false},"author":1,"featured_media":4741,"parent":0,"menu_order":0,"comment_status":"closed","ping_status":"closed","template":"page-template-blank.php","meta":{"_et_pb_use_builder":"on","_et_pb_old_content":"","_et_gb_content_width":"","footnotes":""},"class_list":["post-5068","page","type-page","status-publish","has-post-thumbnail","hentry"],"yoast_head":"<!-- This site is optimized with the Yoast SEO plugin v27.0 - https:\/\/yoast.com\/product\/yoast-seo-wordpress\/ -->\n<title>Die Vasenmeditation - eine Einf\u00fchrung mit Shai Tubali<\/title>\n<meta name=\"description\" content=\"Die Vasenatmungs-Meditation ist ein direktes Tor zu gl\u00fcckseligen Erfahrungen in der Meditation. Sie kommt aus der Welt des inneren Feuers\" \/>\n<meta name=\"robots\" content=\"index, follow, max-snippet:-1, max-image-preview:large, max-video-preview:-1\" \/>\n<link rel=\"canonical\" href=\"https:\/\/activespirits.net\/vase-atmung-einleitung\/\" \/>\n<meta property=\"og:locale\" content=\"de_DE\" \/>\n<meta property=\"og:type\" content=\"article\" \/>\n<meta property=\"og:title\" content=\"Die Vasenmeditation - eine Einf\u00fchrung mit Shai Tubali\" \/>\n<meta property=\"og:description\" content=\"Die Vasenatmungs-Meditation ist ein direktes Tor zu gl\u00fcckseligen Erfahrungen in der Meditation. Sie kommt aus der Welt des inneren Feuers\" \/>\n<meta property=\"og:url\" content=\"https:\/\/activespirits.net\/vase-atmung-einleitung\/\" \/>\n<meta property=\"og:site_name\" content=\"activespirits.net\" \/>\n<meta property=\"article:modified_time\" content=\"2021-03-14T08:36:24+00:00\" \/>\n<meta property=\"og:image\" content=\"https:\/\/activespirits.net\/wp-content\/uploads\/2020\/04\/vase-breathing-pre-de.jpg\" \/>\n\t<meta property=\"og:image:width\" content=\"1200\" \/>\n\t<meta property=\"og:image:height\" content=\"630\" \/>\n\t<meta property=\"og:image:type\" content=\"image\/jpeg\" \/>\n<meta name=\"twitter:card\" content=\"summary_large_image\" \/>\n<meta name=\"twitter:label1\" content=\"Gesch\u00e4tzte Lesezeit\" \/>\n\t<meta name=\"twitter:data1\" content=\"2\u00a0Minuten\" \/>\n<script type=\"application\/ld+json\" class=\"yoast-schema-graph\">{\"@context\":\"https:\/\/schema.org\",\"@graph\":[{\"@type\":\"WebPage\",\"@id\":\"https:\/\/activespirits.net\/vase-atmung-einleitung\/\",\"url\":\"https:\/\/activespirits.net\/vase-atmung-einleitung\/\",\"name\":\"Die Vasenmeditation - eine Einf\u00fchrung mit Shai Tubali\",\"isPartOf\":{\"@id\":\"https:\/\/activespirits.net\/#website\"},\"primaryImageOfPage\":{\"@id\":\"https:\/\/activespirits.net\/vase-atmung-einleitung\/#primaryimage\"},\"image\":{\"@id\":\"https:\/\/activespirits.net\/vase-atmung-einleitung\/#primaryimage\"},\"thumbnailUrl\":\"https:\/\/activespirits.net\/wp-content\/uploads\/2020\/04\/vase-breathing-pre-de.jpg\",\"datePublished\":\"2021-03-13T20:01:31+00:00\",\"dateModified\":\"2021-03-14T08:36:24+00:00\",\"description\":\"Die Vasenatmungs-Meditation ist ein direktes Tor zu gl\u00fcckseligen Erfahrungen in der Meditation. Sie kommt aus der Welt des inneren Feuers\",\"breadcrumb\":{\"@id\":\"https:\/\/activespirits.net\/vase-atmung-einleitung\/#breadcrumb\"},\"inLanguage\":\"de\",\"potentialAction\":[{\"@type\":\"ReadAction\",\"target\":[\"https:\/\/activespirits.net\/vase-atmung-einleitung\/\"]}]},{\"@type\":\"ImageObject\",\"inLanguage\":\"de\",\"@id\":\"https:\/\/activespirits.net\/vase-atmung-einleitung\/#primaryimage\",\"url\":\"https:\/\/activespirits.net\/wp-content\/uploads\/2020\/04\/vase-breathing-pre-de.jpg\",\"contentUrl\":\"https:\/\/activespirits.net\/wp-content\/uploads\/2020\/04\/vase-breathing-pre-de.jpg\",\"width\":1200,\"height\":630},{\"@type\":\"BreadcrumbList\",\"@id\":\"https:\/\/activespirits.net\/vase-atmung-einleitung\/#breadcrumb\",\"itemListElement\":[{\"@type\":\"ListItem\",\"position\":1,\"name\":\"Startseite\",\"item\":\"https:\/\/activespirits.net\/de\/\"},{\"@type\":\"ListItem\",\"position\":2,\"name\":\"Einleitung zur Vasen-Atmung\"}]},{\"@type\":\"WebSite\",\"@id\":\"https:\/\/activespirits.net\/#website\",\"url\":\"https:\/\/activespirits.net\/\",\"name\":\"activespirits.net\",\"description\":\"ActiveSpirits - Shai Tubali&#039;s Online Campus\",\"potentialAction\":[{\"@type\":\"SearchAction\",\"target\":{\"@type\":\"EntryPoint\",\"urlTemplate\":\"https:\/\/activespirits.net\/?s={search_term_string}\"},\"query-input\":{\"@type\":\"PropertyValueSpecification\",\"valueRequired\":true,\"valueName\":\"search_term_string\"}}],\"inLanguage\":\"de\"}]}<\/script>\n<!-- \/ Yoast SEO plugin. -->","yoast_head_json":{"title":"Die Vasenmeditation - eine Einf\u00fchrung mit Shai Tubali","description":"Die Vasenatmungs-Meditation ist ein direktes Tor zu gl\u00fcckseligen Erfahrungen in der Meditation. Sie kommt aus der Welt des inneren Feuers","robots":{"index":"index","follow":"follow","max-snippet":"max-snippet:-1","max-image-preview":"max-image-preview:large","max-video-preview":"max-video-preview:-1"},"canonical":"https:\/\/activespirits.net\/vase-atmung-einleitung\/","og_locale":"de_DE","og_type":"article","og_title":"Die Vasenmeditation - eine Einf\u00fchrung mit Shai Tubali","og_description":"Die Vasenatmungs-Meditation ist ein direktes Tor zu gl\u00fcckseligen Erfahrungen in der Meditation. Sie kommt aus der Welt des inneren Feuers","og_url":"https:\/\/activespirits.net\/vase-atmung-einleitung\/","og_site_name":"activespirits.net","article_modified_time":"2021-03-14T08:36:24+00:00","og_image":[{"width":1200,"height":630,"url":"https:\/\/activespirits.net\/wp-content\/uploads\/2020\/04\/vase-breathing-pre-de.jpg","type":"image\/jpeg"}],"twitter_card":"summary_large_image","twitter_misc":{"Gesch\u00e4tzte Lesezeit":"2\u00a0Minuten"},"schema":{"@context":"https:\/\/schema.org","@graph":[{"@type":"WebPage","@id":"https:\/\/activespirits.net\/vase-atmung-einleitung\/","url":"https:\/\/activespirits.net\/vase-atmung-einleitung\/","name":"Die Vasenmeditation - eine Einf\u00fchrung mit Shai Tubali","isPartOf":{"@id":"https:\/\/activespirits.net\/#website"},"primaryImageOfPage":{"@id":"https:\/\/activespirits.net\/vase-atmung-einleitung\/#primaryimage"},"image":{"@id":"https:\/\/activespirits.net\/vase-atmung-einleitung\/#primaryimage"},"thumbnailUrl":"https:\/\/activespirits.net\/wp-content\/uploads\/2020\/04\/vase-breathing-pre-de.jpg","datePublished":"2021-03-13T20:01:31+00:00","dateModified":"2021-03-14T08:36:24+00:00","description":"Die Vasenatmungs-Meditation ist ein direktes Tor zu gl\u00fcckseligen Erfahrungen in der Meditation. Sie kommt aus der Welt des inneren Feuers","breadcrumb":{"@id":"https:\/\/activespirits.net\/vase-atmung-einleitung\/#breadcrumb"},"inLanguage":"de","potentialAction":[{"@type":"ReadAction","target":["https:\/\/activespirits.net\/vase-atmung-einleitung\/"]}]},{"@type":"ImageObject","inLanguage":"de","@id":"https:\/\/activespirits.net\/vase-atmung-einleitung\/#primaryimage","url":"https:\/\/activespirits.net\/wp-content\/uploads\/2020\/04\/vase-breathing-pre-de.jpg","contentUrl":"https:\/\/activespirits.net\/wp-content\/uploads\/2020\/04\/vase-breathing-pre-de.jpg","width":1200,"height":630},{"@type":"BreadcrumbList","@id":"https:\/\/activespirits.net\/vase-atmung-einleitung\/#breadcrumb","itemListElement":[{"@type":"ListItem","position":1,"name":"Startseite","item":"https:\/\/activespirits.net\/de\/"},{"@type":"ListItem","position":2,"name":"Einleitung zur Vasen-Atmung"}]},{"@type":"WebSite","@id":"https:\/\/activespirits.net\/#website","url":"https:\/\/activespirits.net\/","name":"activespirits.net","description":"ActiveSpirits - Shai Tubali&#039;s Online Campus","potentialAction":[{"@type":"SearchAction","target":{"@type":"EntryPoint","urlTemplate":"https:\/\/activespirits.net\/?s={search_term_string}"},"query-input":{"@type":"PropertyValueSpecification","valueRequired":true,"valueName":"search_term_string"}}],"inLanguage":"de"}]}},"_links":{"self":[{"href":"https:\/\/activespirits.net\/de\/wp-json\/wp\/v2\/pages\/5068","targetHints":{"allow":["GET"]}}],"collection":[{"href":"https:\/\/activespirits.net\/de\/wp-json\/wp\/v2\/pages"}],"about":[{"href":"https:\/\/activespirits.net\/de\/wp-json\/wp\/v2\/types\/page"}],"author":[{"embeddable":true,"href":"https:\/\/activespirits.net\/de\/wp-json\/wp\/v2\/users\/1"}],"replies":[{"embeddable":true,"href":"https:\/\/activespirits.net\/de\/wp-json\/wp\/v2\/comments?post=5068"}],"version-history":[{"count":9,"href":"https:\/\/activespirits.net\/de\/wp-json\/wp\/v2\/pages\/5068\/revisions"}],"predecessor-version":[{"id":5247,"href":"https:\/\/activespirits.net\/de\/wp-json\/wp\/v2\/pages\/5068\/revisions\/5247"}],"wp:featuredmedia":[{"embeddable":true,"href":"https:\/\/activespirits.net\/de\/wp-json\/wp\/v2\/media\/4741"}],"wp:attachment":[{"href":"https:\/\/activespirits.net\/de\/wp-json\/wp\/v2\/media?parent=5068"}],"curies":[{"name":"wp","href":"https:\/\/api.w.org\/{rel}","templated":true}]}}