{"id":5264,"date":"2021-03-22T16:49:25","date_gmt":"2021-03-22T15:49:25","guid":{"rendered":"https:\/\/activespirits.net\/?page_id=5264"},"modified":"2021-03-22T16:57:08","modified_gmt":"2021-03-22T15:57:08","slug":"lebensfarben-chakrenausrichtung-wir","status":"publish","type":"page","link":"https:\/\/activespirits.net\/de\/med\/lebensfarben-chakrenausrichtung-wir\/","title":{"rendered":"Die Farben des Lebens &#8211; Chakrenausrichtung &#8211; Wir"},"content":{"rendered":"<p>[et_pb_section fb_built=&#8220;1&#8243; inner_shadow=&#8220;on&#8220; admin_label=&#8220;Hero Section&#8220; _builder_version=&#8220;4.4.9&#8243; background_color=&#8220;rgba(0,0,0,0.38)&#8220; use_background_color_gradient=&#8220;on&#8220; background_color_gradient_start=&#8220;rgba(0,0,0,0.5)&#8220; background_color_gradient_end=&#8220;rgba(0,0,0,0)&#8220; background_color_gradient_overlays_image=&#8220;on&#8220; background_image=&#8220;https:\/\/we.activespirits.net\/wp-content\/uploads\/2018\/09\/day-20-colors-1.jpg&#8220; background_blend=&#8220;darken&#8220; custom_margin=&#8220;|||&#8220; custom_padding=&#8220;26px||12.8%||false|false&#8220; mix_blend_mode=&#8220;darken&#8220;][et_pb_row _builder_version=&#8220;3.25&#8243; background_color=&#8220;rgba(0,0,0,0.12)&#8220; module_alignment=&#8220;center&#8220; custom_padding=&#8220;0|0px|0|0px|false|false&#8220;][et_pb_column type=&#8220;4_4&#8243; _builder_version=&#8220;3.25&#8243; custom_padding=&#8220;|||&#8220; custom_padding__hover=&#8220;|||&#8220;][et_pb_text _builder_version=&#8220;3.27.4&#8243; text_font=&#8220;||||||||&#8220; text_orientation=&#8220;center&#8220;]\n<div class=\"wpml-ls-statics-shortcode_actions wpml-ls wpml-ls-legacy-list-horizontal\">\n\t<ul role=\"menu\"><li class=\"wpml-ls-slot-shortcode_actions wpml-ls-item wpml-ls-item-en wpml-ls-first-item wpml-ls-last-item wpml-ls-item-legacy-list-horizontal\" role=\"none\">\n\t\t\t\t<a href=\"https:\/\/activespirits.net\/\" class=\"wpml-ls-link\" role=\"menuitem\"  aria-label=\"Zu Englisch wechseln\" title=\"Zu Englisch wechseln\" >\n                                                        <img decoding=\"async\"\n            class=\"wpml-ls-flag\"\n            src=\"https:\/\/activespirits.net\/wp-content\/plugins\/sitepress-multilingual-cms\/res\/flags\/en.png\"\n            alt=\"\"\n            width=18\n            height=12\n    \/><span class=\"wpml-ls-display\">Englisch<\/span><\/a>\n\t\t\t<\/li><\/ul>\n<\/div>\n<br \/>\n[\/et_pb_text][\/et_pb_column][\/et_pb_row][et_pb_row _builder_version=&#8220;3.25&#8243; background_size=&#8220;initial&#8220; background_position=&#8220;top_left&#8220; background_repeat=&#8220;repeat&#8220; custom_padding=&#8220;88px|0px|24px|0px|false|false&#8220;][et_pb_column type=&#8220;4_4&#8243; _builder_version=&#8220;3.25&#8243; custom_padding=&#8220;|||&#8220; custom_padding__hover=&#8220;|||&#8220;][et_pb_text admin_label=&#8220;Title&#8220; _builder_version=&#8220;3.27.4&#8243; text_font=&#8220;Quattrocento||||||||&#8220; text_font_size=&#8220;22px&#8220; text_line_height=&#8220;1.4em&#8220; header_font=&#8220;Quattrocento|||on|||||&#8220; header_text_align=&#8220;center&#8220; header_font_size=&#8220;80px&#8220; header_letter_spacing=&#8220;6px&#8220; header_line_height=&#8220;1.4em&#8220; text_orientation=&#8220;center&#8220; background_layout=&#8220;dark&#8220; max_width=&#8220;800px&#8220; module_alignment=&#8220;center&#8220; animation_style=&#8220;slide&#8220; animation_direction=&#8220;top&#8220; animation_intensity_slide=&#8220;3%&#8220; animation_starting_opacity=&#8220;100%&#8220; header_font_size_tablet=&#8220;40px&#8220; header_font_size_phone=&#8220;&#8220; header_font_size_last_edited=&#8220;on|tablet&#8220;]<\/p>\n<h2><span style=\"font-size: 50px;\"><strong>Die Farben <\/strong><\/span><\/h2>\n<h2><span style=\"font-size: 50px;\"><strong>des Lebens<\/strong><\/span><span style=\"font-size: 50px;\"><strong><\/strong><\/span><\/h2>\n<p>[\/et_pb_text][\/et_pb_column][\/et_pb_row][\/et_pb_section][et_pb_section fb_built=&#8220;1&#8243; admin_label=&#8220;Featured Collections Section&#8220; _builder_version=&#8220;3.22.3&#8243; background_image=&#8220;https:\/\/activespirits.net\/wp-content\/uploads\/2018\/08\/retreat-background-contact.jpg&#8220; background_position=&#8220;center_right&#8220; max_width=&#8220;80%&#8220; module_alignment=&#8220;center&#8220; custom_margin=&#8220;-6%|||&#8220; custom_padding=&#8220;24px||65px||false|false&#8220; animation_direction=&#8220;left&#8220; box_shadow_style=&#8220;preset3&#8243; box_shadow_vertical=&#8220;80px&#8220; box_shadow_blur=&#8220;120px&#8220; box_shadow_spread=&#8220;-60px&#8220; box_shadow_color=&#8220;rgba(63,63,31,0.3)&#8220; locked=&#8220;off&#8220;][et_pb_row column_structure=&#8220;1_2,1_2&#8243; _builder_version=&#8220;3.25&#8243;][et_pb_column type=&#8220;1_2&#8243; _builder_version=&#8220;3.25&#8243; custom_padding=&#8220;|||&#8220; custom_padding__hover=&#8220;|||&#8220;][et_pb_audio audio=&#8220;https:\/\/we.activespirits.net\/wp-content\/uploads\/2018\/09\/21CA-Tag-20-Chakrenausrichtung-DE-Shai-Tubali-uebersetzt-von-Philipp-Ritzler.mp3&#8243; title=&#8220;Chakren-Ausrichtung (Deutsch)&#8220; artist_name=&#8220;Shai Tubali&#8220; image_url=&#8220;https:\/\/activespirits.net\/wp-content\/uploads\/2020\/03\/meditation-sunset.jpg&#8220; _builder_version=&#8220;4.4.9&#8243;][\/et_pb_audio][\/et_pb_column][et_pb_column type=&#8220;1_2&#8243; _builder_version=&#8220;3.25&#8243; custom_padding=&#8220;|||&#8220; custom_padding__hover=&#8220;|||&#8220;][et_pb_audio audio=&#8220;https:\/\/we.activespirits.net\/wp-content\/uploads\/2018\/09\/21CA-Day-20-Chakra-Alignment-EN-Shai-Tubali.mp3&#8243; title=&#8220;Chakra Alignment (English)&#8220; artist_name=&#8220;Shai Tubali&#8220; image_url=&#8220;https:\/\/activespirits.net\/wp-content\/uploads\/2020\/03\/meditation-sunset.jpg&#8220; _builder_version=&#8220;4.4.9&#8243;][\/et_pb_audio][\/et_pb_column][\/et_pb_row][et_pb_row _builder_version=&#8220;3.25&#8243; custom_padding=&#8220;95px|53px|93px|65px|false|false&#8220;][et_pb_column type=&#8220;4_4&#8243; _builder_version=&#8220;3.25&#8243; custom_padding=&#8220;|||&#8220; custom_padding__hover=&#8220;|||&#8220;][et_pb_comments show_count=&#8220;off&#8220; _builder_version=&#8220;3.16&#8243; body_font=&#8220;||||||||&#8220; button_text_size__hover_enabled=&#8220;off&#8220; button_one_text_size__hover_enabled=&#8220;off&#8220; button_two_text_size__hover_enabled=&#8220;off&#8220; button_text_color__hover_enabled=&#8220;off&#8220; button_one_text_color__hover_enabled=&#8220;off&#8220; button_two_text_color__hover_enabled=&#8220;off&#8220; button_border_width__hover_enabled=&#8220;off&#8220; button_one_border_width__hover_enabled=&#8220;off&#8220; button_two_border_width__hover_enabled=&#8220;off&#8220; button_border_color__hover_enabled=&#8220;off&#8220; button_one_border_color__hover_enabled=&#8220;off&#8220; button_two_border_color__hover_enabled=&#8220;off&#8220; button_border_radius__hover_enabled=&#8220;off&#8220; button_one_border_radius__hover_enabled=&#8220;off&#8220; button_two_border_radius__hover_enabled=&#8220;off&#8220; button_letter_spacing__hover_enabled=&#8220;off&#8220; button_one_letter_spacing__hover_enabled=&#8220;off&#8220; button_two_letter_spacing__hover_enabled=&#8220;off&#8220; button_bg_color__hover_enabled=&#8220;off&#8220; button_one_bg_color__hover_enabled=&#8220;off&#8220; button_two_bg_color__hover_enabled=&#8220;off&#8220;][\/et_pb_comments][et_pb_divider color=&#8220;#e09900&#8243; divider_position=&#8220;center&#8220; divider_weight=&#8220;3px&#8220; _builder_version=&#8220;3.23.4&#8243; max_width=&#8220;77%&#8220; module_alignment=&#8220;center&#8220; height=&#8220;0px&#8220;][\/et_pb_divider][et_pb_text _builder_version=&#8220;4.0.4&#8243; custom_padding=&#8220;||35px|&#8220;]<\/p>\n<h1 style=\"text-align: center;\">Die Schule der Meditation<\/h1>\n<p>&nbsp;<\/p>\n<p><span style=\"text-decoration: underline;\"><strong><em>In der kommenden \u201eSchule der Meditation\u201c\u00a0<\/em><\/strong><\/span><\/p>\n<p>tauchst du \u00fcber einen Zeitraum von acht Monaten schrittweise immer tiefer in die Geheimnisse wahrer Meditation ein. Wir werden die verschiedenen Bewusstseinszentren und meditative Zust\u00e4nde in der Tiefe erforschen und kennenlernen &#8211; ebenso wie das h\u00f6chste Potential wahrer Meditation.<\/p>\n<p>Denn schlie\u00dflich gilt Meditation als K\u00f6nigsweg zum spirituellen Erwachen, zu tiefer innerer Transformation.<\/p>\n<p>Wir werden die subtilen, energetischen Prozesse kennenlernen und das Wissen mit energetischen Krisen umzugehen. Und nat\u00fcrlich unterschiedlichste Meditationstechniken \u2013 und das Wissen, wie jede Meditation f\u00fcr einen anderen Zweck verwendet werden kann.<\/p>\n<p>Als Online-Programm, gibt dir diese Schule auf der einen Seite eine gro\u00dfe zeitliche Flexibilit\u00e4t. Und auf der anderen Seite wirst du von unseren Mentoren begleitet und kannst per Email und im Forum fragen stellen.<\/p>\n<p>Bis zum 26.3.2021 kannst du noch mit dem Challenge-Rabatt von 100\u20ac dabei sein.<\/p>\n<p>&nbsp;<\/p>\n<p>&nbsp;<\/p>\n<p>[\/et_pb_text][et_pb_button button_url=&#8220;https:\/\/shaitubali.com\/de\/schule-der-meditation\/&#8220; button_text=&#8220;Mehr \u00fcber die Schule der Meditation erfahren&#8220; button_alignment=&#8220;center&#8220; _builder_version=&#8220;4.9.2&#8243; custom_button=&#8220;on&#8220; button_bg_color=&#8220;#E47830&#8243; button_border_width=&#8220;0px&#8220; button_font=&#8220;|600|||||||&#8220; button_on_hover=&#8220;off&#8220; background_layout=&#8220;dark&#8220; custom_margin=&#8220;23px|||&#8220; custom_padding=&#8220;15px||15px|&#8220; hover_enabled=&#8220;0&#8243; box_shadow_style=&#8220;preset1&#8243; button_text_size__hover_enabled=&#8220;off&#8220; button_one_text_size__hover_enabled=&#8220;off&#8220; button_two_text_size__hover_enabled=&#8220;off&#8220; button_text_color__hover_enabled=&#8220;off&#8220; button_one_text_color__hover_enabled=&#8220;off&#8220; button_two_text_color__hover_enabled=&#8220;off&#8220; button_border_width__hover_enabled=&#8220;off&#8220; button_one_border_width__hover_enabled=&#8220;off&#8220; button_two_border_width__hover_enabled=&#8220;off&#8220; button_border_color__hover_enabled=&#8220;off&#8220; button_one_border_color__hover_enabled=&#8220;off&#8220; button_two_border_color__hover_enabled=&#8220;off&#8220; button_border_radius__hover_enabled=&#8220;off&#8220; button_one_border_radius__hover_enabled=&#8220;off&#8220; button_two_border_radius__hover_enabled=&#8220;off&#8220; button_letter_spacing__hover_enabled=&#8220;off&#8220; button_one_letter_spacing__hover_enabled=&#8220;off&#8220; button_two_letter_spacing__hover_enabled=&#8220;off&#8220; button_bg_color__hover_enabled=&#8220;off&#8220; button_one_bg_color__hover_enabled=&#8220;off&#8220; button_two_bg_color__hover_enabled=&#8220;off&#8220; sticky_enabled=&#8220;0&#8243;][\/et_pb_button][\/et_pb_column][\/et_pb_row][\/et_pb_section][et_pb_section fb_built=&#8220;1&#8243; _builder_version=&#8220;3.22.3&#8243;][et_pb_row _builder_version=&#8220;3.25&#8243;][et_pb_column type=&#8220;4_4&#8243; _builder_version=&#8220;3.25&#8243; custom_padding=&#8220;|||&#8220; custom_padding__hover=&#8220;|||&#8220;][et_pb_text _builder_version=&#8220;3.27.4&#8243;]<\/p>\n<p style=\"text-align: center;\"><a href=\"\/?page_id=7\">Impressum<\/a> | <a href=\"https:\/\/activespirits.net\/privacy-policy\/\">Privacy Policies<\/a><\/p>\n<p>[\/et_pb_text][\/et_pb_column][\/et_pb_row][\/et_pb_section]<\/p>\n<span class=\"et_bloom_bottom_trigger\"><\/span>","protected":false},"excerpt":{"rendered":"<p>\n<div class=\"wpml-ls-statics-shortcode_actions wpml-ls wpml-ls-legacy-list-horizontal\">\n\t<ul role=\"menu\"><li class=\"wpml-ls-slot-shortcode_actions wpml-ls-item wpml-ls-item-en wpml-ls-first-item wpml-ls-last-item wpml-ls-item-legacy-list-horizontal\" role=\"none\">\n\t\t\t\t<a href=\"https:\/\/activespirits.net\/\" class=\"wpml-ls-link\" role=\"menuitem\"  aria-label=\"Zu Englisch wechseln\" title=\"Zu Englisch wechseln\" >\n                                                        <img decoding=\"async\"\n            class=\"wpml-ls-flag\"\n            src=\"https:\/\/activespirits.net\/wp-content\/plugins\/sitepress-multilingual-cms\/res\/flags\/en.png\"\n            alt=\"\"\n            width=18\n            height=12\n    \/><span class=\"wpml-ls-display\">Englisch<\/span><\/a>\n\t\t\t<\/li><\/ul>\n<\/div>\n Die Farben des LebensDie Schule der Meditation &nbsp; In der kommenden \u201eSchule der Meditation\u201c\u00a0 tauchst du \u00fcber einen Zeitraum von acht Monaten schrittweise immer tiefer in die Geheimnisse wahrer Meditation ein. Wir werden die verschiedenen Bewusstseinszentren und meditative Zust\u00e4nde in der Tiefe erforschen und kennenlernen &#8211; ebenso wie das h\u00f6chste Potential wahrer Meditation. Denn [&hellip;]<\/p>\n","protected":false},"author":1,"featured_media":0,"parent":896,"menu_order":0,"comment_status":"closed","ping_status":"closed","template":"page-template-blank.php","meta":{"_et_pb_use_builder":"on","_et_pb_old_content":"","_et_gb_content_width":"","footnotes":""},"class_list":["post-5264","page","type-page","status-publish","hentry"],"yoast_head":"<!-- This site is optimized with the Yoast SEO plugin v27.0 - https:\/\/yoast.com\/product\/yoast-seo-wordpress\/ -->\n<title>Die Farben des Lebens - Chakrenausrichtung - Wir - activespirits.net<\/title>\n<meta name=\"robots\" content=\"index, follow, max-snippet:-1, max-image-preview:large, max-video-preview:-1\" \/>\n<link rel=\"canonical\" href=\"https:\/\/activespirits.net\/med\/lebensfarben-chakrenausrichtung-wir\/\" \/>\n<meta property=\"og:locale\" content=\"de_DE\" \/>\n<meta property=\"og:type\" content=\"article\" \/>\n<meta property=\"og:title\" content=\"Die Farben des Lebens - Chakrenausrichtung - Wir - activespirits.net\" \/>\n<meta property=\"og:description\" content=\"Es fehlt nur noch ein kleiner Schritt Du bekommst in K\u00fcrze eine Best\u00e4tigungsmail mit einem Link darin. Bitte unbedingt auf diesen Link klicken! So best\u00e4tigst du, dass deine E-Mail Adresse echt ist. Und wir gehen sicher, dass wir nur E-Mails versenden, die wirklich erw\u00fcnscht und relevant sind. Sobald deine E-Mail Adresse best\u00e4tigt ist, erh\u00e4ltst du [&hellip;]\" \/>\n<meta property=\"og:url\" content=\"https:\/\/activespirits.net\/med\/lebensfarben-chakrenausrichtung-wir\/\" \/>\n<meta property=\"og:site_name\" content=\"activespirits.net\" \/>\n<meta property=\"article:modified_time\" content=\"2021-03-22T15:57:08+00:00\" \/>\n<meta name=\"twitter:card\" content=\"summary_large_image\" \/>\n<script type=\"application\/ld+json\" class=\"yoast-schema-graph\">{\"@context\":\"https:\/\/schema.org\",\"@graph\":[{\"@type\":\"WebPage\",\"@id\":\"https:\/\/activespirits.net\/med\/lebensfarben-chakrenausrichtung-wir\/\",\"url\":\"https:\/\/activespirits.net\/med\/lebensfarben-chakrenausrichtung-wir\/\",\"name\":\"Die Farben des Lebens - Chakrenausrichtung - Wir - activespirits.net\",\"isPartOf\":{\"@id\":\"https:\/\/activespirits.net\/#website\"},\"datePublished\":\"2021-03-22T15:49:25+00:00\",\"dateModified\":\"2021-03-22T15:57:08+00:00\",\"breadcrumb\":{\"@id\":\"https:\/\/activespirits.net\/med\/lebensfarben-chakrenausrichtung-wir\/#breadcrumb\"},\"inLanguage\":\"de\",\"potentialAction\":[{\"@type\":\"ReadAction\",\"target\":[\"https:\/\/activespirits.net\/med\/lebensfarben-chakrenausrichtung-wir\/\"]}]},{\"@type\":\"BreadcrumbList\",\"@id\":\"https:\/\/activespirits.net\/med\/lebensfarben-chakrenausrichtung-wir\/#breadcrumb\",\"itemListElement\":[{\"@type\":\"ListItem\",\"position\":1,\"name\":\"Startseite\",\"item\":\"https:\/\/activespirits.net\/de\/\"},{\"@type\":\"ListItem\",\"position\":2,\"name\":\"med\",\"item\":\"https:\/\/activespirits.net\/med\/\"},{\"@type\":\"ListItem\",\"position\":3,\"name\":\"Die Farben des Lebens &#8211; Chakrenausrichtung &#8211; Wir\"}]},{\"@type\":\"WebSite\",\"@id\":\"https:\/\/activespirits.net\/#website\",\"url\":\"https:\/\/activespirits.net\/\",\"name\":\"activespirits.net\",\"description\":\"ActiveSpirits - Shai Tubali&#039;s Online Campus\",\"potentialAction\":[{\"@type\":\"SearchAction\",\"target\":{\"@type\":\"EntryPoint\",\"urlTemplate\":\"https:\/\/activespirits.net\/?s={search_term_string}\"},\"query-input\":{\"@type\":\"PropertyValueSpecification\",\"valueRequired\":true,\"valueName\":\"search_term_string\"}}],\"inLanguage\":\"de\"}]}<\/script>\n<!-- \/ Yoast SEO plugin. -->","yoast_head_json":{"title":"Die Farben des Lebens - Chakrenausrichtung - Wir - activespirits.net","robots":{"index":"index","follow":"follow","max-snippet":"max-snippet:-1","max-image-preview":"max-image-preview:large","max-video-preview":"max-video-preview:-1"},"canonical":"https:\/\/activespirits.net\/med\/lebensfarben-chakrenausrichtung-wir\/","og_locale":"de_DE","og_type":"article","og_title":"Die Farben des Lebens - Chakrenausrichtung - Wir - activespirits.net","og_description":"Es fehlt nur noch ein kleiner Schritt Du bekommst in K\u00fcrze eine Best\u00e4tigungsmail mit einem Link darin. Bitte unbedingt auf diesen Link klicken! So best\u00e4tigst du, dass deine E-Mail Adresse echt ist. Und wir gehen sicher, dass wir nur E-Mails versenden, die wirklich erw\u00fcnscht und relevant sind. Sobald deine E-Mail Adresse best\u00e4tigt ist, erh\u00e4ltst du [&hellip;]","og_url":"https:\/\/activespirits.net\/med\/lebensfarben-chakrenausrichtung-wir\/","og_site_name":"activespirits.net","article_modified_time":"2021-03-22T15:57:08+00:00","twitter_card":"summary_large_image","schema":{"@context":"https:\/\/schema.org","@graph":[{"@type":"WebPage","@id":"https:\/\/activespirits.net\/med\/lebensfarben-chakrenausrichtung-wir\/","url":"https:\/\/activespirits.net\/med\/lebensfarben-chakrenausrichtung-wir\/","name":"Die Farben des Lebens - Chakrenausrichtung - Wir - activespirits.net","isPartOf":{"@id":"https:\/\/activespirits.net\/#website"},"datePublished":"2021-03-22T15:49:25+00:00","dateModified":"2021-03-22T15:57:08+00:00","breadcrumb":{"@id":"https:\/\/activespirits.net\/med\/lebensfarben-chakrenausrichtung-wir\/#breadcrumb"},"inLanguage":"de","potentialAction":[{"@type":"ReadAction","target":["https:\/\/activespirits.net\/med\/lebensfarben-chakrenausrichtung-wir\/"]}]},{"@type":"BreadcrumbList","@id":"https:\/\/activespirits.net\/med\/lebensfarben-chakrenausrichtung-wir\/#breadcrumb","itemListElement":[{"@type":"ListItem","position":1,"name":"Startseite","item":"https:\/\/activespirits.net\/de\/"},{"@type":"ListItem","position":2,"name":"med","item":"https:\/\/activespirits.net\/med\/"},{"@type":"ListItem","position":3,"name":"Die Farben des Lebens &#8211; Chakrenausrichtung &#8211; Wir"}]},{"@type":"WebSite","@id":"https:\/\/activespirits.net\/#website","url":"https:\/\/activespirits.net\/","name":"activespirits.net","description":"ActiveSpirits - Shai Tubali&#039;s Online Campus","potentialAction":[{"@type":"SearchAction","target":{"@type":"EntryPoint","urlTemplate":"https:\/\/activespirits.net\/?s={search_term_string}"},"query-input":{"@type":"PropertyValueSpecification","valueRequired":true,"valueName":"search_term_string"}}],"inLanguage":"de"}]}},"_links":{"self":[{"href":"https:\/\/activespirits.net\/de\/wp-json\/wp\/v2\/pages\/5264","targetHints":{"allow":["GET"]}}],"collection":[{"href":"https:\/\/activespirits.net\/de\/wp-json\/wp\/v2\/pages"}],"about":[{"href":"https:\/\/activespirits.net\/de\/wp-json\/wp\/v2\/types\/page"}],"author":[{"embeddable":true,"href":"https:\/\/activespirits.net\/de\/wp-json\/wp\/v2\/users\/1"}],"replies":[{"embeddable":true,"href":"https:\/\/activespirits.net\/de\/wp-json\/wp\/v2\/comments?post=5264"}],"version-history":[{"count":2,"href":"https:\/\/activespirits.net\/de\/wp-json\/wp\/v2\/pages\/5264\/revisions"}],"predecessor-version":[{"id":5270,"href":"https:\/\/activespirits.net\/de\/wp-json\/wp\/v2\/pages\/5264\/revisions\/5270"}],"up":[{"embeddable":true,"href":"https:\/\/activespirits.net\/de\/wp-json\/wp\/v2\/pages\/896"}],"wp:attachment":[{"href":"https:\/\/activespirits.net\/de\/wp-json\/wp\/v2\/media?parent=5264"}],"curies":[{"name":"wp","href":"https:\/\/api.w.org\/{rel}","templated":true}]}}