{"id":5713,"date":"2021-06-05T13:41:49","date_gmt":"2021-06-05T11:41:49","guid":{"rendered":"https:\/\/activespirits.net\/?page_id=5713"},"modified":"2021-06-05T13:47:40","modified_gmt":"2021-06-05T11:47:40","slug":"goettliches-herz-optin","status":"publish","type":"page","link":"https:\/\/activespirits.net\/de\/goettliches-herz-optin\/","title":{"rendered":"G\u00f6ttliches Herz Optin"},"content":{"rendered":"<p>[et_pb_section fb_built=&#8220;1&#8243; _builder_version=&#8220;4.9.4&#8243; _module_preset=&#8220;default&#8220; background_image=&#8220;https:\/\/activespirits.net\/wp-content\/uploads\/2021\/04\/rt_background-footer.jpg&#8220; custom_margin=&#8220;0px||0px||false|false&#8220; custom_padding=&#8220;10px||10px||false|false&#8220; hover_enabled=&#8220;0&#8243; title_text=&#8220;rt_background-footer&#8220; sticky_enabled=&#8220;0&#8243;][et_pb_row _builder_version=&#8220;4.9.0&#8243; _module_preset=&#8220;default&#8220; custom_margin=&#8220;0px||0px||false|false&#8220; custom_padding=&#8220;0px||0px||false|false&#8220;][et_pb_column type=&#8220;4_4&#8243; _builder_version=&#8220;4.9.0&#8243; _module_preset=&#8220;default&#8220;][et_pb_image src=&#8220;https:\/\/activespirits.net\/wp-content\/uploads\/2021\/04\/logo-footer-3.png&#8220; alt=&#8220;Inner Fire Meditation Logo&#8220; title_text=&#8220;logo-footer-3&#8243; _builder_version=&#8220;4.9.4&#8243; _module_preset=&#8220;default&#8220; width=&#8220;21%&#8220; module_alignment=&#8220;center&#8220; custom_margin=&#8220;0px||0px||false|false&#8220; custom_padding=&#8220;0px||0px||false|false&#8220; hover_enabled=&#8220;0&#8243; sticky_enabled=&#8220;0&#8243;][\/et_pb_image][\/et_pb_column][\/et_pb_row][\/et_pb_section][et_pb_section fb_built=&#8220;1&#8243; _builder_version=&#8220;4.9.4&#8243; _module_preset=&#8220;default&#8220; background_image=&#8220;https:\/\/shaitubali.com\/wp-content\/uploads\/2021\/04\/cloud-background-citation-3.jpg&#8220; custom_padding=&#8220;||25px|||&#8220; hover_enabled=&#8220;0&#8243; sticky_enabled=&#8220;0&#8243;][et_pb_row column_structure=&#8220;1_5,3_5,1_5&#8243; _builder_version=&#8220;4.9.0&#8243; _module_preset=&#8220;default&#8220;][et_pb_column type=&#8220;1_5&#8243; _builder_version=&#8220;4.9.0&#8243; _module_preset=&#8220;default&#8220;][\/et_pb_column][et_pb_column type=&#8220;3_5&#8243; _builder_version=&#8220;4.9.0&#8243; _module_preset=&#8220;default&#8220;][et_pb_text _builder_version=&#8220;4.9.0&#8243; _module_preset=&#8220;default&#8220; header_font=&#8220;|600|||||||&#8220; header_text_color=&#8220;#cc4e1f&#8220; header_line_height=&#8220;1.5em&#8220; header_2_font=&#8220;Oswald||||||||&#8220; header_2_text_color=&#8220;#54392c&#8220; header_2_line_height=&#8220;1.3em&#8220; custom_padding=&#8220;38px|||||&#8220;]<\/p>\n<h1 style=\"text-align: center;\">Ein letzter Schritt fehlt<\/h1>\n<h2 style=\"text-align: center;\">WIR HABEN DIR SOEBEN EINE BEST\u00c4TIGUNGSEMAIL MIT EINEM LINK GESCHICKT<\/h2>\n<p style=\"text-align: center;\"><strong>BITTE KLICKE AUF DIESEN LINK UM DEINE EMAIL-ADRESSE ZU <span style=\"text-decoration: underline;\">BEST\u00c4GIGEN<\/span>!<\/strong><\/p>\n<p>[\/et_pb_text][\/et_pb_column][et_pb_column type=&#8220;1_5&#8243; _builder_version=&#8220;4.9.0&#8243; _module_preset=&#8220;default&#8220;][\/et_pb_column][\/et_pb_row][\/et_pb_section][et_pb_section fb_built=&#8220;1&#8243; _builder_version=&#8220;4.9.0&#8243; _module_preset=&#8220;default&#8220;][et_pb_row column_structure=&#8220;1_5,3_5,1_5&#8243; _builder_version=&#8220;4.9.0&#8243; _module_preset=&#8220;default&#8220;][et_pb_column type=&#8220;1_5&#8243; _builder_version=&#8220;4.9.0&#8243; _module_preset=&#8220;default&#8220;][\/et_pb_column][et_pb_column type=&#8220;3_5&#8243; _builder_version=&#8220;4.9.0&#8243; _module_preset=&#8220;default&#8220;][et_pb_text _builder_version=&#8220;4.9.0&#8243; _module_preset=&#8220;default&#8220;]<\/p>\n<p>Damit best\u00e4tigst Du, dass Deine E-Mail-Adresse echt ist. Und wir k\u00f6nnen sicherstellen, dass wir nur E-Mails versenden, die wirklich relevant sind.<\/p>\n<p>Sobald deine E-Mail-Adresse best\u00e4tigt ist, werden wir dir deine erste kostenlose Ressource schicken. Wir freuen uns darauf, diese Reise mit dir zu beginnen \ud83d\ude42<\/p>\n<p>Also \u00fcberpr\u00fcfe bitte jetzt deinen Posteingang und dann sehen wir uns auf der anderen Seite!<span class=\"tlid-translation translation\" lang=\"en\"><span title=\"\"><\/span><\/span>\u00a0<\/p>\n<p><span class=\"tlid-translation translation\" lang=\"en\"><span title=\"\"><\/span><\/span><\/p>\n<p>Herzlichst,<span class=\"tlid-translation translation\" lang=\"en\"><span title=\"\"><\/span><\/span><\/p>\n<p>Carlos<\/p>\n<p><em>(Online Team Shai Tubali)<\/em><\/p>\n<p>&nbsp;<\/p>\n<p><strong><em>P.S.<\/em><\/strong><\/p>\n<p><em style=\"font-size: 15px;\"><\/em><\/p>\n<p><em>Wenn du in den n\u00e4chsten 5 Minuten keine E-Mail bekommst, kontrolliere bitte auch deinen Spam-Ordner &#8211; manchmal gehen E-Mails dort verloren.<\/em><\/p>\n<p><em>Solltest du keine E-Mail erhalten, kontaktiere uns bitte: <strong>carlos@shaitubali.com<\/strong>.<\/em><\/p>\n<p>&nbsp;<\/p>\n<p>[\/et_pb_text][\/et_pb_column][et_pb_column type=&#8220;1_5&#8243; _builder_version=&#8220;4.9.0&#8243; _module_preset=&#8220;default&#8220;][\/et_pb_column][\/et_pb_row][\/et_pb_section][et_pb_section fb_built=&#8220;1&#8243; _builder_version=&#8220;4.9.4&#8243; _module_preset=&#8220;default&#8220; background_image=&#8220;https:\/\/activespirits.net\/wp-content\/uploads\/2021\/04\/rt_background-footer.jpg&#8220; hover_enabled=&#8220;0&#8243; title_text=&#8220;rt_background-footer&#8220; sticky_enabled=&#8220;0&#8243;][et_pb_row column_structure=&#8220;1_5,3_5,1_5&#8243; _builder_version=&#8220;4.9.0&#8243; _module_preset=&#8220;default&#8220;][et_pb_column type=&#8220;1_5&#8243; _builder_version=&#8220;4.9.0&#8243; _module_preset=&#8220;default&#8220;][\/et_pb_column][et_pb_column type=&#8220;3_5&#8243; _builder_version=&#8220;4.9.0&#8243; _module_preset=&#8220;default&#8220;][et_pb_text _builder_version=&#8220;4.9.0&#8243; _module_preset=&#8220;default&#8220;]<\/p>\n<p style=\"text-align: center;\"><strong><a href=\"\/imprint\">Imprint<\/a> | <a href=\"https:\/\/activespirits.net\/privacy-policy\/\">Privacy Policy<\/a>\u00a0| <a href=\"\/contact\">Contact<\/a><\/strong><\/p>\n<p>[\/et_pb_text][\/et_pb_column][et_pb_column type=&#8220;1_5&#8243; _builder_version=&#8220;4.9.0&#8243; _module_preset=&#8220;default&#8220;][\/et_pb_column][\/et_pb_row][\/et_pb_section]<\/p>\n<span class=\"et_bloom_bottom_trigger\"><\/span>","protected":false},"excerpt":{"rendered":"<p>Ein letzter Schritt fehlt WIR HABEN DIR SOEBEN EINE BEST\u00c4TIGUNGSEMAIL MIT EINEM LINK GESCHICKT BITTE KLICKE AUF DIESEN LINK UM DEINE EMAIL-ADRESSE ZU BEST\u00c4GIGEN!Damit best\u00e4tigst Du, dass Deine E-Mail-Adresse echt ist. Und wir k\u00f6nnen sicherstellen, dass wir nur E-Mails versenden, die wirklich relevant sind. Sobald deine E-Mail-Adresse best\u00e4tigt ist, werden wir dir deine erste kostenlose [&hellip;]<\/p>\n","protected":false},"author":1,"featured_media":0,"parent":0,"menu_order":0,"comment_status":"closed","ping_status":"closed","template":"page-template-blank.php","meta":{"_et_pb_use_builder":"on","_et_pb_old_content":"","_et_gb_content_width":"","footnotes":""},"class_list":["post-5713","page","type-page","status-publish","hentry"],"yoast_head":"<!-- This site is optimized with the Yoast SEO plugin v27.4 - https:\/\/yoast.com\/product\/yoast-seo-wordpress\/ -->\n<title>G\u00f6ttliches Herz Optin - activespirits.net<\/title>\n<meta name=\"robots\" content=\"index, follow, max-snippet:-1, max-image-preview:large, max-video-preview:-1\" \/>\n<link rel=\"canonical\" href=\"https:\/\/activespirits.net\/goettliches-herz-optin\/\" \/>\n<meta property=\"og:locale\" content=\"de_DE\" \/>\n<meta property=\"og:type\" content=\"article\" \/>\n<meta property=\"og:title\" content=\"G\u00f6ttliches Herz Optin - activespirits.net\" \/>\n<meta property=\"og:description\" content=\"Es fehlt nur noch ein kleiner Schritt Du bekommst in K\u00fcrze eine Best\u00e4tigungsmail mit einem Link darin. Bitte unbedingt auf diesen Link klicken! So best\u00e4tigst du, dass deine E-Mail Adresse echt ist. Und wir gehen sicher, dass wir nur E-Mails versenden, die wirklich erw\u00fcnscht und relevant sind. Sobald deine E-Mail Adresse best\u00e4tigt ist, erh\u00e4ltst du [&hellip;]\" \/>\n<meta property=\"og:url\" content=\"https:\/\/activespirits.net\/goettliches-herz-optin\/\" \/>\n<meta property=\"og:site_name\" content=\"activespirits.net\" \/>\n<meta property=\"article:modified_time\" content=\"2021-06-05T11:47:40+00:00\" \/>\n<meta name=\"twitter:card\" content=\"summary_large_image\" \/>\n<script type=\"application\/ld+json\" class=\"yoast-schema-graph\">{\"@context\":\"https:\\\/\\\/schema.org\",\"@graph\":[{\"@type\":\"WebPage\",\"@id\":\"https:\\\/\\\/activespirits.net\\\/goettliches-herz-optin\\\/\",\"url\":\"https:\\\/\\\/activespirits.net\\\/goettliches-herz-optin\\\/\",\"name\":\"G\u00f6ttliches Herz Optin - activespirits.net\",\"isPartOf\":{\"@id\":\"https:\\\/\\\/activespirits.net\\\/#website\"},\"datePublished\":\"2021-06-05T11:41:49+00:00\",\"dateModified\":\"2021-06-05T11:47:40+00:00\",\"breadcrumb\":{\"@id\":\"https:\\\/\\\/activespirits.net\\\/goettliches-herz-optin\\\/#breadcrumb\"},\"inLanguage\":\"de\",\"potentialAction\":[{\"@type\":\"ReadAction\",\"target\":[\"https:\\\/\\\/activespirits.net\\\/goettliches-herz-optin\\\/\"]}]},{\"@type\":\"BreadcrumbList\",\"@id\":\"https:\\\/\\\/activespirits.net\\\/goettliches-herz-optin\\\/#breadcrumb\",\"itemListElement\":[{\"@type\":\"ListItem\",\"position\":1,\"name\":\"Startseite\",\"item\":\"https:\\\/\\\/activespirits.net\\\/de\\\/\"},{\"@type\":\"ListItem\",\"position\":2,\"name\":\"G\u00f6ttliches Herz Optin\"}]},{\"@type\":\"WebSite\",\"@id\":\"https:\\\/\\\/activespirits.net\\\/#website\",\"url\":\"https:\\\/\\\/activespirits.net\\\/\",\"name\":\"activespirits.net\",\"description\":\"ActiveSpirits - Shai Tubali&#039;s Online Campus\",\"potentialAction\":[{\"@type\":\"SearchAction\",\"target\":{\"@type\":\"EntryPoint\",\"urlTemplate\":\"https:\\\/\\\/activespirits.net\\\/?s={search_term_string}\"},\"query-input\":{\"@type\":\"PropertyValueSpecification\",\"valueRequired\":true,\"valueName\":\"search_term_string\"}}],\"inLanguage\":\"de\"}]}<\/script>\n<!-- \/ Yoast SEO plugin. -->","yoast_head_json":{"title":"G\u00f6ttliches Herz Optin - activespirits.net","robots":{"index":"index","follow":"follow","max-snippet":"max-snippet:-1","max-image-preview":"max-image-preview:large","max-video-preview":"max-video-preview:-1"},"canonical":"https:\/\/activespirits.net\/goettliches-herz-optin\/","og_locale":"de_DE","og_type":"article","og_title":"G\u00f6ttliches Herz Optin - activespirits.net","og_description":"Es fehlt nur noch ein kleiner Schritt Du bekommst in K\u00fcrze eine Best\u00e4tigungsmail mit einem Link darin. Bitte unbedingt auf diesen Link klicken! So best\u00e4tigst du, dass deine E-Mail Adresse echt ist. Und wir gehen sicher, dass wir nur E-Mails versenden, die wirklich erw\u00fcnscht und relevant sind. Sobald deine E-Mail Adresse best\u00e4tigt ist, erh\u00e4ltst du [&hellip;]","og_url":"https:\/\/activespirits.net\/goettliches-herz-optin\/","og_site_name":"activespirits.net","article_modified_time":"2021-06-05T11:47:40+00:00","twitter_card":"summary_large_image","schema":{"@context":"https:\/\/schema.org","@graph":[{"@type":"WebPage","@id":"https:\/\/activespirits.net\/goettliches-herz-optin\/","url":"https:\/\/activespirits.net\/goettliches-herz-optin\/","name":"G\u00f6ttliches Herz Optin - activespirits.net","isPartOf":{"@id":"https:\/\/activespirits.net\/#website"},"datePublished":"2021-06-05T11:41:49+00:00","dateModified":"2021-06-05T11:47:40+00:00","breadcrumb":{"@id":"https:\/\/activespirits.net\/goettliches-herz-optin\/#breadcrumb"},"inLanguage":"de","potentialAction":[{"@type":"ReadAction","target":["https:\/\/activespirits.net\/goettliches-herz-optin\/"]}]},{"@type":"BreadcrumbList","@id":"https:\/\/activespirits.net\/goettliches-herz-optin\/#breadcrumb","itemListElement":[{"@type":"ListItem","position":1,"name":"Startseite","item":"https:\/\/activespirits.net\/de\/"},{"@type":"ListItem","position":2,"name":"G\u00f6ttliches Herz Optin"}]},{"@type":"WebSite","@id":"https:\/\/activespirits.net\/#website","url":"https:\/\/activespirits.net\/","name":"activespirits.net","description":"ActiveSpirits - Shai Tubali&#039;s Online Campus","potentialAction":[{"@type":"SearchAction","target":{"@type":"EntryPoint","urlTemplate":"https:\/\/activespirits.net\/?s={search_term_string}"},"query-input":{"@type":"PropertyValueSpecification","valueRequired":true,"valueName":"search_term_string"}}],"inLanguage":"de"}]}},"_links":{"self":[{"href":"https:\/\/activespirits.net\/de\/wp-json\/wp\/v2\/pages\/5713","targetHints":{"allow":["GET"]}}],"collection":[{"href":"https:\/\/activespirits.net\/de\/wp-json\/wp\/v2\/pages"}],"about":[{"href":"https:\/\/activespirits.net\/de\/wp-json\/wp\/v2\/types\/page"}],"author":[{"embeddable":true,"href":"https:\/\/activespirits.net\/de\/wp-json\/wp\/v2\/users\/1"}],"replies":[{"embeddable":true,"href":"https:\/\/activespirits.net\/de\/wp-json\/wp\/v2\/comments?post=5713"}],"version-history":[{"count":2,"href":"https:\/\/activespirits.net\/de\/wp-json\/wp\/v2\/pages\/5713\/revisions"}],"predecessor-version":[{"id":5716,"href":"https:\/\/activespirits.net\/de\/wp-json\/wp\/v2\/pages\/5713\/revisions\/5716"}],"wp:attachment":[{"href":"https:\/\/activespirits.net\/de\/wp-json\/wp\/v2\/media?parent=5713"}],"curies":[{"name":"wp","href":"https:\/\/api.w.org\/{rel}","templated":true}]}}