{"id":609,"date":"2018-07-11T18:36:19","date_gmt":"2018-07-11T16:36:19","guid":{"rendered":"http:\/\/activespirits.net\/?page_id=609"},"modified":"2020-03-19T18:50:15","modified_gmt":"2020-03-19T17:50:15","slug":"willkommen-bei-activespirits","status":"publish","type":"page","link":"https:\/\/activespirits.net\/de\/willkommen-bei-activespirits\/","title":{"rendered":"Willkommen bei ActiveSpirits"},"content":{"rendered":"<p>[et_pb_section admin_label=&#8220;section&#8220;]<br \/>\n\t\t\t[et_pb_row admin_label=&#8220;row&#8220;]<br \/>\n\t\t\t\t[et_pb_column type=&#8220;4_4&#8243;][et_pb_text admin_label=&#8220;Text&#8220;]<span class=\"tve_image_frame\" style=\"width: 100%;\"><img loading=\"lazy\" decoding=\"async\" class=\"tve_image wp-image-17\" alt=\"\" title=\"active-spirit-1\" data-id=\"17\" src=\"\/\/activespirits.net\/wp-content\/uploads\/2018\/07\/active-spirit-1-1.png\" style=\"width: 100%;\" width=\"539\" height=\"339\" srcset=\"https:\/\/activespirits.net\/wp-content\/uploads\/2018\/07\/active-spirit-1-1.png 539w, https:\/\/activespirits.net\/wp-content\/uploads\/2018\/07\/active-spirit-1-1-300x189.png 300w\" sizes=\"(max-width: 539px) 100vw, 539px\" \/><\/span>\n<div role=\"navigation\" aria-label=\"Sprachwechsler\" class=\"wpml-ls-statics-shortcode_actions wpml-ls wpml-ls-legacy-list-horizontal\">\n\t<ul><li class=\"wpml-ls-slot-shortcode_actions wpml-ls-item wpml-ls-item-en wpml-ls-first-item wpml-ls-last-item wpml-ls-item-legacy-list-horizontal\">\n\t\t\t\t<a href=\"https:\/\/activespirits.net\/\" hreflang=\"en\" lang=\"en\" class=\"wpml-ls-link\" aria-label=\"Wechseln zu Englisch\" title=\"Wechseln zu Englisch\">\n\t\t\t\t\t                                    <img decoding=\"async\"\n            class=\"wpml-ls-flag\"\n            src=\"https:\/\/activespirits.net\/wp-content\/plugins\/sitepress-multilingual-cms\/res\/flags\/en.png\"\n            alt=\"\"\n            loading=\"lazy\"\n            width=18\n            height=12\n    \/><span class=\"wpml-ls-display\">Englisch<\/span><\/a>\n\t\t\t<\/li><\/ul>\n<\/div>\n<\/p>\n<h2 data-css=\"tve-u-1646fb6a59f\" style=\"text-align: center;\"><span data-css=\"tve-u-1646fb77621\" style=\"font-size: 41px;\">\u200bWillkommen bei <strong><em>ActiveSpirits<\/em><\/strong><\/span><\/h2>\n<p><span class=\"tve_image_frame\" style=\"width: 100%;\"><img loading=\"lazy\" decoding=\"async\" class=\"tve_image wp-image-613\" alt=\"\" title=\"chakren-wake\" data-id=\"613\" src=\"\/\/activespirits.net\/wp-content\/uploads\/2018\/07\/chakren-wake.png\" style=\"width: 100%;\" width=\"300\" height=\"1680\" srcset=\"https:\/\/activespirits.net\/wp-content\/uploads\/2018\/07\/chakren-wake.png 300w, https:\/\/activespirits.net\/wp-content\/uploads\/2018\/07\/chakren-wake-183x1024.png 183w\" sizes=\"(max-width: 300px) 100vw, 300px\" \/><\/span><\/p>\n<p data-css=\"tve-u-1646fc00440\"><strong>\u200bHallo liebes neues ActiveSpirits-Mitglied,<\/strong><\/p>\n<p>\u200bwir freuen uns sehr dich dabei zu haben!<\/p>\n<p>Herzlichen Dank, dass du hier bist und auf eine wundervolle gemeinsame Zeit!In den n\u00e4chsten Minuten erh\u00e4ltst du eine E-Mail von uns. Darin findest du alle Informationen zu deiner Bestellung.<\/p>\n<p>In einer extra E-Mail bekommst du einen Link, mit deinen Zugangsdaten f\u00fcr den <strong>\u200bActive<\/strong>\u200bSpirits-Mitgliederbereich zu erstellen.<\/p>\n<p>Falls du diese E-Mails nicht direkt findest, schau auch kurz in deinem Spam-Ordner nach.Hier ist dein Link in den gesch\u00fctzten Mitgliederbereich:<a href=\"https:\/\/we.activespirits.net\/\" target=\"_blank\" rel=\"noopener noreferrer\">\u200bwe.activespirits.net<\/a><\/p>\n<p>Wir w\u00fcnschen dir viel Freude auf der gemeinsamen Reise bei ActiveSpirits.<\/p>\n<p>P.S.Falls du Hilfe brauchst, schreib uns gerne jederzeit an <em>carlos@activespirits.net<\/em>.<\/p>\n<p>Die Abrechnung erfolgt \u00fcber unseren Zahlungsanbieter Digistore24.<\/p>\n<p style=\"text-align: center;\"><a href=\"https:\/\/activespirits.net\/impressum\/\" target=\"_blank\" rel=\"noopener noreferrer\">\u200bImpressum<\/a> | <a href=\"https:\/\/activespirits.net\/privacy-policy\/\" target=\"_blank\" rel=\"noopener noreferrer\">Datenschutz<\/a><\/p>\n<p>[\/et_pb_text][\/et_pb_column]<br \/>\n\t\t\t[\/et_pb_row]<br \/>\n\t\t[\/et_pb_section]<\/p>\n<span class=\"et_bloom_bottom_trigger\"><\/span>","protected":false},"excerpt":{"rendered":"<p>\n<div role=\"navigation\" aria-label=\"Sprachwechsler\" class=\"wpml-ls-statics-shortcode_actions wpml-ls wpml-ls-legacy-list-horizontal\">\n\t<ul><li class=\"wpml-ls-slot-shortcode_actions wpml-ls-item wpml-ls-item-en wpml-ls-first-item wpml-ls-last-item wpml-ls-item-legacy-list-horizontal\">\n\t\t\t\t<a href=\"https:\/\/activespirits.net\/\" hreflang=\"en\" lang=\"en\" class=\"wpml-ls-link\" aria-label=\"Wechseln zu Englisch\" title=\"Wechseln zu Englisch\">\n\t\t\t\t\t                                    <img decoding=\"async\"\n            class=\"wpml-ls-flag\"\n            src=\"https:\/\/activespirits.net\/wp-content\/plugins\/sitepress-multilingual-cms\/res\/flags\/en.png\"\n            alt=\"\"\n            loading=\"lazy\"\n            width=18\n            height=12\n    \/><span class=\"wpml-ls-display\">Englisch<\/span><\/a>\n\t\t\t<\/li><\/ul>\n<\/div>\n \u200bWillkommen bei ActiveSpirits \u200bHallo liebes neues ActiveSpirits-Mitglied, \u200bwir freuen uns sehr dich dabei zu haben! Herzlichen Dank, dass du hier bist und auf eine wundervolle gemeinsame Zeit!In den n\u00e4chsten Minuten erh\u00e4ltst du eine E-Mail von uns. Darin findest du alle Informationen zu deiner Bestellung. In einer extra E-Mail bekommst du einen Link, mit deinen [&hellip;]<\/p>\n","protected":false},"author":1,"featured_media":0,"parent":0,"menu_order":0,"comment_status":"closed","ping_status":"closed","template":"page-template-blank.php","meta":{"_et_pb_use_builder":"on","_et_pb_old_content":"<span class=\"tve_image_frame\" style=\"width: 100%;\"><img class=\"tve_image wp-image-17\" alt=\"\" title=\"active-spirit-1\" data-id=\"17\" src=\"\/\/activespirits.net\/wp-content\/uploads\/2018\/07\/active-spirit-1-1.png\" style=\"width: 100%;\" width=\"539\" height=\"339\"><\/span>[wpml_language_selector_widget]\n<h2 data-css=\"tve-u-1646fb6a59f\" style=\"text-align: center;\"><span data-css=\"tve-u-1646fb77621\" style=\"font-size: 41px;\">\u200bWillkommen bei <strong><em>ActiveSpirits<\/em><\/strong><\/span><\/h2>\n<span class=\"tve_image_frame\" style=\"width: 100%;\"><img class=\"tve_image wp-image-613\" alt=\"\" title=\"chakren-wake\" data-id=\"613\" src=\"\/\/activespirits.net\/wp-content\/uploads\/2018\/07\/chakren-wake.png\" style=\"width: 100%;\" width=\"300\" height=\"1680\"><\/span>\n<p data-css=\"tve-u-1646fc00440\"><strong>\u200bHallo liebes neues ActiveSpirits-Mitglied,<\/strong><\/p>\n\u200bwir freuen uns sehr dich dabei zu haben!\n\nHerzlichen Dank, dass du hier bist und auf eine wundervolle gemeinsame Zeit!In den n\u00e4chsten Minuten erh\u00e4ltst du eine E-Mail von uns. Darin findest du alle Informationen zu deiner Bestellung.\n\nIn einer extra E-Mail bekommst du einen Link, mit deinen Zugangsdaten f\u00fcr den <strong>\u200bActive<\/strong>\u200bSpirits-Mitgliederbereich zu erstellen.\n\nFalls du diese E-Mails nicht direkt findest, schau auch kurz in deinem Spam-Ordner nach.Hier ist dein Link in den gesch\u00fctzten Mitgliederbereich:<a href=\"https:\/\/we.activespirits.net\/\" target=\"_blank\" rel=\"noopener noreferrer\">\u200bwe.activespirits.net<\/a>\n\nWir w\u00fcnschen dir viel Freude auf der gemeinsamen Reise bei ActiveSpirits.\n\nP.S.Falls du Hilfe brauchst, schreib uns gerne jederzeit an <em>carlos@activespirits.net<\/em>.\n\nDie Abrechnung erfolgt \u00fcber unseren Zahlungsanbieter Digistore24.\n<p style=\"text-align: center;\"><a href=\"https:\/\/activespirits.net\/impressum\/\" target=\"_blank\" rel=\"noopener noreferrer\">\u200bImpressum<\/a> | <a href=\"https:\/\/activespirits.net\/privacy-policy\/\" target=\"_blank\" rel=\"noopener noreferrer\">Datenschutz<\/a><\/p>","_et_gb_content_width":"","footnotes":""},"class_list":["post-609","page","type-page","status-publish","hentry"],"yoast_head":"<!-- This site is optimized with the Yoast SEO plugin v27.4 - https:\/\/yoast.com\/product\/yoast-seo-wordpress\/ -->\n<title>Willkommen bei ActiveSpirits - activespirits.net<\/title>\n<meta name=\"robots\" content=\"index, follow, max-snippet:-1, max-image-preview:large, max-video-preview:-1\" \/>\n<link rel=\"canonical\" href=\"https:\/\/activespirits.net\/willkommen-bei-activespirits\/\" \/>\n<meta property=\"og:locale\" content=\"de_DE\" \/>\n<meta property=\"og:type\" content=\"article\" \/>\n<meta property=\"og:title\" content=\"Willkommen bei ActiveSpirits - activespirits.net\" \/>\n<meta property=\"og:description\" content=\"Es fehlt nur noch ein kleiner Schritt Du bekommst in K\u00fcrze eine Best\u00e4tigungsmail mit einem Link darin. Bitte unbedingt auf diesen Link klicken! So best\u00e4tigst du, dass deine E-Mail Adresse echt ist. Und wir gehen sicher, dass wir nur E-Mails versenden, die wirklich erw\u00fcnscht und relevant sind. Sobald deine E-Mail Adresse best\u00e4tigt ist, erh\u00e4ltst du [&hellip;]\" \/>\n<meta property=\"og:url\" content=\"https:\/\/activespirits.net\/willkommen-bei-activespirits\/\" \/>\n<meta property=\"og:site_name\" content=\"activespirits.net\" \/>\n<meta property=\"article:modified_time\" content=\"2020-03-19T17:50:15+00:00\" \/>\n<meta property=\"og:image\" content=\"\/\/activespirits.net\/wp-content\/uploads\/2018\/07\/active-spirit-1-1.png\" \/>\n<meta name=\"twitter:card\" content=\"summary_large_image\" \/>\n<meta name=\"twitter:label1\" content=\"Gesch\u00e4tzte Lesezeit\" \/>\n\t<meta name=\"twitter:data1\" content=\"1\u00a0Minute\" \/>\n<script type=\"application\/ld+json\" class=\"yoast-schema-graph\">{\"@context\":\"https:\\\/\\\/schema.org\",\"@graph\":[{\"@type\":\"WebPage\",\"@id\":\"https:\\\/\\\/activespirits.net\\\/willkommen-bei-activespirits\\\/\",\"url\":\"https:\\\/\\\/activespirits.net\\\/willkommen-bei-activespirits\\\/\",\"name\":\"Willkommen bei ActiveSpirits - activespirits.net\",\"isPartOf\":{\"@id\":\"https:\\\/\\\/activespirits.net\\\/#website\"},\"datePublished\":\"2018-07-11T16:36:19+00:00\",\"dateModified\":\"2020-03-19T17:50:15+00:00\",\"breadcrumb\":{\"@id\":\"https:\\\/\\\/activespirits.net\\\/willkommen-bei-activespirits\\\/#breadcrumb\"},\"inLanguage\":\"de\",\"potentialAction\":[{\"@type\":\"ReadAction\",\"target\":[\"https:\\\/\\\/activespirits.net\\\/willkommen-bei-activespirits\\\/\"]}]},{\"@type\":\"BreadcrumbList\",\"@id\":\"https:\\\/\\\/activespirits.net\\\/willkommen-bei-activespirits\\\/#breadcrumb\",\"itemListElement\":[{\"@type\":\"ListItem\",\"position\":1,\"name\":\"Startseite\",\"item\":\"https:\\\/\\\/activespirits.net\\\/de\\\/\"},{\"@type\":\"ListItem\",\"position\":2,\"name\":\"Willkommen bei ActiveSpirits\"}]},{\"@type\":\"WebSite\",\"@id\":\"https:\\\/\\\/activespirits.net\\\/#website\",\"url\":\"https:\\\/\\\/activespirits.net\\\/\",\"name\":\"activespirits.net\",\"description\":\"ActiveSpirits - Shai Tubali&#039;s Online Campus\",\"potentialAction\":[{\"@type\":\"SearchAction\",\"target\":{\"@type\":\"EntryPoint\",\"urlTemplate\":\"https:\\\/\\\/activespirits.net\\\/?s={search_term_string}\"},\"query-input\":{\"@type\":\"PropertyValueSpecification\",\"valueRequired\":true,\"valueName\":\"search_term_string\"}}],\"inLanguage\":\"de\"}]}<\/script>\n<!-- \/ Yoast SEO plugin. -->","yoast_head_json":{"title":"Willkommen bei ActiveSpirits - activespirits.net","robots":{"index":"index","follow":"follow","max-snippet":"max-snippet:-1","max-image-preview":"max-image-preview:large","max-video-preview":"max-video-preview:-1"},"canonical":"https:\/\/activespirits.net\/willkommen-bei-activespirits\/","og_locale":"de_DE","og_type":"article","og_title":"Willkommen bei ActiveSpirits - activespirits.net","og_description":"Es fehlt nur noch ein kleiner Schritt Du bekommst in K\u00fcrze eine Best\u00e4tigungsmail mit einem Link darin. Bitte unbedingt auf diesen Link klicken! So best\u00e4tigst du, dass deine E-Mail Adresse echt ist. Und wir gehen sicher, dass wir nur E-Mails versenden, die wirklich erw\u00fcnscht und relevant sind. Sobald deine E-Mail Adresse best\u00e4tigt ist, erh\u00e4ltst du [&hellip;]","og_url":"https:\/\/activespirits.net\/willkommen-bei-activespirits\/","og_site_name":"activespirits.net","article_modified_time":"2020-03-19T17:50:15+00:00","og_image":[{"url":"\/\/activespirits.net\/wp-content\/uploads\/2018\/07\/active-spirit-1-1.png","type":"","width":"","height":""}],"twitter_card":"summary_large_image","twitter_misc":{"Gesch\u00e4tzte Lesezeit":"1\u00a0Minute"},"schema":{"@context":"https:\/\/schema.org","@graph":[{"@type":"WebPage","@id":"https:\/\/activespirits.net\/willkommen-bei-activespirits\/","url":"https:\/\/activespirits.net\/willkommen-bei-activespirits\/","name":"Willkommen bei ActiveSpirits - activespirits.net","isPartOf":{"@id":"https:\/\/activespirits.net\/#website"},"datePublished":"2018-07-11T16:36:19+00:00","dateModified":"2020-03-19T17:50:15+00:00","breadcrumb":{"@id":"https:\/\/activespirits.net\/willkommen-bei-activespirits\/#breadcrumb"},"inLanguage":"de","potentialAction":[{"@type":"ReadAction","target":["https:\/\/activespirits.net\/willkommen-bei-activespirits\/"]}]},{"@type":"BreadcrumbList","@id":"https:\/\/activespirits.net\/willkommen-bei-activespirits\/#breadcrumb","itemListElement":[{"@type":"ListItem","position":1,"name":"Startseite","item":"https:\/\/activespirits.net\/de\/"},{"@type":"ListItem","position":2,"name":"Willkommen bei ActiveSpirits"}]},{"@type":"WebSite","@id":"https:\/\/activespirits.net\/#website","url":"https:\/\/activespirits.net\/","name":"activespirits.net","description":"ActiveSpirits - Shai Tubali&#039;s Online Campus","potentialAction":[{"@type":"SearchAction","target":{"@type":"EntryPoint","urlTemplate":"https:\/\/activespirits.net\/?s={search_term_string}"},"query-input":{"@type":"PropertyValueSpecification","valueRequired":true,"valueName":"search_term_string"}}],"inLanguage":"de"}]}},"_links":{"self":[{"href":"https:\/\/activespirits.net\/de\/wp-json\/wp\/v2\/pages\/609","targetHints":{"allow":["GET"]}}],"collection":[{"href":"https:\/\/activespirits.net\/de\/wp-json\/wp\/v2\/pages"}],"about":[{"href":"https:\/\/activespirits.net\/de\/wp-json\/wp\/v2\/types\/page"}],"author":[{"embeddable":true,"href":"https:\/\/activespirits.net\/de\/wp-json\/wp\/v2\/users\/1"}],"replies":[{"embeddable":true,"href":"https:\/\/activespirits.net\/de\/wp-json\/wp\/v2\/comments?post=609"}],"version-history":[{"count":10,"href":"https:\/\/activespirits.net\/de\/wp-json\/wp\/v2\/pages\/609\/revisions"}],"predecessor-version":[{"id":4514,"href":"https:\/\/activespirits.net\/de\/wp-json\/wp\/v2\/pages\/609\/revisions\/4514"}],"wp:attachment":[{"href":"https:\/\/activespirits.net\/de\/wp-json\/wp\/v2\/media?parent=609"}],"curies":[{"name":"wp","href":"https:\/\/api.w.org\/{rel}","templated":true}]}}