{"id":6126,"date":"2021-07-29T15:08:06","date_gmt":"2021-07-29T13:08:06","guid":{"rendered":"https:\/\/activespirits.net\/?page_id=6126"},"modified":"2021-07-31T11:42:15","modified_gmt":"2021-07-31T09:42:15","slug":"tantrische-meditation-nir","status":"publish","type":"page","link":"https:\/\/activespirits.net\/de\/courses\/tantrische-meditation-nir\/","title":{"rendered":"Die tantrische Kunst der Meditation"},"content":{"rendered":"\n[et_pb_section fb_built=&#8220;1&#8243; _builder_version=&#8220;4.9.10&#8243; _module_preset=&#8220;default&#8220; use_background_color_gradient=&#8220;on&#8220; background_color_gradient_start=&#8220;rgba(0,0,0,0.55)&#8220; background_color_gradient_end=&#8220;#ffffff&#8220; background_color_gradient_end_position=&#8220;71%&#8220; background_color_gradient_overlays_image=&#8220;on&#8220; background_image=&#8220;https:\/\/activespirits.net\/wp-content\/uploads\/2021\/06\/workshop-background.jpeg&#8220; custom_padding=&#8220;0px||0px|||&#8220; hover_enabled=&#8220;0&#8243; sticky_enabled=&#8220;0&#8243; background_color_gradient_start_position=&#8220;32%&#8220;][et_pb_row column_structure=&#8220;1_4,1_2,1_4&#8243; _builder_version=&#8220;4.9.7&#8243; _module_preset=&#8220;default&#8220; width=&#8220;90%&#8220; max_width=&#8220;90%&#8220;][et_pb_column type=&#8220;1_4&#8243; _builder_version=&#8220;4.9.7&#8243; _module_preset=&#8220;default&#8220;][et_pb_image src=&#8220;https:\/\/shaitubali.com\/wp-content\/uploads\/2021\/04\/logo-eventpage-rt_radical-tantra-logo.svg&#8220; _builder_version=&#8220;4.9.7&#8243; _module_preset=&#8220;default&#8220; width=&#8220;57%&#8220;][\/et_pb_image][\/et_pb_column][et_pb_column type=&#8220;1_2&#8243; _builder_version=&#8220;4.9.7&#8243; _module_preset=&#8220;default&#8220;][\/et_pb_column][et_pb_column type=&#8220;1_4&#8243; _builder_version=&#8220;4.9.7&#8243; _module_preset=&#8220;default&#8220;][\/et_pb_column][\/et_pb_row][et_pb_row _builder_version=&#8220;4.9.7&#8243; _module_preset=&#8220;default&#8220;][et_pb_column type=&#8220;4_4&#8243; _builder_version=&#8220;4.9.7&#8243; _module_preset=&#8220;default&#8220;][et_pb_text _builder_version=&#8220;4.9.7&#8243; _module_preset=&#8220;default&#8220; header_2_font=&#8220;|600|||||||&#8220; header_2_text_color=&#8220;#FFFFFF&#8220; custom_margin=&#8220;||0px|||&#8220;]<h2 style=\"text-align: center;\">Die Tantrische Kunst der Meditation<\/h2>\n<h2 style=\"text-align: center;\">Entdecke wie Meditation zu einem direkten Erleben von Gl\u00fcckseligkeit, Stille und schlie\u00dflich spiritueller Verwirklichung f\u00fchrt.<\/h2>\n<p style=\"text-align: center;\"><strong><em><span style=\"color: #ffffff;\">Ohne jahrelang meditieren zu m\u00fcssen.<\/span><\/em><\/strong><\/p>\n<p>&nbsp;<\/p>[\/et_pb_text][et_pb_text _builder_version=&#8220;4.9.7&#8243; _module_preset=&#8220;default&#8220; text_text_color=&#8220;#FFFFFF&#8220; header_text_color=&#8220;#FFFFFF&#8220; header_2_text_color=&#8220;#FFFFFF&#8220;]<p style=\"text-align: center;\">Der <span style=\"text-decoration: underline;\"><em>100% kostenfreie<\/em><\/span> intensiv <strong>Meditations-Workshop mit Dr. Nir Brosh.<\/strong> Dieses Online-Event findet <strong>einmalig<\/strong> am <strong>1.8.2021 um 19:30 Uhr<\/strong> statt.<\/p>[\/et_pb_text][et_pb_divider color=&#8220;#ea9a5e&#8220; divider_weight=&#8220;3px&#8220; _builder_version=&#8220;4.9.7&#8243; _module_preset=&#8220;default&#8220; width=&#8220;45%&#8220; module_alignment=&#8220;center&#8220;][\/et_pb_divider][\/et_pb_column][\/et_pb_row][et_pb_row column_structure=&#8220;1_5,3_5,1_5&#8243; _builder_version=&#8220;4.9.7&#8243; _module_preset=&#8220;default&#8220;][et_pb_column type=&#8220;1_5&#8243; _builder_version=&#8220;4.9.7&#8243; _module_preset=&#8220;default&#8220;][\/et_pb_column][et_pb_column type=&#8220;3_5&#8243; _builder_version=&#8220;4.9.7&#8243; _module_preset=&#8220;default&#8220;][et_pb_blurb use_icon=&#8220;on&#8220; font_icon=&#8220;%%45%%&#8220; icon_color=&#8220;#ea9a5e&#8220; icon_placement=&#8220;left&#8220; _builder_version=&#8220;4.9.7&#8243; _module_preset=&#8220;default&#8220; background_layout=&#8220;dark&#8220;]<p>Entdecke die Kraft tantrischer Meditation als <strong>ultimative Antwort auf Selbstakzeptanz<\/strong> und <strong>spiritueller Verwirklichung<\/strong><\/p>[\/et_pb_blurb][et_pb_blurb use_icon=&#8220;on&#8220; font_icon=&#8220;%%45%%&#8220; icon_color=&#8220;#ea9a5e&#8220; icon_placement=&#8220;left&#8220; _builder_version=&#8220;4.9.7&#8243; _module_preset=&#8220;default&#8220; background_layout=&#8220;dark&#8220;]<p><strong>3 kraftvolle, gef\u00fchrte Meditationstechniken<\/strong> aus der Welt des tantrischen Buddhismus, nach <strong>Shai Tubali<\/strong><\/p>[\/et_pb_blurb][et_pb_blurb use_icon=&#8220;on&#8220; font_icon=&#8220;%%45%%&#8220; icon_color=&#8220;#ea9a5e&#8220; icon_placement=&#8220;left&#8220; _builder_version=&#8220;4.9.7&#8243; _module_preset=&#8220;default&#8220; background_layout=&#8220;dark&#8220;]<p>Wie Gl\u00fcckseligkeit in tantrischen Meditationen entsteht und schlie\u00dflich zu spiritueller Verwirklichung f\u00fchrt<\/p>[\/et_pb_blurb][et_pb_button button_url=&#8220;#anything&#8220; button_text=&#8220;JA, ICH WILL DABEI SEIN&#8220; button_alignment=&#8220;center&#8220; module_class=&#8220;deitypopup&#8220; _builder_version=&#8220;4.9.7&#8243; _module_preset=&#8220;default&#8220; custom_button=&#8220;on&#8220; button_text_size=&#8220;20px&#8220; button_text_color=&#8220;#000000&#8243; button_bg_color=&#8220;#f8d30d&#8220; button_bg_blend=&#8220;color-dodge&#8220; button_border_width=&#8220;0px&#8220; button_border_color=&#8220;#000000&#8243; button_font=&#8220;||||||||&#8220; button_icon=&#8220;%%24%%&#8220; background_layout=&#8220;dark&#8220; box_shadow_style=&#8220;preset1&#8243; box_shadow_vertical=&#8220;7px&#8220; box_shadow_blur=&#8220;13px&#8220; box_shadow_spread=&#8220;10px&#8220;][\/et_pb_button][\/et_pb_column][et_pb_column type=&#8220;1_5&#8243; _builder_version=&#8220;4.9.7&#8243; _module_preset=&#8220;default&#8220;][\/et_pb_column][\/et_pb_row][et_pb_row _builder_version=&#8220;4.9.10&#8243; _module_preset=&#8220;default&#8220; width=&#8220;100%&#8220; max_width=&#8220;100%&#8220; custom_padding=&#8220;||0px||false|false&#8220; custom_margin=&#8220;||0px||false|false&#8220; hover_enabled=&#8220;0&#8243; sticky_enabled=&#8220;0&#8243;][et_pb_column _builder_version=&#8220;4.9.10&#8243; _module_preset=&#8220;default&#8220; type=&#8220;4_4&#8243;][et_pb_image src=&#8220;https:\/\/activespirits.net\/wp-content\/uploads\/2021\/07\/Union-Techniques.jpg&#8220; _builder_version=&#8220;4.9.10&#8243; _module_preset=&#8220;default&#8220; title_text=&#8220;Union-Techniques&#8220; hover_enabled=&#8220;0&#8243; sticky_enabled=&#8220;0&#8243;][\/et_pb_image][\/et_pb_column][\/et_pb_row][\/et_pb_section][et_pb_section fb_built=&#8220;1&#8243; _builder_version=&#8220;4.9.7&#8243; _module_preset=&#8220;default&#8220;][et_pb_row column_structure=&#8220;1_5,3_5,1_5&#8243; _builder_version=&#8220;4.9.7&#8243; _module_preset=&#8220;default&#8220;][et_pb_column type=&#8220;1_5&#8243; _builder_version=&#8220;4.9.7&#8243; _module_preset=&#8220;default&#8220;][\/et_pb_column][et_pb_column type=&#8220;3_5&#8243; _builder_version=&#8220;4.9.7&#8243; _module_preset=&#8220;default&#8220;][et_pb_text _builder_version=&#8220;4.9.7&#8243; _module_preset=&#8220;default&#8220;]<h2 style=\"text-align: center;\">Aus der inneren Unruhe in die Gl\u00fcckseligkeit<\/h2>[\/et_pb_text][et_pb_divider color=&#8220;#ea9a5e&#8220; divider_weight=&#8220;3px&#8220; _builder_version=&#8220;4.9.7&#8243; _module_preset=&#8220;default&#8220; width=&#8220;45%&#8220; module_alignment=&#8220;center&#8220;][\/et_pb_divider][et_pb_text _builder_version=&#8220;4.9.7&#8243; _module_preset=&#8220;default&#8220;]<p>Die letzten Monate waren f\u00fcr\u00a0 die meisten von uns turbulent. Der Fokus auf alle die Probleme und Herausforderungen kann energieraubend sein.<\/p>\n<p>Jedoch gibt es eine direkte L\u00f6sung aus dieser eingeengten Perspektive:\u00a0<\/p>\n<p>Die tantrische Kunst der Meditation vermag uns in ein direktes Erleben einer uns innewohnenden Ganzheit f\u00fchren. Die Energien innerer Unruhe, werden durch einzigartige Techniken transformiert und offenbaren so ihre tiefere, spirituelle Natur: Gl\u00fcckseligkeit.<\/p>\n<p>Dieser kostenfreie Meditations-Workshop mit Dr. Nir Brosh ist eine Einf\u00fchrung in diese kraftvolle und transformative Kunst tantrischer Meditation.\u00a0<\/p>\n<p>An dem Abend wirst 3 kraftvolle tantrische Meditations-Techniken nach Shai Tubali kennenlernen.<\/p>\n<p><strong><em>Zeit, die G\u00f6ttlichkeit in dir zu entdecken!<\/em><\/strong><\/p>\n<p>&nbsp;<\/p>[\/et_pb_text][\/et_pb_column][et_pb_column type=&#8220;1_5&#8243; _builder_version=&#8220;4.9.7&#8243; _module_preset=&#8220;default&#8220;][\/et_pb_column][\/et_pb_row][\/et_pb_section][et_pb_section fb_built=&#8220;1&#8243; _builder_version=&#8220;4.9.7&#8243; _module_preset=&#8220;default&#8220; background_color=&#8220;#FFFFFF&#8220; use_background_color_gradient=&#8220;on&#8220; background_color_gradient_start=&#8220;rgba(255,255,255,0.76)&#8220; background_color_gradient_end=&#8220;rgba(255,255,255,0.89)&#8220; background_color_gradient_overlays_image=&#8220;on&#8220; background_image=&#8220;https:\/\/activespirits.net\/wp-content\/uploads\/2021\/06\/workshop-background.jpeg&#8220;][et_pb_row column_structure=&#8220;1_2,1_2&#8243; _builder_version=&#8220;4.9.7&#8243; _module_preset=&#8220;default&#8220;][et_pb_column type=&#8220;1_2&#8243; _builder_version=&#8220;4.9.7&#8243; _module_preset=&#8220;default&#8220;][et_pb_text _builder_version=&#8220;4.9.7&#8243; _module_preset=&#8220;default&#8220;]<h3><strong>Melde Dich jetzt kostenfrei an<\/strong><\/h3>\n<p><em>Am 1.8.2021 um 19:30 Uhr. Deine Teilnahme ist kostenfrei.<\/em><\/p>[\/et_pb_text][\/et_pb_column][et_pb_column type=&#8220;1_2&#8243; _builder_version=&#8220;4.9.7&#8243; _module_preset=&#8220;default&#8220;][et_pb_button button_text=&#8220;JA, ICH WILL DABEI SEIN&#8220; button_alignment=&#8220;center&#8220; module_class=&#8220;deitypopup&#8220; _builder_version=&#8220;4.9.7&#8243; _module_preset=&#8220;default&#8220; custom_button=&#8220;on&#8220; button_text_size=&#8220;20px&#8220; button_text_color=&#8220;#000000&#8243; button_bg_color=&#8220;#f8d30d&#8220; button_bg_blend=&#8220;color-dodge&#8220; button_border_width=&#8220;0px&#8220; button_border_color=&#8220;#000000&#8243; button_font=&#8220;||||||||&#8220; button_icon=&#8220;%%24%%&#8220; background_layout=&#8220;dark&#8220; box_shadow_style=&#8220;preset1&#8243; box_shadow_vertical=&#8220;7px&#8220; box_shadow_blur=&#8220;13px&#8220; box_shadow_spread=&#8220;10px&#8220;][\/et_pb_button][\/et_pb_column][\/et_pb_row][\/et_pb_section][et_pb_section fb_built=&#8220;1&#8243; _builder_version=&#8220;4.9.7&#8243; _module_preset=&#8220;default&#8220;][et_pb_row column_structure=&#8220;1_2,1_2&#8243; _builder_version=&#8220;4.9.7&#8243; _module_preset=&#8220;default&#8220;][et_pb_column type=&#8220;1_2&#8243; _builder_version=&#8220;4.9.7&#8243; _module_preset=&#8220;default&#8220;][et_pb_image src=&#8220;https:\/\/activespirits.net\/wp-content\/uploads\/2021\/06\/NirBrosh.jpg&#8220; title_text=&#8220;NirBrosh&#8220; _builder_version=&#8220;4.9.7&#8243; _module_preset=&#8220;default&#8220;][\/et_pb_image][\/et_pb_column][et_pb_column type=&#8220;1_2&#8243; _builder_version=&#8220;4.9.7&#8243; _module_preset=&#8220;default&#8220;][et_pb_text _builder_version=&#8220;4.9.7&#8243; _module_preset=&#8220;default&#8220;]<h2>\u00dcber Dr. Nir Brosh<\/h2>\n<div class=\"container-wrap\">\n<div class=\"container main-content\">\n<div class=\"row\">\n<div id=\"fws_60d8993634c07\" data-column-margin=\"none\" data-midnight=\"dark\" data-bg-mobile-hidden=\"\" class=\"wpb_row vc_row-fluid vc_row full-width-section  vc_row-o-equal-height vc_row-flex  vc_row-o-content-middle standard_section \">\n<div class=\"col span_12 dark left\">\n<div class=\"vc_col-sm-6 wpb_column column_container vc_column_container col padding-4-percent\" data-t-w-inherits=\"default\" data-border-radius=\"none\" data-shadow=\"none\" data-border-animation=\"\" data-border-animation-delay=\"\" data-border-width=\"none\" data-border-style=\"solid\" data-border-color=\"\" data-bg-cover=\"\" data-padding-pos=\"all\" data-has-bg-color=\"false\" data-bg-color=\"\" data-bg-opacity=\"1\" data-hover-bg=\"\" data-hover-bg-opacity=\"1\" data-animation=\"\" data-delay=\"0\">\n<div class=\"vc_column-inner\">\n<div class=\"wpb_wrapper\">\n<div class=\"wpb_text_column wpb_content_element \">\n<div class=\"wpb_wrapper\">\n<p>In seiner T\u00e4tigkeit als Arzt hat Nir sich auf ganzheitliche Lifestyle-Medizin spezialisiert. Er bietet Behandlungen in unserem Human Greatness Center in Berlin an. Au\u00dferdem wirkt er seit einigen Jahren regelm\u00e4\u00dfig als Meditationslehrer auf Stille-Retreats von Shai Tubali. Mit \u00fcber 20 Jahren tiefer Meditationserfahrung, vermag Nir es subtile Aspekte unseres Geistes erlebbar zu machen und uns in einen tiefen Kontakt mit unseren wahren Selbst f\u00fchren.<\/p>\n<\/div>\n<\/div>\n<\/div>\n<\/div>\n<\/div>\n<\/div>\n<\/div>\n<p><span class=\"cp-load-after-post\"><\/span><\/div>\n<\/div>\n<\/div>[\/et_pb_text][\/et_pb_column][\/et_pb_row][\/et_pb_section][et_pb_section fb_built=&#8220;1&#8243; _builder_version=&#8220;4.9.7&#8243; _module_preset=&#8220;default&#8220;][et_pb_row _builder_version=&#8220;4.9.7&#8243; _module_preset=&#8220;default&#8220;][et_pb_column type=&#8220;4_4&#8243; _builder_version=&#8220;4.9.7&#8243; _module_preset=&#8220;default&#8220;][et_pb_text _builder_version=&#8220;4.9.7&#8243; _module_preset=&#8220;default&#8220;]<p style=\"text-align: center;\">This site is not a part of the Facebook website or Facebook Inc. Additionally, This site is NOT endorsed by Facebook in any way. FACEBOOK is a trademark of FACEBOOK, Inc.<\/p>[\/et_pb_text][\/et_pb_column][\/et_pb_row][\/et_pb_section][et_pb_section fb_built=&#8220;1&#8243; _builder_version=&#8220;4.9.4&#8243; background_enable_color=&#8220;off&#8220; background_image=&#8220;https:\/\/activespirits.net\/wp-content\/uploads\/2021\/04\/rt_background-footer.jpg&#8220; background_position=&#8220;bottom_center&#8220; custom_padding=&#8220;0px||72px|||&#8220;][et_pb_row _builder_version=&#8220;4.9.3&#8243; _module_preset=&#8220;default&#8220; background_image=&#8220;https:\/\/activespirits.net\/wp-content\/uploads\/2021\/04\/brush-style-top.png&#8220; width=&#8220;100%&#8220; max_width=&#8220;100%&#8220; custom_margin=&#8220;0px||||false|false&#8220; custom_padding=&#8220;0px||||false|false&#8220;][et_pb_column type=&#8220;4_4&#8243; _builder_version=&#8220;4.9.3&#8243; _module_preset=&#8220;default&#8220;][et_pb_divider show_divider=&#8220;off&#8220; _builder_version=&#8220;4.9.3&#8243; _module_preset=&#8220;default&#8220;][\/et_pb_divider][\/et_pb_column][\/et_pb_row][et_pb_row column_structure=&#8220;1_2,1_2&#8243; _builder_version=&#8220;3.25&#8243; custom_padding=&#8220;112px|||||&#8220;][et_pb_column type=&#8220;1_2&#8243; _builder_version=&#8220;3.25&#8243; custom_padding=&#8220;|||&#8220; custom_padding__hover=&#8220;|||&#8220;][et_pb_text _builder_version=&#8220;4.9.4&#8243; custom_margin=&#8220;40px||||false|false&#8220; custom_padding=&#8220;40px||||false|false&#8220;]<div class=\"tve-page-section-in tve_empty_dropzone\" data-css=\"tve-u-1646723a6b9\">\n<div class=\"thrv_wrapper thrv-columns\">\n<div class=\"tcb-flex-row tcb--cols--1\">\n<div class=\"tcb-flex-col\">\n<div class=\"tcb-col\">\n<div class=\"thrv_wrapper thrv_text_element\">\n<p style=\"text-align: center;\"><strong><a href=\"https:\/\/activespirits.net\/impressum\/\" target=\"_blank\" rel=\"noopener noreferrer\">Impressum<\/a> |\u00a0<a href=\"https:\/\/activespirits.net\/privacy-policy\/\" target=\"_blank\" rel=\"noopener noreferrer\">Privacy Policy<\/a><\/strong><\/p>\n<\/div>\n<\/div>\n<\/div>\n<\/div>\n<\/div>\n<\/div>[\/et_pb_text][\/et_pb_column][et_pb_column type=&#8220;1_2&#8243; _builder_version=&#8220;3.25&#8243; custom_padding=&#8220;|||&#8220; custom_padding__hover=&#8220;|||&#8220;][et_pb_image src=&#8220;https:\/\/activespirits.net\/wp-content\/uploads\/2021\/04\/logo-footer-3.png&#8220; title_text=&#8220;logo-footer-3&#8243; align=&#8220;right&#8220; _builder_version=&#8220;4.9.4&#8243; _module_preset=&#8220;default&#8220; width=&#8220;65%&#8220;][\/et_pb_image][\/et_pb_column][\/et_pb_row][\/et_pb_section]\n<span class=\"et_bloom_bottom_trigger\"><\/span>","protected":false},"excerpt":{"rendered":"<p>Die Tantrische Kunst der Meditation Entdecke wie Meditation zu einem direkten Erleben von Gl\u00fcckseligkeit, Stille und schlie\u00dflich spiritueller Verwirklichung f\u00fchrt. Ohne jahrelang meditieren zu m\u00fcssen. &nbsp;Der 100% kostenfreie intensiv Meditations-Workshop mit Dr. Nir Brosh. Dieses Online-Event findet einmalig am 1.8.2021 um 19:30 Uhr statt.Entdecke die Kraft tantrischer Meditation als ultimative Antwort auf Selbstakzeptanz und spiritueller [&hellip;]<\/p>\n","protected":false},"author":1,"featured_media":6181,"parent":1179,"menu_order":0,"comment_status":"closed","ping_status":"closed","template":"page-template-blank.php","meta":{"_et_pb_use_builder":"on","_et_pb_old_content":"","_et_gb_content_width":"","footnotes":""},"class_list":["post-6126","page","type-page","status-publish","has-post-thumbnail","hentry"],"yoast_head":"<!-- This site is optimized with the Yoast SEO plugin v27.0 - https:\/\/yoast.com\/product\/yoast-seo-wordpress\/ -->\n<title>Meditation als ein Tor in die Gl\u00fcckseligkeit - Workshop mit Dr. Nir Brosh<\/title>\n<meta name=\"description\" content=\"Am 1. August 2021 um 19:30. Jetzt noch kostenfrei teilnehmen!\" \/>\n<meta name=\"robots\" content=\"index, follow, max-snippet:-1, max-image-preview:large, max-video-preview:-1\" \/>\n<link rel=\"canonical\" href=\"https:\/\/activespirits.net\/courses\/tantrische-meditation-nir\/\" \/>\n<meta property=\"og:locale\" content=\"de_DE\" \/>\n<meta property=\"og:type\" content=\"article\" \/>\n<meta property=\"og:title\" content=\"Meditation als ein Tor in die Gl\u00fcckseligkeit - Workshop mit Dr. Nir Brosh\" \/>\n<meta property=\"og:description\" content=\"Am 1. August 2021 um 19:30. Jetzt noch kostenfrei teilnehmen!\" \/>\n<meta property=\"og:url\" content=\"https:\/\/activespirits.net\/courses\/tantrische-meditation-nir\/\" \/>\n<meta property=\"og:site_name\" content=\"activespirits.net\" \/>\n<meta property=\"article:modified_time\" content=\"2021-07-31T09:42:15+00:00\" \/>\n<meta property=\"og:image\" content=\"https:\/\/activespirits.net\/wp-content\/uploads\/2021\/07\/tantrische-meditation-webinar.jpg\" \/>\n\t<meta property=\"og:image:width\" content=\"1200\" \/>\n\t<meta property=\"og:image:height\" content=\"630\" \/>\n\t<meta property=\"og:image:type\" content=\"image\/jpeg\" \/>\n<meta name=\"twitter:card\" content=\"summary_large_image\" \/>\n<meta name=\"twitter:label1\" content=\"Gesch\u00e4tzte Lesezeit\" \/>\n\t<meta name=\"twitter:data1\" content=\"3\u00a0Minuten\" \/>\n<script type=\"application\/ld+json\" class=\"yoast-schema-graph\">{\"@context\":\"https:\/\/schema.org\",\"@graph\":[{\"@type\":\"WebPage\",\"@id\":\"https:\/\/activespirits.net\/courses\/tantrische-meditation-nir\/\",\"url\":\"https:\/\/activespirits.net\/courses\/tantrische-meditation-nir\/\",\"name\":\"Meditation als ein Tor in die Gl\u00fcckseligkeit - Workshop mit Dr. Nir Brosh\",\"isPartOf\":{\"@id\":\"https:\/\/activespirits.net\/#website\"},\"primaryImageOfPage\":{\"@id\":\"https:\/\/activespirits.net\/courses\/tantrische-meditation-nir\/#primaryimage\"},\"image\":{\"@id\":\"https:\/\/activespirits.net\/courses\/tantrische-meditation-nir\/#primaryimage\"},\"thumbnailUrl\":\"https:\/\/activespirits.net\/wp-content\/uploads\/2021\/07\/tantrische-meditation-webinar.jpg\",\"datePublished\":\"2021-07-29T13:08:06+00:00\",\"dateModified\":\"2021-07-31T09:42:15+00:00\",\"description\":\"Am 1. August 2021 um 19:30. Jetzt noch kostenfrei teilnehmen!\",\"breadcrumb\":{\"@id\":\"https:\/\/activespirits.net\/courses\/tantrische-meditation-nir\/#breadcrumb\"},\"inLanguage\":\"de\",\"potentialAction\":[{\"@type\":\"ReadAction\",\"target\":[\"https:\/\/activespirits.net\/courses\/tantrische-meditation-nir\/\"]}]},{\"@type\":\"ImageObject\",\"inLanguage\":\"de\",\"@id\":\"https:\/\/activespirits.net\/courses\/tantrische-meditation-nir\/#primaryimage\",\"url\":\"https:\/\/activespirits.net\/wp-content\/uploads\/2021\/07\/tantrische-meditation-webinar.jpg\",\"contentUrl\":\"https:\/\/activespirits.net\/wp-content\/uploads\/2021\/07\/tantrische-meditation-webinar.jpg\",\"width\":1200,\"height\":630},{\"@type\":\"BreadcrumbList\",\"@id\":\"https:\/\/activespirits.net\/courses\/tantrische-meditation-nir\/#breadcrumb\",\"itemListElement\":[{\"@type\":\"ListItem\",\"position\":1,\"name\":\"Startseite\",\"item\":\"https:\/\/activespirits.net\/de\/\"},{\"@type\":\"ListItem\",\"position\":2,\"name\":\"Courses\",\"item\":\"https:\/\/activespirits.net\/courses\/\"},{\"@type\":\"ListItem\",\"position\":3,\"name\":\"Die tantrische Kunst der Meditation\"}]},{\"@type\":\"WebSite\",\"@id\":\"https:\/\/activespirits.net\/#website\",\"url\":\"https:\/\/activespirits.net\/\",\"name\":\"activespirits.net\",\"description\":\"ActiveSpirits - Shai Tubali&#039;s Online Campus\",\"potentialAction\":[{\"@type\":\"SearchAction\",\"target\":{\"@type\":\"EntryPoint\",\"urlTemplate\":\"https:\/\/activespirits.net\/?s={search_term_string}\"},\"query-input\":{\"@type\":\"PropertyValueSpecification\",\"valueRequired\":true,\"valueName\":\"search_term_string\"}}],\"inLanguage\":\"de\"}]}<\/script>\n<!-- \/ Yoast SEO plugin. -->","yoast_head_json":{"title":"Meditation als ein Tor in die Gl\u00fcckseligkeit - Workshop mit Dr. Nir Brosh","description":"Am 1. August 2021 um 19:30. Jetzt noch kostenfrei teilnehmen!","robots":{"index":"index","follow":"follow","max-snippet":"max-snippet:-1","max-image-preview":"max-image-preview:large","max-video-preview":"max-video-preview:-1"},"canonical":"https:\/\/activespirits.net\/courses\/tantrische-meditation-nir\/","og_locale":"de_DE","og_type":"article","og_title":"Meditation als ein Tor in die Gl\u00fcckseligkeit - Workshop mit Dr. Nir Brosh","og_description":"Am 1. August 2021 um 19:30. Jetzt noch kostenfrei teilnehmen!","og_url":"https:\/\/activespirits.net\/courses\/tantrische-meditation-nir\/","og_site_name":"activespirits.net","article_modified_time":"2021-07-31T09:42:15+00:00","og_image":[{"width":1200,"height":630,"url":"https:\/\/activespirits.net\/wp-content\/uploads\/2021\/07\/tantrische-meditation-webinar.jpg","type":"image\/jpeg"}],"twitter_card":"summary_large_image","twitter_misc":{"Gesch\u00e4tzte Lesezeit":"3\u00a0Minuten"},"schema":{"@context":"https:\/\/schema.org","@graph":[{"@type":"WebPage","@id":"https:\/\/activespirits.net\/courses\/tantrische-meditation-nir\/","url":"https:\/\/activespirits.net\/courses\/tantrische-meditation-nir\/","name":"Meditation als ein Tor in die Gl\u00fcckseligkeit - Workshop mit Dr. Nir Brosh","isPartOf":{"@id":"https:\/\/activespirits.net\/#website"},"primaryImageOfPage":{"@id":"https:\/\/activespirits.net\/courses\/tantrische-meditation-nir\/#primaryimage"},"image":{"@id":"https:\/\/activespirits.net\/courses\/tantrische-meditation-nir\/#primaryimage"},"thumbnailUrl":"https:\/\/activespirits.net\/wp-content\/uploads\/2021\/07\/tantrische-meditation-webinar.jpg","datePublished":"2021-07-29T13:08:06+00:00","dateModified":"2021-07-31T09:42:15+00:00","description":"Am 1. August 2021 um 19:30. Jetzt noch kostenfrei teilnehmen!","breadcrumb":{"@id":"https:\/\/activespirits.net\/courses\/tantrische-meditation-nir\/#breadcrumb"},"inLanguage":"de","potentialAction":[{"@type":"ReadAction","target":["https:\/\/activespirits.net\/courses\/tantrische-meditation-nir\/"]}]},{"@type":"ImageObject","inLanguage":"de","@id":"https:\/\/activespirits.net\/courses\/tantrische-meditation-nir\/#primaryimage","url":"https:\/\/activespirits.net\/wp-content\/uploads\/2021\/07\/tantrische-meditation-webinar.jpg","contentUrl":"https:\/\/activespirits.net\/wp-content\/uploads\/2021\/07\/tantrische-meditation-webinar.jpg","width":1200,"height":630},{"@type":"BreadcrumbList","@id":"https:\/\/activespirits.net\/courses\/tantrische-meditation-nir\/#breadcrumb","itemListElement":[{"@type":"ListItem","position":1,"name":"Startseite","item":"https:\/\/activespirits.net\/de\/"},{"@type":"ListItem","position":2,"name":"Courses","item":"https:\/\/activespirits.net\/courses\/"},{"@type":"ListItem","position":3,"name":"Die tantrische Kunst der Meditation"}]},{"@type":"WebSite","@id":"https:\/\/activespirits.net\/#website","url":"https:\/\/activespirits.net\/","name":"activespirits.net","description":"ActiveSpirits - Shai Tubali&#039;s Online Campus","potentialAction":[{"@type":"SearchAction","target":{"@type":"EntryPoint","urlTemplate":"https:\/\/activespirits.net\/?s={search_term_string}"},"query-input":{"@type":"PropertyValueSpecification","valueRequired":true,"valueName":"search_term_string"}}],"inLanguage":"de"}]}},"_links":{"self":[{"href":"https:\/\/activespirits.net\/de\/wp-json\/wp\/v2\/pages\/6126","targetHints":{"allow":["GET"]}}],"collection":[{"href":"https:\/\/activespirits.net\/de\/wp-json\/wp\/v2\/pages"}],"about":[{"href":"https:\/\/activespirits.net\/de\/wp-json\/wp\/v2\/types\/page"}],"author":[{"embeddable":true,"href":"https:\/\/activespirits.net\/de\/wp-json\/wp\/v2\/users\/1"}],"replies":[{"embeddable":true,"href":"https:\/\/activespirits.net\/de\/wp-json\/wp\/v2\/comments?post=6126"}],"version-history":[{"count":8,"href":"https:\/\/activespirits.net\/de\/wp-json\/wp\/v2\/pages\/6126\/revisions"}],"predecessor-version":[{"id":6183,"href":"https:\/\/activespirits.net\/de\/wp-json\/wp\/v2\/pages\/6126\/revisions\/6183"}],"up":[{"embeddable":true,"href":"https:\/\/activespirits.net\/de\/wp-json\/wp\/v2\/pages\/1179"}],"wp:featuredmedia":[{"embeddable":true,"href":"https:\/\/activespirits.net\/de\/wp-json\/wp\/v2\/media\/6181"}],"wp:attachment":[{"href":"https:\/\/activespirits.net\/de\/wp-json\/wp\/v2\/media?parent=6126"}],"curies":[{"name":"wp","href":"https:\/\/api.w.org\/{rel}","templated":true}]}}