{"id":739,"date":"2018-07-10T11:57:17","date_gmt":"2018-07-10T09:57:17","guid":{"rendered":"http:\/\/activespirits.net\/21-chakra-activation\/"},"modified":"2023-12-13T14:42:07","modified_gmt":"2023-12-13T13:42:07","slug":"21-chakra-aktivierung","status":"publish","type":"page","link":"https:\/\/activespirits.net\/de\/courses\/21-chakra-aktivierung\/","title":{"rendered":"21 Tage Challenge: Volle Aktivierung der Chakren"},"content":{"rendered":"<p style=\"text-align: center;\"><strong><em>&#8211; 21 Tage Challenge &#8211;&nbsp;<\/em><\/strong><\/p>\n<h1 style=\"text-align: center;\">Full Chakra Activation<\/h1>\n<p style=\"text-align: center;\">Erwecke die <strong>sieben<\/strong><strong><\/strong><strong><\/strong><strong><\/strong><strong>verborgenen Kr\u00e4fte<\/strong>in Dir<\/p>\n<p><em><strong><\/strong><\/em><em><strong>Kennst du dieses Gef\u00fchl, dass da in dir noch so viel mehr auf dich wartet?<\/strong><\/em><\/p>\n<p><strong><em>Die Chakren zu erwecken bedeutet die ruhenden Lebenskr\u00e4fte in deinem K\u00f6rper und Geist zu erwecken.<\/em><\/strong><\/p>\n<p><strong><em>Jeder Teil deines Wesens &#8211; physisch, emotional, mental, energetisch und spirituell &#8211; beginnt aufzubl\u00fchen und wird zutiefst best\u00e4rkt.<\/em><\/strong><\/p>\n<p><em><strong>Schlie\u00dfe dich der Reise mit dem Chakra-Experten Shai Tubali an und konzentriere dich f\u00fcr 21 aufregende Tage auf die Kraft deiner Chakren<\/strong><\/em><\/p>\n<p><span style=\"width: 100%;\"><img loading=\"lazy\" decoding=\"async\" alt=\"\" title=\"awaken-dormant-forces\" data-id=\"734\" src=\"\/\/activespirits.net\/wp-content\/uploads\/2018\/07\/awaken-dormant-forces.jpg\" style=\"\" width=\"600\" height=\"1200\"><\/span><\/p>\n<p>Diese Challenge l\u00e4dt dich in einen energetisierenden, erhebenden Prozess ein, der verborgene Kr\u00e4fte in Dir weckt: Physische, psychische, emotionale, mentale, energetische und spirituelle Kr\u00e4fte, die normalerweise unerkannt und nicht-aktiviert bleiben. Mit diesen sieben Kr\u00e4fte wirst du genug Kraft und Mut in dir finden um deinem Leben und der Welt um dich entgegenzutreten, dein Leben zu lieben und dich vollkommen daf\u00fcr zu entscheiden.<\/p>\n<p>Die Challenge offenbart eine einmalige Perspektive auf die Chakren als sieben Kr\u00e4fte. Unser Statement ist, dass wenn du dich f\u00fcr einen Zeitraum von 21 Tagen konstant auf deine Chakren fokussierst, du die vitalsten Kr\u00e4fte in dir zum Leben erwecken kannst &#8211; Kr\u00e4fte, die deinem K\u00f6rper mehr Gesundheit wiedergeben k\u00f6nnen, dich emotional und mental ausbalancieren k\u00f6nnen, deinen K\u00f6rper und Geist revitalisieren und energetisieren k\u00f6nnen und dich vibrierend und spirituell wach und bewusst machen k\u00f6nnen.<\/p>\n<p><span style=\"width: 100%;\"><img loading=\"lazy\" decoding=\"async\" alt=\"\" title=\"chakren\" data-id=\"554\" src=\"\/\/activespirits.net\/wp-content\/uploads\/2018\/07\/chakren.png\" style=\"\" width=\"187\" height=\"1680\"><\/span><\/p>\n<h1 style=\"text-align: center;\">Diese sieben Kr\u00e4fte bringen dich in<\/h1>\n<p><strong>Innere Stabilit\u00e4t<\/strong><\/p>\n<p><strong><strong><\/strong>Bedingungslose Freude des Lebens, Leidenschaft und Lebendigkeit<\/strong><\/p>\n<p>Innere Kraft und Willenskraft<\/p>\n<p>Emotionale F\u00fclle und Liebe<\/p>\n<p>Vision und die Kraft sie zu erf\u00fcllen<\/p>\n<p>Klarheit und Einsicht<\/p>\n<p>Kontakt mit dem Universum und Freiheit<\/p>\n<p><em><em>&#8222;Eine ganz behutsame, sanfte und sehr liebevolle Reise in der unsere Suche nach Erf\u00fcllung, Ganzheit und Lebenssinn letztendlich zu uns selbst f\u00fchrt. Ein unglaublich wertvolles, begl\u00fcckendes Geschenk f\u00fcr all diejenigen, die sich auf diese Reise einladen lassen.&#8220;<\/em><\/em><\/p>\n<p><!--[endif]--><\/p>\n<p style=\"text-align: left;\"><strong>Ulrike<\/strong><\/p>\n<p><em><em>&#8222;<\/em><\/em>Shai hat eine unvergleichliche Art, komplexe Inhalte so herunterzubrechen, dass wir nicht nur mit dem Verstand, sondern auch mit dem Herzen andocken k\u00f6nnen. Die Tatsache, dass sich so viele Bereiche und Ebenen in mir angesprochen gef\u00fchlt haben, hat das Zuh\u00f6ren f\u00fcr mich zu einem Genuss gemacht. Soweit ich das derzeit beurteilen kann, habe ich von dieser Challenge sehr profitiert. Danke!<em><em>&#8222;<\/em><\/em><\/p>\n<p><!--[endif]--><\/p>\n<p style=\"text-align: left;\"><strong>Andrea<\/strong><\/p>\n<p><em><em>&#8222;<\/em><\/em>Danke f\u00fcr die 21-Tage-Challenge! Sie hat nach einem Schicksalsschlag wieder Ordnung, Ruhe und Liebe in meine Emotionen und Gef\u00fchle gebracht und mich meine &#8222;unter-Emotionen-versch\u00fcttete&#8220; Verbindung zu meinem tiefen, inneren Selbst sp\u00fcren lassen. Ich f\u00fchle wieder deutlich die Sensibilit\u00e4t und meinen Ursprung. Vor diesem inneren Wissen habe ich mich jahrelang verschlossen, wahrscheinlich nur um dieses Geschenk des Erwachens erleben zu k\u00f6nnen.<em><em>&#8222;<\/em><\/em><\/p>\n<p style=\"text-align: left;\"><strong>Sandra<\/strong><\/p>\n<p><em><span style=\"font-size: 25px;\"><span style=\"font-family: Prata;\">Jeder Schritt<\/span><\/span><\/em> auf dem Weg beinhaltet innere \u00dcbungen, sowie \u00dcbungen, die und aktiver und engagierter in unserem Leben werden lassen, gef\u00fchrte Meditationen und Visualisierungen. Durch emotionale und energetische Kraft werden wir eine St\u00e4rkung unserer eigenen inneren Kr\u00e4fte erreichen.<em><\/em><\/p>\n<h1 style=\"text-align: center;\">Die Struktur<\/h1>\n<p><span style=\"width: 100%;\"><img loading=\"lazy\" decoding=\"async\" alt=\"\" title=\"chakren-aktivierung-tag1\" src=\"\/\/activespirits.net\/wp-content\/uploads\/2018\/07\/chakren-aktivierung-tag1.jpg\" style=\"\" data-id=\"744\" width=\"800\" height=\"350\"><\/span><span style=\"width: 100%;\"><img loading=\"lazy\" decoding=\"async\" alt=\"\" title=\"wurzel-chakra-erwecken-2-3-4-tage\" src=\"\/\/activespirits.net\/wp-content\/uploads\/2018\/07\/wurzel-chakra-erwecken-2-3-4-tage.jpg\" style=\"\" data-id=\"750\" width=\"800\" height=\"350\"><\/span><span style=\"width: 100%;\"><img loading=\"lazy\" decoding=\"async\" alt=\"\" title=\"sakral-chakra-erwecken-5-6-7-tage\" src=\"\/\/activespirits.net\/wp-content\/uploads\/2018\/07\/sakral-chakra-erwecken-5-6-7-tage.jpg\" style=\"\" data-id=\"748\" width=\"800\" height=\"350\"><\/span><span style=\"width: 100%;\"><img loading=\"lazy\" decoding=\"async\" alt=\"\" title=\"solarplexus-chakra-erwecken-8-9-10-tage\" src=\"\/\/activespirits.net\/wp-content\/uploads\/2018\/07\/solarplexus-chakra-erwecken-8-9-10-tage.jpg\" style=\"\" data-id=\"752\" width=\"800\" height=\"350\"><\/span><span style=\"width: 100%;\"><img loading=\"lazy\" decoding=\"async\" alt=\"\" title=\"herzchakra-erwecken-11-12-13-tage\" src=\"\/\/activespirits.net\/wp-content\/uploads\/2018\/07\/herzchakra-erwecken-11-12-13-tage.jpg\" style=\"\" data-id=\"754\" width=\"800\" height=\"350\"><\/span><span style=\"width: 100%;\"><img loading=\"lazy\" decoding=\"async\" alt=\"\" title=\"Kehl-Chakra-erwecken-14-15-tage\" src=\"\/\/activespirits.net\/wp-content\/uploads\/2018\/07\/Kehl-Chakra-erwecken-14-15-tage.jpg\" style=\"\" data-id=\"756\" width=\"800\" height=\"350\"><\/span><span style=\"width: 100%;\"><img loading=\"lazy\" decoding=\"async\" alt=\"\" title=\"drittes-auge-erwecken-16-17-tage\" src=\"\/\/activespirits.net\/wp-content\/uploads\/2018\/07\/drittes-auge-erwecken-16-17-tage.jpg\" style=\"\" data-id=\"758\" width=\"800\" height=\"350\"><\/span><span style=\"width: 100%;\"><img loading=\"lazy\" decoding=\"async\" alt=\"\" title=\"Kronenchakra-erwecken-18-19-tage\" src=\"\/\/activespirits.net\/wp-content\/uploads\/2018\/07\/Kronenchakra-erwecken-18-19-tage.jpg\" style=\"\" data-id=\"760\" width=\"800\" height=\"350\"><\/span><span style=\"width: 100%;\"><img loading=\"lazy\" decoding=\"async\" alt=\"\" title=\"Chakren-Ausrichtung-20-tag\" src=\"\/\/activespirits.net\/wp-content\/uploads\/2018\/07\/Chakren-Ausrichtung-20-tag.jpg\" style=\"\" data-id=\"762\" width=\"800\" height=\"350\"><\/span><span style=\"width: 100%;\"><img loading=\"lazy\" decoding=\"async\" alt=\"\" title=\"21-tag\" src=\"\/\/activespirits.net\/wp-content\/uploads\/2018\/07\/21-tag.jpg\" style=\"\" data-id=\"764\" width=\"800\" height=\"350\"><\/span><\/p>\n<h1 style=\"text-align: center;\">Du m\u00f6chtest dabei sein?<span style=\"font-size: 33px; font-family: Raleway; font-weight: 400;\">Sichere dir jetzt den Zugang zur 21-Tage-Challenge zum Einf\u00fchrungspreis.<\/span><\/h1>\n<p>Die Challenge startet unmittelbar nach deiner Anmeldung. Du bekommst \u00fcber 21 Tage t\u00e4glich eine neue Lektion zugeschickt.<\/p>\n<p>Dein Zeit-Investement betr\u00e4gt etwa 15-20 minuten pro Tag<\/p>\n<p>Auf dieser Reise geht es um dich. Alle Lektionen sind darauf ausgerichtet deine sieben Chakren zu aktivieren und zu st\u00e4rken.<\/p>\n<p>T\u00e4gliche Online-Lektionen. Du kannst von \u00fcberall aus teilnehmen.<\/p>\n<p>Erhalte Zugang zum exklusiven und gesch\u00fctzten Mitgliederbereich.<\/p>\n<p>Gef\u00fchrte Meditationen und \u00dcbungen zum Download<\/p>\n<p>Erhalte Zugang zur geschlossenen Challenge-Gruppe, um deine Erfahrungen mit der Community teilen zu k\u00f6nnen.<\/p>\n<p>Sicher dir den Kurs und 2 Jahre Zugriff auf alle Inhalte f\u00fcr nur 197 \u20ac&nbsp; <strong>97,- EUR<\/strong><\/p>\n<h1 style=\"text-align: center;\">Ich m\u00f6chte dabei sein<\/h1>\n<p>[tcb-script async=&#8220;&#8220; src=&#8220;\/\/tinder.thrivecart.com\/embed\/v1\/thrivecart.js&#8220; id=&#8220;tc-soul-position-38-352QRW&#8220;][\/tcb-script]<\/p>\n<h1 style=\"text-align: center;\">\u00dcber Shai Tubali<\/h1>\n<p><span style=\"width: 100%;\"><img loading=\"lazy\" decoding=\"async\" alt=\"\" title=\"Shai Tubali\" src=\"\/\/activespirits.net\/wp-content\/uploads\/2018\/07\/Shai-Tubali.jpg\" style=\"\" data-id=\"627\" width=\"630\" height=\"623\"><\/span><\/p>\n<p><em><strong>Shai Tubali <\/strong><em><em><em><em>hat in den letzten 18 Jahren tausende Menschen weltweit auf der Reise zu sich selbst begleitet. Als Experte f\u00fcr spirituelle Transformation und Selbstentfaltung sieht er das Balancieren und Erwecken unserer sieben &#8222;Weisheits-Zentren&#8220; als essentiell wichtig, f\u00fcr tiefe Selbsterf\u00fcllung und das Aufbl\u00fchen unseres wahren Seins.<\/em><\/em><\/em><\/em><\/em><\/p>\n<p><em>&#8222;<\/em>Die vollkommen andere Sichtweise von Shai auf unser SO SEIN, frei von Dogmen, Ritualen, frei von du musst, du sollst, sonst&#8230;.ist absolut befreiend und inspirierend. Uns so in die Freiheit zu stellen, das ist Liebe pur. Gro\u00dfen Dank!<em>&#8222;<\/em><\/p>\n<p><!--[endif]--><\/p>\n<p style=\"text-align: left;\"><strong>Elisabeth<\/strong><\/p>\n<p><em>&#8222;Shai spricht aus seinem Herzen zu unseren Herzen&#8230; So bekommen unsere Herzen Ohren&#8230;. Wir sind ganz Herzohr&#8230; Und in der Einheit, in diesem selben Geist, kann man sich vergessen und finden&#8230;&#8220;<\/em><\/p>\n<p><!--[endif]--><\/p>\n<p style=\"text-align: left;\"><strong>Kathrin<\/strong><\/p>\n<p>&#8222;Mich hat die liebevolle F\u00fchrung von der Ebene der Person \u00fcber den transpersonalen Bereich bis zum SELBST sehr ber\u00fchrt. Ein Leitfaden &#8211; und doch ganz offen. Ganz zielgerichtet und doch ganz frei.&#8220;<\/p>\n<p style=\"text-align: left;\"><strong>Michael<\/strong><\/p>\n<p style=\"\"><span style=\"font-size: 11px !important; --tcb-applied-color: rgb(255, 255, 255) !important; color: rgb(255, 255, 255) !important;\">Bei diesem Programm handelt es sich um ein Selbsthilfeprogramm und keine Psychotherapie. Die Inhalte wurden sorgf\u00e4ltig erstellt. Eine eventuell notwendige Behandlung bei einem Arzt oder Psychotherapeuten kann dadurch nicht ersetzt werden.<\/span><\/p>\n<p style=\"\"><span style=\"color: rgb(255, 255, 255) !important;\"><span style=\"--tcb-applied-color: rgb(255, 255, 255) !important;\"><span style=\"font-size: 11px !important;\">Wenn du derzeit oder in der Vergangenheit eine medizinische Behandlung oder Therapie wegen psychischer Probleme erh\u00e4ltst oder erhalten hast, ist eine Umgebung der tiefen Kontemplation oder Introspektion m\u00f6glicherweise nicht f\u00fcr dich geeignet.&nbsp;<\/span><\/span><\/span><span style=\"font-size: 11px !important; --tcb-applied-color: rgb(255, 255, 255) !important; color: rgb(255, 255, 255) !important;\">Bitte besprich mit einem Arzt oder einer \u00c4rztin f\u00fcr psychische Gesundheit, ob es f\u00fcr dich geeignet und sicher ist, zu diesem Zeitpunkt in einer fokussierten Umgebung der Kontemplation zu sein. <\/span><\/p>\n<p style=\"\"><span style=\"font-size: 11px !important; --tcb-applied-color: rgb(255, 255, 255) !important; color: rgb(255, 255, 255) !important;\">Mit seinen Programmen gibt Dr. Shai Tubali keinerlei Heilversprechen ab. Die Anwendung des Programms erfolgt grunds\u00e4tzlich auf eigene Verantwortung.<\/span><\/p>\n<p style=\"text-align: center;\"><a href=\"https:\/\/activespirits.net\/impressum\/\" target=\"_blank\" style=\"outline: none;\" rel=\"noopener\">Impressum<\/a>&nbsp;|&nbsp;<a href=\"https:\/\/activespirits.net\/privacy-policy\/\" target=\"_blank\" style=\"outline: none;\" rel=\"noopener\">Datenschutz<\/a><\/p>\n<span class=\"et_bloom_bottom_trigger\"><\/span>","protected":false},"excerpt":{"rendered":"<p>&#8211; 21 Tage Challenge &#8211;&nbsp; Full Chakra Activation Erwecke die siebenverborgenen Kr\u00e4ftein Dir Kennst du dieses Gef\u00fchl, dass da in dir noch so viel mehr auf dich wartet? Die Chakren zu erwecken bedeutet die ruhenden Lebenskr\u00e4fte in deinem K\u00f6rper und Geist zu erwecken. Jeder Teil deines Wesens &#8211; physisch, emotional, mental, energetisch und spirituell &#8211; [&hellip;]<\/p>\n","protected":false},"author":1,"featured_media":820,"parent":1179,"menu_order":0,"comment_status":"closed","ping_status":"closed","template":"","meta":{"_et_pb_use_builder":"","_et_pb_old_content":"","_et_gb_content_width":"","footnotes":""},"class_list":["post-739","page","type-page","status-publish","has-post-thumbnail","hentry"],"yoast_head":"<!-- This site is optimized with the Yoast SEO plugin v27.4 - https:\/\/yoast.com\/product\/yoast-seo-wordpress\/ -->\n<title>21 Tage Challenge: Erwecke die sieben Chakren in Dir - mit Shai Tubali<\/title>\n<meta name=\"robots\" content=\"index, follow, max-snippet:-1, max-image-preview:large, max-video-preview:-1\" \/>\n<link rel=\"canonical\" href=\"https:\/\/activespirits.net\/de\/courses\/21-chakra-aktivierung\/\" \/>\n<meta property=\"og:locale\" content=\"de_DE\" \/>\n<meta property=\"og:type\" content=\"article\" \/>\n<meta property=\"og:title\" content=\"21 Tage Challenge: Erwecke die sieben Chakren in Dir - mit Shai Tubali\" \/>\n<meta property=\"og:description\" content=\"&#8211; 21 Tage Challenge &#8211;&nbsp; Full Chakra Activation Erwecke die siebenverborgenen Kr\u00e4ftein Dir Kennst du dieses Gef\u00fchl, dass da in dir noch so viel mehr auf dich wartet? Die Chakren zu erwecken bedeutet die ruhenden Lebenskr\u00e4fte in deinem K\u00f6rper und Geist zu erwecken. Jeder Teil deines Wesens &#8211; physisch, emotional, mental, energetisch und spirituell &#8211; [&hellip;]\" \/>\n<meta property=\"og:url\" content=\"https:\/\/activespirits.net\/de\/courses\/21-chakra-aktivierung\/\" \/>\n<meta property=\"og:site_name\" content=\"activespirits.net\" \/>\n<meta property=\"article:modified_time\" content=\"2023-12-13T13:42:07+00:00\" \/>\n<meta property=\"og:image\" content=\"https:\/\/activespirits.net\/wp-content\/uploads\/2018\/07\/chakren-aktivierung-challenge.jpg\" \/>\n\t<meta property=\"og:image:width\" content=\"1200\" \/>\n\t<meta property=\"og:image:height\" content=\"628\" \/>\n\t<meta property=\"og:image:type\" content=\"image\/jpeg\" \/>\n<meta name=\"twitter:card\" content=\"summary_large_image\" \/>\n<meta name=\"twitter:label1\" content=\"Gesch\u00e4tzte Lesezeit\" \/>\n\t<meta name=\"twitter:data1\" content=\"5\u00a0Minuten\" \/>\n<script type=\"application\/ld+json\" class=\"yoast-schema-graph\">{\"@context\":\"https:\\\/\\\/schema.org\",\"@graph\":[{\"@type\":\"WebPage\",\"@id\":\"https:\\\/\\\/activespirits.net\\\/de\\\/courses\\\/21-chakra-aktivierung\\\/\",\"url\":\"https:\\\/\\\/activespirits.net\\\/de\\\/courses\\\/21-chakra-aktivierung\\\/\",\"name\":\"21 Tage Challenge: Erwecke die sieben Chakren in Dir - mit Shai Tubali\",\"isPartOf\":{\"@id\":\"https:\\\/\\\/activespirits.net\\\/#website\"},\"primaryImageOfPage\":{\"@id\":\"https:\\\/\\\/activespirits.net\\\/de\\\/courses\\\/21-chakra-aktivierung\\\/#primaryimage\"},\"image\":{\"@id\":\"https:\\\/\\\/activespirits.net\\\/de\\\/courses\\\/21-chakra-aktivierung\\\/#primaryimage\"},\"thumbnailUrl\":\"https:\\\/\\\/activespirits.net\\\/wp-content\\\/uploads\\\/2018\\\/07\\\/chakren-aktivierung-challenge.jpg\",\"datePublished\":\"2018-07-10T09:57:17+00:00\",\"dateModified\":\"2023-12-13T13:42:07+00:00\",\"breadcrumb\":{\"@id\":\"https:\\\/\\\/activespirits.net\\\/de\\\/courses\\\/21-chakra-aktivierung\\\/#breadcrumb\"},\"inLanguage\":\"de\",\"potentialAction\":[{\"@type\":\"ReadAction\",\"target\":[\"https:\\\/\\\/activespirits.net\\\/de\\\/courses\\\/21-chakra-aktivierung\\\/\"]}]},{\"@type\":\"ImageObject\",\"inLanguage\":\"de\",\"@id\":\"https:\\\/\\\/activespirits.net\\\/de\\\/courses\\\/21-chakra-aktivierung\\\/#primaryimage\",\"url\":\"https:\\\/\\\/activespirits.net\\\/wp-content\\\/uploads\\\/2018\\\/07\\\/chakren-aktivierung-challenge.jpg\",\"contentUrl\":\"https:\\\/\\\/activespirits.net\\\/wp-content\\\/uploads\\\/2018\\\/07\\\/chakren-aktivierung-challenge.jpg\",\"width\":1200,\"height\":628},{\"@type\":\"BreadcrumbList\",\"@id\":\"https:\\\/\\\/activespirits.net\\\/de\\\/courses\\\/21-chakra-aktivierung\\\/#breadcrumb\",\"itemListElement\":[{\"@type\":\"ListItem\",\"position\":1,\"name\":\"Startseite\",\"item\":\"https:\\\/\\\/activespirits.net\\\/de\\\/\"},{\"@type\":\"ListItem\",\"position\":2,\"name\":\"Courses\",\"item\":\"https:\\\/\\\/activespirits.net\\\/courses\\\/\"},{\"@type\":\"ListItem\",\"position\":3,\"name\":\"21 Tage Challenge: Volle Aktivierung der Chakren\"}]},{\"@type\":\"WebSite\",\"@id\":\"https:\\\/\\\/activespirits.net\\\/#website\",\"url\":\"https:\\\/\\\/activespirits.net\\\/\",\"name\":\"activespirits.net\",\"description\":\"ActiveSpirits - Shai Tubali&#039;s Online Campus\",\"potentialAction\":[{\"@type\":\"SearchAction\",\"target\":{\"@type\":\"EntryPoint\",\"urlTemplate\":\"https:\\\/\\\/activespirits.net\\\/?s={search_term_string}\"},\"query-input\":{\"@type\":\"PropertyValueSpecification\",\"valueRequired\":true,\"valueName\":\"search_term_string\"}}],\"inLanguage\":\"de\"}]}<\/script>\n<!-- \/ Yoast SEO plugin. -->","yoast_head_json":{"title":"21 Tage Challenge: Erwecke die sieben Chakren in Dir - mit Shai Tubali","robots":{"index":"index","follow":"follow","max-snippet":"max-snippet:-1","max-image-preview":"max-image-preview:large","max-video-preview":"max-video-preview:-1"},"canonical":"https:\/\/activespirits.net\/de\/courses\/21-chakra-aktivierung\/","og_locale":"de_DE","og_type":"article","og_title":"21 Tage Challenge: Erwecke die sieben Chakren in Dir - mit Shai Tubali","og_description":"&#8211; 21 Tage Challenge &#8211;&nbsp; Full Chakra Activation Erwecke die siebenverborgenen Kr\u00e4ftein Dir Kennst du dieses Gef\u00fchl, dass da in dir noch so viel mehr auf dich wartet? Die Chakren zu erwecken bedeutet die ruhenden Lebenskr\u00e4fte in deinem K\u00f6rper und Geist zu erwecken. Jeder Teil deines Wesens &#8211; physisch, emotional, mental, energetisch und spirituell &#8211; [&hellip;]","og_url":"https:\/\/activespirits.net\/de\/courses\/21-chakra-aktivierung\/","og_site_name":"activespirits.net","article_modified_time":"2023-12-13T13:42:07+00:00","og_image":[{"width":1200,"height":628,"url":"https:\/\/activespirits.net\/wp-content\/uploads\/2018\/07\/chakren-aktivierung-challenge.jpg","type":"image\/jpeg"}],"twitter_card":"summary_large_image","twitter_misc":{"Gesch\u00e4tzte Lesezeit":"5\u00a0Minuten"},"schema":{"@context":"https:\/\/schema.org","@graph":[{"@type":"WebPage","@id":"https:\/\/activespirits.net\/de\/courses\/21-chakra-aktivierung\/","url":"https:\/\/activespirits.net\/de\/courses\/21-chakra-aktivierung\/","name":"21 Tage Challenge: Erwecke die sieben Chakren in Dir - mit Shai Tubali","isPartOf":{"@id":"https:\/\/activespirits.net\/#website"},"primaryImageOfPage":{"@id":"https:\/\/activespirits.net\/de\/courses\/21-chakra-aktivierung\/#primaryimage"},"image":{"@id":"https:\/\/activespirits.net\/de\/courses\/21-chakra-aktivierung\/#primaryimage"},"thumbnailUrl":"https:\/\/activespirits.net\/wp-content\/uploads\/2018\/07\/chakren-aktivierung-challenge.jpg","datePublished":"2018-07-10T09:57:17+00:00","dateModified":"2023-12-13T13:42:07+00:00","breadcrumb":{"@id":"https:\/\/activespirits.net\/de\/courses\/21-chakra-aktivierung\/#breadcrumb"},"inLanguage":"de","potentialAction":[{"@type":"ReadAction","target":["https:\/\/activespirits.net\/de\/courses\/21-chakra-aktivierung\/"]}]},{"@type":"ImageObject","inLanguage":"de","@id":"https:\/\/activespirits.net\/de\/courses\/21-chakra-aktivierung\/#primaryimage","url":"https:\/\/activespirits.net\/wp-content\/uploads\/2018\/07\/chakren-aktivierung-challenge.jpg","contentUrl":"https:\/\/activespirits.net\/wp-content\/uploads\/2018\/07\/chakren-aktivierung-challenge.jpg","width":1200,"height":628},{"@type":"BreadcrumbList","@id":"https:\/\/activespirits.net\/de\/courses\/21-chakra-aktivierung\/#breadcrumb","itemListElement":[{"@type":"ListItem","position":1,"name":"Startseite","item":"https:\/\/activespirits.net\/de\/"},{"@type":"ListItem","position":2,"name":"Courses","item":"https:\/\/activespirits.net\/courses\/"},{"@type":"ListItem","position":3,"name":"21 Tage Challenge: Volle Aktivierung der Chakren"}]},{"@type":"WebSite","@id":"https:\/\/activespirits.net\/#website","url":"https:\/\/activespirits.net\/","name":"activespirits.net","description":"ActiveSpirits - Shai Tubali&#039;s Online Campus","potentialAction":[{"@type":"SearchAction","target":{"@type":"EntryPoint","urlTemplate":"https:\/\/activespirits.net\/?s={search_term_string}"},"query-input":{"@type":"PropertyValueSpecification","valueRequired":true,"valueName":"search_term_string"}}],"inLanguage":"de"}]}},"_links":{"self":[{"href":"https:\/\/activespirits.net\/de\/wp-json\/wp\/v2\/pages\/739","targetHints":{"allow":["GET"]}}],"collection":[{"href":"https:\/\/activespirits.net\/de\/wp-json\/wp\/v2\/pages"}],"about":[{"href":"https:\/\/activespirits.net\/de\/wp-json\/wp\/v2\/types\/page"}],"author":[{"embeddable":true,"href":"https:\/\/activespirits.net\/de\/wp-json\/wp\/v2\/users\/1"}],"replies":[{"embeddable":true,"href":"https:\/\/activespirits.net\/de\/wp-json\/wp\/v2\/comments?post=739"}],"version-history":[{"count":10,"href":"https:\/\/activespirits.net\/de\/wp-json\/wp\/v2\/pages\/739\/revisions"}],"predecessor-version":[{"id":9216,"href":"https:\/\/activespirits.net\/de\/wp-json\/wp\/v2\/pages\/739\/revisions\/9216"}],"up":[{"embeddable":true,"href":"https:\/\/activespirits.net\/de\/wp-json\/wp\/v2\/pages\/1179"}],"wp:featuredmedia":[{"embeddable":true,"href":"https:\/\/activespirits.net\/de\/wp-json\/wp\/v2\/media\/820"}],"wp:attachment":[{"href":"https:\/\/activespirits.net\/de\/wp-json\/wp\/v2\/media?parent=739"}],"curies":[{"name":"wp","href":"https:\/\/api.w.org\/{rel}","templated":true}]}}