{"id":839,"date":"2018-08-01T17:56:01","date_gmt":"2018-08-01T15:56:01","guid":{"rendered":"http:\/\/activespirits.net\/select\/later\/"},"modified":"2018-08-01T20:50:22","modified_gmt":"2018-08-01T18:50:22","slug":"later","status":"publish","type":"page","link":"https:\/\/activespirits.net\/de\/select\/later\/","title":{"rendered":"Later."},"content":{"rendered":"<p><span class=\"tve_image_frame\" style=\"width: 100%;\"><img loading=\"lazy\" decoding=\"async\" class=\"tve_image wp-image-17\" alt=\"\" title=\"active-spirit-1\" data-id=\"17\" src=\"\/\/activespirits.net\/wp-content\/uploads\/2018\/07\/active-spirit-1-1.png\" style=\"width: 100%;\" width=\"539\" height=\"339\" srcset=\"https:\/\/activespirits.net\/wp-content\/uploads\/2018\/07\/active-spirit-1-1.png 539w, https:\/\/activespirits.net\/wp-content\/uploads\/2018\/07\/active-spirit-1-1-300x189.png 300w\" sizes=\"(max-width: 539px) 100vw, 539px\" \/><\/span>\n<div role=\"navigation\" aria-label=\"Sprachwechsler\" class=\"wpml-ls-statics-shortcode_actions wpml-ls wpml-ls-legacy-list-horizontal\">\n\t<ul><li class=\"wpml-ls-slot-shortcode_actions wpml-ls-item wpml-ls-item-en wpml-ls-first-item wpml-ls-last-item wpml-ls-item-legacy-list-horizontal\">\n\t\t\t\t<a href=\"https:\/\/activespirits.net\/\" hreflang=\"en\" lang=\"en\" class=\"wpml-ls-link\" aria-label=\"Wechseln zu Englisch\" title=\"Wechseln zu Englisch\">\n\t\t\t\t\t                                    <img decoding=\"async\"\n            class=\"wpml-ls-flag\"\n            src=\"https:\/\/activespirits.net\/wp-content\/plugins\/sitepress-multilingual-cms\/res\/flags\/en.png\"\n            alt=\"\"\n            loading=\"lazy\"\n            width=18\n            height=12\n    \/><span class=\"wpml-ls-display\">Englisch<\/span><\/a>\n\t\t\t<\/li><\/ul>\n<\/div>\n<\/p>\n<h2 data-css=\"tve-u-1646fb6a59f\" style=\"text-align: center;\"><span data-css=\"tve-u-1646fb77621\" style=\"font-size: 41px;\">\u200bDIE N\u00c4CHSTE EMAIL ERREICHTDICH IN ZWEI TAGEN<\/span><\/h2>\n<p data-css=\"tve-u-1646fc00440\">\u200bDu erh\u00e4ltst die n\u00e4chste Email mit einer ausf\u00fchrlichen Auswertung zum Chakren-Test \u200bin zwei Tagen.\u200bVielen Dank \u00fcbrigens daf\u00fcr, dass du den Link geklickt hast\u200b ..\u200bDu bestimmst den Weg dieser Reise selbst mit..<\/p>\n<p data-css=\"tve-u-1646fc00440\">Wir sprechen uns in zwei Tagen ..<\/p>\n<p data-css=\"tve-u-1646fc00440\">Es. Wird. Aktiv. \ud83d\ude42<\/p>\n<p data-css=\"tve-u-1646fc00440\">\u200bPhilipp &amp; Carlos<\/p>\n<p data-css=\"tve-u-1646fc00440\">\n<p data-css=\"tve-u-1646fc00440\"><em>P.S.:<\/em><\/p>\n<p data-css=\"tve-u-1646fc00440\"><em>\u200b<em>W\u00e4hrend du wartest schau doch mal bei dem Button hier unten vorbei\u200b.Aber das ist nur ein Vorschlag \ud83d\ude42<\/em><\/em><\/p>\n<p data-css=\"tve-u-1646fc00440\" style=\"text-align: center;\"><a href=\"https:\/\/activespirits.net\/impressum\/\" target=\"_blank\">Impressum<\/a> | <a href=\"https:\/\/activespirits.net\/privacy-policy\/\" target=\"_blank\">Datenschutz<\/a><\/p>\n<span class=\"et_bloom_bottom_trigger\"><\/span>","protected":false},"excerpt":{"rendered":"<p>\u200bDIE N\u00c4CHSTE EMAIL ERREICHTDICH IN ZWEI TAGEN \u200bDu erh\u00e4ltst die n\u00e4chste Email mit einer ausf\u00fchrlichen Auswertung zum Chakren-Test \u200bin zwei Tagen.\u200bVielen Dank \u00fcbrigens daf\u00fcr, dass du den Link geklickt hast\u200b ..\u200bDu bestimmst den Weg dieser Reise selbst mit.. Wir sprechen uns in zwei Tagen .. Es. Wird. Aktiv. \ud83d\ude42 \u200bPhilipp &amp; Carlos P.S.: \u200bW\u00e4hrend du [&hellip;]<\/p>\n","protected":false},"author":1,"featured_media":0,"parent":826,"menu_order":0,"comment_status":"closed","ping_status":"closed","template":"page-template-blank.php","meta":{"_et_pb_use_builder":"","_et_pb_old_content":"","_et_gb_content_width":"","footnotes":""},"class_list":["post-839","page","type-page","status-publish","hentry"],"yoast_head":"<!-- This site is optimized with the Yoast SEO plugin v27.4 - https:\/\/yoast.com\/product\/yoast-seo-wordpress\/ -->\n<title>Later. - activespirits.net<\/title>\n<meta name=\"robots\" content=\"index, follow, max-snippet:-1, max-image-preview:large, max-video-preview:-1\" \/>\n<link rel=\"canonical\" href=\"https:\/\/activespirits.net\/select\/later\/\" \/>\n<meta property=\"og:locale\" content=\"de_DE\" \/>\n<meta property=\"og:type\" content=\"article\" \/>\n<meta property=\"og:title\" content=\"Later. - activespirits.net\" \/>\n<meta property=\"og:description\" content=\"\u200bDIE N\u00c4CHSTE EMAIL ERREICHTDICH IN ZWEI TAGEN \u200bDu erh\u00e4ltst die n\u00e4chste Email mit einer ausf\u00fchrlichen Auswertung zum Chakren-Test \u200bin zwei Tagen.\u200bVielen Dank \u00fcbrigens daf\u00fcr, dass du den Link geklickt hast\u200b ..\u200bDu bestimmst den Weg dieser Reise selbst mit.. Wir sprechen uns in zwei Tagen .. Es. Wird. Aktiv. \ud83d\ude42 \u200bPhilipp &amp; Carlos P.S.: \u200bW\u00e4hrend du [&hellip;]\" \/>\n<meta property=\"og:url\" content=\"https:\/\/activespirits.net\/select\/later\/\" \/>\n<meta property=\"og:site_name\" content=\"activespirits.net\" \/>\n<meta property=\"article:modified_time\" content=\"2018-08-01T18:50:22+00:00\" \/>\n<meta name=\"twitter:card\" content=\"summary_large_image\" \/>\n<script type=\"application\/ld+json\" class=\"yoast-schema-graph\">{\"@context\":\"https:\\\/\\\/schema.org\",\"@graph\":[{\"@type\":\"WebPage\",\"@id\":\"https:\\\/\\\/activespirits.net\\\/select\\\/later\\\/\",\"url\":\"https:\\\/\\\/activespirits.net\\\/select\\\/later\\\/\",\"name\":\"Later. - activespirits.net\",\"isPartOf\":{\"@id\":\"https:\\\/\\\/activespirits.net\\\/#website\"},\"datePublished\":\"2018-08-01T15:56:01+00:00\",\"dateModified\":\"2018-08-01T18:50:22+00:00\",\"breadcrumb\":{\"@id\":\"https:\\\/\\\/activespirits.net\\\/select\\\/later\\\/#breadcrumb\"},\"inLanguage\":\"de\",\"potentialAction\":[{\"@type\":\"ReadAction\",\"target\":[\"https:\\\/\\\/activespirits.net\\\/select\\\/later\\\/\"]}]},{\"@type\":\"BreadcrumbList\",\"@id\":\"https:\\\/\\\/activespirits.net\\\/select\\\/later\\\/#breadcrumb\",\"itemListElement\":[{\"@type\":\"ListItem\",\"position\":1,\"name\":\"Startseite\",\"item\":\"https:\\\/\\\/activespirits.net\\\/de\\\/\"},{\"@type\":\"ListItem\",\"position\":2,\"name\":\"Select\",\"item\":\"https:\\\/\\\/activespirits.net\\\/select\\\/\"},{\"@type\":\"ListItem\",\"position\":3,\"name\":\"Later.\"}]},{\"@type\":\"WebSite\",\"@id\":\"https:\\\/\\\/activespirits.net\\\/#website\",\"url\":\"https:\\\/\\\/activespirits.net\\\/\",\"name\":\"activespirits.net\",\"description\":\"ActiveSpirits - Shai Tubali&#039;s Online Campus\",\"potentialAction\":[{\"@type\":\"SearchAction\",\"target\":{\"@type\":\"EntryPoint\",\"urlTemplate\":\"https:\\\/\\\/activespirits.net\\\/?s={search_term_string}\"},\"query-input\":{\"@type\":\"PropertyValueSpecification\",\"valueRequired\":true,\"valueName\":\"search_term_string\"}}],\"inLanguage\":\"de\"}]}<\/script>\n<!-- \/ Yoast SEO plugin. -->","yoast_head_json":{"title":"Later. - activespirits.net","robots":{"index":"index","follow":"follow","max-snippet":"max-snippet:-1","max-image-preview":"max-image-preview:large","max-video-preview":"max-video-preview:-1"},"canonical":"https:\/\/activespirits.net\/select\/later\/","og_locale":"de_DE","og_type":"article","og_title":"Later. - activespirits.net","og_description":"\u200bDIE N\u00c4CHSTE EMAIL ERREICHTDICH IN ZWEI TAGEN \u200bDu erh\u00e4ltst die n\u00e4chste Email mit einer ausf\u00fchrlichen Auswertung zum Chakren-Test \u200bin zwei Tagen.\u200bVielen Dank \u00fcbrigens daf\u00fcr, dass du den Link geklickt hast\u200b ..\u200bDu bestimmst den Weg dieser Reise selbst mit.. Wir sprechen uns in zwei Tagen .. Es. Wird. Aktiv. \ud83d\ude42 \u200bPhilipp &amp; Carlos P.S.: \u200bW\u00e4hrend du [&hellip;]","og_url":"https:\/\/activespirits.net\/select\/later\/","og_site_name":"activespirits.net","article_modified_time":"2018-08-01T18:50:22+00:00","twitter_card":"summary_large_image","schema":{"@context":"https:\/\/schema.org","@graph":[{"@type":"WebPage","@id":"https:\/\/activespirits.net\/select\/later\/","url":"https:\/\/activespirits.net\/select\/later\/","name":"Later. - activespirits.net","isPartOf":{"@id":"https:\/\/activespirits.net\/#website"},"datePublished":"2018-08-01T15:56:01+00:00","dateModified":"2018-08-01T18:50:22+00:00","breadcrumb":{"@id":"https:\/\/activespirits.net\/select\/later\/#breadcrumb"},"inLanguage":"de","potentialAction":[{"@type":"ReadAction","target":["https:\/\/activespirits.net\/select\/later\/"]}]},{"@type":"BreadcrumbList","@id":"https:\/\/activespirits.net\/select\/later\/#breadcrumb","itemListElement":[{"@type":"ListItem","position":1,"name":"Startseite","item":"https:\/\/activespirits.net\/de\/"},{"@type":"ListItem","position":2,"name":"Select","item":"https:\/\/activespirits.net\/select\/"},{"@type":"ListItem","position":3,"name":"Later."}]},{"@type":"WebSite","@id":"https:\/\/activespirits.net\/#website","url":"https:\/\/activespirits.net\/","name":"activespirits.net","description":"ActiveSpirits - Shai Tubali&#039;s Online Campus","potentialAction":[{"@type":"SearchAction","target":{"@type":"EntryPoint","urlTemplate":"https:\/\/activespirits.net\/?s={search_term_string}"},"query-input":{"@type":"PropertyValueSpecification","valueRequired":true,"valueName":"search_term_string"}}],"inLanguage":"de"}]}},"_links":{"self":[{"href":"https:\/\/activespirits.net\/de\/wp-json\/wp\/v2\/pages\/839","targetHints":{"allow":["GET"]}}],"collection":[{"href":"https:\/\/activespirits.net\/de\/wp-json\/wp\/v2\/pages"}],"about":[{"href":"https:\/\/activespirits.net\/de\/wp-json\/wp\/v2\/types\/page"}],"author":[{"embeddable":true,"href":"https:\/\/activespirits.net\/de\/wp-json\/wp\/v2\/users\/1"}],"replies":[{"embeddable":true,"href":"https:\/\/activespirits.net\/de\/wp-json\/wp\/v2\/comments?post=839"}],"version-history":[{"count":7,"href":"https:\/\/activespirits.net\/de\/wp-json\/wp\/v2\/pages\/839\/revisions"}],"predecessor-version":[{"id":859,"href":"https:\/\/activespirits.net\/de\/wp-json\/wp\/v2\/pages\/839\/revisions\/859"}],"up":[{"embeddable":true,"href":"https:\/\/activespirits.net\/de\/wp-json\/wp\/v2\/pages\/826"}],"wp:attachment":[{"href":"https:\/\/activespirits.net\/de\/wp-json\/wp\/v2\/media?parent=839"}],"curies":[{"name":"wp","href":"https:\/\/api.w.org\/{rel}","templated":true}]}}