{"id":8784,"date":"2023-06-11T20:10:18","date_gmt":"2023-06-11T18:10:18","guid":{"rendered":"https:\/\/activespirits.net\/courses\/resilienz-challenge\/booking\/"},"modified":"2023-08-04T13:21:10","modified_gmt":"2023-08-04T11:21:10","slug":"booking","status":"publish","type":"page","link":"https:\/\/activespirits.net\/de\/courses\/resilienz-challenge\/booking\/","title":{"rendered":"Resilienz Challenge &#8211; Buchung"},"content":{"rendered":"<p>[et_pb_section fb_built=&#8220;1&#8243; _builder_version=&#8220;4.19.5&#8243; _module_preset=&#8220;default&#8220; background_color=&#8220;rgba(220,204,179,0.63)&#8220; background_enable_image=&#8220;off&#8220; parallax=&#8220;on&#8220; parallax_method=&#8220;off&#8220; custom_margin=&#8220;0px||||false|false&#8220; custom_padding=&#8220;0px||48px||false|false&#8220; global_colors_info=&#8220;{}&#8220;][et_pb_row _builder_version=&#8220;4.21.0&#8243; _module_preset=&#8220;default&#8220; use_background_color_gradient=&#8220;on&#8220; background_color_gradient_stops=&#8220;rgba(233,223,207,0.13) 0%|#e9dfcf 100%&#8220; background_color_gradient_overlays_image=&#8220;on&#8220; background_image=&#8220;https:\/\/activespirits.net\/wp-content\/uploads\/2023\/06\/resilience-challenge-ride-wave.jpg&#8220; width=&#8220;100%&#8220; max_width=&#8220;100%&#8220; min_height=&#8220;300px&#8220; height=&#8220;340px&#8220; max_height=&#8220;340px&#8220; custom_margin=&#8220;0px||||false|false&#8220; custom_padding=&#8220;0px||||false|false&#8220; global_colors_info=&#8220;{}&#8220;][et_pb_column type=&#8220;4_4&#8243; _builder_version=&#8220;4.19.5&#8243; _module_preset=&#8220;default&#8220; global_colors_info=&#8220;{}&#8220;][et_pb_divider _builder_version=&#8220;4.19.5&#8243; _module_preset=&#8220;default&#8220; global_colors_info=&#8220;{}&#8220;][\/et_pb_divider][\/et_pb_column][\/et_pb_row][et_pb_row module_id=&#8220;evolve&#8220; _builder_version=&#8220;4.21.0&#8243; _module_preset=&#8220;default&#8220; width=&#8220;65%&#8220; max_width=&#8220;70%&#8220; custom_margin=&#8220;-77px|auto||auto|false|false&#8220; global_colors_info=&#8220;{}&#8220;][et_pb_column type=&#8220;4_4&#8243; _builder_version=&#8220;4.16&#8243; _module_preset=&#8220;default&#8220; global_colors_info=&#8220;{}&#8220;][et_pb_text module_id=&#8220;evolve&#8220; _builder_version=&#8220;4.19.5&#8243; _module_preset=&#8220;default&#8220; text_text_color=&#8220;#000000&#8243; header_2_text_align=&#8220;center&#8220; header_2_text_color=&#8220;#FFFFFF&#8220; header_2_font_size=&#8220;44px&#8220; header_4_font=&#8220;TT Norms Medium|||on|||||&#8220; header_4_text_color=&#8220;#8B6442&#8243; header_4_font_size=&#8220;1.3vw&#8220; header_4_letter_spacing=&#8220;1px&#8220; header_4_line_height=&#8220;1.7em&#8220; text_orientation=&#8220;center&#8220; custom_margin=&#8220;18px|||||&#8220; global_colors_info=&#8220;{}&#8220;]<\/p>\n<h4><strong>Unersch\u00fctterliche resilienz<br \/><\/strong><\/h4>\n<h2><\/h2>\n<p>[\/et_pb_text][et_pb_text module_id=&#8220;evolve&#8220; _builder_version=&#8220;4.21.0&#8243; _module_preset=&#8220;default&#8220; text_text_color=&#8220;#8b6442&#8243; header_2_text_align=&#8220;center&#8220; header_2_text_color=&#8220;#8b6442&#8243; header_2_font_size=&#8220;46px&#8220; header_4_font=&#8220;TT Norms Medium|||on|||||&#8220; header_4_text_color=&#8220;#FFFFFF&#8220; header_4_font_size=&#8220;1.3vw&#8220; header_4_letter_spacing=&#8220;1px&#8220; header_4_line_height=&#8220;1.7em&#8220; text_orientation=&#8220;center&#8220; custom_margin=&#8220;18px|||||&#8220; global_colors_info=&#8220;{}&#8220;]<\/p>\n<h2>Sichere dir jetzt deine Platz!<\/h2>\n<p><strong>Start der Challenge: Am Montag.<\/strong> Dein Beitrag f\u00fcr die 21 Lektionen ist <strong>97 \u20ac.<br \/><\/strong><\/p>\n<p>[\/et_pb_text][et_pb_divider color=&#8220;#FFFFFF&#8220; divider_weight=&#8220;3px&#8220; _builder_version=&#8220;4.17.6&#8243; _module_preset=&#8220;default&#8220; max_width=&#8220;10%&#8220; module_alignment=&#8220;center&#8220; locked=&#8220;off&#8220; global_colors_info=&#8220;{}&#8220;][\/et_pb_divider][\/et_pb_column][\/et_pb_row][et_pb_row column_structure=&#8220;1_2,1_2&#8243; _builder_version=&#8220;4.19.5&#8243; _module_preset=&#8220;default&#8220; custom_padding=&#8220;30px|20px|30px|20px|false|false&#8220; border_width_all=&#8220;1px&#8220; border_color_all=&#8220;#FFFFFF&#8220; global_colors_info=&#8220;{}&#8220;][et_pb_column type=&#8220;1_2&#8243; _builder_version=&#8220;4.19.5&#8243; _module_preset=&#8220;default&#8220; global_colors_info=&#8220;{}&#8220;][et_pb_text _builder_version=&#8220;4.19.5&#8243; _module_preset=&#8220;default&#8220; text_text_color=&#8220;#000000&#8243; header_3_text_color=&#8220;#000000&#8243; locked=&#8220;off&#8220; global_colors_info=&#8220;{}&#8220;]<\/p>\n<p style=\"text-align: center;\"><span>ANMELDUNG<\/span><\/p>\n<h3 style=\"text-align: center;\"><b><span>Fast geschafft&#8230;<br \/><\/span><\/b><\/h3>\n<p>&nbsp;<\/p>\n<p>[\/et_pb_text][et_pb_code _builder_version=&#8220;4.20.2&#8243; _module_preset=&#8220;default&#8220; global_colors_info=&#8220;{}&#8220;]<\/p>\n<div data-thrivecart-account=\"soul-position\" data-thrivecart-tpl=\"v2\" data-thrivecart-product=\"10\" class=\"thrivecart-embeddable\" data-thrivecart-embeddable=\"tc-soul-position-10-MJ8AGZ\"><\/div>\n<p><script async src=\"\/\/tinder.thrivecart.com\/embed\/v1\/thrivecart.js\" id=\"tc-soul-position-10-MJ8AGZ\"><\/script>[\/et_pb_code][\/et_pb_column][et_pb_column type=&#8220;1_2&#8243; _builder_version=&#8220;4.19.5&#8243; _module_preset=&#8220;default&#8220; global_colors_info=&#8220;{}&#8220;][et_pb_text _builder_version=&#8220;4.19.5&#8243; _module_preset=&#8220;default&#8220; locked=&#8220;off&#8220; global_colors_info=&#8220;{}&#8220;]<\/p>\n<h3><strong>Was du erh\u00e4ltst:<\/strong><\/h3>\n<p>[\/et_pb_text][et_pb_blurb use_icon=&#8220;on&#8220; font_icon=&#8220;&#x4e;||divi||400&#8243; image_icon_background_color=&#8220;RGBA(255,255,255,0)&#8220; icon_placement=&#8220;left&#8220; _builder_version=&#8220;4.19.5&#8243; _module_preset=&#8220;default&#8220; custom_margin=&#8220;2px||4px||false|false&#8220; custom_padding=&#8220;||||false|false&#8220; locked=&#8220;off&#8220; global_colors_info=&#8220;{}&#8220;]<\/p>\n<p>21 kraftvolle Lektionen, um unersch\u00fctterliche Widerstandsf\u00e4higkeit aufzubauen und deine Herausforderungen mit Zuversicht zu meistern<\/p>\n<p>[\/et_pb_blurb][et_pb_blurb use_icon=&#8220;on&#8220; font_icon=&#8220;&#x4e;||divi||400&#8243; image_icon_background_color=&#8220;RGBA(255,255,255,0)&#8220; icon_placement=&#8220;left&#8220; _builder_version=&#8220;4.19.5&#8243; _module_preset=&#8220;default&#8220; custom_margin=&#8220;2px||4px||false|false&#8220; custom_padding=&#8220;||||false|false&#8220; global_colors_info=&#8220;{}&#8220;]<\/p>\n<p>12 Monate Zugang zu allen Materialien. So kannst du deine Transformation und Praxis auch nach der Challenge weiter vertiefen.<\/p>\n<p>[\/et_pb_blurb][et_pb_blurb use_icon=&#8220;on&#8220; font_icon=&#8220;&#x4e;||divi||400&#8243; image_icon_background_color=&#8220;RGBA(255,255,255,0)&#8220; icon_placement=&#8220;left&#8220; _builder_version=&#8220;4.19.0&#8243; _module_preset=&#8220;default&#8220; custom_margin=&#8220;2px||4px||false|false&#8220; custom_padding=&#8220;||||false|false&#8220; global_colors_info=&#8220;{}&#8220;]<\/p>\n<p>Einzigartige Techniken, die es dir erm\u00f6glichen, aus negativen Gedanken, Zweifeln und \u00dcberforderung direkt in einen Zustand der Kraft und Zuversicht zu gelangen<\/p>\n<p>[\/et_pb_blurb][et_pb_blurb use_icon=&#8220;on&#8220; font_icon=&#8220;&#x4e;||divi||400&#8243; image_icon_background_color=&#8220;RGBA(255,255,255,0)&#8220; icon_placement=&#8220;left&#8220; _builder_version=&#8220;4.21.0&#8243; _module_preset=&#8220;default&#8220; custom_margin=&#8220;2px||4px||false|false&#8220; custom_padding=&#8220;||||false|false&#8220; global_colors_info=&#8220;{}&#8220;]<\/p>\n<p>Entdecke die heilende und befreiende Kraft von erweiterten Bewusstseinszust\u00e4nden<\/p>\n<p>[\/et_pb_blurb][et_pb_blurb use_icon=&#8220;on&#8220; font_icon=&#8220;&#x4e;||divi||400&#8243; image_icon_background_color=&#8220;RGBA(255,255,255,0)&#8220; icon_placement=&#8220;left&#8220; _builder_version=&#8220;4.21.0&#8243; _module_preset=&#8220;default&#8220; custom_margin=&#8220;2px||4px||false|false&#8220; custom_padding=&#8220;||||false|false&#8220; global_colors_info=&#8220;{}&#8220;]<\/p>\n<p>Du bist nicht allein: Unterst\u00fctzender Austausch mit der Challenge Community<\/p>\n<p>[\/et_pb_blurb][et_pb_text _builder_version=&#8220;4.21.0&#8243; _module_preset=&#8220;default&#8220; custom_margin=&#8220;40px||||false|false&#8220; locked=&#8220;off&#8220; global_colors_info=&#8220;{}&#8220;]<\/p>\n<h3><b>Hinweis:<\/b><\/h3>\n<p>Wenn du in einer gr\u00f6\u00dferen Gruppe, wie z.B. deinem Unternehmen, Freunden oder Familie teilnehmen willst, dann z\u00f6gere nicht, uns zu kontaktieren. Ab Gruppen von 10 Personen bieten wir besondere Konditionen an.<\/p>\n<p>Das gleiche gilt, wenn du Fragen zum Ablauf haben solltest. Schreibe jederzeit gerne eine Email an: carlos@activespirits.net<\/p>\n<p><b><\/b><\/p>\n<p><strong><\/strong><\/p>\n<p>[\/et_pb_text][\/et_pb_column][\/et_pb_row][\/et_pb_section][et_pb_section fb_built=&#8220;1&#8243; _builder_version=&#8220;4.19.0&#8243; background_color=&#8220;#8b6442&#8243; background_enable_image=&#8220;off&#8220; background_position=&#8220;bottom_center&#8220; custom_padding=&#8220;0px||72px|||&#8220; top_divider_color=&#8220;#dcccb3&#8243; global_colors_info=&#8220;{}&#8220;][et_pb_row _builder_version=&#8220;4.21.0&#8243; _module_preset=&#8220;default&#8220; width=&#8220;90%&#8220; hover_enabled=&#8220;0&#8243; sticky_enabled=&#8220;0&#8243; max_width=&#8220;90%&#8220; locked=&#8220;off&#8220;][et_pb_column _builder_version=&#8220;4.21.0&#8243; _module_preset=&#8220;default&#8220; type=&#8220;4_4&#8243;][et_pb_text _builder_version=&#8220;4.21.0&#8243; _module_preset=&#8220;default&#8220; text_font_size=&#8220;12px&#8220; hover_enabled=&#8220;0&#8243; sticky_enabled=&#8220;0&#8243; text_line_height=&#8220;1.4em&#8220; text_text_color=&#8220;#FFFFFF&#8220;]<\/p>\n<p>Bei diesem Programm handelt es sich um ein Selbsthilfeprogramm und keine Psychotherapie. Die Inhalte wurden sorgf\u00e4ltig erstellt. Eine eventuell notwendige Behandlung bei einem Arzt oder Psychotherapeuten kann dadurch nicht ersetzt werden.<\/p>\n<p>Wenn du derzeit oder in der Vergangenheit eine medizinische Behandlung oder Therapie wegen psychischer Probleme erh\u00e4ltst oder erhalten hast, ist eine Umgebung der tiefen Kontemplation oder Introspektion m\u00f6glicherweise nicht f\u00fcr dich geeignet.<\/p>\n<p>Bitte besprich mit einem Arzt oder einer \u00c4rztin f\u00fcr psychische Gesundheit, ob es f\u00fcr dich geeignet und sicher ist, zu diesem Zeitpunkt in einer fokussierten Umgebung der Kontemplation zu sein.<br \/>Mit seinen Programmen gibt Dr. Shai Tubali keinerlei Heilversprechen ab. Die Anwendung des Programms erfolgt grunds\u00e4tzlich auf eigene Verantwortung.<\/p>\n<p>[\/et_pb_text][\/et_pb_column][\/et_pb_row][et_pb_row column_structure=&#8220;1_5,3_5,1_5&#8243; _builder_version=&#8220;4.16&#8243; _module_preset=&#8220;default&#8220; custom_padding=&#8220;112px|||||&#8220; global_colors_info=&#8220;{}&#8220;][et_pb_column type=&#8220;1_5&#8243; _builder_version=&#8220;4.16&#8243; _module_preset=&#8220;default&#8220; global_colors_info=&#8220;{}&#8220;][\/et_pb_column][et_pb_column type=&#8220;3_5&#8243; _builder_version=&#8220;4.16&#8243; _module_preset=&#8220;default&#8220; global_colors_info=&#8220;{}&#8220;][et_pb_text _builder_version=&#8220;4.17.4&#8243; _module_preset=&#8220;default&#8220; custom_margin=&#8220;37px||98px|||&#8220; global_colors_info=&#8220;{}&#8220;]<\/p>\n<p style=\"text-align: center;\"><span style=\"color: #ffffff;\">This site is not a part of the Meta website or Meta Platforms Inc. Additionally, this site is NOT endorsed by Meta in any way. META is a trademark of META PLATFORMS, Inc.<\/span><\/p>\n<p>[\/et_pb_text][et_pb_text _builder_version=&#8220;4.19.0&#8243; _module_preset=&#8220;default&#8220; global_colors_info=&#8220;{}&#8220;]<\/p>\n<p style=\"text-align: center;\"><span style=\"color: #ffffff;\"><a href=\"https:\/\/shaitubali.com\/imprint\/\" style=\"color: #ffffff;\">Imprint<\/a> |<\/span><a href=\"https:\/\/shaitubali.com\/privacy-policy-2\/\"><span style=\"color: #ffffff;\"> Data Privacy<\/span><\/a><\/p>\n<p>[\/et_pb_text][\/et_pb_column][et_pb_column type=&#8220;1_5&#8243; _builder_version=&#8220;4.16&#8243; _module_preset=&#8220;default&#8220; global_colors_info=&#8220;{}&#8220;][\/et_pb_column][\/et_pb_row][\/et_pb_section]<\/p>\n<span class=\"et_bloom_bottom_trigger\"><\/span>","protected":false},"excerpt":{"rendered":"<p>Unersch\u00fctterliche resilienz Sichere dir jetzt deine Platz! Start der Challenge: Am Montag. Dein Beitrag f\u00fcr die 21 Lektionen ist 97 \u20ac.ANMELDUNG Fast geschafft&#8230; &nbsp;Was du erh\u00e4ltst:21 kraftvolle Lektionen, um unersch\u00fctterliche Widerstandsf\u00e4higkeit aufzubauen und deine Herausforderungen mit Zuversicht zu meistern12 Monate Zugang zu allen Materialien. So kannst du deine Transformation und Praxis auch nach der Challenge [&hellip;]<\/p>\n","protected":false},"author":1,"featured_media":8767,"parent":8731,"menu_order":0,"comment_status":"closed","ping_status":"closed","template":"page-template-blank.php","meta":{"_et_pb_use_builder":"on","_et_pb_old_content":"","_et_gb_content_width":"","footnotes":""},"class_list":["post-8784","page","type-page","status-publish","has-post-thumbnail","hentry"],"yoast_head":"<!-- This site is optimized with the Yoast SEO plugin v27.4 - https:\/\/yoast.com\/product\/yoast-seo-wordpress\/ -->\n<title>Resilienz Challenge - Buchung - activespirits.net<\/title>\n<meta name=\"robots\" content=\"index, follow, max-snippet:-1, max-image-preview:large, max-video-preview:-1\" \/>\n<link rel=\"canonical\" href=\"https:\/\/activespirits.net\/de\/courses\/resilienz-challenge\/booking\/\" \/>\n<meta property=\"og:locale\" content=\"de_DE\" \/>\n<meta property=\"og:type\" content=\"article\" \/>\n<meta property=\"og:title\" content=\"Resilienz Challenge - Buchung - activespirits.net\" \/>\n<meta property=\"og:description\" content=\"Es fehlt nur noch ein kleiner Schritt Du bekommst in K\u00fcrze eine Best\u00e4tigungsmail mit einem Link darin. Bitte unbedingt auf diesen Link klicken! So best\u00e4tigst du, dass deine E-Mail Adresse echt ist. Und wir gehen sicher, dass wir nur E-Mails versenden, die wirklich erw\u00fcnscht und relevant sind. Sobald deine E-Mail Adresse best\u00e4tigt ist, erh\u00e4ltst du [&hellip;]\" \/>\n<meta property=\"og:url\" content=\"https:\/\/activespirits.net\/de\/courses\/resilienz-challenge\/booking\/\" \/>\n<meta property=\"og:site_name\" content=\"activespirits.net\" \/>\n<meta property=\"article:modified_time\" content=\"2023-08-04T11:21:10+00:00\" \/>\n<meta property=\"og:image\" content=\"https:\/\/activespirits.net\/wp-content\/uploads\/2023\/06\/Resilience-challenge.jpg\" \/>\n\t<meta property=\"og:image:width\" content=\"1200\" \/>\n\t<meta property=\"og:image:height\" content=\"630\" \/>\n\t<meta property=\"og:image:type\" content=\"image\/jpeg\" \/>\n<meta name=\"twitter:card\" content=\"summary_large_image\" \/>\n<meta name=\"twitter:label1\" content=\"Gesch\u00e4tzte Lesezeit\" \/>\n\t<meta name=\"twitter:data1\" content=\"2\u00a0Minuten\" \/>\n<script type=\"application\/ld+json\" class=\"yoast-schema-graph\">{\"@context\":\"https:\\\/\\\/schema.org\",\"@graph\":[{\"@type\":\"WebPage\",\"@id\":\"https:\\\/\\\/activespirits.net\\\/de\\\/courses\\\/resilienz-challenge\\\/booking\\\/\",\"url\":\"https:\\\/\\\/activespirits.net\\\/de\\\/courses\\\/resilienz-challenge\\\/booking\\\/\",\"name\":\"Resilienz Challenge - Buchung - activespirits.net\",\"isPartOf\":{\"@id\":\"https:\\\/\\\/activespirits.net\\\/#website\"},\"primaryImageOfPage\":{\"@id\":\"https:\\\/\\\/activespirits.net\\\/de\\\/courses\\\/resilienz-challenge\\\/booking\\\/#primaryimage\"},\"image\":{\"@id\":\"https:\\\/\\\/activespirits.net\\\/de\\\/courses\\\/resilienz-challenge\\\/booking\\\/#primaryimage\"},\"thumbnailUrl\":\"https:\\\/\\\/activespirits.net\\\/wp-content\\\/uploads\\\/2023\\\/06\\\/Resilience-challenge.jpg\",\"datePublished\":\"2023-06-11T18:10:18+00:00\",\"dateModified\":\"2023-08-04T11:21:10+00:00\",\"breadcrumb\":{\"@id\":\"https:\\\/\\\/activespirits.net\\\/de\\\/courses\\\/resilienz-challenge\\\/booking\\\/#breadcrumb\"},\"inLanguage\":\"de\",\"potentialAction\":[{\"@type\":\"ReadAction\",\"target\":[\"https:\\\/\\\/activespirits.net\\\/de\\\/courses\\\/resilienz-challenge\\\/booking\\\/\"]}]},{\"@type\":\"ImageObject\",\"inLanguage\":\"de\",\"@id\":\"https:\\\/\\\/activespirits.net\\\/de\\\/courses\\\/resilienz-challenge\\\/booking\\\/#primaryimage\",\"url\":\"https:\\\/\\\/activespirits.net\\\/wp-content\\\/uploads\\\/2023\\\/06\\\/Resilience-challenge.jpg\",\"contentUrl\":\"https:\\\/\\\/activespirits.net\\\/wp-content\\\/uploads\\\/2023\\\/06\\\/Resilience-challenge.jpg\",\"width\":1200,\"height\":630,\"caption\":\"Created with GIMP\"},{\"@type\":\"BreadcrumbList\",\"@id\":\"https:\\\/\\\/activespirits.net\\\/de\\\/courses\\\/resilienz-challenge\\\/booking\\\/#breadcrumb\",\"itemListElement\":[{\"@type\":\"ListItem\",\"position\":1,\"name\":\"Startseite\",\"item\":\"https:\\\/\\\/activespirits.net\\\/de\\\/\"},{\"@type\":\"ListItem\",\"position\":2,\"name\":\"Courses\",\"item\":\"https:\\\/\\\/activespirits.net\\\/courses\\\/\"},{\"@type\":\"ListItem\",\"position\":3,\"name\":\"Unersch\u00fctterliche Resilienz: Reite die Welle deiner Herausforderungen mit Selbstsicherheit und Kraft in 21 Tagen\",\"item\":\"https:\\\/\\\/activespirits.net\\\/de\\\/courses\\\/resilienz-challenge\\\/\"},{\"@type\":\"ListItem\",\"position\":4,\"name\":\"Resilienz Challenge &#8211; Buchung\"}]},{\"@type\":\"WebSite\",\"@id\":\"https:\\\/\\\/activespirits.net\\\/#website\",\"url\":\"https:\\\/\\\/activespirits.net\\\/\",\"name\":\"activespirits.net\",\"description\":\"ActiveSpirits - Shai Tubali&#039;s Online Campus\",\"potentialAction\":[{\"@type\":\"SearchAction\",\"target\":{\"@type\":\"EntryPoint\",\"urlTemplate\":\"https:\\\/\\\/activespirits.net\\\/?s={search_term_string}\"},\"query-input\":{\"@type\":\"PropertyValueSpecification\",\"valueRequired\":true,\"valueName\":\"search_term_string\"}}],\"inLanguage\":\"de\"}]}<\/script>\n<!-- \/ Yoast SEO plugin. -->","yoast_head_json":{"title":"Resilienz Challenge - Buchung - activespirits.net","robots":{"index":"index","follow":"follow","max-snippet":"max-snippet:-1","max-image-preview":"max-image-preview:large","max-video-preview":"max-video-preview:-1"},"canonical":"https:\/\/activespirits.net\/de\/courses\/resilienz-challenge\/booking\/","og_locale":"de_DE","og_type":"article","og_title":"Resilienz Challenge - Buchung - activespirits.net","og_description":"Es fehlt nur noch ein kleiner Schritt Du bekommst in K\u00fcrze eine Best\u00e4tigungsmail mit einem Link darin. Bitte unbedingt auf diesen Link klicken! So best\u00e4tigst du, dass deine E-Mail Adresse echt ist. Und wir gehen sicher, dass wir nur E-Mails versenden, die wirklich erw\u00fcnscht und relevant sind. Sobald deine E-Mail Adresse best\u00e4tigt ist, erh\u00e4ltst du [&hellip;]","og_url":"https:\/\/activespirits.net\/de\/courses\/resilienz-challenge\/booking\/","og_site_name":"activespirits.net","article_modified_time":"2023-08-04T11:21:10+00:00","og_image":[{"width":1200,"height":630,"url":"https:\/\/activespirits.net\/wp-content\/uploads\/2023\/06\/Resilience-challenge.jpg","type":"image\/jpeg"}],"twitter_card":"summary_large_image","twitter_misc":{"Gesch\u00e4tzte Lesezeit":"2\u00a0Minuten"},"schema":{"@context":"https:\/\/schema.org","@graph":[{"@type":"WebPage","@id":"https:\/\/activespirits.net\/de\/courses\/resilienz-challenge\/booking\/","url":"https:\/\/activespirits.net\/de\/courses\/resilienz-challenge\/booking\/","name":"Resilienz Challenge - Buchung - activespirits.net","isPartOf":{"@id":"https:\/\/activespirits.net\/#website"},"primaryImageOfPage":{"@id":"https:\/\/activespirits.net\/de\/courses\/resilienz-challenge\/booking\/#primaryimage"},"image":{"@id":"https:\/\/activespirits.net\/de\/courses\/resilienz-challenge\/booking\/#primaryimage"},"thumbnailUrl":"https:\/\/activespirits.net\/wp-content\/uploads\/2023\/06\/Resilience-challenge.jpg","datePublished":"2023-06-11T18:10:18+00:00","dateModified":"2023-08-04T11:21:10+00:00","breadcrumb":{"@id":"https:\/\/activespirits.net\/de\/courses\/resilienz-challenge\/booking\/#breadcrumb"},"inLanguage":"de","potentialAction":[{"@type":"ReadAction","target":["https:\/\/activespirits.net\/de\/courses\/resilienz-challenge\/booking\/"]}]},{"@type":"ImageObject","inLanguage":"de","@id":"https:\/\/activespirits.net\/de\/courses\/resilienz-challenge\/booking\/#primaryimage","url":"https:\/\/activespirits.net\/wp-content\/uploads\/2023\/06\/Resilience-challenge.jpg","contentUrl":"https:\/\/activespirits.net\/wp-content\/uploads\/2023\/06\/Resilience-challenge.jpg","width":1200,"height":630,"caption":"Created with GIMP"},{"@type":"BreadcrumbList","@id":"https:\/\/activespirits.net\/de\/courses\/resilienz-challenge\/booking\/#breadcrumb","itemListElement":[{"@type":"ListItem","position":1,"name":"Startseite","item":"https:\/\/activespirits.net\/de\/"},{"@type":"ListItem","position":2,"name":"Courses","item":"https:\/\/activespirits.net\/courses\/"},{"@type":"ListItem","position":3,"name":"Unersch\u00fctterliche Resilienz: Reite die Welle deiner Herausforderungen mit Selbstsicherheit und Kraft in 21 Tagen","item":"https:\/\/activespirits.net\/de\/courses\/resilienz-challenge\/"},{"@type":"ListItem","position":4,"name":"Resilienz Challenge &#8211; Buchung"}]},{"@type":"WebSite","@id":"https:\/\/activespirits.net\/#website","url":"https:\/\/activespirits.net\/","name":"activespirits.net","description":"ActiveSpirits - Shai Tubali&#039;s Online Campus","potentialAction":[{"@type":"SearchAction","target":{"@type":"EntryPoint","urlTemplate":"https:\/\/activespirits.net\/?s={search_term_string}"},"query-input":{"@type":"PropertyValueSpecification","valueRequired":true,"valueName":"search_term_string"}}],"inLanguage":"de"}]}},"_links":{"self":[{"href":"https:\/\/activespirits.net\/de\/wp-json\/wp\/v2\/pages\/8784","targetHints":{"allow":["GET"]}}],"collection":[{"href":"https:\/\/activespirits.net\/de\/wp-json\/wp\/v2\/pages"}],"about":[{"href":"https:\/\/activespirits.net\/de\/wp-json\/wp\/v2\/types\/page"}],"author":[{"embeddable":true,"href":"https:\/\/activespirits.net\/de\/wp-json\/wp\/v2\/users\/1"}],"replies":[{"embeddable":true,"href":"https:\/\/activespirits.net\/de\/wp-json\/wp\/v2\/comments?post=8784"}],"version-history":[{"count":7,"href":"https:\/\/activespirits.net\/de\/wp-json\/wp\/v2\/pages\/8784\/revisions"}],"predecessor-version":[{"id":8966,"href":"https:\/\/activespirits.net\/de\/wp-json\/wp\/v2\/pages\/8784\/revisions\/8966"}],"up":[{"embeddable":true,"href":"https:\/\/activespirits.net\/de\/wp-json\/wp\/v2\/pages\/8731"}],"wp:featuredmedia":[{"embeddable":true,"href":"https:\/\/activespirits.net\/de\/wp-json\/wp\/v2\/media\/8767"}],"wp:attachment":[{"href":"https:\/\/activespirits.net\/de\/wp-json\/wp\/v2\/media?parent=8784"}],"curies":[{"name":"wp","href":"https:\/\/api.w.org\/{rel}","templated":true}]}}